{"id":7710,"date":"2020-10-26T15:24:15","date_gmt":"2020-10-26T14:24:15","guid":{"rendered":"https:\/\/www.edel.fr\/?post_type=product&#038;p=7710"},"modified":"2026-01-10T02:00:13","modified_gmt":"2026-01-10T01:00:13","slug":"pompe-hydraulique-05106665417","status":"publish","type":"product","link":"https:\/\/edel.fr\/en\/product\/pompe-hydraulique-05106665417\/","title":{"rendered":"Pompe Hydraulique Tracteur Renault Claas : 0510665417 &#8211; 10352&#8230;"},"content":{"rendered":"<div data-elementor-type=\"wp-post\" data-elementor-id=\"7710\" class=\"elementor elementor-7710\">\n\t\t\t\t\t\t<section class=\"elementor-section elementor-top-section elementor-element elementor-element-2a496017 elementor-section-boxed elementor-section-height-default elementor-section-height-default\" data-id=\"2a496017\" data-element_type=\"section\" data-e-type=\"section\">\n\t\t\t\t\t\t<div class=\"elementor-container elementor-column-gap-default\">\n\t\t\t\t\t<div class=\"elementor-column elementor-col-100 elementor-top-column elementor-element elementor-element-3d89882a\" data-id=\"3d89882a\" data-element_type=\"column\" data-e-type=\"column\">\n\t\t\t<div class=\"elementor-widget-wrap elementor-element-populated\">\n\t\t\t\t\t\t<div class=\"elementor-element elementor-element-58b7ed8c elementor-widget elementor-widget-heading\" data-id=\"58b7ed8c\" data-element_type=\"widget\" data-e-type=\"widget\" data-widget_type=\"heading.default\">\n\t\t\t\t<div class=\"elementor-widget-container\">\n\t\t\t\t\t<h2 class=\"elementor-heading-title elementor-size-default\">POMPE HYDRAULIQUE DOUBLE RENAULT CLAAS<\/h2>\t\t\t\t<\/div>\n\t\t\t\t<\/div>\n\t\t\t\t<div class=\"elementor-element elementor-element-31cc35bc elementor-widget elementor-widget-heading\" data-id=\"31cc35bc\" data-element_type=\"widget\" data-e-type=\"widget\" data-widget_type=\"heading.default\">\n\t\t\t\t<div class=\"elementor-widget-container\">\n\t\t\t\t\t<h3 class=\"elementor-heading-title elementor-size-default\">Information du produit :<\/h3>\t\t\t\t<\/div>\n\t\t\t\t<\/div>\n\t\t\t\t\t<\/div>\n\t\t<\/div>\n\t\t\t\t\t<\/div>\n\t\t<\/section>\n\t\t\t\t<section class=\"elementor-section elementor-top-section elementor-element elementor-element-290ca7d1 elementor-section-boxed elementor-section-height-default elementor-section-height-default\" data-id=\"290ca7d1\" data-element_type=\"section\" data-e-type=\"section\">\n\t\t\t\t\t\t<div class=\"elementor-container elementor-column-gap-default\">\n\t\t\t\t\t<div class=\"elementor-column elementor-col-100 elementor-top-column elementor-element elementor-element-773f35b7\" data-id=\"773f35b7\" data-element_type=\"column\" data-e-type=\"column\">\n\t\t\t<div class=\"elementor-widget-wrap elementor-element-populated\">\n\t\t\t\t\t\t<div class=\"elementor-element elementor-element-7774c225 elementor-widget elementor-widget-text-editor\" data-id=\"7774c225\" data-element_type=\"widget\" data-e-type=\"widget\" data-widget_type=\"text-editor.default\">\n\t\t\t\t<div class=\"elementor-widget-container\">\n\t\t\t\t\t\t\t\t\t<p>Marque origine Bosch Rexroth<\/p><p>Pompe de relevage de direction MWM<br \/>Mont\u00e9 gauche moteur<br \/>Diam\u00e8tre : 80 mm.<br \/>Filetage invers\u00e9<\/p><ul><li><b>\u00c9quivalen<\/b><strong>t\u00a0\u00e0<\/strong> <strong>:<\/strong> <br \/>&#8211; 7700.029.822<br \/>&#8211; 7700.022.446\u00a0<br \/>&#8211; 7700.022.735<br \/>&#8211; 7700.326.27<br \/>&#8211; 0510.665.412<br \/>&#8211; 0510.665.417<br \/>&#8211; 0917 92176<br \/>&#8211; 0917 92339\u00a0\u00a0<\/li><\/ul><p>Type : 10352, 10354, 106\/54, 11054, 155\/54, 65, 6534, 70, 7532, 7534, 8334, 85, 9034, 95, Gamme TZ, TRACFOR CERES 85, TRACFOR CERES 95<\/p><div>\u00a0<\/div><div><div>\u00a0<\/div><\/div>\t\t\t\t\t\t\t\t<\/div>\n\t\t\t\t<\/div>\n\t\t\t\t\t<\/div>\n\t\t<\/div>\n\t\t\t\t\t<\/div>\n\t\t<\/section>\n\t\t\t\t<\/div>","protected":false},"excerpt":{"rendered":"<p>POMPE HYDRAULIQUE DOUBLE RENAULT CLAAS Information du produit : Marque origine Bosch Rexroth Pompe de relevage de direction MWM Mont\u00e9 gauche moteur Diam\u00e8tre : 80 mm. Filetage invers\u00e9 \u00c9quivalent\u00a0\u00e0 : &#8211; 7700.029.822 &#8211; 7700.022.446 &#8211; 7700.022.735 &#8211; 7700.326.27 &#8211; 0510.665.412 &#8211; 0510.665.417 &#8211; 0917 92176 &#8211; 0917 92339 Type : 10352, 10354, 106\/54, 11054, 155\/54,<br \/><a class=\"more-link\" href=\"https:\/\/edel.fr\/en\/product\/pompe-hydraulique-05106665417\/\"><br \/>\n        Read More<span class=\"screen-reader-text\"> \u00ab\u00a0Pompe Hydraulique Tracteur Renault Claas : 0510665417 &#8211; 10352&#8230;\u00a0\u00bb<\/span><\/a><\/p>","protected":false},"featured_media":7711,"template":"","meta":[],"product_brand":[],"product_cat":[155,3992,167,119],"product_tag":[],"tracteur":[],"class_list":{"0":"post-7710","1":"product","2":"type-product","3":"status-publish","4":"has-post-thumbnail","6":"product_cat-hydraulique","7":"product_cat-pompe-hydraulique-renault-claas","8":"product_cat-pompes-hydrauliques","9":"product_cat-tracteurs-agricoles","10":"product_shipping_class-142","11":"pa_fabriquant-bosch","12":"pa_marque-tracteur-renault-claas","13":"pa_type-2-2712","14":"pa_type-2-2713","15":"pa_type-2-106-54-2","16":"pa_type-2-2714","17":"pa_type-2-155-54-2","18":"pa_type-2-1287","19":"pa_type-2-1521","20":"pa_type-2-1288","21":"pa_type-2-2709","22":"pa_type-2-2710","23":"pa_type-2-2711","24":"pa_type-2-1239","25":"pa_type-2-1727","26":"pa_type-2-1657","27":"pa_type-2-gamme-tz","28":"pa_type-2-tracfor-ceres-85","29":"pa_type-2-tracfor-ceres-95","30":"badges-style-2","32":"first","33":"instock","34":"taxable","35":"shipping-taxable","36":"purchasable","37":"product-type-simple"},"acf":[],"yoast_head":"<!-- This site is optimized with the Yoast SEO plugin v27.3 - https:\/\/yoast.com\/product\/yoast-seo-wordpress\/ -->\n<title>Pompe Hydraulique Tracteur Renault Claas : 0510665417 - 10352... - Edel<\/title>\n<meta name=\"description\" content=\"Pompe Hydraulique Tracteur Renault Claas : 0510665417 - 10352 10354 106\/54 11054 155\/54 65 6534 70 7532 7534 8334 85 9034 95 Gamme TZ TRACFOR CERES 85\" \/>\n<meta name=\"robots\" content=\"index, follow, max-snippet:-1, max-image-preview:large, max-video-preview:-1\" \/>\n<link rel=\"canonical\" href=\"http:\/\/edel.fr\/en\/product\/pompe-hydraulique-05106665417\/\" \/>\n<meta property=\"og:locale\" content=\"en_US\" \/>\n<meta property=\"og:type\" content=\"article\" \/>\n<meta property=\"og:title\" content=\"Pompe Hydraulique Tracteur Renault Claas : 0510665417 - 10352... - Edel\" \/>\n<meta property=\"og:description\" content=\"Pompe Hydraulique Tracteur Renault Claas : 0510665417 - 10352 10354 106\/54 11054 155\/54 65 6534 70 7532 7534 8334 85 9034 95 Gamme TZ TRACFOR CERES 85\" \/>\n<meta property=\"og:url\" content=\"http:\/\/edel.fr\/en\/product\/pompe-hydraulique-05106665417\/\" \/>\n<meta property=\"og:site_name\" content=\"Edel\" \/>\n<meta property=\"article:modified_time\" content=\"2026-01-10T01:00:13+00:00\" \/>\n<meta property=\"og:image\" content=\"http:\/\/edel.fr\/uploads\/2020\/10\/hydraulique-0510665417.jpg\" \/>\n\t<meta property=\"og:image:width\" content=\"1512\" \/>\n\t<meta property=\"og:image:height\" content=\"1329\" \/>\n\t<meta property=\"og:image:type\" content=\"image\/jpeg\" \/>\n<meta name=\"twitter:card\" content=\"summary_large_image\" \/>\n<meta name=\"twitter:label1\" content=\"Est. reading time\" \/>\n\t<meta name=\"twitter:data1\" content=\"1 minute\" \/>\n<script type=\"application\/ld+json\" class=\"yoast-schema-graph\">{\"@context\":\"https:\\\/\\\/schema.org\",\"@graph\":[{\"@type\":\"WebPage\",\"@id\":\"http:\\\/\\\/edel.fr\\\/en\\\/product\\\/pompe-hydraulique-05106665417\\\/\",\"url\":\"http:\\\/\\\/edel.fr\\\/en\\\/product\\\/pompe-hydraulique-05106665417\\\/\",\"name\":\"Pompe Hydraulique Tracteur Renault Claas : 0510665417 - 10352... - Edel\",\"isPartOf\":{\"@id\":\"https:\\\/\\\/www.edel.fr\\\/en\\\/#website\"},\"primaryImageOfPage\":{\"@id\":\"http:\\\/\\\/edel.fr\\\/en\\\/product\\\/pompe-hydraulique-05106665417\\\/#primaryimage\"},\"image\":{\"@id\":\"http:\\\/\\\/edel.fr\\\/en\\\/product\\\/pompe-hydraulique-05106665417\\\/#primaryimage\"},\"thumbnailUrl\":\"https:\\\/\\\/edel.fr\\\/uploads\\\/2020\\\/10\\\/hydraulique-0510665417.jpg\",\"datePublished\":\"2020-10-26T14:24:15+00:00\",\"dateModified\":\"2026-01-10T01:00:13+00:00\",\"description\":\"Pompe Hydraulique Tracteur Renault Claas : 0510665417 - 10352 10354 106\\\/54 11054 155\\\/54 65 6534 70 7532 7534 8334 85 9034 95 Gamme TZ TRACFOR CERES 85\",\"breadcrumb\":{\"@id\":\"http:\\\/\\\/edel.fr\\\/en\\\/product\\\/pompe-hydraulique-05106665417\\\/#breadcrumb\"},\"inLanguage\":\"en-US\",\"potentialAction\":[{\"@type\":\"ReadAction\",\"target\":[\"http:\\\/\\\/edel.fr\\\/en\\\/product\\\/pompe-hydraulique-05106665417\\\/\"]}]},{\"@type\":\"ImageObject\",\"inLanguage\":\"en-US\",\"@id\":\"http:\\\/\\\/edel.fr\\\/en\\\/product\\\/pompe-hydraulique-05106665417\\\/#primaryimage\",\"url\":\"https:\\\/\\\/edel.fr\\\/uploads\\\/2020\\\/10\\\/hydraulique-0510665417.jpg\",\"contentUrl\":\"https:\\\/\\\/edel.fr\\\/uploads\\\/2020\\\/10\\\/hydraulique-0510665417.jpg\",\"width\":1512,\"height\":1329,\"caption\":\"Pompe Hydraulique Tracteur Renault Claas\"},{\"@type\":\"BreadcrumbList\",\"@id\":\"http:\\\/\\\/edel.fr\\\/en\\\/product\\\/pompe-hydraulique-05106665417\\\/#breadcrumb\",\"itemListElement\":[{\"@type\":\"ListItem\",\"position\":1,\"name\":\"Pi\u00e8ce Tracteur\",\"item\":\"https:\\\/\\\/www.edel.fr\\\/en\\\/\"},{\"@type\":\"ListItem\",\"position\":2,\"name\":\"Toutes nos pi\u00e8ces Tracteur\",\"item\":\"https:\\\/\\\/edel.fr\\\/shop\\\/\"},{\"@type\":\"ListItem\",\"position\":3,\"name\":\"Pompe Hydraulique Tracteur Renault Claas : 0510665417 &#8211; 10352&#8230;\"}]},{\"@type\":\"WebSite\",\"@id\":\"https:\\\/\\\/www.edel.fr\\\/en\\\/#website\",\"url\":\"https:\\\/\\\/www.edel.fr\\\/en\\\/\",\"name\":\"Edel\",\"description\":\"Pi\u00e8ce d\u00e9tach\u00e9e de Tracteur Agricole\",\"publisher\":{\"@id\":\"https:\\\/\\\/www.edel.fr\\\/en\\\/#organization\"},\"potentialAction\":[{\"@type\":\"SearchAction\",\"target\":{\"@type\":\"EntryPoint\",\"urlTemplate\":\"https:\\\/\\\/www.edel.fr\\\/en\\\/?s={search_term_string}\"},\"query-input\":{\"@type\":\"PropertyValueSpecification\",\"valueRequired\":true,\"valueName\":\"search_term_string\"}}],\"inLanguage\":\"en-US\"},{\"@type\":\"Organization\",\"@id\":\"https:\\\/\\\/www.edel.fr\\\/en\\\/#organization\",\"name\":\"Edel\",\"url\":\"https:\\\/\\\/www.edel.fr\\\/en\\\/\",\"logo\":{\"@type\":\"ImageObject\",\"inLanguage\":\"en-US\",\"@id\":\"https:\\\/\\\/www.edel.fr\\\/en\\\/#\\\/schema\\\/logo\\\/image\\\/\",\"url\":\"https:\\\/\\\/www.edel.fr\\\/uploads\\\/2018\\\/11\\\/logo-edel.png\",\"contentUrl\":\"https:\\\/\\\/www.edel.fr\\\/uploads\\\/2018\\\/11\\\/logo-edel.png\",\"width\":257,\"height\":68,\"caption\":\"Edel\"},\"image\":{\"@id\":\"https:\\\/\\\/www.edel.fr\\\/en\\\/#\\\/schema\\\/logo\\\/image\\\/\"}}]}<\/script>\n<!-- \/ Yoast SEO plugin. -->","yoast_head_json":{"title":"Pompe Hydraulique Tracteur Renault Claas : 0510665417 - 10352... - Edel","description":"Pompe Hydraulique Tracteur Renault Claas : 0510665417 - 10352 10354 106\/54 11054 155\/54 65 6534 70 7532 7534 8334 85 9034 95 Gamme TZ TRACFOR CERES 85","robots":{"index":"index","follow":"follow","max-snippet":"max-snippet:-1","max-image-preview":"max-image-preview:large","max-video-preview":"max-video-preview:-1"},"canonical":"http:\/\/edel.fr\/en\/product\/pompe-hydraulique-05106665417\/","og_locale":"en_US","og_type":"article","og_title":"Pompe Hydraulique Tracteur Renault Claas : 0510665417 - 10352... - Edel","og_description":"Pompe Hydraulique Tracteur Renault Claas : 0510665417 - 10352 10354 106\/54 11054 155\/54 65 6534 70 7532 7534 8334 85 9034 95 Gamme TZ TRACFOR CERES 85","og_url":"http:\/\/edel.fr\/en\/product\/pompe-hydraulique-05106665417\/","og_site_name":"Edel","article_modified_time":"2026-01-10T01:00:13+00:00","og_image":[{"width":1512,"height":1329,"url":"http:\/\/edel.fr\/uploads\/2020\/10\/hydraulique-0510665417.jpg","type":"image\/jpeg"}],"twitter_card":"summary_large_image","twitter_misc":{"Est. reading time":"1 minute"},"schema":{"@context":"https:\/\/schema.org","@graph":[{"@type":"WebPage","@id":"http:\/\/edel.fr\/en\/product\/pompe-hydraulique-05106665417\/","url":"http:\/\/edel.fr\/en\/product\/pompe-hydraulique-05106665417\/","name":"Pompe Hydraulique Tracteur Renault Claas : 0510665417 - 10352... - Edel","isPartOf":{"@id":"https:\/\/www.edel.fr\/en\/#website"},"primaryImageOfPage":{"@id":"http:\/\/edel.fr\/en\/product\/pompe-hydraulique-05106665417\/#primaryimage"},"image":{"@id":"http:\/\/edel.fr\/en\/product\/pompe-hydraulique-05106665417\/#primaryimage"},"thumbnailUrl":"https:\/\/edel.fr\/uploads\/2020\/10\/hydraulique-0510665417.jpg","datePublished":"2020-10-26T14:24:15+00:00","dateModified":"2026-01-10T01:00:13+00:00","description":"Pompe Hydraulique Tracteur Renault Claas : 0510665417 - 10352 10354 106\/54 11054 155\/54 65 6534 70 7532 7534 8334 85 9034 95 Gamme TZ TRACFOR CERES 85","breadcrumb":{"@id":"http:\/\/edel.fr\/en\/product\/pompe-hydraulique-05106665417\/#breadcrumb"},"inLanguage":"en-US","potentialAction":[{"@type":"ReadAction","target":["http:\/\/edel.fr\/en\/product\/pompe-hydraulique-05106665417\/"]}]},{"@type":"ImageObject","inLanguage":"en-US","@id":"http:\/\/edel.fr\/en\/product\/pompe-hydraulique-05106665417\/#primaryimage","url":"https:\/\/edel.fr\/uploads\/2020\/10\/hydraulique-0510665417.jpg","contentUrl":"https:\/\/edel.fr\/uploads\/2020\/10\/hydraulique-0510665417.jpg","width":1512,"height":1329,"caption":"Pompe Hydraulique Tracteur Renault Claas"},{"@type":"BreadcrumbList","@id":"http:\/\/edel.fr\/en\/product\/pompe-hydraulique-05106665417\/#breadcrumb","itemListElement":[{"@type":"ListItem","position":1,"name":"Pi\u00e8ce Tracteur","item":"https:\/\/www.edel.fr\/en\/"},{"@type":"ListItem","position":2,"name":"Toutes nos pi\u00e8ces Tracteur","item":"https:\/\/edel.fr\/shop\/"},{"@type":"ListItem","position":3,"name":"Pompe Hydraulique Tracteur Renault Claas : 0510665417 &#8211; 10352&#8230;"}]},{"@type":"WebSite","@id":"https:\/\/www.edel.fr\/en\/#website","url":"https:\/\/www.edel.fr\/en\/","name":"Edel","description":"Pi\u00e8ce d\u00e9tach\u00e9e de Tracteur Agricole","publisher":{"@id":"https:\/\/www.edel.fr\/en\/#organization"},"potentialAction":[{"@type":"SearchAction","target":{"@type":"EntryPoint","urlTemplate":"https:\/\/www.edel.fr\/en\/?s={search_term_string}"},"query-input":{"@type":"PropertyValueSpecification","valueRequired":true,"valueName":"search_term_string"}}],"inLanguage":"en-US"},{"@type":"Organization","@id":"https:\/\/www.edel.fr\/en\/#organization","name":"Edel","url":"https:\/\/www.edel.fr\/en\/","logo":{"@type":"ImageObject","inLanguage":"en-US","@id":"https:\/\/www.edel.fr\/en\/#\/schema\/logo\/image\/","url":"https:\/\/www.edel.fr\/uploads\/2018\/11\/logo-edel.png","contentUrl":"https:\/\/www.edel.fr\/uploads\/2018\/11\/logo-edel.png","width":257,"height":68,"caption":"Edel"},"image":{"@id":"https:\/\/www.edel.fr\/en\/#\/schema\/logo\/image\/"}}]}},"_links":{"self":[{"href":"https:\/\/edel.fr\/en\/wp-json\/wp\/v2\/product\/7710","targetHints":{"allow":["GET"]}}],"collection":[{"href":"https:\/\/edel.fr\/en\/wp-json\/wp\/v2\/product"}],"about":[{"href":"https:\/\/edel.fr\/en\/wp-json\/wp\/v2\/types\/product"}],"version-history":[{"count":2,"href":"https:\/\/edel.fr\/en\/wp-json\/wp\/v2\/product\/7710\/revisions"}],"predecessor-version":[{"id":13602,"href":"https:\/\/edel.fr\/en\/wp-json\/wp\/v2\/product\/7710\/revisions\/13602"}],"wp:featuredmedia":[{"embeddable":true,"href":"https:\/\/edel.fr\/en\/wp-json\/wp\/v2\/media\/7711"}],"wp:attachment":[{"href":"https:\/\/edel.fr\/en\/wp-json\/wp\/v2\/media?parent=7710"}],"wp:term":[{"taxonomy":"product_brand","embeddable":true,"href":"https:\/\/edel.fr\/en\/wp-json\/wp\/v2\/product_brand?post=7710"},{"taxonomy":"product_cat","embeddable":true,"href":"https:\/\/edel.fr\/en\/wp-json\/wp\/v2\/product_cat?post=7710"},{"taxonomy":"product_tag","embeddable":true,"href":"https:\/\/edel.fr\/en\/wp-json\/wp\/v2\/product_tag?post=7710"},{"taxonomy":"tracteur","embeddable":true,"href":"https:\/\/edel.fr\/en\/wp-json\/wp\/v2\/tracteur?post=7710"}],"curies":[{"name":"wp","href":"https:\/\/api.w.org\/{rel}","templated":true}]}}