{"id":7730,"date":"2020-10-26T16:15:36","date_gmt":"2020-10-26T15:15:36","guid":{"rendered":"https:\/\/www.edel.fr\/?post_type=product&#038;p=7730"},"modified":"2025-11-05T21:05:53","modified_gmt":"2025-11-05T20:05:53","slug":"pompe-hydraulique-bosch-0510765347","status":"publish","type":"product","link":"https:\/\/edel.fr\/en\/product\/pompe-hydraulique-bosch-0510765347\/","title":{"rendered":"Pompe Hydraulique BOSCH 0510765347 Tracteur RENAULT JDS"},"content":{"rendered":"<div data-elementor-type=\"wp-post\" data-elementor-id=\"7730\" class=\"elementor elementor-7730\">\n\t\t\t\t\t\t<section class=\"elementor-section elementor-top-section elementor-element elementor-element-260e5beb elementor-section-boxed elementor-section-height-default elementor-section-height-default\" data-id=\"260e5beb\" data-element_type=\"section\" data-e-type=\"section\">\n\t\t\t\t\t\t<div class=\"elementor-container elementor-column-gap-default\">\n\t\t\t\t\t<div class=\"elementor-column elementor-col-100 elementor-top-column elementor-element elementor-element-67ba6892\" data-id=\"67ba6892\" data-element_type=\"column\" data-e-type=\"column\">\n\t\t\t<div class=\"elementor-widget-wrap elementor-element-populated\">\n\t\t\t\t\t\t<div class=\"elementor-element elementor-element-250f525c elementor-widget elementor-widget-heading\" data-id=\"250f525c\" data-element_type=\"widget\" data-e-type=\"widget\" data-widget_type=\"heading.default\">\n\t\t\t\t<div class=\"elementor-widget-container\">\n\t\t\t\t\t<h2 class=\"elementor-heading-title elementor-size-default\">POMPE HYDRAULIQUE SIMPLE<\/h2>\t\t\t\t<\/div>\n\t\t\t\t<\/div>\n\t\t\t\t<div class=\"elementor-element elementor-element-476e3115 elementor-widget elementor-widget-heading\" data-id=\"476e3115\" data-element_type=\"widget\" data-e-type=\"widget\" data-widget_type=\"heading.default\">\n\t\t\t\t<div class=\"elementor-widget-container\">\n\t\t\t\t\t<h3 class=\"elementor-heading-title elementor-size-default\">Information du produit :<\/h3>\t\t\t\t<\/div>\n\t\t\t\t<\/div>\n\t\t\t\t\t<\/div>\n\t\t<\/div>\n\t\t\t\t\t<\/div>\n\t\t<\/section>\n\t\t\t\t<section class=\"elementor-section elementor-top-section elementor-element elementor-element-290ca7d1 elementor-section-boxed elementor-section-height-default elementor-section-height-default\" data-id=\"290ca7d1\" data-element_type=\"section\" data-e-type=\"section\">\n\t\t\t\t\t\t<div class=\"elementor-container elementor-column-gap-default\">\n\t\t\t\t\t<div class=\"elementor-column elementor-col-100 elementor-top-column elementor-element elementor-element-773f35b7\" data-id=\"773f35b7\" data-element_type=\"column\" data-e-type=\"column\">\n\t\t\t<div class=\"elementor-widget-wrap elementor-element-populated\">\n\t\t\t\t\t\t<div class=\"elementor-element elementor-element-7774c225 elementor-widget elementor-widget-text-editor\" data-id=\"7774c225\" data-element_type=\"widget\" data-e-type=\"widget\" data-widget_type=\"text-editor.default\">\n\t\t\t\t<div class=\"elementor-widget-container\">\n\t\t\t\t\t\t\t\t\t<p>Marque origine Bosch Rexroth<\/p><ul><li><b>\u00c9quivalen<\/b><strong>t\u00a0\u00e0<\/strong> <strong>:<\/strong> <br \/>&#8211; 0510.765.347<br \/>&#8211; 7700.036.351<p>\u00a0<\/p><\/li><\/ul><div><div>\u00a0<\/div><\/div>\t\t\t\t\t\t\t\t<\/div>\n\t\t\t\t<\/div>\n\t\t\t\t\t<\/div>\n\t\t<\/div>\n\t\t\t\t\t<\/div>\n\t\t<\/section>\n\t\t\t\t<\/div>","protected":false},"excerpt":{"rendered":"<p>POMPE HYDRAULIQUE SIMPLE Information du produit : Marque origine Bosch Rexroth \u00c9quivalent\u00a0\u00e0 : &#8211; 0510.765.347 &#8211; 7700.036.351<\/p>","protected":false},"featured_media":7731,"template":"","meta":[],"product_brand":[],"product_cat":[155,3992,167,119],"product_tag":[],"tracteur":[],"class_list":{"0":"post-7730","1":"product","2":"type-product","3":"status-publish","4":"has-post-thumbnail","6":"product_cat-hydraulique","7":"product_cat-pompe-hydraulique-renault-claas","8":"product_cat-pompes-hydrauliques","9":"product_cat-tracteurs-agricoles","10":"product_shipping_class-142","11":"pa_fabriquant-bosch","12":"pa_marque-tracteur-renault-claas","13":"pa_type-2-ceres-85","14":"pa_type-2-ceres-95-x","15":"pa_type-2-moteur-j-deere","16":"badges-style-2","18":"first","19":"instock","20":"taxable","21":"shipping-taxable","22":"purchasable","23":"product-type-simple"},"acf":[],"yoast_head":"<!-- This site is optimized with the Yoast SEO plugin v27.3 - https:\/\/yoast.com\/product\/yoast-seo-wordpress\/ -->\n<title>Pompe Hydraulique BOSCH 0510765347 Tracteur RENAULT JDS - Edel<\/title>\n<meta name=\"description\" content=\"Pompe Hydraulique Bosch 0510765347 Tracteurs agricoles RENAULT et JDS avec moteur JOHN DEERE 7700036351\" \/>\n<meta name=\"robots\" content=\"index, follow, max-snippet:-1, max-image-preview:large, max-video-preview:-1\" \/>\n<link rel=\"canonical\" href=\"https:\/\/edel.fr\/en\/product\/pompe-hydraulique-bosch-0510765347\/\" \/>\n<meta property=\"og:locale\" content=\"en_US\" \/>\n<meta property=\"og:type\" content=\"article\" \/>\n<meta property=\"og:title\" content=\"Pompe Hydraulique BOSCH 0510765347 Tracteur RENAULT JDS - Edel\" \/>\n<meta property=\"og:description\" content=\"Pompe Hydraulique Bosch 0510765347 Tracteurs agricoles RENAULT et JDS avec moteur JOHN DEERE 7700036351\" \/>\n<meta property=\"og:url\" content=\"https:\/\/edel.fr\/en\/product\/pompe-hydraulique-bosch-0510765347\/\" \/>\n<meta property=\"og:site_name\" content=\"Edel\" \/>\n<meta property=\"article:modified_time\" content=\"2025-11-05T20:05:53+00:00\" \/>\n<meta property=\"og:image\" content=\"https:\/\/edel.fr\/uploads\/2020\/10\/hydraulique-0510765347.jpg\" \/>\n\t<meta property=\"og:image:width\" content=\"1512\" \/>\n\t<meta property=\"og:image:height\" content=\"1382\" \/>\n\t<meta property=\"og:image:type\" content=\"image\/jpeg\" \/>\n<meta name=\"twitter:card\" content=\"summary_large_image\" \/>\n<meta name=\"twitter:label1\" content=\"Est. reading time\" \/>\n\t<meta name=\"twitter:data1\" content=\"1 minute\" \/>\n<script type=\"application\/ld+json\" class=\"yoast-schema-graph\">{\"@context\":\"https:\\\/\\\/schema.org\",\"@graph\":[{\"@type\":\"WebPage\",\"@id\":\"https:\\\/\\\/edel.fr\\\/en\\\/product\\\/pompe-hydraulique-bosch-0510765347\\\/\",\"url\":\"https:\\\/\\\/edel.fr\\\/en\\\/product\\\/pompe-hydraulique-bosch-0510765347\\\/\",\"name\":\"Pompe Hydraulique BOSCH 0510765347 Tracteur RENAULT JDS - Edel\",\"isPartOf\":{\"@id\":\"https:\\\/\\\/www.edel.fr\\\/en\\\/#website\"},\"primaryImageOfPage\":{\"@id\":\"https:\\\/\\\/edel.fr\\\/en\\\/product\\\/pompe-hydraulique-bosch-0510765347\\\/#primaryimage\"},\"image\":{\"@id\":\"https:\\\/\\\/edel.fr\\\/en\\\/product\\\/pompe-hydraulique-bosch-0510765347\\\/#primaryimage\"},\"thumbnailUrl\":\"https:\\\/\\\/edel.fr\\\/uploads\\\/2020\\\/10\\\/hydraulique-0510765347.jpg\",\"datePublished\":\"2020-10-26T15:15:36+00:00\",\"dateModified\":\"2025-11-05T20:05:53+00:00\",\"description\":\"Pompe Hydraulique Bosch 0510765347 Tracteurs agricoles RENAULT et JDS avec moteur JOHN DEERE 7700036351\",\"breadcrumb\":{\"@id\":\"https:\\\/\\\/edel.fr\\\/en\\\/product\\\/pompe-hydraulique-bosch-0510765347\\\/#breadcrumb\"},\"inLanguage\":\"en-US\",\"potentialAction\":[{\"@type\":\"ReadAction\",\"target\":[\"https:\\\/\\\/edel.fr\\\/en\\\/product\\\/pompe-hydraulique-bosch-0510765347\\\/\"]}]},{\"@type\":\"ImageObject\",\"inLanguage\":\"en-US\",\"@id\":\"https:\\\/\\\/edel.fr\\\/en\\\/product\\\/pompe-hydraulique-bosch-0510765347\\\/#primaryimage\",\"url\":\"https:\\\/\\\/edel.fr\\\/uploads\\\/2020\\\/10\\\/hydraulique-0510765347.jpg\",\"contentUrl\":\"https:\\\/\\\/edel.fr\\\/uploads\\\/2020\\\/10\\\/hydraulique-0510765347.jpg\",\"width\":1512,\"height\":1382,\"caption\":\"Pompe Hydraulique Renault 0510765347\"},{\"@type\":\"BreadcrumbList\",\"@id\":\"https:\\\/\\\/edel.fr\\\/en\\\/product\\\/pompe-hydraulique-bosch-0510765347\\\/#breadcrumb\",\"itemListElement\":[{\"@type\":\"ListItem\",\"position\":1,\"name\":\"Pi\u00e8ce Tracteur\",\"item\":\"https:\\\/\\\/www.edel.fr\\\/en\\\/\"},{\"@type\":\"ListItem\",\"position\":2,\"name\":\"Toutes nos pi\u00e8ces Tracteur\",\"item\":\"https:\\\/\\\/edel.fr\\\/shop\\\/\"},{\"@type\":\"ListItem\",\"position\":3,\"name\":\"Pompe Hydraulique BOSCH 0510765347 Tracteur RENAULT JDS\"}]},{\"@type\":\"WebSite\",\"@id\":\"https:\\\/\\\/www.edel.fr\\\/en\\\/#website\",\"url\":\"https:\\\/\\\/www.edel.fr\\\/en\\\/\",\"name\":\"Edel\",\"description\":\"Pi\u00e8ce d\u00e9tach\u00e9e de Tracteur Agricole\",\"publisher\":{\"@id\":\"https:\\\/\\\/www.edel.fr\\\/en\\\/#organization\"},\"potentialAction\":[{\"@type\":\"SearchAction\",\"target\":{\"@type\":\"EntryPoint\",\"urlTemplate\":\"https:\\\/\\\/www.edel.fr\\\/en\\\/?s={search_term_string}\"},\"query-input\":{\"@type\":\"PropertyValueSpecification\",\"valueRequired\":true,\"valueName\":\"search_term_string\"}}],\"inLanguage\":\"en-US\"},{\"@type\":\"Organization\",\"@id\":\"https:\\\/\\\/www.edel.fr\\\/en\\\/#organization\",\"name\":\"Edel\",\"url\":\"https:\\\/\\\/www.edel.fr\\\/en\\\/\",\"logo\":{\"@type\":\"ImageObject\",\"inLanguage\":\"en-US\",\"@id\":\"https:\\\/\\\/www.edel.fr\\\/en\\\/#\\\/schema\\\/logo\\\/image\\\/\",\"url\":\"https:\\\/\\\/www.edel.fr\\\/uploads\\\/2018\\\/11\\\/logo-edel.png\",\"contentUrl\":\"https:\\\/\\\/www.edel.fr\\\/uploads\\\/2018\\\/11\\\/logo-edel.png\",\"width\":257,\"height\":68,\"caption\":\"Edel\"},\"image\":{\"@id\":\"https:\\\/\\\/www.edel.fr\\\/en\\\/#\\\/schema\\\/logo\\\/image\\\/\"}}]}<\/script>\n<!-- \/ Yoast SEO plugin. -->","yoast_head_json":{"title":"Pompe Hydraulique BOSCH 0510765347 Tracteur RENAULT JDS - Edel","description":"Pompe Hydraulique Bosch 0510765347 Tracteurs agricoles RENAULT et JDS avec moteur JOHN DEERE 7700036351","robots":{"index":"index","follow":"follow","max-snippet":"max-snippet:-1","max-image-preview":"max-image-preview:large","max-video-preview":"max-video-preview:-1"},"canonical":"https:\/\/edel.fr\/en\/product\/pompe-hydraulique-bosch-0510765347\/","og_locale":"en_US","og_type":"article","og_title":"Pompe Hydraulique BOSCH 0510765347 Tracteur RENAULT JDS - Edel","og_description":"Pompe Hydraulique Bosch 0510765347 Tracteurs agricoles RENAULT et JDS avec moteur JOHN DEERE 7700036351","og_url":"https:\/\/edel.fr\/en\/product\/pompe-hydraulique-bosch-0510765347\/","og_site_name":"Edel","article_modified_time":"2025-11-05T20:05:53+00:00","og_image":[{"width":1512,"height":1382,"url":"https:\/\/edel.fr\/uploads\/2020\/10\/hydraulique-0510765347.jpg","type":"image\/jpeg"}],"twitter_card":"summary_large_image","twitter_misc":{"Est. reading time":"1 minute"},"schema":{"@context":"https:\/\/schema.org","@graph":[{"@type":"WebPage","@id":"https:\/\/edel.fr\/en\/product\/pompe-hydraulique-bosch-0510765347\/","url":"https:\/\/edel.fr\/en\/product\/pompe-hydraulique-bosch-0510765347\/","name":"Pompe Hydraulique BOSCH 0510765347 Tracteur RENAULT JDS - Edel","isPartOf":{"@id":"https:\/\/www.edel.fr\/en\/#website"},"primaryImageOfPage":{"@id":"https:\/\/edel.fr\/en\/product\/pompe-hydraulique-bosch-0510765347\/#primaryimage"},"image":{"@id":"https:\/\/edel.fr\/en\/product\/pompe-hydraulique-bosch-0510765347\/#primaryimage"},"thumbnailUrl":"https:\/\/edel.fr\/uploads\/2020\/10\/hydraulique-0510765347.jpg","datePublished":"2020-10-26T15:15:36+00:00","dateModified":"2025-11-05T20:05:53+00:00","description":"Pompe Hydraulique Bosch 0510765347 Tracteurs agricoles RENAULT et JDS avec moteur JOHN DEERE 7700036351","breadcrumb":{"@id":"https:\/\/edel.fr\/en\/product\/pompe-hydraulique-bosch-0510765347\/#breadcrumb"},"inLanguage":"en-US","potentialAction":[{"@type":"ReadAction","target":["https:\/\/edel.fr\/en\/product\/pompe-hydraulique-bosch-0510765347\/"]}]},{"@type":"ImageObject","inLanguage":"en-US","@id":"https:\/\/edel.fr\/en\/product\/pompe-hydraulique-bosch-0510765347\/#primaryimage","url":"https:\/\/edel.fr\/uploads\/2020\/10\/hydraulique-0510765347.jpg","contentUrl":"https:\/\/edel.fr\/uploads\/2020\/10\/hydraulique-0510765347.jpg","width":1512,"height":1382,"caption":"Pompe Hydraulique Renault 0510765347"},{"@type":"BreadcrumbList","@id":"https:\/\/edel.fr\/en\/product\/pompe-hydraulique-bosch-0510765347\/#breadcrumb","itemListElement":[{"@type":"ListItem","position":1,"name":"Pi\u00e8ce Tracteur","item":"https:\/\/www.edel.fr\/en\/"},{"@type":"ListItem","position":2,"name":"Toutes nos pi\u00e8ces Tracteur","item":"https:\/\/edel.fr\/shop\/"},{"@type":"ListItem","position":3,"name":"Pompe Hydraulique BOSCH 0510765347 Tracteur RENAULT JDS"}]},{"@type":"WebSite","@id":"https:\/\/www.edel.fr\/en\/#website","url":"https:\/\/www.edel.fr\/en\/","name":"Edel","description":"Pi\u00e8ce d\u00e9tach\u00e9e de Tracteur Agricole","publisher":{"@id":"https:\/\/www.edel.fr\/en\/#organization"},"potentialAction":[{"@type":"SearchAction","target":{"@type":"EntryPoint","urlTemplate":"https:\/\/www.edel.fr\/en\/?s={search_term_string}"},"query-input":{"@type":"PropertyValueSpecification","valueRequired":true,"valueName":"search_term_string"}}],"inLanguage":"en-US"},{"@type":"Organization","@id":"https:\/\/www.edel.fr\/en\/#organization","name":"Edel","url":"https:\/\/www.edel.fr\/en\/","logo":{"@type":"ImageObject","inLanguage":"en-US","@id":"https:\/\/www.edel.fr\/en\/#\/schema\/logo\/image\/","url":"https:\/\/www.edel.fr\/uploads\/2018\/11\/logo-edel.png","contentUrl":"https:\/\/www.edel.fr\/uploads\/2018\/11\/logo-edel.png","width":257,"height":68,"caption":"Edel"},"image":{"@id":"https:\/\/www.edel.fr\/en\/#\/schema\/logo\/image\/"}}]}},"_links":{"self":[{"href":"https:\/\/edel.fr\/en\/wp-json\/wp\/v2\/product\/7730","targetHints":{"allow":["GET"]}}],"collection":[{"href":"https:\/\/edel.fr\/en\/wp-json\/wp\/v2\/product"}],"about":[{"href":"https:\/\/edel.fr\/en\/wp-json\/wp\/v2\/types\/product"}],"version-history":[{"count":4,"href":"https:\/\/edel.fr\/en\/wp-json\/wp\/v2\/product\/7730\/revisions"}],"predecessor-version":[{"id":17196,"href":"https:\/\/edel.fr\/en\/wp-json\/wp\/v2\/product\/7730\/revisions\/17196"}],"wp:featuredmedia":[{"embeddable":true,"href":"https:\/\/edel.fr\/en\/wp-json\/wp\/v2\/media\/7731"}],"wp:attachment":[{"href":"https:\/\/edel.fr\/en\/wp-json\/wp\/v2\/media?parent=7730"}],"wp:term":[{"taxonomy":"product_brand","embeddable":true,"href":"https:\/\/edel.fr\/en\/wp-json\/wp\/v2\/product_brand?post=7730"},{"taxonomy":"product_cat","embeddable":true,"href":"https:\/\/edel.fr\/en\/wp-json\/wp\/v2\/product_cat?post=7730"},{"taxonomy":"product_tag","embeddable":true,"href":"https:\/\/edel.fr\/en\/wp-json\/wp\/v2\/product_tag?post=7730"},{"taxonomy":"tracteur","embeddable":true,"href":"https:\/\/edel.fr\/en\/wp-json\/wp\/v2\/tracteur?post=7730"}],"curies":[{"name":"wp","href":"https:\/\/api.w.org\/{rel}","templated":true}]}}