{"id":7737,"date":"2020-10-26T16:33:22","date_gmt":"2020-10-26T15:33:22","guid":{"rendered":"https:\/\/www.edel.fr\/?post_type=product&#038;p=7737"},"modified":"2026-01-15T02:00:19","modified_gmt":"2026-01-15T01:00:19","slug":"pompe-hydraulique-0510625334","status":"publish","type":"product","link":"https:\/\/edel.fr\/en\/product\/pompe-hydraulique-0510625334\/","title":{"rendered":"Pompe Hydraulique Tracteur Renault Claas : 0510625334"},"content":{"rendered":"<div data-elementor-type=\"wp-post\" data-elementor-id=\"7737\" class=\"elementor elementor-7737\">\n\t\t\t\t\t\t<section class=\"elementor-section elementor-top-section elementor-element elementor-element-4b2a5d63 elementor-section-boxed elementor-section-height-default elementor-section-height-default\" data-id=\"4b2a5d63\" data-element_type=\"section\" data-e-type=\"section\">\n\t\t\t\t\t\t<div class=\"elementor-container elementor-column-gap-default\">\n\t\t\t\t\t<div class=\"elementor-column elementor-col-100 elementor-top-column elementor-element elementor-element-5098f898\" data-id=\"5098f898\" data-element_type=\"column\" data-e-type=\"column\">\n\t\t\t<div class=\"elementor-widget-wrap elementor-element-populated\">\n\t\t\t\t\t\t<div class=\"elementor-element elementor-element-6a50bb65 elementor-widget elementor-widget-heading\" data-id=\"6a50bb65\" data-element_type=\"widget\" data-e-type=\"widget\" data-widget_type=\"heading.default\">\n\t\t\t\t<div class=\"elementor-widget-container\">\n\t\t\t\t\t<h2 class=\"elementor-heading-title elementor-size-default\">POMPE HYDRAULIQUE SIMPLE RENAULT CLAAS<\/h2>\t\t\t\t<\/div>\n\t\t\t\t<\/div>\n\t\t\t\t<div class=\"elementor-element elementor-element-5a778f30 elementor-widget elementor-widget-heading\" data-id=\"5a778f30\" data-element_type=\"widget\" data-e-type=\"widget\" data-widget_type=\"heading.default\">\n\t\t\t\t<div class=\"elementor-widget-container\">\n\t\t\t\t\t<h3 class=\"elementor-heading-title elementor-size-default\">Information du produit :<\/h3>\t\t\t\t<\/div>\n\t\t\t\t<\/div>\n\t\t\t\t\t<\/div>\n\t\t<\/div>\n\t\t\t\t\t<\/div>\n\t\t<\/section>\n\t\t\t\t<section class=\"elementor-section elementor-top-section elementor-element elementor-element-290ca7d1 elementor-section-boxed elementor-section-height-default elementor-section-height-default\" data-id=\"290ca7d1\" data-element_type=\"section\" data-e-type=\"section\">\n\t\t\t\t\t\t<div class=\"elementor-container elementor-column-gap-default\">\n\t\t\t\t\t<div class=\"elementor-column elementor-col-100 elementor-top-column elementor-element elementor-element-773f35b7\" data-id=\"773f35b7\" data-element_type=\"column\" data-e-type=\"column\">\n\t\t\t<div class=\"elementor-widget-wrap elementor-element-populated\">\n\t\t\t\t\t\t<div class=\"elementor-element elementor-element-7774c225 elementor-widget elementor-widget-text-editor\" data-id=\"7774c225\" data-element_type=\"widget\" data-e-type=\"widget\" data-widget_type=\"text-editor.default\">\n\t\t\t\t<div class=\"elementor-widget-container\">\n\t\t\t\t\t\t\t\t\t<p><br><\/p>\n<ul>\n<li><b>\u00c9quivalen<\/b><strong>t&nbsp;\u00e0<\/strong> <strong>:<\/strong> <br>&#8211; 35.281.508<br>&#8211; 35.281.532<br>&#8211; 35.281.520<br>&#8211; 7700.544.581<br>&#8211; 35.281.538<br>&#8211; 0510.525.317<\/li>\n<\/ul>\n<div>\n<div>Type : 301, 361, 421, 460, 461, 466, 480, 490, 498, 51, 53, 55, 556, 56, 57, 60, 656, 70, 80, 86, 88, 89, 91, 92, 94, 96, 98, R 50, RLT 3260 V<\/div>\n<\/div>\t\t\t\t\t\t\t\t<\/div>\n\t\t\t\t<\/div>\n\t\t\t\t\t<\/div>\n\t\t<\/div>\n\t\t\t\t\t<\/div>\n\t\t<\/section>\n\t\t\t\t<\/div>","protected":false},"excerpt":{"rendered":"<p>POMPE HYDRAULIQUE SIMPLE RENAULT CLAAS Information du produit : &nbsp; \u00c9quivalent\u00a0\u00e0 : &#8211; 35.281.508 &#8211; 35.281.532 &#8211; 35.281.520 &#8211; 7700.544.581 &#8211; 35.281.538 &#8211; 0510.525.317 Type : 301, 361, 421, 460, 461, 466, 480, 490, 498, 51, 53, 55, 556, 56, 57, 60, 656, 70, 80, 86, 88, 89, 91, 92, 94, 96, 98, R 50,<br \/><a class=\"more-link\" href=\"https:\/\/edel.fr\/en\/product\/pompe-hydraulique-0510625334\/\"><br \/>\n        Read More<span class=\"screen-reader-text\"> \u00ab\u00a0Pompe Hydraulique Tracteur Renault Claas : 0510625334\u00a0\u00bb<\/span><\/a><\/p>","protected":false},"featured_media":7738,"template":"","meta":[],"product_brand":[],"product_cat":[155,3992,167,119],"product_tag":[],"tracteur":[],"class_list":{"0":"post-7737","1":"product","2":"type-product","3":"status-publish","4":"has-post-thumbnail","6":"product_cat-hydraulique","7":"product_cat-pompe-hydraulique-renault-claas","8":"product_cat-pompes-hydrauliques","9":"product_cat-tracteurs-agricoles","10":"product_shipping_class-142","11":"pa_fabriquant-bosch","12":"pa_marque-tracteur-renault-claas","13":"pa_type-2-2517","14":"pa_type-2-2508","15":"pa_type-2-1210","16":"pa_type-2-1211","17":"pa_type-2-1686","18":"pa_type-2-1293","19":"pa_type-2-1167","20":"pa_type-2-1783","21":"pa_type-2-2593","22":"pa_type-2-2112","23":"pa_type-2-2113","24":"pa_type-2-2723","25":"pa_type-2-1582","26":"pa_type-2-1208","27":"pa_type-2-2724","28":"pa_type-2-2515","29":"pa_type-2-1583","30":"pa_type-2-1288","31":"pa_type-2-1238","32":"pa_type-2-1685","33":"pa_type-2-2725","34":"pa_type-2-2668","35":"pa_type-2-2512","36":"pa_type-2-1241","37":"pa_type-2-2513","38":"pa_type-2-2669","39":"pa_type-2-2514","40":"pa_type-2-r-50","41":"pa_type-2-rlt-3260-v","42":"badges-style-2","44":"first","45":"outofstock","46":"taxable","47":"shipping-taxable","48":"purchasable","49":"product-type-simple"},"acf":[],"yoast_head":"<!-- This site is optimized with the Yoast SEO plugin v27.3 - https:\/\/yoast.com\/product\/yoast-seo-wordpress\/ -->\n<title>Pompe Hydraulique Tracteur Renault Claas : 0510625334 - Edel<\/title>\n<meta name=\"description\" content=\"Pompe Hydraulique Tracteur Renault Claas - 301 361 421 460 461 466 480 490 498 51 53 55 556 56 57 60 656 70 80 86 88 89 91 92 94 96 98 R 50 RLT 3260 V\" \/>\n<meta name=\"robots\" content=\"index, follow, max-snippet:-1, max-image-preview:large, max-video-preview:-1\" \/>\n<link rel=\"canonical\" href=\"https:\/\/edel.fr\/en\/product\/pompe-hydraulique-0510625334\/\" \/>\n<meta property=\"og:locale\" content=\"en_US\" \/>\n<meta property=\"og:type\" content=\"article\" \/>\n<meta property=\"og:title\" content=\"Pompe Hydraulique Tracteur Renault Claas : 0510625334 - Edel\" \/>\n<meta property=\"og:description\" content=\"Pompe Hydraulique Tracteur Renault Claas - 301 361 421 460 461 466 480 490 498 51 53 55 556 56 57 60 656 70 80 86 88 89 91 92 94 96 98 R 50 RLT 3260 V\" \/>\n<meta property=\"og:url\" content=\"https:\/\/edel.fr\/en\/product\/pompe-hydraulique-0510625334\/\" \/>\n<meta property=\"og:site_name\" content=\"Edel\" \/>\n<meta property=\"article:modified_time\" content=\"2026-01-15T01:00:19+00:00\" \/>\n<meta property=\"og:image\" content=\"https:\/\/edel.fr\/uploads\/2020\/10\/hydraulique-05106253342067.jpg\" \/>\n\t<meta property=\"og:image:width\" content=\"1512\" \/>\n\t<meta property=\"og:image:height\" content=\"1355\" \/>\n\t<meta property=\"og:image:type\" content=\"image\/jpeg\" \/>\n<meta name=\"twitter:card\" content=\"summary_large_image\" \/>\n<meta name=\"twitter:label1\" content=\"Est. reading time\" \/>\n\t<meta name=\"twitter:data1\" content=\"1 minute\" \/>\n<script type=\"application\/ld+json\" class=\"yoast-schema-graph\">{\"@context\":\"https:\\\/\\\/schema.org\",\"@graph\":[{\"@type\":\"WebPage\",\"@id\":\"https:\\\/\\\/edel.fr\\\/en\\\/product\\\/pompe-hydraulique-0510625334\\\/\",\"url\":\"https:\\\/\\\/edel.fr\\\/en\\\/product\\\/pompe-hydraulique-0510625334\\\/\",\"name\":\"Pompe Hydraulique Tracteur Renault Claas : 0510625334 - Edel\",\"isPartOf\":{\"@id\":\"http:\\\/\\\/www.edel.fr\\\/en\\\/#website\"},\"primaryImageOfPage\":{\"@id\":\"https:\\\/\\\/edel.fr\\\/en\\\/product\\\/pompe-hydraulique-0510625334\\\/#primaryimage\"},\"image\":{\"@id\":\"https:\\\/\\\/edel.fr\\\/en\\\/product\\\/pompe-hydraulique-0510625334\\\/#primaryimage\"},\"thumbnailUrl\":\"https:\\\/\\\/edel.fr\\\/uploads\\\/2020\\\/10\\\/hydraulique-05106253342067.jpg\",\"datePublished\":\"2020-10-26T15:33:22+00:00\",\"dateModified\":\"2026-01-15T01:00:19+00:00\",\"description\":\"Pompe Hydraulique Tracteur Renault Claas - 301 361 421 460 461 466 480 490 498 51 53 55 556 56 57 60 656 70 80 86 88 89 91 92 94 96 98 R 50 RLT 3260 V\",\"breadcrumb\":{\"@id\":\"https:\\\/\\\/edel.fr\\\/en\\\/product\\\/pompe-hydraulique-0510625334\\\/#breadcrumb\"},\"inLanguage\":\"en-US\",\"potentialAction\":[{\"@type\":\"ReadAction\",\"target\":[\"https:\\\/\\\/edel.fr\\\/en\\\/product\\\/pompe-hydraulique-0510625334\\\/\"]}]},{\"@type\":\"ImageObject\",\"inLanguage\":\"en-US\",\"@id\":\"https:\\\/\\\/edel.fr\\\/en\\\/product\\\/pompe-hydraulique-0510625334\\\/#primaryimage\",\"url\":\"https:\\\/\\\/edel.fr\\\/uploads\\\/2020\\\/10\\\/hydraulique-05106253342067.jpg\",\"contentUrl\":\"https:\\\/\\\/edel.fr\\\/uploads\\\/2020\\\/10\\\/hydraulique-05106253342067.jpg\",\"width\":1512,\"height\":1355,\"caption\":\"Pompe Hydraulique Renault Claas\"},{\"@type\":\"BreadcrumbList\",\"@id\":\"https:\\\/\\\/edel.fr\\\/en\\\/product\\\/pompe-hydraulique-0510625334\\\/#breadcrumb\",\"itemListElement\":[{\"@type\":\"ListItem\",\"position\":1,\"name\":\"Pi\u00e8ce Tracteur\",\"item\":\"http:\\\/\\\/www.edel.fr\\\/en\\\/\"},{\"@type\":\"ListItem\",\"position\":2,\"name\":\"Toutes nos pi\u00e8ces Tracteur\",\"item\":\"https:\\\/\\\/edel.fr\\\/shop\\\/\"},{\"@type\":\"ListItem\",\"position\":3,\"name\":\"Pompe Hydraulique Tracteur Renault Claas : 0510625334\"}]},{\"@type\":\"WebSite\",\"@id\":\"http:\\\/\\\/www.edel.fr\\\/en\\\/#website\",\"url\":\"http:\\\/\\\/www.edel.fr\\\/en\\\/\",\"name\":\"Edel\",\"description\":\"Pi\u00e8ce d\u00e9tach\u00e9e de Tracteur Agricole\",\"publisher\":{\"@id\":\"http:\\\/\\\/www.edel.fr\\\/en\\\/#organization\"},\"potentialAction\":[{\"@type\":\"SearchAction\",\"target\":{\"@type\":\"EntryPoint\",\"urlTemplate\":\"http:\\\/\\\/www.edel.fr\\\/en\\\/?s={search_term_string}\"},\"query-input\":{\"@type\":\"PropertyValueSpecification\",\"valueRequired\":true,\"valueName\":\"search_term_string\"}}],\"inLanguage\":\"en-US\"},{\"@type\":\"Organization\",\"@id\":\"http:\\\/\\\/www.edel.fr\\\/en\\\/#organization\",\"name\":\"Edel\",\"url\":\"http:\\\/\\\/www.edel.fr\\\/en\\\/\",\"logo\":{\"@type\":\"ImageObject\",\"inLanguage\":\"en-US\",\"@id\":\"http:\\\/\\\/www.edel.fr\\\/en\\\/#\\\/schema\\\/logo\\\/image\\\/\",\"url\":\"https:\\\/\\\/www.edel.fr\\\/uploads\\\/2018\\\/11\\\/logo-edel.png\",\"contentUrl\":\"https:\\\/\\\/www.edel.fr\\\/uploads\\\/2018\\\/11\\\/logo-edel.png\",\"width\":257,\"height\":68,\"caption\":\"Edel\"},\"image\":{\"@id\":\"http:\\\/\\\/www.edel.fr\\\/en\\\/#\\\/schema\\\/logo\\\/image\\\/\"}}]}<\/script>\n<!-- \/ Yoast SEO plugin. -->","yoast_head_json":{"title":"Pompe Hydraulique Tracteur Renault Claas : 0510625334 - Edel","description":"Pompe Hydraulique Tracteur Renault Claas - 301 361 421 460 461 466 480 490 498 51 53 55 556 56 57 60 656 70 80 86 88 89 91 92 94 96 98 R 50 RLT 3260 V","robots":{"index":"index","follow":"follow","max-snippet":"max-snippet:-1","max-image-preview":"max-image-preview:large","max-video-preview":"max-video-preview:-1"},"canonical":"https:\/\/edel.fr\/en\/product\/pompe-hydraulique-0510625334\/","og_locale":"en_US","og_type":"article","og_title":"Pompe Hydraulique Tracteur Renault Claas : 0510625334 - Edel","og_description":"Pompe Hydraulique Tracteur Renault Claas - 301 361 421 460 461 466 480 490 498 51 53 55 556 56 57 60 656 70 80 86 88 89 91 92 94 96 98 R 50 RLT 3260 V","og_url":"https:\/\/edel.fr\/en\/product\/pompe-hydraulique-0510625334\/","og_site_name":"Edel","article_modified_time":"2026-01-15T01:00:19+00:00","og_image":[{"width":1512,"height":1355,"url":"https:\/\/edel.fr\/uploads\/2020\/10\/hydraulique-05106253342067.jpg","type":"image\/jpeg"}],"twitter_card":"summary_large_image","twitter_misc":{"Est. reading time":"1 minute"},"schema":{"@context":"https:\/\/schema.org","@graph":[{"@type":"WebPage","@id":"https:\/\/edel.fr\/en\/product\/pompe-hydraulique-0510625334\/","url":"https:\/\/edel.fr\/en\/product\/pompe-hydraulique-0510625334\/","name":"Pompe Hydraulique Tracteur Renault Claas : 0510625334 - Edel","isPartOf":{"@id":"http:\/\/www.edel.fr\/en\/#website"},"primaryImageOfPage":{"@id":"https:\/\/edel.fr\/en\/product\/pompe-hydraulique-0510625334\/#primaryimage"},"image":{"@id":"https:\/\/edel.fr\/en\/product\/pompe-hydraulique-0510625334\/#primaryimage"},"thumbnailUrl":"https:\/\/edel.fr\/uploads\/2020\/10\/hydraulique-05106253342067.jpg","datePublished":"2020-10-26T15:33:22+00:00","dateModified":"2026-01-15T01:00:19+00:00","description":"Pompe Hydraulique Tracteur Renault Claas - 301 361 421 460 461 466 480 490 498 51 53 55 556 56 57 60 656 70 80 86 88 89 91 92 94 96 98 R 50 RLT 3260 V","breadcrumb":{"@id":"https:\/\/edel.fr\/en\/product\/pompe-hydraulique-0510625334\/#breadcrumb"},"inLanguage":"en-US","potentialAction":[{"@type":"ReadAction","target":["https:\/\/edel.fr\/en\/product\/pompe-hydraulique-0510625334\/"]}]},{"@type":"ImageObject","inLanguage":"en-US","@id":"https:\/\/edel.fr\/en\/product\/pompe-hydraulique-0510625334\/#primaryimage","url":"https:\/\/edel.fr\/uploads\/2020\/10\/hydraulique-05106253342067.jpg","contentUrl":"https:\/\/edel.fr\/uploads\/2020\/10\/hydraulique-05106253342067.jpg","width":1512,"height":1355,"caption":"Pompe Hydraulique Renault Claas"},{"@type":"BreadcrumbList","@id":"https:\/\/edel.fr\/en\/product\/pompe-hydraulique-0510625334\/#breadcrumb","itemListElement":[{"@type":"ListItem","position":1,"name":"Pi\u00e8ce Tracteur","item":"http:\/\/www.edel.fr\/en\/"},{"@type":"ListItem","position":2,"name":"Toutes nos pi\u00e8ces Tracteur","item":"https:\/\/edel.fr\/shop\/"},{"@type":"ListItem","position":3,"name":"Pompe Hydraulique Tracteur Renault Claas : 0510625334"}]},{"@type":"WebSite","@id":"http:\/\/www.edel.fr\/en\/#website","url":"http:\/\/www.edel.fr\/en\/","name":"Edel","description":"Pi\u00e8ce d\u00e9tach\u00e9e de Tracteur Agricole","publisher":{"@id":"http:\/\/www.edel.fr\/en\/#organization"},"potentialAction":[{"@type":"SearchAction","target":{"@type":"EntryPoint","urlTemplate":"http:\/\/www.edel.fr\/en\/?s={search_term_string}"},"query-input":{"@type":"PropertyValueSpecification","valueRequired":true,"valueName":"search_term_string"}}],"inLanguage":"en-US"},{"@type":"Organization","@id":"http:\/\/www.edel.fr\/en\/#organization","name":"Edel","url":"http:\/\/www.edel.fr\/en\/","logo":{"@type":"ImageObject","inLanguage":"en-US","@id":"http:\/\/www.edel.fr\/en\/#\/schema\/logo\/image\/","url":"https:\/\/www.edel.fr\/uploads\/2018\/11\/logo-edel.png","contentUrl":"https:\/\/www.edel.fr\/uploads\/2018\/11\/logo-edel.png","width":257,"height":68,"caption":"Edel"},"image":{"@id":"http:\/\/www.edel.fr\/en\/#\/schema\/logo\/image\/"}}]}},"_links":{"self":[{"href":"https:\/\/edel.fr\/en\/wp-json\/wp\/v2\/product\/7737","targetHints":{"allow":["GET"]}}],"collection":[{"href":"https:\/\/edel.fr\/en\/wp-json\/wp\/v2\/product"}],"about":[{"href":"https:\/\/edel.fr\/en\/wp-json\/wp\/v2\/types\/product"}],"version-history":[{"count":2,"href":"https:\/\/edel.fr\/en\/wp-json\/wp\/v2\/product\/7737\/revisions"}],"predecessor-version":[{"id":19482,"href":"https:\/\/edel.fr\/en\/wp-json\/wp\/v2\/product\/7737\/revisions\/19482"}],"wp:featuredmedia":[{"embeddable":true,"href":"https:\/\/edel.fr\/en\/wp-json\/wp\/v2\/media\/7738"}],"wp:attachment":[{"href":"https:\/\/edel.fr\/en\/wp-json\/wp\/v2\/media?parent=7737"}],"wp:term":[{"taxonomy":"product_brand","embeddable":true,"href":"https:\/\/edel.fr\/en\/wp-json\/wp\/v2\/product_brand?post=7737"},{"taxonomy":"product_cat","embeddable":true,"href":"https:\/\/edel.fr\/en\/wp-json\/wp\/v2\/product_cat?post=7737"},{"taxonomy":"product_tag","embeddable":true,"href":"https:\/\/edel.fr\/en\/wp-json\/wp\/v2\/product_tag?post=7737"},{"taxonomy":"tracteur","embeddable":true,"href":"https:\/\/edel.fr\/en\/wp-json\/wp\/v2\/tracteur?post=7737"}],"curies":[{"name":"wp","href":"https:\/\/api.w.org\/{rel}","templated":true}]}}