{"id":7887,"date":"2020-10-29T14:13:01","date_gmt":"2020-10-29T13:13:01","guid":{"rendered":"https:\/\/www.edel.fr\/?post_type=product&#038;p=7887"},"modified":"2025-11-05T21:07:44","modified_gmt":"2025-11-05T20:07:44","slug":"case-ih-pompe-hydraulique-0510565395-1055-1056-955-956","status":"publish","type":"product","link":"https:\/\/edel.fr\/en\/product\/case-ih-pompe-hydraulique-0510565395-1055-1056-955-956\/","title":{"rendered":"Case Ih Pompe Hydraulique Tracteur : 0510565395 &#8211; 1055 1056 955 956"},"content":{"rendered":"<div data-elementor-type=\"wp-post\" data-elementor-id=\"7887\" class=\"elementor elementor-7887\">\n\t\t\t\t\t\t<section class=\"elementor-section elementor-top-section elementor-element elementor-element-6763e3e6 elementor-section-boxed elementor-section-height-default elementor-section-height-default\" data-id=\"6763e3e6\" data-element_type=\"section\" data-e-type=\"section\">\n\t\t\t\t\t\t<div class=\"elementor-container elementor-column-gap-default\">\n\t\t\t\t\t<div class=\"elementor-column elementor-col-100 elementor-top-column elementor-element elementor-element-2b3899b4\" data-id=\"2b3899b4\" data-element_type=\"column\" data-e-type=\"column\">\n\t\t\t<div class=\"elementor-widget-wrap elementor-element-populated\">\n\t\t\t\t\t\t<div class=\"elementor-element elementor-element-ee5be82 elementor-widget elementor-widget-heading\" data-id=\"ee5be82\" data-element_type=\"widget\" data-e-type=\"widget\" data-widget_type=\"heading.default\">\n\t\t\t\t<div class=\"elementor-widget-container\">\n\t\t\t\t\t<h2 class=\"elementor-heading-title elementor-size-default\">POMPE HYDRAULIQUE DOUBLE<\/h2>\t\t\t\t<\/div>\n\t\t\t\t<\/div>\n\t\t\t\t<div class=\"elementor-element elementor-element-4f5e211 elementor-widget elementor-widget-heading\" data-id=\"4f5e211\" data-element_type=\"widget\" data-e-type=\"widget\" data-widget_type=\"heading.default\">\n\t\t\t\t<div class=\"elementor-widget-container\">\n\t\t\t\t\t<h3 class=\"elementor-heading-title elementor-size-default\">Information du produit :<\/h3>\t\t\t\t<\/div>\n\t\t\t\t<\/div>\n\t\t\t\t\t<\/div>\n\t\t<\/div>\n\t\t\t\t\t<\/div>\n\t\t<\/section>\n\t\t\t\t<section class=\"elementor-section elementor-top-section elementor-element elementor-element-290ca7d1 elementor-section-boxed elementor-section-height-default elementor-section-height-default\" data-id=\"290ca7d1\" data-element_type=\"section\" data-e-type=\"section\">\n\t\t\t\t\t\t<div class=\"elementor-container elementor-column-gap-default\">\n\t\t\t\t\t<div class=\"elementor-column elementor-col-100 elementor-top-column elementor-element elementor-element-773f35b7\" data-id=\"773f35b7\" data-element_type=\"column\" data-e-type=\"column\">\n\t\t\t<div class=\"elementor-widget-wrap elementor-element-populated\">\n\t\t\t\t\t\t<div class=\"elementor-element elementor-element-7774c225 elementor-widget elementor-widget-text-editor\" data-id=\"7774c225\" data-element_type=\"widget\" data-e-type=\"widget\" data-widget_type=\"text-editor.default\">\n\t\t\t\t<div class=\"elementor-widget-container\">\n\t\t\t\t\t\t\t\t\t<p>Deux sorties arri\u00e8re, clapet anti-retour<\/p>\n<p>Marque origine Bosch Rexroth<\/p>\n<ul>\n<li><b>\u00c9quivalen<\/b><strong>t&nbsp;\u00e0<\/strong> <strong>:<\/strong> <br>&#8211; 0510.565.321<br>&#8211; 0510.565.330<br>&#8211; 0510.565.361<br>&#8211; 0510.565.362<br>&#8211; 0510.565.363<br>&#8211; 0510.565.395<br>&#8211; 3222.932.R.93<\/li>\n<\/ul>\n<div>\n<div>&nbsp;<\/div>\n<\/div>\t\t\t\t\t\t\t\t<\/div>\n\t\t\t\t<\/div>\n\t\t\t\t\t<\/div>\n\t\t<\/div>\n\t\t\t\t\t<\/div>\n\t\t<\/section>\n\t\t\t\t<\/div>","protected":false},"excerpt":{"rendered":"<p>POMPE HYDRAULIQUE DOUBLE Information du produit : Deux sorties arri\u00e8re, clapet anti-retour Marque origine Bosch Rexroth \u00c9quivalent\u00a0\u00e0 : &#8211; 0510.565.321 &#8211; 0510.565.330 &#8211; 0510.565.361 &#8211; 0510.565.362 &#8211; 0510.565.363 &#8211; 0510.565.395 &#8211; 3222.932.R.93 &nbsp;<\/p>","protected":false},"featured_media":7888,"template":"","meta":[],"product_brand":[],"product_cat":[155,3986,167,119],"product_tag":[],"tracteur":[],"class_list":{"0":"post-7887","1":"product","2":"type-product","3":"status-publish","4":"has-post-thumbnail","6":"product_cat-hydraulique","7":"product_cat-pompe-hydraulique-case-ih","8":"product_cat-pompes-hydrauliques","9":"product_cat-tracteurs-agricoles","10":"product_shipping_class-142","11":"pa_fabriquant-bosch","12":"pa_marque-tracteur-case-ih","13":"pa_type-2-1267","14":"pa_type-2-1163","15":"pa_type-2-1173","16":"pa_type-2-1265","17":"badges-style-2","19":"first","20":"instock","21":"taxable","22":"shipping-taxable","23":"purchasable","24":"product-type-simple"},"acf":[],"yoast_head":"<!-- This site is optimized with the Yoast SEO plugin v27.3 - https:\/\/yoast.com\/product\/yoast-seo-wordpress\/ -->\n<title>Case Ih Pompe Hydraulique Tracteur 0510565395, 1055 1056 955... - Edel<\/title>\n<meta name=\"description\" content=\"Case Ih Pompe Hydraulique Tracteur - 1055 1056 955 956 - 0510.565.321 0510.565.330 0510.565.361 0510.565.362 0510.565.363 3222.932.R.93 - Bosch - Double\" \/>\n<meta name=\"robots\" content=\"index, follow, max-snippet:-1, max-image-preview:large, max-video-preview:-1\" \/>\n<link rel=\"canonical\" href=\"https:\/\/edel.fr\/en\/product\/case-ih-pompe-hydraulique-0510565395-1055-1056-955-956\/\" \/>\n<meta property=\"og:locale\" content=\"en_US\" \/>\n<meta property=\"og:type\" content=\"article\" \/>\n<meta property=\"og:title\" content=\"Case Ih Pompe Hydraulique Tracteur 0510565395, 1055 1056 955... - Edel\" \/>\n<meta property=\"og:description\" content=\"Case Ih Pompe Hydraulique Tracteur - 1055 1056 955 956 - 0510.565.321 0510.565.330 0510.565.361 0510.565.362 0510.565.363 3222.932.R.93 - Bosch - Double\" \/>\n<meta property=\"og:url\" content=\"https:\/\/edel.fr\/en\/product\/case-ih-pompe-hydraulique-0510565395-1055-1056-955-956\/\" \/>\n<meta property=\"og:site_name\" content=\"Edel\" \/>\n<meta property=\"article:modified_time\" content=\"2025-11-05T20:07:44+00:00\" \/>\n<meta property=\"og:image\" content=\"https:\/\/edel.fr\/uploads\/2020\/10\/pompe-565395.jpg\" \/>\n\t<meta property=\"og:image:width\" content=\"1512\" \/>\n\t<meta property=\"og:image:height\" content=\"1334\" \/>\n\t<meta property=\"og:image:type\" content=\"image\/jpeg\" \/>\n<meta name=\"twitter:card\" content=\"summary_large_image\" \/>\n<meta name=\"twitter:label1\" content=\"Est. reading time\" \/>\n\t<meta name=\"twitter:data1\" content=\"1 minute\" \/>\n<script type=\"application\/ld+json\" class=\"yoast-schema-graph\">{\"@context\":\"https:\\\/\\\/schema.org\",\"@graph\":[{\"@type\":\"WebPage\",\"@id\":\"https:\\\/\\\/edel.fr\\\/produit\\\/case-ih-pompe-hydraulique-0510565395-1055-1056-955-956\\\/\",\"url\":\"https:\\\/\\\/edel.fr\\\/produit\\\/case-ih-pompe-hydraulique-0510565395-1055-1056-955-956\\\/\",\"name\":\"Case Ih Pompe Hydraulique Tracteur 0510565395, 1055 1056 955... - Edel\",\"isPartOf\":{\"@id\":\"https:\\\/\\\/www.edel.fr\\\/en\\\/#website\"},\"primaryImageOfPage\":{\"@id\":\"https:\\\/\\\/edel.fr\\\/produit\\\/case-ih-pompe-hydraulique-0510565395-1055-1056-955-956\\\/#primaryimage\"},\"image\":{\"@id\":\"https:\\\/\\\/edel.fr\\\/produit\\\/case-ih-pompe-hydraulique-0510565395-1055-1056-955-956\\\/#primaryimage\"},\"thumbnailUrl\":\"https:\\\/\\\/edel.fr\\\/uploads\\\/2020\\\/10\\\/pompe-565395.jpg\",\"datePublished\":\"2020-10-29T13:13:01+00:00\",\"dateModified\":\"2025-11-05T20:07:44+00:00\",\"description\":\"Case Ih Pompe Hydraulique Tracteur - 1055 1056 955 956 - 0510.565.321 0510.565.330 0510.565.361 0510.565.362 0510.565.363 3222.932.R.93 - Bosch - Double\",\"breadcrumb\":{\"@id\":\"https:\\\/\\\/edel.fr\\\/produit\\\/case-ih-pompe-hydraulique-0510565395-1055-1056-955-956\\\/#breadcrumb\"},\"inLanguage\":\"en-US\",\"potentialAction\":[{\"@type\":\"ReadAction\",\"target\":[\"https:\\\/\\\/edel.fr\\\/produit\\\/case-ih-pompe-hydraulique-0510565395-1055-1056-955-956\\\/\"]}]},{\"@type\":\"ImageObject\",\"inLanguage\":\"en-US\",\"@id\":\"https:\\\/\\\/edel.fr\\\/produit\\\/case-ih-pompe-hydraulique-0510565395-1055-1056-955-956\\\/#primaryimage\",\"url\":\"https:\\\/\\\/edel.fr\\\/uploads\\\/2020\\\/10\\\/pompe-565395.jpg\",\"contentUrl\":\"https:\\\/\\\/edel.fr\\\/uploads\\\/2020\\\/10\\\/pompe-565395.jpg\",\"width\":1512,\"height\":1334,\"caption\":\"Case Ih Pompe Hydraulique - 0510565395 - 1055 1056 955 956\"},{\"@type\":\"BreadcrumbList\",\"@id\":\"https:\\\/\\\/edel.fr\\\/produit\\\/case-ih-pompe-hydraulique-0510565395-1055-1056-955-956\\\/#breadcrumb\",\"itemListElement\":[{\"@type\":\"ListItem\",\"position\":1,\"name\":\"Pi\u00e8ce Tracteur\",\"item\":\"https:\\\/\\\/www.edel.fr\\\/en\\\/\"},{\"@type\":\"ListItem\",\"position\":2,\"name\":\"Toutes nos pi\u00e8ces Tracteur\",\"item\":\"https:\\\/\\\/edel.fr\\\/shop\\\/\"},{\"@type\":\"ListItem\",\"position\":3,\"name\":\"Case Ih Pompe Hydraulique Tracteur : 0510565395 &#8211; 1055 1056 955 956\"}]},{\"@type\":\"WebSite\",\"@id\":\"https:\\\/\\\/www.edel.fr\\\/en\\\/#website\",\"url\":\"https:\\\/\\\/www.edel.fr\\\/en\\\/\",\"name\":\"Edel\",\"description\":\"Pi\u00e8ce d\u00e9tach\u00e9e de Tracteur Agricole\",\"publisher\":{\"@id\":\"https:\\\/\\\/www.edel.fr\\\/en\\\/#organization\"},\"potentialAction\":[{\"@type\":\"SearchAction\",\"target\":{\"@type\":\"EntryPoint\",\"urlTemplate\":\"https:\\\/\\\/www.edel.fr\\\/en\\\/?s={search_term_string}\"},\"query-input\":{\"@type\":\"PropertyValueSpecification\",\"valueRequired\":true,\"valueName\":\"search_term_string\"}}],\"inLanguage\":\"en-US\"},{\"@type\":\"Organization\",\"@id\":\"https:\\\/\\\/www.edel.fr\\\/en\\\/#organization\",\"name\":\"Edel\",\"url\":\"https:\\\/\\\/www.edel.fr\\\/en\\\/\",\"logo\":{\"@type\":\"ImageObject\",\"inLanguage\":\"en-US\",\"@id\":\"https:\\\/\\\/www.edel.fr\\\/en\\\/#\\\/schema\\\/logo\\\/image\\\/\",\"url\":\"https:\\\/\\\/www.edel.fr\\\/uploads\\\/2018\\\/11\\\/logo-edel.png\",\"contentUrl\":\"https:\\\/\\\/www.edel.fr\\\/uploads\\\/2018\\\/11\\\/logo-edel.png\",\"width\":257,\"height\":68,\"caption\":\"Edel\"},\"image\":{\"@id\":\"https:\\\/\\\/www.edel.fr\\\/en\\\/#\\\/schema\\\/logo\\\/image\\\/\"}}]}<\/script>\n<!-- \/ Yoast SEO plugin. -->","yoast_head_json":{"title":"Case Ih Pompe Hydraulique Tracteur 0510565395, 1055 1056 955... - Edel","description":"Case Ih Pompe Hydraulique Tracteur - 1055 1056 955 956 - 0510.565.321 0510.565.330 0510.565.361 0510.565.362 0510.565.363 3222.932.R.93 - Bosch - Double","robots":{"index":"index","follow":"follow","max-snippet":"max-snippet:-1","max-image-preview":"max-image-preview:large","max-video-preview":"max-video-preview:-1"},"canonical":"https:\/\/edel.fr\/en\/product\/case-ih-pompe-hydraulique-0510565395-1055-1056-955-956\/","og_locale":"en_US","og_type":"article","og_title":"Case Ih Pompe Hydraulique Tracteur 0510565395, 1055 1056 955... - Edel","og_description":"Case Ih Pompe Hydraulique Tracteur - 1055 1056 955 956 - 0510.565.321 0510.565.330 0510.565.361 0510.565.362 0510.565.363 3222.932.R.93 - Bosch - Double","og_url":"https:\/\/edel.fr\/en\/product\/case-ih-pompe-hydraulique-0510565395-1055-1056-955-956\/","og_site_name":"Edel","article_modified_time":"2025-11-05T20:07:44+00:00","og_image":[{"width":1512,"height":1334,"url":"https:\/\/edel.fr\/uploads\/2020\/10\/pompe-565395.jpg","type":"image\/jpeg"}],"twitter_card":"summary_large_image","twitter_misc":{"Est. reading time":"1 minute"},"schema":{"@context":"https:\/\/schema.org","@graph":[{"@type":"WebPage","@id":"https:\/\/edel.fr\/produit\/case-ih-pompe-hydraulique-0510565395-1055-1056-955-956\/","url":"https:\/\/edel.fr\/produit\/case-ih-pompe-hydraulique-0510565395-1055-1056-955-956\/","name":"Case Ih Pompe Hydraulique Tracteur 0510565395, 1055 1056 955... - Edel","isPartOf":{"@id":"https:\/\/www.edel.fr\/en\/#website"},"primaryImageOfPage":{"@id":"https:\/\/edel.fr\/produit\/case-ih-pompe-hydraulique-0510565395-1055-1056-955-956\/#primaryimage"},"image":{"@id":"https:\/\/edel.fr\/produit\/case-ih-pompe-hydraulique-0510565395-1055-1056-955-956\/#primaryimage"},"thumbnailUrl":"https:\/\/edel.fr\/uploads\/2020\/10\/pompe-565395.jpg","datePublished":"2020-10-29T13:13:01+00:00","dateModified":"2025-11-05T20:07:44+00:00","description":"Case Ih Pompe Hydraulique Tracteur - 1055 1056 955 956 - 0510.565.321 0510.565.330 0510.565.361 0510.565.362 0510.565.363 3222.932.R.93 - Bosch - Double","breadcrumb":{"@id":"https:\/\/edel.fr\/produit\/case-ih-pompe-hydraulique-0510565395-1055-1056-955-956\/#breadcrumb"},"inLanguage":"en-US","potentialAction":[{"@type":"ReadAction","target":["https:\/\/edel.fr\/produit\/case-ih-pompe-hydraulique-0510565395-1055-1056-955-956\/"]}]},{"@type":"ImageObject","inLanguage":"en-US","@id":"https:\/\/edel.fr\/produit\/case-ih-pompe-hydraulique-0510565395-1055-1056-955-956\/#primaryimage","url":"https:\/\/edel.fr\/uploads\/2020\/10\/pompe-565395.jpg","contentUrl":"https:\/\/edel.fr\/uploads\/2020\/10\/pompe-565395.jpg","width":1512,"height":1334,"caption":"Case Ih Pompe Hydraulique - 0510565395 - 1055 1056 955 956"},{"@type":"BreadcrumbList","@id":"https:\/\/edel.fr\/produit\/case-ih-pompe-hydraulique-0510565395-1055-1056-955-956\/#breadcrumb","itemListElement":[{"@type":"ListItem","position":1,"name":"Pi\u00e8ce Tracteur","item":"https:\/\/www.edel.fr\/en\/"},{"@type":"ListItem","position":2,"name":"Toutes nos pi\u00e8ces Tracteur","item":"https:\/\/edel.fr\/shop\/"},{"@type":"ListItem","position":3,"name":"Case Ih Pompe Hydraulique Tracteur : 0510565395 &#8211; 1055 1056 955 956"}]},{"@type":"WebSite","@id":"https:\/\/www.edel.fr\/en\/#website","url":"https:\/\/www.edel.fr\/en\/","name":"Edel","description":"Pi\u00e8ce d\u00e9tach\u00e9e de Tracteur Agricole","publisher":{"@id":"https:\/\/www.edel.fr\/en\/#organization"},"potentialAction":[{"@type":"SearchAction","target":{"@type":"EntryPoint","urlTemplate":"https:\/\/www.edel.fr\/en\/?s={search_term_string}"},"query-input":{"@type":"PropertyValueSpecification","valueRequired":true,"valueName":"search_term_string"}}],"inLanguage":"en-US"},{"@type":"Organization","@id":"https:\/\/www.edel.fr\/en\/#organization","name":"Edel","url":"https:\/\/www.edel.fr\/en\/","logo":{"@type":"ImageObject","inLanguage":"en-US","@id":"https:\/\/www.edel.fr\/en\/#\/schema\/logo\/image\/","url":"https:\/\/www.edel.fr\/uploads\/2018\/11\/logo-edel.png","contentUrl":"https:\/\/www.edel.fr\/uploads\/2018\/11\/logo-edel.png","width":257,"height":68,"caption":"Edel"},"image":{"@id":"https:\/\/www.edel.fr\/en\/#\/schema\/logo\/image\/"}}]}},"_links":{"self":[{"href":"https:\/\/edel.fr\/en\/wp-json\/wp\/v2\/product\/7887","targetHints":{"allow":["GET"]}}],"collection":[{"href":"https:\/\/edel.fr\/en\/wp-json\/wp\/v2\/product"}],"about":[{"href":"https:\/\/edel.fr\/en\/wp-json\/wp\/v2\/types\/product"}],"version-history":[{"count":2,"href":"https:\/\/edel.fr\/en\/wp-json\/wp\/v2\/product\/7887\/revisions"}],"predecessor-version":[{"id":13587,"href":"https:\/\/edel.fr\/en\/wp-json\/wp\/v2\/product\/7887\/revisions\/13587"}],"wp:featuredmedia":[{"embeddable":true,"href":"https:\/\/edel.fr\/en\/wp-json\/wp\/v2\/media\/7888"}],"wp:attachment":[{"href":"https:\/\/edel.fr\/en\/wp-json\/wp\/v2\/media?parent=7887"}],"wp:term":[{"taxonomy":"product_brand","embeddable":true,"href":"https:\/\/edel.fr\/en\/wp-json\/wp\/v2\/product_brand?post=7887"},{"taxonomy":"product_cat","embeddable":true,"href":"https:\/\/edel.fr\/en\/wp-json\/wp\/v2\/product_cat?post=7887"},{"taxonomy":"product_tag","embeddable":true,"href":"https:\/\/edel.fr\/en\/wp-json\/wp\/v2\/product_tag?post=7887"},{"taxonomy":"tracteur","embeddable":true,"href":"https:\/\/edel.fr\/en\/wp-json\/wp\/v2\/tracteur?post=7887"}],"curies":[{"name":"wp","href":"https:\/\/api.w.org\/{rel}","templated":true}]}}