{"id":8038,"date":"2020-11-03T13:47:22","date_gmt":"2020-11-03T12:47:22","guid":{"rendered":"https:\/\/www.edel.fr\/?post_type=product&#038;p=8038"},"modified":"2026-04-01T21:58:59","modified_gmt":"2026-04-01T19:58:59","slug":"pochette-rodage-4-cylindres-case-ih-d206-d246-d268-d239-dt239","status":"publish","type":"product","link":"https:\/\/edel.fr\/en\/product\/pochette-rodage-4-cylindres-case-ih-d206-d246-d268-d239-dt239\/","title":{"rendered":"Pochette rodage origine OEM Moteur Case IH D206 D246 D268 D239 DT239 Tracteur agricole"},"content":{"rendered":"<div data-elementor-type=\"wp-post\" data-elementor-id=\"8038\" class=\"elementor elementor-8038\">\n\t\t\t\t\t\t<section class=\"elementor-section elementor-top-section elementor-element elementor-element-1cb6836c elementor-section-boxed elementor-section-height-default elementor-section-height-default\" data-id=\"1cb6836c\" data-element_type=\"section\" data-e-type=\"section\">\n\t\t\t\t\t\t<div class=\"elementor-container elementor-column-gap-default\">\n\t\t\t\t\t<div class=\"elementor-column elementor-col-100 elementor-top-column elementor-element elementor-element-4cf873b2\" data-id=\"4cf873b2\" data-element_type=\"column\" data-e-type=\"column\">\n\t\t\t<div class=\"elementor-widget-wrap elementor-element-populated\">\n\t\t\t\t\t\t<div class=\"elementor-element elementor-element-ba2ff11 elementor-widget elementor-widget-heading\" data-id=\"ba2ff11\" data-element_type=\"widget\" data-e-type=\"widget\" data-widget_type=\"heading.default\">\n\t\t\t\t<div class=\"elementor-widget-container\">\n\t\t\t\t\t<h2 class=\"elementor-heading-title elementor-size-default\">POCHETTE RODAGE 4 CYLINDRES CASE IH IHC <\/h2>\t\t\t\t<\/div>\n\t\t\t\t<\/div>\n\t\t\t\t<div class=\"elementor-element elementor-element-8c8fb6b elementor-widget elementor-widget-heading\" data-id=\"8c8fb6b\" data-element_type=\"widget\" data-e-type=\"widget\" data-widget_type=\"heading.default\">\n\t\t\t\t<div class=\"elementor-widget-container\">\n\t\t\t\t\t<h3 class=\"elementor-heading-title elementor-size-default\">Information du produit :<\/h3>\t\t\t\t<\/div>\n\t\t\t\t<\/div>\n\t\t\t\t\t<\/div>\n\t\t<\/div>\n\t\t\t\t\t<\/div>\n\t\t<\/section>\n\t\t\t\t<section class=\"elementor-section elementor-top-section elementor-element elementor-element-290ca7d1 elementor-section-boxed elementor-section-height-default elementor-section-height-default\" data-id=\"290ca7d1\" data-element_type=\"section\" data-e-type=\"section\">\n\t\t\t\t\t\t<div class=\"elementor-container elementor-column-gap-default\">\n\t\t\t\t\t<div class=\"elementor-column elementor-col-100 elementor-top-column elementor-element elementor-element-773f35b7\" data-id=\"773f35b7\" data-element_type=\"column\" data-e-type=\"column\">\n\t\t\t<div class=\"elementor-widget-wrap elementor-element-populated\">\n\t\t\t\t\t\t<div class=\"elementor-element elementor-element-7774c225 elementor-widget elementor-widget-text-editor\" data-id=\"7774c225\" data-element_type=\"widget\" data-e-type=\"widget\" data-widget_type=\"text-editor.default\">\n\t\t\t\t<div class=\"elementor-widget-container\">\n\t\t\t\t\t\t\t\t\t<div>Pochette joints pour haut moteur.<\/div><div>Qualit\u00e9 origine Germany. Marque Goetze ou Elring.<\/div><div>\u00a0<\/div><p>Type : 554, 624, 644, 645, 654, 724, 733, 734, 743, 744.<br \/>\u00a0 \u00a0 \u00a0 \u00a0 \u00a0 \u00a0 745, 785, 795, 824, 833, 834, 844, 845, 856 XL.<\/p><div><div>\u00a0<\/div><\/div>\t\t\t\t\t\t\t\t<\/div>\n\t\t\t\t<\/div>\n\t\t\t\t\t<\/div>\n\t\t<\/div>\n\t\t\t\t\t<\/div>\n\t\t<\/section>\n\t\t\t\t<\/div>","protected":false},"excerpt":{"rendered":"<p>POCHETTE RODAGE 4 CYLINDRES CASE IH IHC Information du produit : Pochette joints pour haut moteur.Qualit\u00e9 origine Germany. Marque Goetze ou Elring. Type : 554, 624, 644, 645, 654, 724, 733, 734, 743, 744. 745, 785, 795, 824, 833, 834, 844, 845, 856 XL.<\/p>","protected":false},"featured_media":8039,"template":"","meta":[],"product_brand":[],"product_cat":[153,207,119],"product_tag":[],"tracteur":[],"class_list":{"0":"post-8038","1":"product","2":"type-product","3":"status-publish","4":"has-post-thumbnail","6":"product_cat-pieces-moteur","7":"product_cat-pochettes-joints-rodage","8":"product_cat-tracteurs-agricoles","9":"product_shipping_class-142","10":"pa_fabriquant-elring","11":"pa_fabriquant-goetze","12":"pa_marque-moteur-moteur-case-ih","13":"pa_qualite-origine","14":"pa_type-moteur-d206","15":"pa_type-moteur-d239","16":"pa_type-moteur-dt239","17":"badges-style-2","19":"first","20":"instock","21":"taxable","22":"shipping-taxable","23":"purchasable","24":"product-type-simple"},"acf":[],"yoast_head":"<!-- This site is optimized with the Yoast SEO plugin v27.3 - https:\/\/yoast.com\/product\/yoast-seo-wordpress\/ -->\n<title>Pochette Rodage 4 Cylindres Case IH - D206 D246 D268 D239 DT239 - Edel<\/title>\n<meta name=\"description\" content=\"Pochette Rodage 4 Cylindres IH - D206 D246 D268 D239 DT239 - 554 624 644 645 654 724 733 734 743 744 745 785 795 824 833 834 844 845 856 XL\" \/>\n<meta name=\"robots\" content=\"index, follow, max-snippet:-1, max-image-preview:large, max-video-preview:-1\" \/>\n<link rel=\"canonical\" href=\"https:\/\/edel.fr\/en\/product\/pochette-rodage-4-cylindres-case-ih-d206-d246-d268-d239-dt239\/\" \/>\n<meta property=\"og:locale\" content=\"en_US\" \/>\n<meta property=\"og:type\" content=\"article\" \/>\n<meta property=\"og:title\" content=\"Pochette Rodage 4 Cylindres Case IH - D206 D246 D268 D239 DT239 - Edel\" \/>\n<meta property=\"og:description\" content=\"Pochette Rodage 4 Cylindres IH - D206 D246 D268 D239 DT239 - 554 624 644 645 654 724 733 734 743 744 745 785 795 824 833 834 844 845 856 XL\" \/>\n<meta property=\"og:url\" content=\"https:\/\/edel.fr\/en\/product\/pochette-rodage-4-cylindres-case-ih-d206-d246-d268-d239-dt239\/\" \/>\n<meta property=\"og:site_name\" content=\"Edel\" \/>\n<meta property=\"article:modified_time\" content=\"2026-04-01T19:58:59+00:00\" \/>\n<meta property=\"og:image\" content=\"https:\/\/edel.fr\/uploads\/2020\/11\/pochette-rodage-4cyl.jpg\" \/>\n\t<meta property=\"og:image:width\" content=\"1920\" \/>\n\t<meta property=\"og:image:height\" content=\"1222\" \/>\n\t<meta property=\"og:image:type\" content=\"image\/jpeg\" \/>\n<meta name=\"twitter:card\" content=\"summary_large_image\" \/>\n<meta name=\"twitter:label1\" content=\"Est. reading time\" \/>\n\t<meta name=\"twitter:data1\" content=\"1 minute\" \/>\n<script type=\"application\/ld+json\" class=\"yoast-schema-graph\">{\"@context\":\"https:\\\/\\\/schema.org\",\"@graph\":[{\"@type\":\"WebPage\",\"@id\":\"https:\\\/\\\/edel.fr\\\/produit\\\/pochette-rodage-4-cylindres-case-ih-d206-d246-d268-d239-dt239\\\/\",\"url\":\"https:\\\/\\\/edel.fr\\\/produit\\\/pochette-rodage-4-cylindres-case-ih-d206-d246-d268-d239-dt239\\\/\",\"name\":\"Pochette Rodage 4 Cylindres Case IH - D206 D246 D268 D239 DT239 - Edel\",\"isPartOf\":{\"@id\":\"http:\\\/\\\/www.edel.fr\\\/en\\\/#website\"},\"primaryImageOfPage\":{\"@id\":\"https:\\\/\\\/edel.fr\\\/produit\\\/pochette-rodage-4-cylindres-case-ih-d206-d246-d268-d239-dt239\\\/#primaryimage\"},\"image\":{\"@id\":\"https:\\\/\\\/edel.fr\\\/produit\\\/pochette-rodage-4-cylindres-case-ih-d206-d246-d268-d239-dt239\\\/#primaryimage\"},\"thumbnailUrl\":\"https:\\\/\\\/edel.fr\\\/uploads\\\/2020\\\/11\\\/pochette-rodage-4cyl.jpg\",\"datePublished\":\"2020-11-03T12:47:22+00:00\",\"dateModified\":\"2026-04-01T19:58:59+00:00\",\"description\":\"Pochette Rodage 4 Cylindres IH - D206 D246 D268 D239 DT239 - 554 624 644 645 654 724 733 734 743 744 745 785 795 824 833 834 844 845 856 XL\",\"breadcrumb\":{\"@id\":\"https:\\\/\\\/edel.fr\\\/produit\\\/pochette-rodage-4-cylindres-case-ih-d206-d246-d268-d239-dt239\\\/#breadcrumb\"},\"inLanguage\":\"en-US\",\"potentialAction\":[{\"@type\":\"ReadAction\",\"target\":[\"https:\\\/\\\/edel.fr\\\/produit\\\/pochette-rodage-4-cylindres-case-ih-d206-d246-d268-d239-dt239\\\/\"]}]},{\"@type\":\"ImageObject\",\"inLanguage\":\"en-US\",\"@id\":\"https:\\\/\\\/edel.fr\\\/produit\\\/pochette-rodage-4-cylindres-case-ih-d206-d246-d268-d239-dt239\\\/#primaryimage\",\"url\":\"https:\\\/\\\/edel.fr\\\/uploads\\\/2020\\\/11\\\/pochette-rodage-4cyl.jpg\",\"contentUrl\":\"https:\\\/\\\/edel.fr\\\/uploads\\\/2020\\\/11\\\/pochette-rodage-4cyl.jpg\",\"width\":1920,\"height\":1222,\"caption\":\"res\"},{\"@type\":\"BreadcrumbList\",\"@id\":\"https:\\\/\\\/edel.fr\\\/produit\\\/pochette-rodage-4-cylindres-case-ih-d206-d246-d268-d239-dt239\\\/#breadcrumb\",\"itemListElement\":[{\"@type\":\"ListItem\",\"position\":1,\"name\":\"Pi\u00e8ce Tracteur\",\"item\":\"http:\\\/\\\/www.edel.fr\\\/en\\\/\"},{\"@type\":\"ListItem\",\"position\":2,\"name\":\"Toutes nos pi\u00e8ces Tracteur\",\"item\":\"https:\\\/\\\/edel.fr\\\/shop\\\/\"},{\"@type\":\"ListItem\",\"position\":3,\"name\":\"Pochette rodage origine OEM Moteur Case IH D206 D246 D268 D239 DT239 Tracteur agricole\"}]},{\"@type\":\"WebSite\",\"@id\":\"http:\\\/\\\/www.edel.fr\\\/en\\\/#website\",\"url\":\"http:\\\/\\\/www.edel.fr\\\/en\\\/\",\"name\":\"Edel\",\"description\":\"Pi\u00e8ce d\u00e9tach\u00e9e de Tracteur Agricole\",\"publisher\":{\"@id\":\"http:\\\/\\\/www.edel.fr\\\/en\\\/#organization\"},\"potentialAction\":[{\"@type\":\"SearchAction\",\"target\":{\"@type\":\"EntryPoint\",\"urlTemplate\":\"http:\\\/\\\/www.edel.fr\\\/en\\\/?s={search_term_string}\"},\"query-input\":{\"@type\":\"PropertyValueSpecification\",\"valueRequired\":true,\"valueName\":\"search_term_string\"}}],\"inLanguage\":\"en-US\"},{\"@type\":\"Organization\",\"@id\":\"http:\\\/\\\/www.edel.fr\\\/en\\\/#organization\",\"name\":\"Edel\",\"url\":\"http:\\\/\\\/www.edel.fr\\\/en\\\/\",\"logo\":{\"@type\":\"ImageObject\",\"inLanguage\":\"en-US\",\"@id\":\"http:\\\/\\\/www.edel.fr\\\/en\\\/#\\\/schema\\\/logo\\\/image\\\/\",\"url\":\"https:\\\/\\\/www.edel.fr\\\/uploads\\\/2018\\\/11\\\/logo-edel.png\",\"contentUrl\":\"https:\\\/\\\/www.edel.fr\\\/uploads\\\/2018\\\/11\\\/logo-edel.png\",\"width\":257,\"height\":68,\"caption\":\"Edel\"},\"image\":{\"@id\":\"http:\\\/\\\/www.edel.fr\\\/en\\\/#\\\/schema\\\/logo\\\/image\\\/\"}}]}<\/script>\n<!-- \/ Yoast SEO plugin. -->","yoast_head_json":{"title":"Pochette Rodage 4 Cylindres Case IH - D206 D246 D268 D239 DT239 - Edel","description":"Pochette Rodage 4 Cylindres IH - D206 D246 D268 D239 DT239 - 554 624 644 645 654 724 733 734 743 744 745 785 795 824 833 834 844 845 856 XL","robots":{"index":"index","follow":"follow","max-snippet":"max-snippet:-1","max-image-preview":"max-image-preview:large","max-video-preview":"max-video-preview:-1"},"canonical":"https:\/\/edel.fr\/en\/product\/pochette-rodage-4-cylindres-case-ih-d206-d246-d268-d239-dt239\/","og_locale":"en_US","og_type":"article","og_title":"Pochette Rodage 4 Cylindres Case IH - D206 D246 D268 D239 DT239 - Edel","og_description":"Pochette Rodage 4 Cylindres IH - D206 D246 D268 D239 DT239 - 554 624 644 645 654 724 733 734 743 744 745 785 795 824 833 834 844 845 856 XL","og_url":"https:\/\/edel.fr\/en\/product\/pochette-rodage-4-cylindres-case-ih-d206-d246-d268-d239-dt239\/","og_site_name":"Edel","article_modified_time":"2026-04-01T19:58:59+00:00","og_image":[{"width":1920,"height":1222,"url":"https:\/\/edel.fr\/uploads\/2020\/11\/pochette-rodage-4cyl.jpg","type":"image\/jpeg"}],"twitter_card":"summary_large_image","twitter_misc":{"Est. reading time":"1 minute"},"schema":{"@context":"https:\/\/schema.org","@graph":[{"@type":"WebPage","@id":"https:\/\/edel.fr\/produit\/pochette-rodage-4-cylindres-case-ih-d206-d246-d268-d239-dt239\/","url":"https:\/\/edel.fr\/produit\/pochette-rodage-4-cylindres-case-ih-d206-d246-d268-d239-dt239\/","name":"Pochette Rodage 4 Cylindres Case IH - D206 D246 D268 D239 DT239 - Edel","isPartOf":{"@id":"http:\/\/www.edel.fr\/en\/#website"},"primaryImageOfPage":{"@id":"https:\/\/edel.fr\/produit\/pochette-rodage-4-cylindres-case-ih-d206-d246-d268-d239-dt239\/#primaryimage"},"image":{"@id":"https:\/\/edel.fr\/produit\/pochette-rodage-4-cylindres-case-ih-d206-d246-d268-d239-dt239\/#primaryimage"},"thumbnailUrl":"https:\/\/edel.fr\/uploads\/2020\/11\/pochette-rodage-4cyl.jpg","datePublished":"2020-11-03T12:47:22+00:00","dateModified":"2026-04-01T19:58:59+00:00","description":"Pochette Rodage 4 Cylindres IH - D206 D246 D268 D239 DT239 - 554 624 644 645 654 724 733 734 743 744 745 785 795 824 833 834 844 845 856 XL","breadcrumb":{"@id":"https:\/\/edel.fr\/produit\/pochette-rodage-4-cylindres-case-ih-d206-d246-d268-d239-dt239\/#breadcrumb"},"inLanguage":"en-US","potentialAction":[{"@type":"ReadAction","target":["https:\/\/edel.fr\/produit\/pochette-rodage-4-cylindres-case-ih-d206-d246-d268-d239-dt239\/"]}]},{"@type":"ImageObject","inLanguage":"en-US","@id":"https:\/\/edel.fr\/produit\/pochette-rodage-4-cylindres-case-ih-d206-d246-d268-d239-dt239\/#primaryimage","url":"https:\/\/edel.fr\/uploads\/2020\/11\/pochette-rodage-4cyl.jpg","contentUrl":"https:\/\/edel.fr\/uploads\/2020\/11\/pochette-rodage-4cyl.jpg","width":1920,"height":1222,"caption":"res"},{"@type":"BreadcrumbList","@id":"https:\/\/edel.fr\/produit\/pochette-rodage-4-cylindres-case-ih-d206-d246-d268-d239-dt239\/#breadcrumb","itemListElement":[{"@type":"ListItem","position":1,"name":"Pi\u00e8ce Tracteur","item":"http:\/\/www.edel.fr\/en\/"},{"@type":"ListItem","position":2,"name":"Toutes nos pi\u00e8ces Tracteur","item":"https:\/\/edel.fr\/shop\/"},{"@type":"ListItem","position":3,"name":"Pochette rodage origine OEM Moteur Case IH D206 D246 D268 D239 DT239 Tracteur agricole"}]},{"@type":"WebSite","@id":"http:\/\/www.edel.fr\/en\/#website","url":"http:\/\/www.edel.fr\/en\/","name":"Edel","description":"Pi\u00e8ce d\u00e9tach\u00e9e de Tracteur Agricole","publisher":{"@id":"http:\/\/www.edel.fr\/en\/#organization"},"potentialAction":[{"@type":"SearchAction","target":{"@type":"EntryPoint","urlTemplate":"http:\/\/www.edel.fr\/en\/?s={search_term_string}"},"query-input":{"@type":"PropertyValueSpecification","valueRequired":true,"valueName":"search_term_string"}}],"inLanguage":"en-US"},{"@type":"Organization","@id":"http:\/\/www.edel.fr\/en\/#organization","name":"Edel","url":"http:\/\/www.edel.fr\/en\/","logo":{"@type":"ImageObject","inLanguage":"en-US","@id":"http:\/\/www.edel.fr\/en\/#\/schema\/logo\/image\/","url":"https:\/\/www.edel.fr\/uploads\/2018\/11\/logo-edel.png","contentUrl":"https:\/\/www.edel.fr\/uploads\/2018\/11\/logo-edel.png","width":257,"height":68,"caption":"Edel"},"image":{"@id":"http:\/\/www.edel.fr\/en\/#\/schema\/logo\/image\/"}}]}},"_links":{"self":[{"href":"https:\/\/edel.fr\/en\/wp-json\/wp\/v2\/product\/8038","targetHints":{"allow":["GET"]}}],"collection":[{"href":"https:\/\/edel.fr\/en\/wp-json\/wp\/v2\/product"}],"about":[{"href":"https:\/\/edel.fr\/en\/wp-json\/wp\/v2\/types\/product"}],"version-history":[{"count":2,"href":"https:\/\/edel.fr\/en\/wp-json\/wp\/v2\/product\/8038\/revisions"}],"predecessor-version":[{"id":20125,"href":"https:\/\/edel.fr\/en\/wp-json\/wp\/v2\/product\/8038\/revisions\/20125"}],"wp:featuredmedia":[{"embeddable":true,"href":"https:\/\/edel.fr\/en\/wp-json\/wp\/v2\/media\/8039"}],"wp:attachment":[{"href":"https:\/\/edel.fr\/en\/wp-json\/wp\/v2\/media?parent=8038"}],"wp:term":[{"taxonomy":"product_brand","embeddable":true,"href":"https:\/\/edel.fr\/en\/wp-json\/wp\/v2\/product_brand?post=8038"},{"taxonomy":"product_cat","embeddable":true,"href":"https:\/\/edel.fr\/en\/wp-json\/wp\/v2\/product_cat?post=8038"},{"taxonomy":"product_tag","embeddable":true,"href":"https:\/\/edel.fr\/en\/wp-json\/wp\/v2\/product_tag?post=8038"},{"taxonomy":"tracteur","embeddable":true,"href":"https:\/\/edel.fr\/en\/wp-json\/wp\/v2\/tracteur?post=8038"}],"curies":[{"name":"wp","href":"https:\/\/api.w.org\/{rel}","templated":true}]}}