{"id":8150,"date":"2020-11-04T16:15:44","date_gmt":"2020-11-04T15:15:44","guid":{"rendered":"https:\/\/www.edel.fr\/?post_type=product&#038;p=8150"},"modified":"2026-04-01T03:00:08","modified_gmt":"2026-04-01T01:00:08","slug":"pompe-a-huile-case-ih-6-cylindres-d-358-955-1055-956-1056","status":"publish","type":"product","link":"https:\/\/edel.fr\/en\/product\/pompe-a-huile-case-ih-6-cylindres-d-358-955-1055-956-1056\/","title":{"rendered":"Pompe \u00e0 huile Case IH 6 Cylindres &#8211; D 358 | 955 1055 956 1056"},"content":{"rendered":"<div data-elementor-type=\"wp-post\" data-elementor-id=\"8150\" class=\"elementor elementor-8150\">\n\t\t\t\t\t\t<section class=\"elementor-section elementor-top-section elementor-element elementor-element-1911ab4e elementor-section-boxed elementor-section-height-default elementor-section-height-default\" data-id=\"1911ab4e\" data-element_type=\"section\" data-e-type=\"section\">\n\t\t\t\t\t\t<div class=\"elementor-container elementor-column-gap-default\">\n\t\t\t\t\t<div class=\"elementor-column elementor-col-100 elementor-top-column elementor-element elementor-element-4bc9af2f\" data-id=\"4bc9af2f\" data-element_type=\"column\" data-e-type=\"column\">\n\t\t\t<div class=\"elementor-widget-wrap elementor-element-populated\">\n\t\t\t\t\t\t<div class=\"elementor-element elementor-element-7f9fa00f elementor-widget elementor-widget-heading\" data-id=\"7f9fa00f\" data-element_type=\"widget\" data-e-type=\"widget\" data-widget_type=\"heading.default\">\n\t\t\t\t<div class=\"elementor-widget-container\">\n\t\t\t\t\t<h2 class=\"elementor-heading-title elementor-size-default\">Pompe \u00e0 huile Case IH 6 Cylindres - D 358 - Tracteur<\/h2>\t\t\t\t<\/div>\n\t\t\t\t<\/div>\n\t\t\t\t<div class=\"elementor-element elementor-element-77a9a009 elementor-widget elementor-widget-heading\" data-id=\"77a9a009\" data-element_type=\"widget\" data-e-type=\"widget\" data-widget_type=\"heading.default\">\n\t\t\t\t<div class=\"elementor-widget-container\">\n\t\t\t\t\t<h3 class=\"elementor-heading-title elementor-size-default\">Information du produit :<\/h3>\t\t\t\t<\/div>\n\t\t\t\t<\/div>\n\t\t\t\t\t<\/div>\n\t\t<\/div>\n\t\t\t\t\t<\/div>\n\t\t<\/section>\n\t\t\t\t<section class=\"elementor-section elementor-top-section elementor-element elementor-element-290ca7d1 elementor-section-boxed elementor-section-height-default elementor-section-height-default\" data-id=\"290ca7d1\" data-element_type=\"section\" data-e-type=\"section\">\n\t\t\t\t\t\t<div class=\"elementor-container elementor-column-gap-default\">\n\t\t\t\t\t<div class=\"elementor-column elementor-col-100 elementor-top-column elementor-element elementor-element-773f35b7\" data-id=\"773f35b7\" data-element_type=\"column\" data-e-type=\"column\">\n\t\t\t<div class=\"elementor-widget-wrap elementor-element-populated\">\n\t\t\t\t\t\t<div class=\"elementor-element elementor-element-7774c225 elementor-widget elementor-widget-text-editor\" data-id=\"7774c225\" data-element_type=\"widget\" data-e-type=\"widget\" data-widget_type=\"text-editor.default\">\n\t\t\t\t<div class=\"elementor-widget-container\">\n\t\t\t\t\t\t\t\t\t<div>Type : 1055, 1056, 955, 956.<\/div><div>\u00a0<\/div><div>Joints de pompe compatibles : 3x <a href=\"https:\/\/edel.fr\/en\/product\/joint-pompe-a-huile-moteur-case-ih-tracteur-agricole\/\">01M3228577R91\u00a0<\/a><\/div><div>\u00a0<\/div><div><strong>\u00a0*** Pas compatible pour moteur TURBO ***\u00a0<\/strong><\/div><div>\u00a0<\/div><div>Pompe \u00e0 huile moteur IHC 6 cylindres TURBO aussi disponible sur commande, <a href=\"https:\/\/edel.fr\/en\/contact\/\">nous consulter<\/a>.<\/div><p>\u00a0<\/p>\t\t\t\t\t\t\t\t<\/div>\n\t\t\t\t<\/div>\n\t\t\t\t\t<\/div>\n\t\t<\/div>\n\t\t\t\t\t<\/div>\n\t\t<\/section>\n\t\t\t\t<\/div>","protected":false},"excerpt":{"rendered":"<p>Pompe \u00e0 huile Case IH 6 Cylindres &#8211; D 358 &#8211; Tracteur Information du produit : Type : 1055, 1056, 955, 956.\u00a0Joints de pompe compatibles : 3x 01M3228577R91\u00a0\u00a0\u00a0*** Pas compatible pour moteur TURBO ***\u00a0\u00a0Pompe \u00e0 huile moteur IHC 6 cylindres TURBO aussi disponible sur commande, nous consulter. \u00a0<\/p>","protected":false},"featured_media":8151,"template":"","meta":[],"product_brand":[],"product_cat":[153,210,119],"product_tag":[],"tracteur":[],"class_list":{"0":"post-8150","1":"product","2":"type-product","3":"status-publish","4":"has-post-thumbnail","6":"product_cat-pieces-moteur","7":"product_cat-pompes-a-huile","8":"product_cat-tracteurs-agricoles","9":"product_shipping_class-142","10":"pa_marque-tracteur-case-ih","11":"pa_type-2-1267","12":"pa_type-2-1163","13":"pa_type-2-1173","14":"pa_type-2-1265","15":"badges-style-2","17":"first","18":"outofstock","19":"taxable","20":"shipping-taxable","21":"purchasable","22":"product-type-simple"},"acf":[],"yoast_head":"<!-- This site is optimized with the Yoast SEO plugin v27.3 - https:\/\/yoast.com\/product\/yoast-seo-wordpress\/ -->\n<title>Pompe \u00e0 huile Case IH 6 Cylindres - D 358 | 955 1055 956 1056 - Edel<\/title>\n<meta name=\"description\" content=\"Pompe \u00e0 huile Case IH 6 Cylindres D358 - D 358 - 955 XL, 1055 XL, 956 XL, 1056 XL, 956, 1056 - Qualit\u00e9 origine - PAS COMPATIBLE POUR MOTEUR TURBO\" \/>\n<meta name=\"robots\" content=\"index, follow, max-snippet:-1, max-image-preview:large, max-video-preview:-1\" \/>\n<link rel=\"canonical\" href=\"https:\/\/www.edel.fr\/en\/product\/pompe-a-huile-case-ih-6-cylindres-d-358-955-1055-956-1056\/\" \/>\n<meta property=\"og:locale\" content=\"en_US\" \/>\n<meta property=\"og:type\" content=\"article\" \/>\n<meta property=\"og:title\" content=\"Pompe \u00e0 huile Case IH 6 Cylindres - D 358 | 955 1055 956 1056 - Edel\" \/>\n<meta property=\"og:description\" content=\"Pompe \u00e0 huile Case IH 6 Cylindres D358 - D 358 - 955 XL, 1055 XL, 956 XL, 1056 XL, 956, 1056 - Qualit\u00e9 origine - PAS COMPATIBLE POUR MOTEUR TURBO\" \/>\n<meta property=\"og:url\" content=\"https:\/\/www.edel.fr\/en\/product\/pompe-a-huile-case-ih-6-cylindres-d-358-955-1055-956-1056\/\" \/>\n<meta property=\"og:site_name\" content=\"Edel\" \/>\n<meta property=\"article:modified_time\" content=\"2026-04-01T01:00:08+00:00\" \/>\n<meta property=\"og:image\" content=\"https:\/\/www.edel.fr\/uploads\/2020\/11\/pompe-huile-01M3136433.jpg\" \/>\n\t<meta property=\"og:image:width\" content=\"1512\" \/>\n\t<meta property=\"og:image:height\" content=\"1345\" \/>\n\t<meta property=\"og:image:type\" content=\"image\/jpeg\" \/>\n<meta name=\"twitter:card\" content=\"summary_large_image\" \/>\n<meta name=\"twitter:label1\" content=\"Est. reading time\" \/>\n\t<meta name=\"twitter:data1\" content=\"1 minute\" \/>\n<script type=\"application\/ld+json\" class=\"yoast-schema-graph\">{\"@context\":\"https:\\\/\\\/schema.org\",\"@graph\":[{\"@type\":\"WebPage\",\"@id\":\"https:\\\/\\\/www.edel.fr\\\/en\\\/product\\\/pompe-a-huile-case-ih-6-cylindres-d-358-955-1055-956-1056\\\/\",\"url\":\"https:\\\/\\\/www.edel.fr\\\/en\\\/product\\\/pompe-a-huile-case-ih-6-cylindres-d-358-955-1055-956-1056\\\/\",\"name\":\"Pompe \u00e0 huile Case IH 6 Cylindres - D 358 | 955 1055 956 1056 - Edel\",\"isPartOf\":{\"@id\":\"http:\\\/\\\/www.edel.fr\\\/en\\\/#website\"},\"primaryImageOfPage\":{\"@id\":\"https:\\\/\\\/www.edel.fr\\\/en\\\/product\\\/pompe-a-huile-case-ih-6-cylindres-d-358-955-1055-956-1056\\\/#primaryimage\"},\"image\":{\"@id\":\"https:\\\/\\\/www.edel.fr\\\/en\\\/product\\\/pompe-a-huile-case-ih-6-cylindres-d-358-955-1055-956-1056\\\/#primaryimage\"},\"thumbnailUrl\":\"https:\\\/\\\/edel.fr\\\/uploads\\\/2020\\\/11\\\/pompe-huile-01M3136433.jpg\",\"datePublished\":\"2020-11-04T15:15:44+00:00\",\"dateModified\":\"2026-04-01T01:00:08+00:00\",\"description\":\"Pompe \u00e0 huile Case IH 6 Cylindres D358 - D 358 - 955 XL, 1055 XL, 956 XL, 1056 XL, 956, 1056 - Qualit\u00e9 origine - PAS COMPATIBLE POUR MOTEUR TURBO\",\"breadcrumb\":{\"@id\":\"https:\\\/\\\/www.edel.fr\\\/en\\\/product\\\/pompe-a-huile-case-ih-6-cylindres-d-358-955-1055-956-1056\\\/#breadcrumb\"},\"inLanguage\":\"en-US\",\"potentialAction\":[{\"@type\":\"ReadAction\",\"target\":[\"https:\\\/\\\/www.edel.fr\\\/en\\\/product\\\/pompe-a-huile-case-ih-6-cylindres-d-358-955-1055-956-1056\\\/\"]}]},{\"@type\":\"ImageObject\",\"inLanguage\":\"en-US\",\"@id\":\"https:\\\/\\\/www.edel.fr\\\/en\\\/product\\\/pompe-a-huile-case-ih-6-cylindres-d-358-955-1055-956-1056\\\/#primaryimage\",\"url\":\"https:\\\/\\\/edel.fr\\\/uploads\\\/2020\\\/11\\\/pompe-huile-01M3136433.jpg\",\"contentUrl\":\"https:\\\/\\\/edel.fr\\\/uploads\\\/2020\\\/11\\\/pompe-huile-01M3136433.jpg\",\"width\":1512,\"height\":1345,\"caption\":\"Pompe \u00e0 huile Case IH 6 Cylindres\"},{\"@type\":\"BreadcrumbList\",\"@id\":\"https:\\\/\\\/www.edel.fr\\\/en\\\/product\\\/pompe-a-huile-case-ih-6-cylindres-d-358-955-1055-956-1056\\\/#breadcrumb\",\"itemListElement\":[{\"@type\":\"ListItem\",\"position\":1,\"name\":\"Pi\u00e8ce Tracteur\",\"item\":\"http:\\\/\\\/www.edel.fr\\\/en\\\/\"},{\"@type\":\"ListItem\",\"position\":2,\"name\":\"Toutes nos pi\u00e8ces Tracteur\",\"item\":\"https:\\\/\\\/edel.fr\\\/shop\\\/\"},{\"@type\":\"ListItem\",\"position\":3,\"name\":\"Pompe \u00e0 huile Case IH 6 Cylindres &#8211; D 358 | 955 1055 956 1056\"}]},{\"@type\":\"WebSite\",\"@id\":\"http:\\\/\\\/www.edel.fr\\\/en\\\/#website\",\"url\":\"http:\\\/\\\/www.edel.fr\\\/en\\\/\",\"name\":\"Edel\",\"description\":\"Pi\u00e8ce d\u00e9tach\u00e9e de Tracteur Agricole\",\"publisher\":{\"@id\":\"http:\\\/\\\/www.edel.fr\\\/en\\\/#organization\"},\"potentialAction\":[{\"@type\":\"SearchAction\",\"target\":{\"@type\":\"EntryPoint\",\"urlTemplate\":\"http:\\\/\\\/www.edel.fr\\\/en\\\/?s={search_term_string}\"},\"query-input\":{\"@type\":\"PropertyValueSpecification\",\"valueRequired\":true,\"valueName\":\"search_term_string\"}}],\"inLanguage\":\"en-US\"},{\"@type\":\"Organization\",\"@id\":\"http:\\\/\\\/www.edel.fr\\\/en\\\/#organization\",\"name\":\"Edel\",\"url\":\"http:\\\/\\\/www.edel.fr\\\/en\\\/\",\"logo\":{\"@type\":\"ImageObject\",\"inLanguage\":\"en-US\",\"@id\":\"http:\\\/\\\/www.edel.fr\\\/en\\\/#\\\/schema\\\/logo\\\/image\\\/\",\"url\":\"https:\\\/\\\/www.edel.fr\\\/uploads\\\/2018\\\/11\\\/logo-edel.png\",\"contentUrl\":\"https:\\\/\\\/www.edel.fr\\\/uploads\\\/2018\\\/11\\\/logo-edel.png\",\"width\":257,\"height\":68,\"caption\":\"Edel\"},\"image\":{\"@id\":\"http:\\\/\\\/www.edel.fr\\\/en\\\/#\\\/schema\\\/logo\\\/image\\\/\"}}]}<\/script>\n<!-- \/ Yoast SEO plugin. -->","yoast_head_json":{"title":"Pompe \u00e0 huile Case IH 6 Cylindres - D 358 | 955 1055 956 1056 - Edel","description":"Pompe \u00e0 huile Case IH 6 Cylindres D358 - D 358 - 955 XL, 1055 XL, 956 XL, 1056 XL, 956, 1056 - Qualit\u00e9 origine - PAS COMPATIBLE POUR MOTEUR TURBO","robots":{"index":"index","follow":"follow","max-snippet":"max-snippet:-1","max-image-preview":"max-image-preview:large","max-video-preview":"max-video-preview:-1"},"canonical":"https:\/\/www.edel.fr\/en\/product\/pompe-a-huile-case-ih-6-cylindres-d-358-955-1055-956-1056\/","og_locale":"en_US","og_type":"article","og_title":"Pompe \u00e0 huile Case IH 6 Cylindres - D 358 | 955 1055 956 1056 - Edel","og_description":"Pompe \u00e0 huile Case IH 6 Cylindres D358 - D 358 - 955 XL, 1055 XL, 956 XL, 1056 XL, 956, 1056 - Qualit\u00e9 origine - PAS COMPATIBLE POUR MOTEUR TURBO","og_url":"https:\/\/www.edel.fr\/en\/product\/pompe-a-huile-case-ih-6-cylindres-d-358-955-1055-956-1056\/","og_site_name":"Edel","article_modified_time":"2026-04-01T01:00:08+00:00","og_image":[{"width":1512,"height":1345,"url":"https:\/\/www.edel.fr\/uploads\/2020\/11\/pompe-huile-01M3136433.jpg","type":"image\/jpeg"}],"twitter_card":"summary_large_image","twitter_misc":{"Est. reading time":"1 minute"},"schema":{"@context":"https:\/\/schema.org","@graph":[{"@type":"WebPage","@id":"https:\/\/www.edel.fr\/en\/product\/pompe-a-huile-case-ih-6-cylindres-d-358-955-1055-956-1056\/","url":"https:\/\/www.edel.fr\/en\/product\/pompe-a-huile-case-ih-6-cylindres-d-358-955-1055-956-1056\/","name":"Pompe \u00e0 huile Case IH 6 Cylindres - D 358 | 955 1055 956 1056 - Edel","isPartOf":{"@id":"http:\/\/www.edel.fr\/en\/#website"},"primaryImageOfPage":{"@id":"https:\/\/www.edel.fr\/en\/product\/pompe-a-huile-case-ih-6-cylindres-d-358-955-1055-956-1056\/#primaryimage"},"image":{"@id":"https:\/\/www.edel.fr\/en\/product\/pompe-a-huile-case-ih-6-cylindres-d-358-955-1055-956-1056\/#primaryimage"},"thumbnailUrl":"https:\/\/edel.fr\/uploads\/2020\/11\/pompe-huile-01M3136433.jpg","datePublished":"2020-11-04T15:15:44+00:00","dateModified":"2026-04-01T01:00:08+00:00","description":"Pompe \u00e0 huile Case IH 6 Cylindres D358 - D 358 - 955 XL, 1055 XL, 956 XL, 1056 XL, 956, 1056 - Qualit\u00e9 origine - PAS COMPATIBLE POUR MOTEUR TURBO","breadcrumb":{"@id":"https:\/\/www.edel.fr\/en\/product\/pompe-a-huile-case-ih-6-cylindres-d-358-955-1055-956-1056\/#breadcrumb"},"inLanguage":"en-US","potentialAction":[{"@type":"ReadAction","target":["https:\/\/www.edel.fr\/en\/product\/pompe-a-huile-case-ih-6-cylindres-d-358-955-1055-956-1056\/"]}]},{"@type":"ImageObject","inLanguage":"en-US","@id":"https:\/\/www.edel.fr\/en\/product\/pompe-a-huile-case-ih-6-cylindres-d-358-955-1055-956-1056\/#primaryimage","url":"https:\/\/edel.fr\/uploads\/2020\/11\/pompe-huile-01M3136433.jpg","contentUrl":"https:\/\/edel.fr\/uploads\/2020\/11\/pompe-huile-01M3136433.jpg","width":1512,"height":1345,"caption":"Pompe \u00e0 huile Case IH 6 Cylindres"},{"@type":"BreadcrumbList","@id":"https:\/\/www.edel.fr\/en\/product\/pompe-a-huile-case-ih-6-cylindres-d-358-955-1055-956-1056\/#breadcrumb","itemListElement":[{"@type":"ListItem","position":1,"name":"Pi\u00e8ce Tracteur","item":"http:\/\/www.edel.fr\/en\/"},{"@type":"ListItem","position":2,"name":"Toutes nos pi\u00e8ces Tracteur","item":"https:\/\/edel.fr\/shop\/"},{"@type":"ListItem","position":3,"name":"Pompe \u00e0 huile Case IH 6 Cylindres &#8211; D 358 | 955 1055 956 1056"}]},{"@type":"WebSite","@id":"http:\/\/www.edel.fr\/en\/#website","url":"http:\/\/www.edel.fr\/en\/","name":"Edel","description":"Pi\u00e8ce d\u00e9tach\u00e9e de Tracteur Agricole","publisher":{"@id":"http:\/\/www.edel.fr\/en\/#organization"},"potentialAction":[{"@type":"SearchAction","target":{"@type":"EntryPoint","urlTemplate":"http:\/\/www.edel.fr\/en\/?s={search_term_string}"},"query-input":{"@type":"PropertyValueSpecification","valueRequired":true,"valueName":"search_term_string"}}],"inLanguage":"en-US"},{"@type":"Organization","@id":"http:\/\/www.edel.fr\/en\/#organization","name":"Edel","url":"http:\/\/www.edel.fr\/en\/","logo":{"@type":"ImageObject","inLanguage":"en-US","@id":"http:\/\/www.edel.fr\/en\/#\/schema\/logo\/image\/","url":"https:\/\/www.edel.fr\/uploads\/2018\/11\/logo-edel.png","contentUrl":"https:\/\/www.edel.fr\/uploads\/2018\/11\/logo-edel.png","width":257,"height":68,"caption":"Edel"},"image":{"@id":"http:\/\/www.edel.fr\/en\/#\/schema\/logo\/image\/"}}]}},"_links":{"self":[{"href":"https:\/\/edel.fr\/en\/wp-json\/wp\/v2\/product\/8150","targetHints":{"allow":["GET"]}}],"collection":[{"href":"https:\/\/edel.fr\/en\/wp-json\/wp\/v2\/product"}],"about":[{"href":"https:\/\/edel.fr\/en\/wp-json\/wp\/v2\/types\/product"}],"version-history":[{"count":2,"href":"https:\/\/edel.fr\/en\/wp-json\/wp\/v2\/product\/8150\/revisions"}],"predecessor-version":[{"id":20030,"href":"https:\/\/edel.fr\/en\/wp-json\/wp\/v2\/product\/8150\/revisions\/20030"}],"wp:featuredmedia":[{"embeddable":true,"href":"https:\/\/edel.fr\/en\/wp-json\/wp\/v2\/media\/8151"}],"wp:attachment":[{"href":"https:\/\/edel.fr\/en\/wp-json\/wp\/v2\/media?parent=8150"}],"wp:term":[{"taxonomy":"product_brand","embeddable":true,"href":"https:\/\/edel.fr\/en\/wp-json\/wp\/v2\/product_brand?post=8150"},{"taxonomy":"product_cat","embeddable":true,"href":"https:\/\/edel.fr\/en\/wp-json\/wp\/v2\/product_cat?post=8150"},{"taxonomy":"product_tag","embeddable":true,"href":"https:\/\/edel.fr\/en\/wp-json\/wp\/v2\/product_tag?post=8150"},{"taxonomy":"tracteur","embeddable":true,"href":"https:\/\/edel.fr\/en\/wp-json\/wp\/v2\/tracteur?post=8150"}],"curies":[{"name":"wp","href":"https:\/\/api.w.org\/{rel}","templated":true}]}}