{"id":8214,"date":"2020-11-09T09:13:29","date_gmt":"2020-11-09T08:13:29","guid":{"rendered":"https:\/\/www.edel.fr\/?post_type=product&#038;p=8214"},"modified":"2026-04-02T03:00:46","modified_gmt":"2026-04-02T01:00:46","slug":"ensemble-case-ih-d179-d239-d358-ps-cylindre-chemise-piston-segments","status":"publish","type":"product","link":"https:\/\/edel.fr\/en\/product\/ensemble-case-ih-d179-d239-d358-ps-cylindre-chemise-piston-segments\/","title":{"rendered":"Ensemble origine KS Moteur Case IH D179 D239 D358 Tracteur Agricole"},"content":{"rendered":"<div data-elementor-type=\"wp-post\" data-elementor-id=\"8214\" class=\"elementor elementor-8214\">\n\t\t\t\t\t\t<section class=\"elementor-section elementor-top-section elementor-element elementor-element-31239894 elementor-section-boxed elementor-section-height-default elementor-section-height-default\" data-id=\"31239894\" data-element_type=\"section\" data-e-type=\"section\">\n\t\t\t\t\t\t<div class=\"elementor-container elementor-column-gap-default\">\n\t\t\t\t\t<div class=\"elementor-column elementor-col-100 elementor-top-column elementor-element elementor-element-21957305\" data-id=\"21957305\" data-element_type=\"column\" data-e-type=\"column\">\n\t\t\t<div class=\"elementor-widget-wrap elementor-element-populated\">\n\t\t\t\t\t\t<div class=\"elementor-element elementor-element-79a36af1 elementor-widget elementor-widget-heading\" data-id=\"79a36af1\" data-element_type=\"widget\" data-e-type=\"widget\" data-widget_type=\"heading.default\">\n\t\t\t\t<div class=\"elementor-widget-container\">\n\t\t\t\t\t<h2 class=\"elementor-heading-title elementor-size-default\">ENSEMBLE Case IH IHC D179 D239 D358 PS - Cylindre Chemise Piston Segments Tracteur Agricole<\/h2>\t\t\t\t<\/div>\n\t\t\t\t<\/div>\n\t\t\t\t<div class=\"elementor-element elementor-element-3fbe8f69 elementor-widget elementor-widget-heading\" data-id=\"3fbe8f69\" data-element_type=\"widget\" data-e-type=\"widget\" data-widget_type=\"heading.default\">\n\t\t\t\t<div class=\"elementor-widget-container\">\n\t\t\t\t\t<h3 class=\"elementor-heading-title elementor-size-default\">Information du produit :<\/h3>\t\t\t\t<\/div>\n\t\t\t\t<\/div>\n\t\t\t\t\t<\/div>\n\t\t<\/div>\n\t\t\t\t\t<\/div>\n\t\t<\/section>\n\t\t\t\t<section class=\"elementor-section elementor-top-section elementor-element elementor-element-290ca7d1 elementor-section-boxed elementor-section-height-default elementor-section-height-default\" data-id=\"290ca7d1\" data-element_type=\"section\" data-e-type=\"section\">\n\t\t\t\t\t\t<div class=\"elementor-container elementor-column-gap-default\">\n\t\t\t\t\t<div class=\"elementor-column elementor-col-100 elementor-top-column elementor-element elementor-element-773f35b7\" data-id=\"773f35b7\" data-element_type=\"column\" data-e-type=\"column\">\n\t\t\t<div class=\"elementor-widget-wrap elementor-element-populated\">\n\t\t\t\t\t\t<div class=\"elementor-element elementor-element-7774c225 elementor-widget elementor-widget-text-editor\" data-id=\"7774c225\" data-element_type=\"widget\" data-e-type=\"widget\" data-widget_type=\"text-editor.default\">\n\t\t\t\t<div class=\"elementor-widget-container\">\n\t\t\t\t\t\t\t\t\t<div>L\u2019ensemble chemise\/piston\/segments, sont des pi\u00e8ces fondamentales du moteur thermique. Elles assurent le bon d\u00e9roulement de la combustion interne, ainsi que l\u2019exploitation de cette derni\u00e8re.<\/div><div><div>\u00a0<\/div><div>Edel Shop vous propose une cylindr\u00e9e compl\u00e8te, chemise, piston, segments pour moteur Case IH IHC D179, D239, D358 PS.<\/div><\/div><div>Qualit\u00e9 origine Germany, marque KS ou MAHLE.<\/div><div>\u00a0<\/div><div>Type : 1055, 1056, 523, 553, 633, 724, 734, 743, 744, 745, 824, 833, 955, 956.<\/div><div><div>\u00a0<\/div><\/div>\t\t\t\t\t\t\t\t<\/div>\n\t\t\t\t<\/div>\n\t\t\t\t\t<\/div>\n\t\t<\/div>\n\t\t\t\t\t<\/div>\n\t\t<\/section>\n\t\t\t\t<\/div>","protected":false},"excerpt":{"rendered":"<p>ENSEMBLE Case IH IHC D179 D239 D358 PS &#8211; Cylindre Chemise Piston Segments Tracteur Agricole Information du produit : L\u2019ensemble chemise\/piston\/segments, sont des pi\u00e8ces fondamentales du moteur thermique. Elles assurent le bon d\u00e9roulement de la combustion interne, ainsi que l\u2019exploitation de cette derni\u00e8re.\u00a0Edel Shop vous propose une cylindr\u00e9e compl\u00e8te, chemise, piston, segments pour moteur Case<br \/><a class=\"more-link\" href=\"https:\/\/edel.fr\/en\/product\/ensemble-case-ih-d179-d239-d358-ps-cylindre-chemise-piston-segments\/\"><br \/>\n        Read More<span class=\"screen-reader-text\"> \u00ab\u00a0Ensemble origine KS Moteur Case IH D179 D239 D358 Tracteur Agricole\u00a0\u00bb<\/span><\/a><\/p>","protected":false},"featured_media":8215,"template":"","meta":[],"product_brand":[],"product_cat":[2500,153,119],"product_tag":[],"tracteur":[],"class_list":{"0":"post-8214","1":"product","2":"type-product","3":"status-publish","4":"has-post-thumbnail","6":"product_cat-ensemble-chemise-piston-segments","7":"product_cat-pieces-moteur","8":"product_cat-tracteurs-agricoles","9":"product_shipping_class-142","10":"pa_fabriquant-ks","11":"pa_marque-moteur-moteur-case-ih","12":"pa_qualite-origine","13":"pa_type-moteur-d179","14":"pa_type-moteur-d239","15":"pa_type-moteur-d358","16":"badges-style-2","18":"first","19":"instock","20":"taxable","21":"shipping-taxable","22":"purchasable","23":"product-type-simple"},"acf":[],"yoast_head":"<!-- This site is optimized with the Yoast SEO plugin v27.3 - https:\/\/yoast.com\/product\/yoast-seo-wordpress\/ -->\n<title>Ensemble Case IH D179 D239 D358 PS - Cylindre Chemise Piston Segments - Edel<\/title>\n<meta name=\"description\" content=\"Ensemble Case IH D179 D239 D358 PS - Cylindres Chemise Piston Segments - 1055 1056 523 553 633 724 734 743 744 745 824 833 955 956\" \/>\n<meta name=\"robots\" content=\"index, follow, max-snippet:-1, max-image-preview:large, max-video-preview:-1\" \/>\n<link rel=\"canonical\" href=\"http:\/\/edel.fr\/en\/product\/ensemble-case-ih-d179-d239-d358-ps-cylindre-chemise-piston-segments\/\" \/>\n<meta property=\"og:locale\" content=\"en_US\" \/>\n<meta property=\"og:type\" content=\"article\" \/>\n<meta property=\"og:title\" content=\"Ensemble Case IH D179 D239 D358 PS - Cylindre Chemise Piston Segments - Edel\" \/>\n<meta property=\"og:description\" content=\"Ensemble Case IH D179 D239 D358 PS - Cylindres Chemise Piston Segments - 1055 1056 523 553 633 724 734 743 744 745 824 833 955 956\" \/>\n<meta property=\"og:url\" content=\"http:\/\/edel.fr\/en\/product\/ensemble-case-ih-d179-d239-d358-ps-cylindre-chemise-piston-segments\/\" \/>\n<meta property=\"og:site_name\" content=\"Edel\" \/>\n<meta property=\"article:modified_time\" content=\"2026-04-02T01:00:46+00:00\" \/>\n<meta property=\"og:image\" content=\"http:\/\/edel.fr\/uploads\/2020\/11\/ensemble-d179.jpg\" \/>\n\t<meta property=\"og:image:width\" content=\"1512\" \/>\n\t<meta property=\"og:image:height\" content=\"1613\" \/>\n\t<meta property=\"og:image:type\" content=\"image\/jpeg\" \/>\n<meta name=\"twitter:card\" content=\"summary_large_image\" \/>\n<meta name=\"twitter:label1\" content=\"Est. reading time\" \/>\n\t<meta name=\"twitter:data1\" content=\"1 minute\" \/>\n<script type=\"application\/ld+json\" class=\"yoast-schema-graph\">{\"@context\":\"https:\\\/\\\/schema.org\",\"@graph\":[{\"@type\":\"WebPage\",\"@id\":\"http:\\\/\\\/edel.fr\\\/produit\\\/ensemble-case-ih-d179-d239-d358-ps-cylindre-chemise-piston-segments\\\/\",\"url\":\"http:\\\/\\\/edel.fr\\\/produit\\\/ensemble-case-ih-d179-d239-d358-ps-cylindre-chemise-piston-segments\\\/\",\"name\":\"Ensemble Case IH D179 D239 D358 PS - Cylindre Chemise Piston Segments - Edel\",\"isPartOf\":{\"@id\":\"http:\\\/\\\/www.edel.fr\\\/en\\\/#website\"},\"primaryImageOfPage\":{\"@id\":\"http:\\\/\\\/edel.fr\\\/produit\\\/ensemble-case-ih-d179-d239-d358-ps-cylindre-chemise-piston-segments\\\/#primaryimage\"},\"image\":{\"@id\":\"http:\\\/\\\/edel.fr\\\/produit\\\/ensemble-case-ih-d179-d239-d358-ps-cylindre-chemise-piston-segments\\\/#primaryimage\"},\"thumbnailUrl\":\"https:\\\/\\\/edel.fr\\\/uploads\\\/2020\\\/11\\\/ensemble-d179.jpg\",\"datePublished\":\"2020-11-09T08:13:29+00:00\",\"dateModified\":\"2026-04-02T01:00:46+00:00\",\"description\":\"Ensemble Case IH D179 D239 D358 PS - Cylindres Chemise Piston Segments - 1055 1056 523 553 633 724 734 743 744 745 824 833 955 956\",\"breadcrumb\":{\"@id\":\"http:\\\/\\\/edel.fr\\\/produit\\\/ensemble-case-ih-d179-d239-d358-ps-cylindre-chemise-piston-segments\\\/#breadcrumb\"},\"inLanguage\":\"en-US\",\"potentialAction\":[{\"@type\":\"ReadAction\",\"target\":[\"http:\\\/\\\/edel.fr\\\/produit\\\/ensemble-case-ih-d179-d239-d358-ps-cylindre-chemise-piston-segments\\\/\"]}]},{\"@type\":\"ImageObject\",\"inLanguage\":\"en-US\",\"@id\":\"http:\\\/\\\/edel.fr\\\/produit\\\/ensemble-case-ih-d179-d239-d358-ps-cylindre-chemise-piston-segments\\\/#primaryimage\",\"url\":\"https:\\\/\\\/edel.fr\\\/uploads\\\/2020\\\/11\\\/ensemble-d179.jpg\",\"contentUrl\":\"https:\\\/\\\/edel.fr\\\/uploads\\\/2020\\\/11\\\/ensemble-d179.jpg\",\"width\":1512,\"height\":1613,\"caption\":\"Ensemble Case IH D179 D239\"},{\"@type\":\"BreadcrumbList\",\"@id\":\"http:\\\/\\\/edel.fr\\\/produit\\\/ensemble-case-ih-d179-d239-d358-ps-cylindre-chemise-piston-segments\\\/#breadcrumb\",\"itemListElement\":[{\"@type\":\"ListItem\",\"position\":1,\"name\":\"Pi\u00e8ce Tracteur\",\"item\":\"http:\\\/\\\/www.edel.fr\\\/en\\\/\"},{\"@type\":\"ListItem\",\"position\":2,\"name\":\"Toutes nos pi\u00e8ces Tracteur\",\"item\":\"https:\\\/\\\/edel.fr\\\/shop\\\/\"},{\"@type\":\"ListItem\",\"position\":3,\"name\":\"Ensemble origine KS Moteur Case IH D179 D239 D358 Tracteur Agricole\"}]},{\"@type\":\"WebSite\",\"@id\":\"http:\\\/\\\/www.edel.fr\\\/en\\\/#website\",\"url\":\"http:\\\/\\\/www.edel.fr\\\/en\\\/\",\"name\":\"Edel\",\"description\":\"Pi\u00e8ce d\u00e9tach\u00e9e de Tracteur Agricole\",\"publisher\":{\"@id\":\"http:\\\/\\\/www.edel.fr\\\/en\\\/#organization\"},\"potentialAction\":[{\"@type\":\"SearchAction\",\"target\":{\"@type\":\"EntryPoint\",\"urlTemplate\":\"http:\\\/\\\/www.edel.fr\\\/en\\\/?s={search_term_string}\"},\"query-input\":{\"@type\":\"PropertyValueSpecification\",\"valueRequired\":true,\"valueName\":\"search_term_string\"}}],\"inLanguage\":\"en-US\"},{\"@type\":\"Organization\",\"@id\":\"http:\\\/\\\/www.edel.fr\\\/en\\\/#organization\",\"name\":\"Edel\",\"url\":\"http:\\\/\\\/www.edel.fr\\\/en\\\/\",\"logo\":{\"@type\":\"ImageObject\",\"inLanguage\":\"en-US\",\"@id\":\"http:\\\/\\\/www.edel.fr\\\/en\\\/#\\\/schema\\\/logo\\\/image\\\/\",\"url\":\"https:\\\/\\\/www.edel.fr\\\/uploads\\\/2018\\\/11\\\/logo-edel.png\",\"contentUrl\":\"https:\\\/\\\/www.edel.fr\\\/uploads\\\/2018\\\/11\\\/logo-edel.png\",\"width\":257,\"height\":68,\"caption\":\"Edel\"},\"image\":{\"@id\":\"http:\\\/\\\/www.edel.fr\\\/en\\\/#\\\/schema\\\/logo\\\/image\\\/\"}}]}<\/script>\n<!-- \/ Yoast SEO plugin. -->","yoast_head_json":{"title":"Ensemble Case IH D179 D239 D358 PS - Cylindre Chemise Piston Segments - Edel","description":"Ensemble Case IH D179 D239 D358 PS - Cylindres Chemise Piston Segments - 1055 1056 523 553 633 724 734 743 744 745 824 833 955 956","robots":{"index":"index","follow":"follow","max-snippet":"max-snippet:-1","max-image-preview":"max-image-preview:large","max-video-preview":"max-video-preview:-1"},"canonical":"http:\/\/edel.fr\/en\/product\/ensemble-case-ih-d179-d239-d358-ps-cylindre-chemise-piston-segments\/","og_locale":"en_US","og_type":"article","og_title":"Ensemble Case IH D179 D239 D358 PS - Cylindre Chemise Piston Segments - Edel","og_description":"Ensemble Case IH D179 D239 D358 PS - Cylindres Chemise Piston Segments - 1055 1056 523 553 633 724 734 743 744 745 824 833 955 956","og_url":"http:\/\/edel.fr\/en\/product\/ensemble-case-ih-d179-d239-d358-ps-cylindre-chemise-piston-segments\/","og_site_name":"Edel","article_modified_time":"2026-04-02T01:00:46+00:00","og_image":[{"width":1512,"height":1613,"url":"http:\/\/edel.fr\/uploads\/2020\/11\/ensemble-d179.jpg","type":"image\/jpeg"}],"twitter_card":"summary_large_image","twitter_misc":{"Est. reading time":"1 minute"},"schema":{"@context":"https:\/\/schema.org","@graph":[{"@type":"WebPage","@id":"http:\/\/edel.fr\/produit\/ensemble-case-ih-d179-d239-d358-ps-cylindre-chemise-piston-segments\/","url":"http:\/\/edel.fr\/produit\/ensemble-case-ih-d179-d239-d358-ps-cylindre-chemise-piston-segments\/","name":"Ensemble Case IH D179 D239 D358 PS - Cylindre Chemise Piston Segments - Edel","isPartOf":{"@id":"http:\/\/www.edel.fr\/en\/#website"},"primaryImageOfPage":{"@id":"http:\/\/edel.fr\/produit\/ensemble-case-ih-d179-d239-d358-ps-cylindre-chemise-piston-segments\/#primaryimage"},"image":{"@id":"http:\/\/edel.fr\/produit\/ensemble-case-ih-d179-d239-d358-ps-cylindre-chemise-piston-segments\/#primaryimage"},"thumbnailUrl":"https:\/\/edel.fr\/uploads\/2020\/11\/ensemble-d179.jpg","datePublished":"2020-11-09T08:13:29+00:00","dateModified":"2026-04-02T01:00:46+00:00","description":"Ensemble Case IH D179 D239 D358 PS - Cylindres Chemise Piston Segments - 1055 1056 523 553 633 724 734 743 744 745 824 833 955 956","breadcrumb":{"@id":"http:\/\/edel.fr\/produit\/ensemble-case-ih-d179-d239-d358-ps-cylindre-chemise-piston-segments\/#breadcrumb"},"inLanguage":"en-US","potentialAction":[{"@type":"ReadAction","target":["http:\/\/edel.fr\/produit\/ensemble-case-ih-d179-d239-d358-ps-cylindre-chemise-piston-segments\/"]}]},{"@type":"ImageObject","inLanguage":"en-US","@id":"http:\/\/edel.fr\/produit\/ensemble-case-ih-d179-d239-d358-ps-cylindre-chemise-piston-segments\/#primaryimage","url":"https:\/\/edel.fr\/uploads\/2020\/11\/ensemble-d179.jpg","contentUrl":"https:\/\/edel.fr\/uploads\/2020\/11\/ensemble-d179.jpg","width":1512,"height":1613,"caption":"Ensemble Case IH D179 D239"},{"@type":"BreadcrumbList","@id":"http:\/\/edel.fr\/produit\/ensemble-case-ih-d179-d239-d358-ps-cylindre-chemise-piston-segments\/#breadcrumb","itemListElement":[{"@type":"ListItem","position":1,"name":"Pi\u00e8ce Tracteur","item":"http:\/\/www.edel.fr\/en\/"},{"@type":"ListItem","position":2,"name":"Toutes nos pi\u00e8ces Tracteur","item":"https:\/\/edel.fr\/shop\/"},{"@type":"ListItem","position":3,"name":"Ensemble origine KS Moteur Case IH D179 D239 D358 Tracteur Agricole"}]},{"@type":"WebSite","@id":"http:\/\/www.edel.fr\/en\/#website","url":"http:\/\/www.edel.fr\/en\/","name":"Edel","description":"Pi\u00e8ce d\u00e9tach\u00e9e de Tracteur Agricole","publisher":{"@id":"http:\/\/www.edel.fr\/en\/#organization"},"potentialAction":[{"@type":"SearchAction","target":{"@type":"EntryPoint","urlTemplate":"http:\/\/www.edel.fr\/en\/?s={search_term_string}"},"query-input":{"@type":"PropertyValueSpecification","valueRequired":true,"valueName":"search_term_string"}}],"inLanguage":"en-US"},{"@type":"Organization","@id":"http:\/\/www.edel.fr\/en\/#organization","name":"Edel","url":"http:\/\/www.edel.fr\/en\/","logo":{"@type":"ImageObject","inLanguage":"en-US","@id":"http:\/\/www.edel.fr\/en\/#\/schema\/logo\/image\/","url":"https:\/\/www.edel.fr\/uploads\/2018\/11\/logo-edel.png","contentUrl":"https:\/\/www.edel.fr\/uploads\/2018\/11\/logo-edel.png","width":257,"height":68,"caption":"Edel"},"image":{"@id":"http:\/\/www.edel.fr\/en\/#\/schema\/logo\/image\/"}}]}},"_links":{"self":[{"href":"https:\/\/edel.fr\/en\/wp-json\/wp\/v2\/product\/8214","targetHints":{"allow":["GET"]}}],"collection":[{"href":"https:\/\/edel.fr\/en\/wp-json\/wp\/v2\/product"}],"about":[{"href":"https:\/\/edel.fr\/en\/wp-json\/wp\/v2\/types\/product"}],"version-history":[{"count":2,"href":"https:\/\/edel.fr\/en\/wp-json\/wp\/v2\/product\/8214\/revisions"}],"predecessor-version":[{"id":19962,"href":"https:\/\/edel.fr\/en\/wp-json\/wp\/v2\/product\/8214\/revisions\/19962"}],"wp:featuredmedia":[{"embeddable":true,"href":"https:\/\/edel.fr\/en\/wp-json\/wp\/v2\/media\/8215"}],"wp:attachment":[{"href":"https:\/\/edel.fr\/en\/wp-json\/wp\/v2\/media?parent=8214"}],"wp:term":[{"taxonomy":"product_brand","embeddable":true,"href":"https:\/\/edel.fr\/en\/wp-json\/wp\/v2\/product_brand?post=8214"},{"taxonomy":"product_cat","embeddable":true,"href":"https:\/\/edel.fr\/en\/wp-json\/wp\/v2\/product_cat?post=8214"},{"taxonomy":"product_tag","embeddable":true,"href":"https:\/\/edel.fr\/en\/wp-json\/wp\/v2\/product_tag?post=8214"},{"taxonomy":"tracteur","embeddable":true,"href":"https:\/\/edel.fr\/en\/wp-json\/wp\/v2\/tracteur?post=8214"}],"curies":[{"name":"wp","href":"https:\/\/api.w.org\/{rel}","templated":true}]}}