{"id":8652,"date":"2020-11-23T14:59:27","date_gmt":"2020-11-23T13:59:27","guid":{"rendered":"https:\/\/www.edel.fr\/?post_type=product&#038;p=8652"},"modified":"2026-04-02T03:01:02","modified_gmt":"2026-04-02T01:01:02","slug":"volant-moteur-john-deere-avec-couronne-2040-2140-2650-3350","status":"publish","type":"product","link":"https:\/\/edel.fr\/en\/product\/volant-moteur-john-deere-avec-couronne-2040-2140-2650-3350\/","title":{"rendered":"Volant moteur John Deere avec couronne &#8211; 2040 2140 2650 3350"},"content":{"rendered":"<div data-elementor-type=\"wp-post\" data-elementor-id=\"8652\" class=\"elementor elementor-8652\">\n\t\t\t\t\t\t<section class=\"elementor-section elementor-top-section elementor-element elementor-element-6f73c37f elementor-section-boxed elementor-section-height-default elementor-section-height-default\" data-id=\"6f73c37f\" data-element_type=\"section\" data-e-type=\"section\">\n\t\t\t\t\t\t<div class=\"elementor-container elementor-column-gap-default\">\n\t\t\t\t\t<div class=\"elementor-column elementor-col-100 elementor-top-column elementor-element elementor-element-62ba0d89\" data-id=\"62ba0d89\" data-element_type=\"column\" data-e-type=\"column\">\n\t\t\t<div class=\"elementor-widget-wrap elementor-element-populated\">\n\t\t\t\t\t\t<div class=\"elementor-element elementor-element-50fc233a elementor-widget elementor-widget-heading\" data-id=\"50fc233a\" data-element_type=\"widget\" data-e-type=\"widget\" data-widget_type=\"heading.default\">\n\t\t\t\t<div class=\"elementor-widget-container\">\n\t\t\t\t\t<h2 class=\"elementor-heading-title elementor-size-default\">VOLANT MOTEUR JOHN DEERE AVEC COURONNE<\/h2>\t\t\t\t<\/div>\n\t\t\t\t<\/div>\n\t\t\t\t<div class=\"elementor-element elementor-element-614c2cc5 elementor-widget elementor-widget-heading\" data-id=\"614c2cc5\" data-element_type=\"widget\" data-e-type=\"widget\" data-widget_type=\"heading.default\">\n\t\t\t\t<div class=\"elementor-widget-container\">\n\t\t\t\t\t<h3 class=\"elementor-heading-title elementor-size-default\">Information du produit :<\/h3>\t\t\t\t<\/div>\n\t\t\t\t<\/div>\n\t\t\t\t\t<\/div>\n\t\t<\/div>\n\t\t\t\t\t<\/div>\n\t\t<\/section>\n\t\t\t\t<section class=\"elementor-section elementor-top-section elementor-element elementor-element-2aa1f0cf elementor-section-boxed elementor-section-height-default elementor-section-height-default\" data-id=\"2aa1f0cf\" data-element_type=\"section\" data-e-type=\"section\">\n\t\t\t\t\t\t<div class=\"elementor-container elementor-column-gap-default\">\n\t\t\t\t\t<div class=\"elementor-column elementor-col-100 elementor-top-column elementor-element elementor-element-4c69fca9\" data-id=\"4c69fca9\" data-element_type=\"column\" data-e-type=\"column\">\n\t\t\t<div class=\"elementor-widget-wrap elementor-element-populated\">\n\t\t\t\t\t\t<div class=\"elementor-element elementor-element-431b27f6 elementor-widget elementor-widget-text-editor\" data-id=\"431b27f6\" data-element_type=\"widget\" data-e-type=\"widget\" data-widget_type=\"text-editor.default\">\n\t\t\t\t<div class=\"elementor-widget-container\">\n\t\t\t\t\t\t\t\t\t<p>\u00a0<\/p><p>Vous trouverez \u00e9galement le\u00a0<a href=\"https:\/\/edel.fr\/en\/kit-complet-mecanisme-simple-a-diaphragme-disque-av-cerametallique-butee-et-roulement-pilote-john-deere-o330-10-cannelures\/\" target=\"_blank\" rel=\"noopener\">kit embrayage avec roulement de but\u00e9e<\/a>\u00a0et le\u00a0<a href=\"https:\/\/edel.fr\/en\/kit-complet-mecanisme-simple-a-diaphragme-disque-av-cerametallique-butee-hydraulique-et-roulement-pilote-john-deere-o330-10-cannelures\/\" target=\"_blank\" rel=\"noopener\">kit embrayage avec but\u00e9e hydraulique<\/a>\u00a0correspondant \u00e0 ce montage.<\/p><p>\u00a0<\/p><p>Bien s\u00fbr, pour plus de renseignements, n&rsquo;h\u00e9sitez pas \u00e0 nous consulter !<\/p>\t\t\t\t\t\t\t\t<\/div>\n\t\t\t\t<\/div>\n\t\t\t\t\t<\/div>\n\t\t<\/div>\n\t\t\t\t\t<\/div>\n\t\t<\/section>\n\t\t\t\t<\/div>","protected":false},"excerpt":{"rendered":"<p>VOLANT MOTEUR JOHN DEERE AVEC COURONNE Information du produit : Vous trouverez \u00e9galement le\u00a0kit embrayage avec roulement de but\u00e9e\u00a0et le\u00a0kit embrayage avec but\u00e9e hydraulique\u00a0correspondant \u00e0 ce montage. Bien s\u00fbr, pour plus de renseignements, n&rsquo;h\u00e9sitez pas \u00e0 nous consulter !<\/p>","protected":false},"featured_media":8653,"template":"","meta":[],"product_brand":[],"product_cat":[119,120,128],"product_tag":[143,124],"tracteur":[],"class_list":{"0":"post-8652","1":"product","2":"type-product","3":"status-publish","4":"has-post-thumbnail","6":"product_cat-tracteurs-agricoles","7":"product_cat-transmissions","8":"product_cat-volants-moteurs","9":"product_tag-kits-dembrayage","10":"product_tag-transmissions","11":"product_shipping_class-142","12":"pa_marque-tracteur-john-deere","13":"pa_reference-ar103749","14":"pa_reference-ar92508","15":"pa_reference-at26482","16":"pa_reference-re18678","17":"pa_type-2-1650","18":"pa_type-2-1651","19":"pa_type-2-1652","20":"pa_type-2-1474","21":"pa_type-2-2854","22":"pa_type-2-1442","23":"pa_type-2-1653","24":"pa_type-2-2310","25":"pa_type-2-1654","26":"pa_type-2-1446","27":"pa_type-2-1655","28":"pa_type-2-1561","29":"pa_type-2-2855","30":"pa_type-2-2479","31":"badges-style-2","33":"first","34":"instock","35":"taxable","36":"shipping-taxable","37":"purchasable","38":"product-type-simple"},"acf":[],"yoast_head":"<!-- This site is optimized with the Yoast SEO plugin v27.3 - https:\/\/yoast.com\/product\/yoast-seo-wordpress\/ -->\n<title>Volant moteur John Deere avec couronne - 2040 2140 2650 3350 - Edel<\/title>\n<meta name=\"description\" content=\"Volant moteur John Deere avec couronne - 2040 2140 2650 2850 2940 3040 3350 1040 1140 940 3640 2250 - Tracteur agricole - Poids 26 Kg\" \/>\n<meta name=\"robots\" content=\"index, follow, max-snippet:-1, max-image-preview:large, max-video-preview:-1\" \/>\n<link rel=\"canonical\" href=\"https:\/\/edel.fr\/en\/product\/volant-moteur-john-deere-avec-couronne-2040-2140-2650-3350\/\" \/>\n<meta property=\"og:locale\" content=\"en_US\" \/>\n<meta property=\"og:type\" content=\"article\" \/>\n<meta property=\"og:title\" content=\"Volant moteur John Deere avec couronne - 2040 2140 2650 3350 - Edel\" \/>\n<meta property=\"og:description\" content=\"Volant moteur John Deere avec couronne - 2040 2140 2650 2850 2940 3040 3350 1040 1140 940 3640 2250 - Tracteur agricole - Poids 26 Kg\" \/>\n<meta property=\"og:url\" content=\"https:\/\/edel.fr\/en\/product\/volant-moteur-john-deere-avec-couronne-2040-2140-2650-3350\/\" \/>\n<meta property=\"og:site_name\" content=\"Edel\" \/>\n<meta property=\"article:modified_time\" content=\"2026-04-02T01:01:02+00:00\" \/>\n<meta property=\"og:image\" content=\"https:\/\/edel.fr\/uploads\/2020\/11\/volant-moteur-08E8311.jpg\" \/>\n\t<meta property=\"og:image:width\" content=\"1512\" \/>\n\t<meta property=\"og:image:height\" content=\"1631\" \/>\n\t<meta property=\"og:image:type\" content=\"image\/jpeg\" \/>\n<meta name=\"twitter:card\" content=\"summary_large_image\" \/>\n<meta name=\"twitter:label1\" content=\"Est. reading time\" \/>\n\t<meta name=\"twitter:data1\" content=\"1 minute\" \/>\n<script type=\"application\/ld+json\" class=\"yoast-schema-graph\">{\"@context\":\"https:\\\/\\\/schema.org\",\"@graph\":[{\"@type\":\"WebPage\",\"@id\":\"https:\\\/\\\/edel.fr\\\/produit\\\/volant-moteur-john-deere-avec-couronne-2040-2140-2650-3350\\\/\",\"url\":\"https:\\\/\\\/edel.fr\\\/produit\\\/volant-moteur-john-deere-avec-couronne-2040-2140-2650-3350\\\/\",\"name\":\"Volant moteur John Deere avec couronne - 2040 2140 2650 3350 - Edel\",\"isPartOf\":{\"@id\":\"https:\\\/\\\/www.edel.fr\\\/en\\\/#website\"},\"primaryImageOfPage\":{\"@id\":\"https:\\\/\\\/edel.fr\\\/produit\\\/volant-moteur-john-deere-avec-couronne-2040-2140-2650-3350\\\/#primaryimage\"},\"image\":{\"@id\":\"https:\\\/\\\/edel.fr\\\/produit\\\/volant-moteur-john-deere-avec-couronne-2040-2140-2650-3350\\\/#primaryimage\"},\"thumbnailUrl\":\"https:\\\/\\\/edel.fr\\\/uploads\\\/2020\\\/11\\\/volant-moteur-08E8311.jpg\",\"datePublished\":\"2020-11-23T13:59:27+00:00\",\"dateModified\":\"2026-04-02T01:01:02+00:00\",\"description\":\"Volant moteur John Deere avec couronne - 2040 2140 2650 2850 2940 3040 3350 1040 1140 940 3640 2250 - Tracteur agricole - Poids 26 Kg\",\"breadcrumb\":{\"@id\":\"https:\\\/\\\/edel.fr\\\/produit\\\/volant-moteur-john-deere-avec-couronne-2040-2140-2650-3350\\\/#breadcrumb\"},\"inLanguage\":\"en-US\",\"potentialAction\":[{\"@type\":\"ReadAction\",\"target\":[\"https:\\\/\\\/edel.fr\\\/produit\\\/volant-moteur-john-deere-avec-couronne-2040-2140-2650-3350\\\/\"]}]},{\"@type\":\"ImageObject\",\"inLanguage\":\"en-US\",\"@id\":\"https:\\\/\\\/edel.fr\\\/produit\\\/volant-moteur-john-deere-avec-couronne-2040-2140-2650-3350\\\/#primaryimage\",\"url\":\"https:\\\/\\\/edel.fr\\\/uploads\\\/2020\\\/11\\\/volant-moteur-08E8311.jpg\",\"contentUrl\":\"https:\\\/\\\/edel.fr\\\/uploads\\\/2020\\\/11\\\/volant-moteur-08E8311.jpg\",\"width\":1512,\"height\":1631,\"caption\":\"John Deere Volant moteur et couronne adaptable\"},{\"@type\":\"BreadcrumbList\",\"@id\":\"https:\\\/\\\/edel.fr\\\/produit\\\/volant-moteur-john-deere-avec-couronne-2040-2140-2650-3350\\\/#breadcrumb\",\"itemListElement\":[{\"@type\":\"ListItem\",\"position\":1,\"name\":\"Pi\u00e8ce Tracteur\",\"item\":\"https:\\\/\\\/www.edel.fr\\\/en\\\/\"},{\"@type\":\"ListItem\",\"position\":2,\"name\":\"Toutes nos pi\u00e8ces Tracteur\",\"item\":\"https:\\\/\\\/edel.fr\\\/shop\\\/\"},{\"@type\":\"ListItem\",\"position\":3,\"name\":\"Volant moteur John Deere avec couronne &#8211; 2040 2140 2650 3350\"}]},{\"@type\":\"WebSite\",\"@id\":\"https:\\\/\\\/www.edel.fr\\\/en\\\/#website\",\"url\":\"https:\\\/\\\/www.edel.fr\\\/en\\\/\",\"name\":\"Edel\",\"description\":\"Pi\u00e8ce d\u00e9tach\u00e9e de Tracteur Agricole\",\"publisher\":{\"@id\":\"https:\\\/\\\/www.edel.fr\\\/en\\\/#organization\"},\"potentialAction\":[{\"@type\":\"SearchAction\",\"target\":{\"@type\":\"EntryPoint\",\"urlTemplate\":\"https:\\\/\\\/www.edel.fr\\\/en\\\/?s={search_term_string}\"},\"query-input\":{\"@type\":\"PropertyValueSpecification\",\"valueRequired\":true,\"valueName\":\"search_term_string\"}}],\"inLanguage\":\"en-US\"},{\"@type\":\"Organization\",\"@id\":\"https:\\\/\\\/www.edel.fr\\\/en\\\/#organization\",\"name\":\"Edel\",\"url\":\"https:\\\/\\\/www.edel.fr\\\/en\\\/\",\"logo\":{\"@type\":\"ImageObject\",\"inLanguage\":\"en-US\",\"@id\":\"https:\\\/\\\/www.edel.fr\\\/en\\\/#\\\/schema\\\/logo\\\/image\\\/\",\"url\":\"https:\\\/\\\/www.edel.fr\\\/uploads\\\/2018\\\/11\\\/logo-edel.png\",\"contentUrl\":\"https:\\\/\\\/www.edel.fr\\\/uploads\\\/2018\\\/11\\\/logo-edel.png\",\"width\":257,\"height\":68,\"caption\":\"Edel\"},\"image\":{\"@id\":\"https:\\\/\\\/www.edel.fr\\\/en\\\/#\\\/schema\\\/logo\\\/image\\\/\"}}]}<\/script>\n<!-- \/ Yoast SEO plugin. -->","yoast_head_json":{"title":"Volant moteur John Deere avec couronne - 2040 2140 2650 3350 - Edel","description":"Volant moteur John Deere avec couronne - 2040 2140 2650 2850 2940 3040 3350 1040 1140 940 3640 2250 - Tracteur agricole - Poids 26 Kg","robots":{"index":"index","follow":"follow","max-snippet":"max-snippet:-1","max-image-preview":"max-image-preview:large","max-video-preview":"max-video-preview:-1"},"canonical":"https:\/\/edel.fr\/en\/product\/volant-moteur-john-deere-avec-couronne-2040-2140-2650-3350\/","og_locale":"en_US","og_type":"article","og_title":"Volant moteur John Deere avec couronne - 2040 2140 2650 3350 - Edel","og_description":"Volant moteur John Deere avec couronne - 2040 2140 2650 2850 2940 3040 3350 1040 1140 940 3640 2250 - Tracteur agricole - Poids 26 Kg","og_url":"https:\/\/edel.fr\/en\/product\/volant-moteur-john-deere-avec-couronne-2040-2140-2650-3350\/","og_site_name":"Edel","article_modified_time":"2026-04-02T01:01:02+00:00","og_image":[{"width":1512,"height":1631,"url":"https:\/\/edel.fr\/uploads\/2020\/11\/volant-moteur-08E8311.jpg","type":"image\/jpeg"}],"twitter_card":"summary_large_image","twitter_misc":{"Est. reading time":"1 minute"},"schema":{"@context":"https:\/\/schema.org","@graph":[{"@type":"WebPage","@id":"https:\/\/edel.fr\/produit\/volant-moteur-john-deere-avec-couronne-2040-2140-2650-3350\/","url":"https:\/\/edel.fr\/produit\/volant-moteur-john-deere-avec-couronne-2040-2140-2650-3350\/","name":"Volant moteur John Deere avec couronne - 2040 2140 2650 3350 - Edel","isPartOf":{"@id":"https:\/\/www.edel.fr\/en\/#website"},"primaryImageOfPage":{"@id":"https:\/\/edel.fr\/produit\/volant-moteur-john-deere-avec-couronne-2040-2140-2650-3350\/#primaryimage"},"image":{"@id":"https:\/\/edel.fr\/produit\/volant-moteur-john-deere-avec-couronne-2040-2140-2650-3350\/#primaryimage"},"thumbnailUrl":"https:\/\/edel.fr\/uploads\/2020\/11\/volant-moteur-08E8311.jpg","datePublished":"2020-11-23T13:59:27+00:00","dateModified":"2026-04-02T01:01:02+00:00","description":"Volant moteur John Deere avec couronne - 2040 2140 2650 2850 2940 3040 3350 1040 1140 940 3640 2250 - Tracteur agricole - Poids 26 Kg","breadcrumb":{"@id":"https:\/\/edel.fr\/produit\/volant-moteur-john-deere-avec-couronne-2040-2140-2650-3350\/#breadcrumb"},"inLanguage":"en-US","potentialAction":[{"@type":"ReadAction","target":["https:\/\/edel.fr\/produit\/volant-moteur-john-deere-avec-couronne-2040-2140-2650-3350\/"]}]},{"@type":"ImageObject","inLanguage":"en-US","@id":"https:\/\/edel.fr\/produit\/volant-moteur-john-deere-avec-couronne-2040-2140-2650-3350\/#primaryimage","url":"https:\/\/edel.fr\/uploads\/2020\/11\/volant-moteur-08E8311.jpg","contentUrl":"https:\/\/edel.fr\/uploads\/2020\/11\/volant-moteur-08E8311.jpg","width":1512,"height":1631,"caption":"John Deere Volant moteur et couronne adaptable"},{"@type":"BreadcrumbList","@id":"https:\/\/edel.fr\/produit\/volant-moteur-john-deere-avec-couronne-2040-2140-2650-3350\/#breadcrumb","itemListElement":[{"@type":"ListItem","position":1,"name":"Pi\u00e8ce Tracteur","item":"https:\/\/www.edel.fr\/en\/"},{"@type":"ListItem","position":2,"name":"Toutes nos pi\u00e8ces Tracteur","item":"https:\/\/edel.fr\/shop\/"},{"@type":"ListItem","position":3,"name":"Volant moteur John Deere avec couronne &#8211; 2040 2140 2650 3350"}]},{"@type":"WebSite","@id":"https:\/\/www.edel.fr\/en\/#website","url":"https:\/\/www.edel.fr\/en\/","name":"Edel","description":"Pi\u00e8ce d\u00e9tach\u00e9e de Tracteur Agricole","publisher":{"@id":"https:\/\/www.edel.fr\/en\/#organization"},"potentialAction":[{"@type":"SearchAction","target":{"@type":"EntryPoint","urlTemplate":"https:\/\/www.edel.fr\/en\/?s={search_term_string}"},"query-input":{"@type":"PropertyValueSpecification","valueRequired":true,"valueName":"search_term_string"}}],"inLanguage":"en-US"},{"@type":"Organization","@id":"https:\/\/www.edel.fr\/en\/#organization","name":"Edel","url":"https:\/\/www.edel.fr\/en\/","logo":{"@type":"ImageObject","inLanguage":"en-US","@id":"https:\/\/www.edel.fr\/en\/#\/schema\/logo\/image\/","url":"https:\/\/www.edel.fr\/uploads\/2018\/11\/logo-edel.png","contentUrl":"https:\/\/www.edel.fr\/uploads\/2018\/11\/logo-edel.png","width":257,"height":68,"caption":"Edel"},"image":{"@id":"https:\/\/www.edel.fr\/en\/#\/schema\/logo\/image\/"}}]}},"_links":{"self":[{"href":"https:\/\/edel.fr\/en\/wp-json\/wp\/v2\/product\/8652","targetHints":{"allow":["GET"]}}],"collection":[{"href":"https:\/\/edel.fr\/en\/wp-json\/wp\/v2\/product"}],"about":[{"href":"https:\/\/edel.fr\/en\/wp-json\/wp\/v2\/types\/product"}],"version-history":[{"count":3,"href":"https:\/\/edel.fr\/en\/wp-json\/wp\/v2\/product\/8652\/revisions"}],"predecessor-version":[{"id":16296,"href":"https:\/\/edel.fr\/en\/wp-json\/wp\/v2\/product\/8652\/revisions\/16296"}],"wp:featuredmedia":[{"embeddable":true,"href":"https:\/\/edel.fr\/en\/wp-json\/wp\/v2\/media\/8653"}],"wp:attachment":[{"href":"https:\/\/edel.fr\/en\/wp-json\/wp\/v2\/media?parent=8652"}],"wp:term":[{"taxonomy":"product_brand","embeddable":true,"href":"https:\/\/edel.fr\/en\/wp-json\/wp\/v2\/product_brand?post=8652"},{"taxonomy":"product_cat","embeddable":true,"href":"https:\/\/edel.fr\/en\/wp-json\/wp\/v2\/product_cat?post=8652"},{"taxonomy":"product_tag","embeddable":true,"href":"https:\/\/edel.fr\/en\/wp-json\/wp\/v2\/product_tag?post=8652"},{"taxonomy":"tracteur","embeddable":true,"href":"https:\/\/edel.fr\/en\/wp-json\/wp\/v2\/tracteur?post=8652"}],"curies":[{"name":"wp","href":"https:\/\/api.w.org\/{rel}","templated":true}]}}