{"id":8661,"date":"2020-11-23T15:31:41","date_gmt":"2020-11-23T14:31:41","guid":{"rendered":"https:\/\/www.edel.fr\/?post_type=product&#038;p=8661"},"modified":"2026-02-26T02:00:30","modified_gmt":"2026-02-26T01:00:30","slug":"volant-moteur-fendt-serie-c-montage-avec-coupleur","status":"publish","type":"product","link":"https:\/\/edel.fr\/en\/product\/volant-moteur-fendt-serie-c-montage-avec-coupleur\/","title":{"rendered":"Volant moteur Fendt &#8211; S\u00e9rie C &#8211; Montage avec Coupleur"},"content":{"rendered":"<div data-elementor-type=\"wp-post\" data-elementor-id=\"8661\" class=\"elementor elementor-8661\">\n\t\t\t\t\t\t<section class=\"elementor-section elementor-top-section elementor-element elementor-element-32c56a9f elementor-section-boxed elementor-section-height-default elementor-section-height-default\" data-id=\"32c56a9f\" data-element_type=\"section\" data-e-type=\"section\">\n\t\t\t\t\t\t<div class=\"elementor-container elementor-column-gap-default\">\n\t\t\t\t\t<div class=\"elementor-column elementor-col-100 elementor-top-column elementor-element elementor-element-7880cdad\" data-id=\"7880cdad\" data-element_type=\"column\" data-e-type=\"column\">\n\t\t\t<div class=\"elementor-widget-wrap elementor-element-populated\">\n\t\t\t\t\t\t<div class=\"elementor-element elementor-element-5411c4af elementor-widget elementor-widget-heading\" data-id=\"5411c4af\" data-element_type=\"widget\" data-e-type=\"widget\" data-widget_type=\"heading.default\">\n\t\t\t\t<div class=\"elementor-widget-container\">\n\t\t\t\t\t<h2 class=\"elementor-heading-title elementor-size-default\">VOLANT MOTEUR FENDT \u2013 S\u00c9RIE C \u2013 MONTAGE AVEC COUPLEUR<\/h2>\t\t\t\t<\/div>\n\t\t\t\t<\/div>\n\t\t\t\t<div class=\"elementor-element elementor-element-5e15197b elementor-widget elementor-widget-heading\" data-id=\"5e15197b\" data-element_type=\"widget\" data-e-type=\"widget\" data-widget_type=\"heading.default\">\n\t\t\t\t<div class=\"elementor-widget-container\">\n\t\t\t\t\t<h3 class=\"elementor-heading-title elementor-size-default\">Information du produit :<\/h3>\t\t\t\t<\/div>\n\t\t\t\t<\/div>\n\t\t\t\t\t<\/div>\n\t\t<\/div>\n\t\t\t\t\t<\/div>\n\t\t<\/section>\n\t\t\t\t<section class=\"elementor-section elementor-top-section elementor-element elementor-element-16354c1a elementor-section-boxed elementor-section-height-default elementor-section-height-default\" data-id=\"16354c1a\" data-element_type=\"section\" data-e-type=\"section\">\n\t\t\t\t\t\t<div class=\"elementor-container elementor-column-gap-default\">\n\t\t\t\t\t<div class=\"elementor-column elementor-col-100 elementor-top-column elementor-element elementor-element-2bb0854e\" data-id=\"2bb0854e\" data-element_type=\"column\" data-e-type=\"column\">\n\t\t\t<div class=\"elementor-widget-wrap elementor-element-populated\">\n\t\t\t\t\t\t<div class=\"elementor-element elementor-element-1b196302 elementor-widget elementor-widget-text-editor\" data-id=\"1b196302\" data-element_type=\"widget\" data-e-type=\"widget\" data-widget_type=\"text-editor.default\">\n\t\t\t\t<div class=\"elementor-widget-container\">\n\t\t\t\t\t\t\t\t\t<p>Pour embrayage double disque.<\/p><p>FE 117100101060<br \/>\u00a0 \u00a0 \u00a0 117108100070<br \/>U\u00a0 \u00a0117108110100<\/p><p>Vous trouverez \u00e9galement le\u00a0<a href=\"https:\/\/edel.fr\/en\/kit-embrayage-fendt-serie-c-organique-307c-309c-207v\/\">kit embrayage complet\u00a0organique<\/a> ou <a href=\"https:\/\/edel.fr\/en\/kit-embrayage-fendt-serie-c-cerametallique-20-208-209-307-308-309-380-385\/\">le kit embrayage complet c\u00e9ram\u00e9tallique<\/a>\u00a0correspondant \u00e0 ce montage.<\/p><p>Bien s\u00fbr, pour plus de renseignements, n&rsquo;h\u00e9sitez pas \u00e0 nous consulter !<\/p>\t\t\t\t\t\t\t\t<\/div>\n\t\t\t\t<\/div>\n\t\t\t\t\t<\/div>\n\t\t<\/div>\n\t\t\t\t\t<\/div>\n\t\t<\/section>\n\t\t\t\t<\/div>","protected":false},"excerpt":{"rendered":"<p>VOLANT MOTEUR FENDT \u2013 S\u00c9RIE C \u2013 MONTAGE AVEC COUPLEUR Information du produit : Pour embrayage double disque. FE 117100101060 117108100070 U\u00a0 \u00a0117108110100 Vous trouverez \u00e9galement le\u00a0kit embrayage complet\u00a0organique ou le kit embrayage complet c\u00e9ram\u00e9tallique\u00a0correspondant \u00e0 ce montage. Bien s\u00fbr, pour plus de renseignements, n&rsquo;h\u00e9sitez pas \u00e0 nous consulter !<\/p>","protected":false},"featured_media":8662,"template":"","meta":[],"product_brand":[],"product_cat":[119,120,128],"product_tag":[143,124],"tracteur":[],"class_list":{"0":"post-8661","1":"product","2":"type-product","3":"status-publish","4":"has-post-thumbnail","6":"product_cat-tracteurs-agricoles","7":"product_cat-transmissions","8":"product_cat-volants-moteurs","9":"product_tag-kits-dembrayage","10":"product_tag-transmissions","11":"product_shipping_class-142","12":"pa_marque-tracteur-fendt","13":"pa_type-2-206v","14":"pa_type-2-207-f","15":"pa_type-2-207-v","16":"pa_type-2-208-p","17":"pa_type-2-208-s","18":"pa_type-2-208-v","19":"pa_type-2-2909","20":"pa_type-2-209-v","21":"pa_type-2-280p","22":"pa_type-2-307-c","23":"pa_type-2-308-c","24":"pa_type-2-308ci","25":"pa_type-2-309c","26":"pa_type-2-309ci","27":"pa_type-2-395-c","28":"badges-style-2","30":"first","31":"instock","32":"taxable","33":"shipping-taxable","34":"purchasable","35":"product-type-simple"},"acf":[],"yoast_head":"<!-- This site is optimized with the Yoast SEO plugin v27.3 - https:\/\/yoast.com\/product\/yoast-seo-wordpress\/ -->\n<title>Volant moteur Fendt - S\u00e9rie C - Montage avec Coupleur - Edel<\/title>\n<meta name=\"description\" content=\"Volant moteur Fendt - S\u00e9rie C - Montage avec Coupleur - Se monte en \u00e9quivalence \u00e0 : 117100101060 117108100070 117108110000 - Tracteur agricole\" \/>\n<meta name=\"robots\" content=\"index, follow, max-snippet:-1, max-image-preview:large, max-video-preview:-1\" \/>\n<link rel=\"canonical\" href=\"https:\/\/edel.fr\/en\/product\/volant-moteur-fendt-serie-c-montage-avec-coupleur\/\" \/>\n<meta property=\"og:locale\" content=\"en_US\" \/>\n<meta property=\"og:type\" content=\"article\" \/>\n<meta property=\"og:title\" content=\"Volant moteur Fendt - S\u00e9rie C - Montage avec Coupleur - Edel\" \/>\n<meta property=\"og:description\" content=\"Volant moteur Fendt - S\u00e9rie C - Montage avec Coupleur - Se monte en \u00e9quivalence \u00e0 : 117100101060 117108100070 117108110000 - Tracteur agricole\" \/>\n<meta property=\"og:url\" content=\"https:\/\/edel.fr\/en\/product\/volant-moteur-fendt-serie-c-montage-avec-coupleur\/\" \/>\n<meta property=\"og:site_name\" content=\"Edel\" \/>\n<meta property=\"article:modified_time\" content=\"2026-02-26T01:00:30+00:00\" \/>\n<meta property=\"og:image\" content=\"https:\/\/edel.fr\/uploads\/2020\/11\/volant-moteur-04E6380V8360.jpg\" \/>\n\t<meta property=\"og:image:width\" content=\"1512\" \/>\n\t<meta property=\"og:image:height\" content=\"1619\" \/>\n\t<meta property=\"og:image:type\" content=\"image\/jpeg\" \/>\n<meta name=\"twitter:card\" content=\"summary_large_image\" \/>\n<meta name=\"twitter:label1\" content=\"Est. reading time\" \/>\n\t<meta name=\"twitter:data1\" content=\"1 minute\" \/>\n<script type=\"application\/ld+json\" class=\"yoast-schema-graph\">{\"@context\":\"https:\\\/\\\/schema.org\",\"@graph\":[{\"@type\":\"WebPage\",\"@id\":\"https:\\\/\\\/edel.fr\\\/produit\\\/volant-moteur-fendt-serie-c-montage-avec-coupleur\\\/\",\"url\":\"https:\\\/\\\/edel.fr\\\/produit\\\/volant-moteur-fendt-serie-c-montage-avec-coupleur\\\/\",\"name\":\"Volant moteur Fendt - S\u00e9rie C - Montage avec Coupleur - Edel\",\"isPartOf\":{\"@id\":\"https:\\\/\\\/www.edel.fr\\\/en\\\/#website\"},\"primaryImageOfPage\":{\"@id\":\"https:\\\/\\\/edel.fr\\\/produit\\\/volant-moteur-fendt-serie-c-montage-avec-coupleur\\\/#primaryimage\"},\"image\":{\"@id\":\"https:\\\/\\\/edel.fr\\\/produit\\\/volant-moteur-fendt-serie-c-montage-avec-coupleur\\\/#primaryimage\"},\"thumbnailUrl\":\"https:\\\/\\\/edel.fr\\\/uploads\\\/2020\\\/11\\\/volant-moteur-04E6380V8360.jpg\",\"datePublished\":\"2020-11-23T14:31:41+00:00\",\"dateModified\":\"2026-02-26T01:00:30+00:00\",\"description\":\"Volant moteur Fendt - S\u00e9rie C - Montage avec Coupleur - Se monte en \u00e9quivalence \u00e0 : 117100101060 117108100070 117108110000 - Tracteur agricole\",\"breadcrumb\":{\"@id\":\"https:\\\/\\\/edel.fr\\\/produit\\\/volant-moteur-fendt-serie-c-montage-avec-coupleur\\\/#breadcrumb\"},\"inLanguage\":\"en-US\",\"potentialAction\":[{\"@type\":\"ReadAction\",\"target\":[\"https:\\\/\\\/edel.fr\\\/produit\\\/volant-moteur-fendt-serie-c-montage-avec-coupleur\\\/\"]}]},{\"@type\":\"ImageObject\",\"inLanguage\":\"en-US\",\"@id\":\"https:\\\/\\\/edel.fr\\\/produit\\\/volant-moteur-fendt-serie-c-montage-avec-coupleur\\\/#primaryimage\",\"url\":\"https:\\\/\\\/edel.fr\\\/uploads\\\/2020\\\/11\\\/volant-moteur-04E6380V8360.jpg\",\"contentUrl\":\"https:\\\/\\\/edel.fr\\\/uploads\\\/2020\\\/11\\\/volant-moteur-04E6380V8360.jpg\",\"width\":1512,\"height\":1619,\"caption\":\"Volant moteur Fendt - S\u00e9rie C - Montage avec Coupleur\"},{\"@type\":\"BreadcrumbList\",\"@id\":\"https:\\\/\\\/edel.fr\\\/produit\\\/volant-moteur-fendt-serie-c-montage-avec-coupleur\\\/#breadcrumb\",\"itemListElement\":[{\"@type\":\"ListItem\",\"position\":1,\"name\":\"Pi\u00e8ce Tracteur\",\"item\":\"https:\\\/\\\/www.edel.fr\\\/en\\\/\"},{\"@type\":\"ListItem\",\"position\":2,\"name\":\"Toutes nos pi\u00e8ces Tracteur\",\"item\":\"https:\\\/\\\/edel.fr\\\/shop\\\/\"},{\"@type\":\"ListItem\",\"position\":3,\"name\":\"Volant moteur Fendt &#8211; S\u00e9rie C &#8211; Montage avec Coupleur\"}]},{\"@type\":\"WebSite\",\"@id\":\"https:\\\/\\\/www.edel.fr\\\/en\\\/#website\",\"url\":\"https:\\\/\\\/www.edel.fr\\\/en\\\/\",\"name\":\"Edel\",\"description\":\"Pi\u00e8ce d\u00e9tach\u00e9e de Tracteur Agricole\",\"publisher\":{\"@id\":\"https:\\\/\\\/www.edel.fr\\\/en\\\/#organization\"},\"potentialAction\":[{\"@type\":\"SearchAction\",\"target\":{\"@type\":\"EntryPoint\",\"urlTemplate\":\"https:\\\/\\\/www.edel.fr\\\/en\\\/?s={search_term_string}\"},\"query-input\":{\"@type\":\"PropertyValueSpecification\",\"valueRequired\":true,\"valueName\":\"search_term_string\"}}],\"inLanguage\":\"en-US\"},{\"@type\":\"Organization\",\"@id\":\"https:\\\/\\\/www.edel.fr\\\/en\\\/#organization\",\"name\":\"Edel\",\"url\":\"https:\\\/\\\/www.edel.fr\\\/en\\\/\",\"logo\":{\"@type\":\"ImageObject\",\"inLanguage\":\"en-US\",\"@id\":\"https:\\\/\\\/www.edel.fr\\\/en\\\/#\\\/schema\\\/logo\\\/image\\\/\",\"url\":\"https:\\\/\\\/www.edel.fr\\\/uploads\\\/2018\\\/11\\\/logo-edel.png\",\"contentUrl\":\"https:\\\/\\\/www.edel.fr\\\/uploads\\\/2018\\\/11\\\/logo-edel.png\",\"width\":257,\"height\":68,\"caption\":\"Edel\"},\"image\":{\"@id\":\"https:\\\/\\\/www.edel.fr\\\/en\\\/#\\\/schema\\\/logo\\\/image\\\/\"}}]}<\/script>\n<!-- \/ Yoast SEO plugin. -->","yoast_head_json":{"title":"Volant moteur Fendt - S\u00e9rie C - Montage avec Coupleur - Edel","description":"Volant moteur Fendt - S\u00e9rie C - Montage avec Coupleur - Se monte en \u00e9quivalence \u00e0 : 117100101060 117108100070 117108110000 - Tracteur agricole","robots":{"index":"index","follow":"follow","max-snippet":"max-snippet:-1","max-image-preview":"max-image-preview:large","max-video-preview":"max-video-preview:-1"},"canonical":"https:\/\/edel.fr\/en\/product\/volant-moteur-fendt-serie-c-montage-avec-coupleur\/","og_locale":"en_US","og_type":"article","og_title":"Volant moteur Fendt - S\u00e9rie C - Montage avec Coupleur - Edel","og_description":"Volant moteur Fendt - S\u00e9rie C - Montage avec Coupleur - Se monte en \u00e9quivalence \u00e0 : 117100101060 117108100070 117108110000 - Tracteur agricole","og_url":"https:\/\/edel.fr\/en\/product\/volant-moteur-fendt-serie-c-montage-avec-coupleur\/","og_site_name":"Edel","article_modified_time":"2026-02-26T01:00:30+00:00","og_image":[{"width":1512,"height":1619,"url":"https:\/\/edel.fr\/uploads\/2020\/11\/volant-moteur-04E6380V8360.jpg","type":"image\/jpeg"}],"twitter_card":"summary_large_image","twitter_misc":{"Est. reading time":"1 minute"},"schema":{"@context":"https:\/\/schema.org","@graph":[{"@type":"WebPage","@id":"https:\/\/edel.fr\/produit\/volant-moteur-fendt-serie-c-montage-avec-coupleur\/","url":"https:\/\/edel.fr\/produit\/volant-moteur-fendt-serie-c-montage-avec-coupleur\/","name":"Volant moteur Fendt - S\u00e9rie C - Montage avec Coupleur - Edel","isPartOf":{"@id":"https:\/\/www.edel.fr\/en\/#website"},"primaryImageOfPage":{"@id":"https:\/\/edel.fr\/produit\/volant-moteur-fendt-serie-c-montage-avec-coupleur\/#primaryimage"},"image":{"@id":"https:\/\/edel.fr\/produit\/volant-moteur-fendt-serie-c-montage-avec-coupleur\/#primaryimage"},"thumbnailUrl":"https:\/\/edel.fr\/uploads\/2020\/11\/volant-moteur-04E6380V8360.jpg","datePublished":"2020-11-23T14:31:41+00:00","dateModified":"2026-02-26T01:00:30+00:00","description":"Volant moteur Fendt - S\u00e9rie C - Montage avec Coupleur - Se monte en \u00e9quivalence \u00e0 : 117100101060 117108100070 117108110000 - Tracteur agricole","breadcrumb":{"@id":"https:\/\/edel.fr\/produit\/volant-moteur-fendt-serie-c-montage-avec-coupleur\/#breadcrumb"},"inLanguage":"en-US","potentialAction":[{"@type":"ReadAction","target":["https:\/\/edel.fr\/produit\/volant-moteur-fendt-serie-c-montage-avec-coupleur\/"]}]},{"@type":"ImageObject","inLanguage":"en-US","@id":"https:\/\/edel.fr\/produit\/volant-moteur-fendt-serie-c-montage-avec-coupleur\/#primaryimage","url":"https:\/\/edel.fr\/uploads\/2020\/11\/volant-moteur-04E6380V8360.jpg","contentUrl":"https:\/\/edel.fr\/uploads\/2020\/11\/volant-moteur-04E6380V8360.jpg","width":1512,"height":1619,"caption":"Volant moteur Fendt - S\u00e9rie C - Montage avec Coupleur"},{"@type":"BreadcrumbList","@id":"https:\/\/edel.fr\/produit\/volant-moteur-fendt-serie-c-montage-avec-coupleur\/#breadcrumb","itemListElement":[{"@type":"ListItem","position":1,"name":"Pi\u00e8ce Tracteur","item":"https:\/\/www.edel.fr\/en\/"},{"@type":"ListItem","position":2,"name":"Toutes nos pi\u00e8ces Tracteur","item":"https:\/\/edel.fr\/shop\/"},{"@type":"ListItem","position":3,"name":"Volant moteur Fendt &#8211; S\u00e9rie C &#8211; Montage avec Coupleur"}]},{"@type":"WebSite","@id":"https:\/\/www.edel.fr\/en\/#website","url":"https:\/\/www.edel.fr\/en\/","name":"Edel","description":"Pi\u00e8ce d\u00e9tach\u00e9e de Tracteur Agricole","publisher":{"@id":"https:\/\/www.edel.fr\/en\/#organization"},"potentialAction":[{"@type":"SearchAction","target":{"@type":"EntryPoint","urlTemplate":"https:\/\/www.edel.fr\/en\/?s={search_term_string}"},"query-input":{"@type":"PropertyValueSpecification","valueRequired":true,"valueName":"search_term_string"}}],"inLanguage":"en-US"},{"@type":"Organization","@id":"https:\/\/www.edel.fr\/en\/#organization","name":"Edel","url":"https:\/\/www.edel.fr\/en\/","logo":{"@type":"ImageObject","inLanguage":"en-US","@id":"https:\/\/www.edel.fr\/en\/#\/schema\/logo\/image\/","url":"https:\/\/www.edel.fr\/uploads\/2018\/11\/logo-edel.png","contentUrl":"https:\/\/www.edel.fr\/uploads\/2018\/11\/logo-edel.png","width":257,"height":68,"caption":"Edel"},"image":{"@id":"https:\/\/www.edel.fr\/en\/#\/schema\/logo\/image\/"}}]}},"_links":{"self":[{"href":"https:\/\/edel.fr\/en\/wp-json\/wp\/v2\/product\/8661","targetHints":{"allow":["GET"]}}],"collection":[{"href":"https:\/\/edel.fr\/en\/wp-json\/wp\/v2\/product"}],"about":[{"href":"https:\/\/edel.fr\/en\/wp-json\/wp\/v2\/types\/product"}],"version-history":[{"count":3,"href":"https:\/\/edel.fr\/en\/wp-json\/wp\/v2\/product\/8661\/revisions"}],"predecessor-version":[{"id":16291,"href":"https:\/\/edel.fr\/en\/wp-json\/wp\/v2\/product\/8661\/revisions\/16291"}],"wp:featuredmedia":[{"embeddable":true,"href":"https:\/\/edel.fr\/en\/wp-json\/wp\/v2\/media\/8662"}],"wp:attachment":[{"href":"https:\/\/edel.fr\/en\/wp-json\/wp\/v2\/media?parent=8661"}],"wp:term":[{"taxonomy":"product_brand","embeddable":true,"href":"https:\/\/edel.fr\/en\/wp-json\/wp\/v2\/product_brand?post=8661"},{"taxonomy":"product_cat","embeddable":true,"href":"https:\/\/edel.fr\/en\/wp-json\/wp\/v2\/product_cat?post=8661"},{"taxonomy":"product_tag","embeddable":true,"href":"https:\/\/edel.fr\/en\/wp-json\/wp\/v2\/product_tag?post=8661"},{"taxonomy":"tracteur","embeddable":true,"href":"https:\/\/edel.fr\/en\/wp-json\/wp\/v2\/tracteur?post=8661"}],"curies":[{"name":"wp","href":"https:\/\/api.w.org\/{rel}","templated":true}]}}