{"id":8678,"date":"2020-11-24T14:28:08","date_gmt":"2020-11-24T13:28:08","guid":{"rendered":"https:\/\/www.edel.fr\/?post_type=product&#038;p=8678"},"modified":"2026-04-03T03:01:02","modified_gmt":"2026-04-03T01:01:02","slug":"joint-couvercle-papier-case-ih-montage-ihc","status":"publish","type":"product","link":"https:\/\/edel.fr\/en\/product\/joint-couvercle-papier-case-ih-montage-ihc\/","title":{"rendered":"Joint Couvercle Papier &#8211; Case IH | Montage IHC"},"content":{"rendered":"<div data-elementor-type=\"wp-post\" data-elementor-id=\"8678\" class=\"elementor elementor-8678\">\n\t\t\t\t\t\t<section class=\"elementor-section elementor-top-section elementor-element elementor-element-3b626ae elementor-section-boxed elementor-section-height-default elementor-section-height-default\" data-id=\"3b626ae\" data-element_type=\"section\" data-e-type=\"section\">\n\t\t\t\t\t\t<div class=\"elementor-container elementor-column-gap-default\">\n\t\t\t\t\t<div class=\"elementor-column elementor-col-100 elementor-top-column elementor-element elementor-element-3238098d\" data-id=\"3238098d\" data-element_type=\"column\" data-e-type=\"column\">\n\t\t\t<div class=\"elementor-widget-wrap elementor-element-populated\">\n\t\t\t\t\t\t<div class=\"elementor-element elementor-element-147e65cd elementor-widget elementor-widget-heading\" data-id=\"147e65cd\" data-element_type=\"widget\" data-e-type=\"widget\" data-widget_type=\"heading.default\">\n\t\t\t\t<div class=\"elementor-widget-container\">\n\t\t\t\t\t<h2 class=\"elementor-heading-title elementor-size-default\">Joint Couvercle Papier Tracteur Case IH - Montage CASE \/ IHC<\/h2>\t\t\t\t<\/div>\n\t\t\t\t<\/div>\n\t\t\t\t<div class=\"elementor-element elementor-element-5be1219e elementor-widget elementor-widget-heading\" data-id=\"5be1219e\" data-element_type=\"widget\" data-e-type=\"widget\" data-widget_type=\"heading.default\">\n\t\t\t\t<div class=\"elementor-widget-container\">\n\t\t\t\t\t<h3 class=\"elementor-heading-title elementor-size-default\">Information du produit :<\/h3>\t\t\t\t<\/div>\n\t\t\t\t<\/div>\n\t\t\t\t\t<\/div>\n\t\t<\/div>\n\t\t\t\t\t<\/div>\n\t\t<\/section>\n\t\t\t\t<section class=\"elementor-section elementor-top-section elementor-element elementor-element-290ca7d1 elementor-section-boxed elementor-section-height-default elementor-section-height-default\" data-id=\"290ca7d1\" data-element_type=\"section\" data-e-type=\"section\">\n\t\t\t\t\t\t<div class=\"elementor-container elementor-column-gap-default\">\n\t\t\t\t\t<div class=\"elementor-column elementor-col-100 elementor-top-column elementor-element elementor-element-773f35b7\" data-id=\"773f35b7\" data-element_type=\"column\" data-e-type=\"column\">\n\t\t\t<div class=\"elementor-widget-wrap elementor-element-populated\">\n\t\t\t\t\t\t<div class=\"elementor-element elementor-element-7774c225 elementor-widget elementor-widget-text-editor\" data-id=\"7774c225\" data-element_type=\"widget\" data-e-type=\"widget\" data-widget_type=\"text-editor.default\">\n\t\t\t\t<div class=\"elementor-widget-container\">\n\t\t\t\t\t\t\t\t\t<p>Qualit\u00e9 origine Reintz ou Elring selon arrivage.<\/p><div>\u00a0<\/div>\t\t\t\t\t\t\t\t<\/div>\n\t\t\t\t<\/div>\n\t\t\t\t\t<\/div>\n\t\t<\/div>\n\t\t\t\t\t<\/div>\n\t\t<\/section>\n\t\t\t\t<\/div>","protected":false},"excerpt":{"rendered":"<p>Joint Couvercle Papier Tracteur Case IH &#8211; Montage CASE \/ IHC Information du produit : Qualit\u00e9 origine Reintz ou Elring selon arrivage.<\/p>","protected":false},"featured_media":8679,"template":"","meta":[],"product_brand":[],"product_cat":[2536,119,120],"product_tag":[],"tracteur":[],"class_list":{"0":"post-8678","1":"product","2":"type-product","3":"status-publish","4":"has-post-thumbnail","6":"product_cat-joints-spi","7":"product_cat-tracteurs-agricoles","8":"product_cat-transmissions","9":"product_shipping_class-142","10":"pa_fabriquant-selection-edel","11":"pa_marque-moteur-moteur-case-ih","12":"pa_qualite-origine","13":"pa_type-moteur-d179","14":"pa_type-moteur-d239","15":"pa_type-moteur-d358","16":"badges-style-2","18":"first","19":"instock","20":"taxable","21":"shipping-taxable","22":"purchasable","23":"product-type-simple"},"acf":[],"yoast_head":"<!-- This site is optimized with the Yoast SEO plugin v27.3 - https:\/\/yoast.com\/product\/yoast-seo-wordpress\/ -->\n<title>Joint Couvercle Papier - Case IH | Montage IHC - Edel<\/title>\n<meta name=\"description\" content=\"Joint Couvercle Papier - Case IH | Montage IHC | 1046 1056 1246 1255 361 433 453 50 51 523 533 554 60 624 633 644 645 70 724 744 82 824 833 955\" \/>\n<meta name=\"robots\" content=\"index, follow, max-snippet:-1, max-image-preview:large, max-video-preview:-1\" \/>\n<link rel=\"canonical\" href=\"http:\/\/edel.fr\/en\/product\/joint-couvercle-papier-case-ih-montage-ihc\/\" \/>\n<meta property=\"og:locale\" content=\"en_US\" \/>\n<meta property=\"og:type\" content=\"article\" \/>\n<meta property=\"og:title\" content=\"Joint Couvercle Papier - Case IH | Montage IHC - Edel\" \/>\n<meta property=\"og:description\" content=\"Joint Couvercle Papier - Case IH | Montage IHC | 1046 1056 1246 1255 361 433 453 50 51 523 533 554 60 624 633 644 645 70 724 744 82 824 833 955\" \/>\n<meta property=\"og:url\" content=\"http:\/\/edel.fr\/en\/product\/joint-couvercle-papier-case-ih-montage-ihc\/\" \/>\n<meta property=\"og:site_name\" content=\"Edel\" \/>\n<meta property=\"article:modified_time\" content=\"2026-04-03T01:01:02+00:00\" \/>\n<meta property=\"og:image\" content=\"http:\/\/edel.fr\/uploads\/2020\/11\/plaque-im.jpg\" \/>\n\t<meta property=\"og:image:width\" content=\"1512\" \/>\n\t<meta property=\"og:image:height\" content=\"1709\" \/>\n\t<meta property=\"og:image:type\" content=\"image\/jpeg\" \/>\n<meta name=\"twitter:card\" content=\"summary_large_image\" \/>\n<meta name=\"twitter:label1\" content=\"Est. reading time\" \/>\n\t<meta name=\"twitter:data1\" content=\"1 minute\" \/>\n<script type=\"application\/ld+json\" class=\"yoast-schema-graph\">{\"@context\":\"https:\\\/\\\/schema.org\",\"@graph\":[{\"@type\":\"WebPage\",\"@id\":\"http:\\\/\\\/edel.fr\\\/produit\\\/joint-couvercle-papier-case-ih-montage-ihc\\\/\",\"url\":\"http:\\\/\\\/edel.fr\\\/produit\\\/joint-couvercle-papier-case-ih-montage-ihc\\\/\",\"name\":\"Joint Couvercle Papier - Case IH | Montage IHC - Edel\",\"isPartOf\":{\"@id\":\"https:\\\/\\\/www.edel.fr\\\/en\\\/#website\"},\"primaryImageOfPage\":{\"@id\":\"http:\\\/\\\/edel.fr\\\/produit\\\/joint-couvercle-papier-case-ih-montage-ihc\\\/#primaryimage\"},\"image\":{\"@id\":\"http:\\\/\\\/edel.fr\\\/produit\\\/joint-couvercle-papier-case-ih-montage-ihc\\\/#primaryimage\"},\"thumbnailUrl\":\"https:\\\/\\\/edel.fr\\\/uploads\\\/2020\\\/11\\\/plaque-im.jpg\",\"datePublished\":\"2020-11-24T13:28:08+00:00\",\"dateModified\":\"2026-04-03T01:01:02+00:00\",\"description\":\"Joint Couvercle Papier - Case IH | Montage IHC | 1046 1056 1246 1255 361 433 453 50 51 523 533 554 60 624 633 644 645 70 724 744 82 824 833 955\",\"breadcrumb\":{\"@id\":\"http:\\\/\\\/edel.fr\\\/produit\\\/joint-couvercle-papier-case-ih-montage-ihc\\\/#breadcrumb\"},\"inLanguage\":\"en-US\",\"potentialAction\":[{\"@type\":\"ReadAction\",\"target\":[\"http:\\\/\\\/edel.fr\\\/produit\\\/joint-couvercle-papier-case-ih-montage-ihc\\\/\"]}]},{\"@type\":\"ImageObject\",\"inLanguage\":\"en-US\",\"@id\":\"http:\\\/\\\/edel.fr\\\/produit\\\/joint-couvercle-papier-case-ih-montage-ihc\\\/#primaryimage\",\"url\":\"https:\\\/\\\/edel.fr\\\/uploads\\\/2020\\\/11\\\/plaque-im.jpg\",\"contentUrl\":\"https:\\\/\\\/edel.fr\\\/uploads\\\/2020\\\/11\\\/plaque-im.jpg\",\"width\":1512,\"height\":1709,\"caption\":\"Joint couvercle Papier IH\"},{\"@type\":\"BreadcrumbList\",\"@id\":\"http:\\\/\\\/edel.fr\\\/produit\\\/joint-couvercle-papier-case-ih-montage-ihc\\\/#breadcrumb\",\"itemListElement\":[{\"@type\":\"ListItem\",\"position\":1,\"name\":\"Pi\u00e8ce Tracteur\",\"item\":\"https:\\\/\\\/www.edel.fr\\\/en\\\/\"},{\"@type\":\"ListItem\",\"position\":2,\"name\":\"Toutes nos pi\u00e8ces Tracteur\",\"item\":\"https:\\\/\\\/edel.fr\\\/shop\\\/\"},{\"@type\":\"ListItem\",\"position\":3,\"name\":\"Joint Couvercle Papier &#8211; Case IH | Montage IHC\"}]},{\"@type\":\"WebSite\",\"@id\":\"https:\\\/\\\/www.edel.fr\\\/en\\\/#website\",\"url\":\"https:\\\/\\\/www.edel.fr\\\/en\\\/\",\"name\":\"Edel\",\"description\":\"Pi\u00e8ce d\u00e9tach\u00e9e de Tracteur Agricole\",\"publisher\":{\"@id\":\"https:\\\/\\\/www.edel.fr\\\/en\\\/#organization\"},\"potentialAction\":[{\"@type\":\"SearchAction\",\"target\":{\"@type\":\"EntryPoint\",\"urlTemplate\":\"https:\\\/\\\/www.edel.fr\\\/en\\\/?s={search_term_string}\"},\"query-input\":{\"@type\":\"PropertyValueSpecification\",\"valueRequired\":true,\"valueName\":\"search_term_string\"}}],\"inLanguage\":\"en-US\"},{\"@type\":\"Organization\",\"@id\":\"https:\\\/\\\/www.edel.fr\\\/en\\\/#organization\",\"name\":\"Edel\",\"url\":\"https:\\\/\\\/www.edel.fr\\\/en\\\/\",\"logo\":{\"@type\":\"ImageObject\",\"inLanguage\":\"en-US\",\"@id\":\"https:\\\/\\\/www.edel.fr\\\/en\\\/#\\\/schema\\\/logo\\\/image\\\/\",\"url\":\"https:\\\/\\\/www.edel.fr\\\/uploads\\\/2018\\\/11\\\/logo-edel.png\",\"contentUrl\":\"https:\\\/\\\/www.edel.fr\\\/uploads\\\/2018\\\/11\\\/logo-edel.png\",\"width\":257,\"height\":68,\"caption\":\"Edel\"},\"image\":{\"@id\":\"https:\\\/\\\/www.edel.fr\\\/en\\\/#\\\/schema\\\/logo\\\/image\\\/\"}}]}<\/script>\n<!-- \/ Yoast SEO plugin. -->","yoast_head_json":{"title":"Joint Couvercle Papier - Case IH | Montage IHC - Edel","description":"Joint Couvercle Papier - Case IH | Montage IHC | 1046 1056 1246 1255 361 433 453 50 51 523 533 554 60 624 633 644 645 70 724 744 82 824 833 955","robots":{"index":"index","follow":"follow","max-snippet":"max-snippet:-1","max-image-preview":"max-image-preview:large","max-video-preview":"max-video-preview:-1"},"canonical":"http:\/\/edel.fr\/en\/product\/joint-couvercle-papier-case-ih-montage-ihc\/","og_locale":"en_US","og_type":"article","og_title":"Joint Couvercle Papier - Case IH | Montage IHC - Edel","og_description":"Joint Couvercle Papier - Case IH | Montage IHC | 1046 1056 1246 1255 361 433 453 50 51 523 533 554 60 624 633 644 645 70 724 744 82 824 833 955","og_url":"http:\/\/edel.fr\/en\/product\/joint-couvercle-papier-case-ih-montage-ihc\/","og_site_name":"Edel","article_modified_time":"2026-04-03T01:01:02+00:00","og_image":[{"width":1512,"height":1709,"url":"http:\/\/edel.fr\/uploads\/2020\/11\/plaque-im.jpg","type":"image\/jpeg"}],"twitter_card":"summary_large_image","twitter_misc":{"Est. reading time":"1 minute"},"schema":{"@context":"https:\/\/schema.org","@graph":[{"@type":"WebPage","@id":"http:\/\/edel.fr\/produit\/joint-couvercle-papier-case-ih-montage-ihc\/","url":"http:\/\/edel.fr\/produit\/joint-couvercle-papier-case-ih-montage-ihc\/","name":"Joint Couvercle Papier - Case IH | Montage IHC - Edel","isPartOf":{"@id":"https:\/\/www.edel.fr\/en\/#website"},"primaryImageOfPage":{"@id":"http:\/\/edel.fr\/produit\/joint-couvercle-papier-case-ih-montage-ihc\/#primaryimage"},"image":{"@id":"http:\/\/edel.fr\/produit\/joint-couvercle-papier-case-ih-montage-ihc\/#primaryimage"},"thumbnailUrl":"https:\/\/edel.fr\/uploads\/2020\/11\/plaque-im.jpg","datePublished":"2020-11-24T13:28:08+00:00","dateModified":"2026-04-03T01:01:02+00:00","description":"Joint Couvercle Papier - Case IH | Montage IHC | 1046 1056 1246 1255 361 433 453 50 51 523 533 554 60 624 633 644 645 70 724 744 82 824 833 955","breadcrumb":{"@id":"http:\/\/edel.fr\/produit\/joint-couvercle-papier-case-ih-montage-ihc\/#breadcrumb"},"inLanguage":"en-US","potentialAction":[{"@type":"ReadAction","target":["http:\/\/edel.fr\/produit\/joint-couvercle-papier-case-ih-montage-ihc\/"]}]},{"@type":"ImageObject","inLanguage":"en-US","@id":"http:\/\/edel.fr\/produit\/joint-couvercle-papier-case-ih-montage-ihc\/#primaryimage","url":"https:\/\/edel.fr\/uploads\/2020\/11\/plaque-im.jpg","contentUrl":"https:\/\/edel.fr\/uploads\/2020\/11\/plaque-im.jpg","width":1512,"height":1709,"caption":"Joint couvercle Papier IH"},{"@type":"BreadcrumbList","@id":"http:\/\/edel.fr\/produit\/joint-couvercle-papier-case-ih-montage-ihc\/#breadcrumb","itemListElement":[{"@type":"ListItem","position":1,"name":"Pi\u00e8ce Tracteur","item":"https:\/\/www.edel.fr\/en\/"},{"@type":"ListItem","position":2,"name":"Toutes nos pi\u00e8ces Tracteur","item":"https:\/\/edel.fr\/shop\/"},{"@type":"ListItem","position":3,"name":"Joint Couvercle Papier &#8211; Case IH | Montage IHC"}]},{"@type":"WebSite","@id":"https:\/\/www.edel.fr\/en\/#website","url":"https:\/\/www.edel.fr\/en\/","name":"Edel","description":"Pi\u00e8ce d\u00e9tach\u00e9e de Tracteur Agricole","publisher":{"@id":"https:\/\/www.edel.fr\/en\/#organization"},"potentialAction":[{"@type":"SearchAction","target":{"@type":"EntryPoint","urlTemplate":"https:\/\/www.edel.fr\/en\/?s={search_term_string}"},"query-input":{"@type":"PropertyValueSpecification","valueRequired":true,"valueName":"search_term_string"}}],"inLanguage":"en-US"},{"@type":"Organization","@id":"https:\/\/www.edel.fr\/en\/#organization","name":"Edel","url":"https:\/\/www.edel.fr\/en\/","logo":{"@type":"ImageObject","inLanguage":"en-US","@id":"https:\/\/www.edel.fr\/en\/#\/schema\/logo\/image\/","url":"https:\/\/www.edel.fr\/uploads\/2018\/11\/logo-edel.png","contentUrl":"https:\/\/www.edel.fr\/uploads\/2018\/11\/logo-edel.png","width":257,"height":68,"caption":"Edel"},"image":{"@id":"https:\/\/www.edel.fr\/en\/#\/schema\/logo\/image\/"}}]}},"_links":{"self":[{"href":"https:\/\/edel.fr\/en\/wp-json\/wp\/v2\/product\/8678","targetHints":{"allow":["GET"]}}],"collection":[{"href":"https:\/\/edel.fr\/en\/wp-json\/wp\/v2\/product"}],"about":[{"href":"https:\/\/edel.fr\/en\/wp-json\/wp\/v2\/types\/product"}],"version-history":[{"count":2,"href":"https:\/\/edel.fr\/en\/wp-json\/wp\/v2\/product\/8678\/revisions"}],"predecessor-version":[{"id":17893,"href":"https:\/\/edel.fr\/en\/wp-json\/wp\/v2\/product\/8678\/revisions\/17893"}],"wp:featuredmedia":[{"embeddable":true,"href":"https:\/\/edel.fr\/en\/wp-json\/wp\/v2\/media\/8679"}],"wp:attachment":[{"href":"https:\/\/edel.fr\/en\/wp-json\/wp\/v2\/media?parent=8678"}],"wp:term":[{"taxonomy":"product_brand","embeddable":true,"href":"https:\/\/edel.fr\/en\/wp-json\/wp\/v2\/product_brand?post=8678"},{"taxonomy":"product_cat","embeddable":true,"href":"https:\/\/edel.fr\/en\/wp-json\/wp\/v2\/product_cat?post=8678"},{"taxonomy":"product_tag","embeddable":true,"href":"https:\/\/edel.fr\/en\/wp-json\/wp\/v2\/product_tag?post=8678"},{"taxonomy":"tracteur","embeddable":true,"href":"https:\/\/edel.fr\/en\/wp-json\/wp\/v2\/tracteur?post=8678"}],"curies":[{"name":"wp","href":"https:\/\/api.w.org\/{rel}","templated":true}]}}