{"id":8688,"date":"2020-11-24T14:37:12","date_gmt":"2020-11-24T13:37:12","guid":{"rendered":"https:\/\/www.edel.fr\/?post_type=product&#038;p=8688"},"modified":"2026-04-03T03:00:55","modified_gmt":"2026-04-03T01:00:55","slug":"joint-spi-arriere-perkins-1338-x-1586-x-11","status":"publish","type":"product","link":"https:\/\/edel.fr\/en\/product\/joint-spi-arriere-perkins-1338-x-1586-x-11\/","title":{"rendered":"Joint Spi Arri\u00e8re Perkins | 133,8 x 158,6 x 11"},"content":{"rendered":"<div data-elementor-type=\"wp-post\" data-elementor-id=\"8688\" class=\"elementor elementor-8688\">\n\t\t\t\t\t\t<section class=\"elementor-section elementor-top-section elementor-element elementor-element-41ac7f98 elementor-section-boxed elementor-section-height-default elementor-section-height-default\" data-id=\"41ac7f98\" data-element_type=\"section\" data-e-type=\"section\">\n\t\t\t\t\t\t<div class=\"elementor-container elementor-column-gap-default\">\n\t\t\t\t\t<div class=\"elementor-column elementor-col-100 elementor-top-column elementor-element elementor-element-4029a78d\" data-id=\"4029a78d\" data-element_type=\"column\" data-e-type=\"column\">\n\t\t\t<div class=\"elementor-widget-wrap elementor-element-populated\">\n\t\t\t\t\t\t<div class=\"elementor-element elementor-element-42f5fad1 elementor-widget elementor-widget-heading\" data-id=\"42f5fad1\" data-element_type=\"widget\" data-e-type=\"widget\" data-widget_type=\"heading.default\">\n\t\t\t\t<div class=\"elementor-widget-container\">\n\t\t\t\t\t<h2 class=\"elementor-heading-title elementor-size-default\">JOINT SPI TRACTEUR PERKINS - ARRI\u00c8RE<\/h2>\t\t\t\t<\/div>\n\t\t\t\t<\/div>\n\t\t\t\t<div class=\"elementor-element elementor-element-1f00ba60 elementor-widget elementor-widget-heading\" data-id=\"1f00ba60\" data-element_type=\"widget\" data-e-type=\"widget\" data-widget_type=\"heading.default\">\n\t\t\t\t<div class=\"elementor-widget-container\">\n\t\t\t\t\t<h3 class=\"elementor-heading-title elementor-size-default\">Information du produit :<\/h3>\t\t\t\t<\/div>\n\t\t\t\t<\/div>\n\t\t\t\t\t<\/div>\n\t\t<\/div>\n\t\t\t\t\t<\/div>\n\t\t<\/section>\n\t\t\t\t<section class=\"elementor-section elementor-top-section elementor-element elementor-element-6772f3ff elementor-section-boxed elementor-section-height-default elementor-section-height-default\" data-id=\"6772f3ff\" data-element_type=\"section\" data-e-type=\"section\">\n\t\t\t\t\t\t<div class=\"elementor-container elementor-column-gap-default\">\n\t\t\t\t\t<div class=\"elementor-column elementor-col-100 elementor-top-column elementor-element elementor-element-31504a6f\" data-id=\"31504a6f\" data-element_type=\"column\" data-e-type=\"column\">\n\t\t\t<div class=\"elementor-widget-wrap elementor-element-populated\">\n\t\t\t\t\t\t<div class=\"elementor-element elementor-element-2b7c2022 elementor-widget elementor-widget-text-editor\" data-id=\"2b7c2022\" data-element_type=\"widget\" data-e-type=\"widget\" data-widget_type=\"text-editor.default\">\n\t\t\t\t<div class=\"elementor-widget-container\">\n\t\t\t\t\t\t\t\t\t<p>133,8 x 158,6 x 11 &#8211; Cot\u00e9 volant moteur.<\/p><p>Qualit\u00e9 origine Reintz ou Elring selon arrivage.<\/p><div>\u00a0<\/div>\t\t\t\t\t\t\t\t<\/div>\n\t\t\t\t<\/div>\n\t\t\t\t\t<\/div>\n\t\t<\/div>\n\t\t\t\t\t<\/div>\n\t\t<\/section>\n\t\t\t\t<\/div>","protected":false},"excerpt":{"rendered":"<p>JOINT SPI TRACTEUR PERKINS &#8211; ARRI\u00c8RE Information du produit : 133,8 x 158,6 x 11 &#8211; Cot\u00e9 volant moteur. Qualit\u00e9 origine Reintz ou Elring selon arrivage.<\/p>","protected":false},"featured_media":8689,"template":"","meta":[],"product_brand":[],"product_cat":[2536,119,120],"product_tag":[],"tracteur":[],"class_list":{"0":"post-8688","1":"product","2":"type-product","3":"status-publish","4":"has-post-thumbnail","6":"product_cat-joints-spi","7":"product_cat-tracteurs-agricoles","8":"product_cat-transmissions","9":"product_shipping_class-142","10":"pa_diametre-exterieur-4613","11":"pa_diametre-interieur-4612","12":"pa_fabriquant-elring","13":"pa_fabriquant-victor-reinz","14":"pa_marque-tracteur-massey-ferguson","15":"pa_type-2-1193","16":"pa_type-2-2090","17":"pa_type-2-1195","18":"pa_type-2-1197","19":"pa_type-2-2354","20":"pa_type-2-1198","21":"pa_type-2-1200","22":"pa_type-2-2105","23":"pa_type-2-1201","24":"pa_type-2-1202","25":"pa_type-2-1203","26":"pa_type-2-1428","27":"pa_type-2-1205","28":"pa_type-2-2002","29":"pa_type-2-1207","30":"pa_type-2-1919","31":"pa_type-2-1883","32":"pa_type-2-1430","33":"pa_type-2-2837","34":"pa_type-2-1431","35":"pa_type-2-1434","36":"pa_type-2-1437","37":"badges-style-2","39":"first","40":"instock","41":"taxable","42":"shipping-taxable","43":"purchasable","44":"product-type-simple"},"acf":[],"yoast_head":"<!-- This site is optimized with the Yoast SEO plugin v27.3 - https:\/\/yoast.com\/product\/yoast-seo-wordpress\/ -->\n<title>Joint Spi Arri\u00e8re Perkins | 133,8 x 158,6 x 11 - Edel<\/title>\n<meta name=\"description\" content=\"Joint Spi Arri\u00e8re Perkins | 133,8 x 158,6 x 11 | 148 152 158 168 177 178 188 230 240 245 250 255 265 285 290 350 355 - Qualit\u00e9 origine - Tracteur Agricole\" \/>\n<meta name=\"robots\" content=\"index, follow, max-snippet:-1, max-image-preview:large, max-video-preview:-1\" \/>\n<link rel=\"canonical\" href=\"https:\/\/edel.fr\/en\/product\/joint-spi-arriere-perkins-1338-x-1586-x-11\/\" \/>\n<meta property=\"og:locale\" content=\"en_US\" \/>\n<meta property=\"og:type\" content=\"article\" \/>\n<meta property=\"og:title\" content=\"Joint Spi Arri\u00e8re Perkins | 133,8 x 158,6 x 11 - Edel\" \/>\n<meta property=\"og:description\" content=\"Joint Spi Arri\u00e8re Perkins | 133,8 x 158,6 x 11 | 148 152 158 168 177 178 188 230 240 245 250 255 265 285 290 350 355 - Qualit\u00e9 origine - Tracteur Agricole\" \/>\n<meta property=\"og:url\" content=\"https:\/\/edel.fr\/en\/product\/joint-spi-arriere-perkins-1338-x-1586-x-11\/\" \/>\n<meta property=\"og:site_name\" content=\"Edel\" \/>\n<meta property=\"article:modified_time\" content=\"2026-04-03T01:00:55+00:00\" \/>\n<meta property=\"og:image\" content=\"https:\/\/edel.fr\/uploads\/2020\/11\/joint-spi-perkins.jpg\" \/>\n\t<meta property=\"og:image:width\" content=\"1512\" \/>\n\t<meta property=\"og:image:height\" content=\"1561\" \/>\n\t<meta property=\"og:image:type\" content=\"image\/jpeg\" \/>\n<meta name=\"twitter:card\" content=\"summary_large_image\" \/>\n<meta name=\"twitter:label1\" content=\"Est. reading time\" \/>\n\t<meta name=\"twitter:data1\" content=\"1 minute\" \/>\n<script type=\"application\/ld+json\" class=\"yoast-schema-graph\">{\"@context\":\"https:\\\/\\\/schema.org\",\"@graph\":[{\"@type\":\"WebPage\",\"@id\":\"https:\\\/\\\/edel.fr\\\/en\\\/product\\\/joint-spi-arriere-perkins-1338-x-1586-x-11\\\/\",\"url\":\"https:\\\/\\\/edel.fr\\\/en\\\/product\\\/joint-spi-arriere-perkins-1338-x-1586-x-11\\\/\",\"name\":\"Joint Spi Arri\u00e8re Perkins | 133,8 x 158,6 x 11 - Edel\",\"isPartOf\":{\"@id\":\"https:\\\/\\\/www.edel.fr\\\/en\\\/#website\"},\"primaryImageOfPage\":{\"@id\":\"https:\\\/\\\/edel.fr\\\/en\\\/product\\\/joint-spi-arriere-perkins-1338-x-1586-x-11\\\/#primaryimage\"},\"image\":{\"@id\":\"https:\\\/\\\/edel.fr\\\/en\\\/product\\\/joint-spi-arriere-perkins-1338-x-1586-x-11\\\/#primaryimage\"},\"thumbnailUrl\":\"https:\\\/\\\/edel.fr\\\/uploads\\\/2020\\\/11\\\/joint-spi-perkins.jpg\",\"datePublished\":\"2020-11-24T13:37:12+00:00\",\"dateModified\":\"2026-04-03T01:00:55+00:00\",\"description\":\"Joint Spi Arri\u00e8re Perkins | 133,8 x 158,6 x 11 | 148 152 158 168 177 178 188 230 240 245 250 255 265 285 290 350 355 - Qualit\u00e9 origine - Tracteur Agricole\",\"breadcrumb\":{\"@id\":\"https:\\\/\\\/edel.fr\\\/en\\\/product\\\/joint-spi-arriere-perkins-1338-x-1586-x-11\\\/#breadcrumb\"},\"inLanguage\":\"en-US\",\"potentialAction\":[{\"@type\":\"ReadAction\",\"target\":[\"https:\\\/\\\/edel.fr\\\/en\\\/product\\\/joint-spi-arriere-perkins-1338-x-1586-x-11\\\/\"]}]},{\"@type\":\"ImageObject\",\"inLanguage\":\"en-US\",\"@id\":\"https:\\\/\\\/edel.fr\\\/en\\\/product\\\/joint-spi-arriere-perkins-1338-x-1586-x-11\\\/#primaryimage\",\"url\":\"https:\\\/\\\/edel.fr\\\/uploads\\\/2020\\\/11\\\/joint-spi-perkins.jpg\",\"contentUrl\":\"https:\\\/\\\/edel.fr\\\/uploads\\\/2020\\\/11\\\/joint-spi-perkins.jpg\",\"width\":1512,\"height\":1561,\"caption\":\"Joint Spi Arri\u00e8re Perkins | 133,8 x 158,6 x 11\"},{\"@type\":\"BreadcrumbList\",\"@id\":\"https:\\\/\\\/edel.fr\\\/en\\\/product\\\/joint-spi-arriere-perkins-1338-x-1586-x-11\\\/#breadcrumb\",\"itemListElement\":[{\"@type\":\"ListItem\",\"position\":1,\"name\":\"Pi\u00e8ce Tracteur\",\"item\":\"https:\\\/\\\/www.edel.fr\\\/en\\\/\"},{\"@type\":\"ListItem\",\"position\":2,\"name\":\"Toutes nos pi\u00e8ces Tracteur\",\"item\":\"https:\\\/\\\/edel.fr\\\/shop\\\/\"},{\"@type\":\"ListItem\",\"position\":3,\"name\":\"Joint Spi Arri\u00e8re Perkins | 133,8 x 158,6 x 11\"}]},{\"@type\":\"WebSite\",\"@id\":\"https:\\\/\\\/www.edel.fr\\\/en\\\/#website\",\"url\":\"https:\\\/\\\/www.edel.fr\\\/en\\\/\",\"name\":\"Edel\",\"description\":\"Pi\u00e8ce d\u00e9tach\u00e9e de Tracteur Agricole\",\"publisher\":{\"@id\":\"https:\\\/\\\/www.edel.fr\\\/en\\\/#organization\"},\"potentialAction\":[{\"@type\":\"SearchAction\",\"target\":{\"@type\":\"EntryPoint\",\"urlTemplate\":\"https:\\\/\\\/www.edel.fr\\\/en\\\/?s={search_term_string}\"},\"query-input\":{\"@type\":\"PropertyValueSpecification\",\"valueRequired\":true,\"valueName\":\"search_term_string\"}}],\"inLanguage\":\"en-US\"},{\"@type\":\"Organization\",\"@id\":\"https:\\\/\\\/www.edel.fr\\\/en\\\/#organization\",\"name\":\"Edel\",\"url\":\"https:\\\/\\\/www.edel.fr\\\/en\\\/\",\"logo\":{\"@type\":\"ImageObject\",\"inLanguage\":\"en-US\",\"@id\":\"https:\\\/\\\/www.edel.fr\\\/en\\\/#\\\/schema\\\/logo\\\/image\\\/\",\"url\":\"https:\\\/\\\/www.edel.fr\\\/uploads\\\/2018\\\/11\\\/logo-edel.png\",\"contentUrl\":\"https:\\\/\\\/www.edel.fr\\\/uploads\\\/2018\\\/11\\\/logo-edel.png\",\"width\":257,\"height\":68,\"caption\":\"Edel\"},\"image\":{\"@id\":\"https:\\\/\\\/www.edel.fr\\\/en\\\/#\\\/schema\\\/logo\\\/image\\\/\"}}]}<\/script>\n<!-- \/ Yoast SEO plugin. -->","yoast_head_json":{"title":"Joint Spi Arri\u00e8re Perkins | 133,8 x 158,6 x 11 - Edel","description":"Joint Spi Arri\u00e8re Perkins | 133,8 x 158,6 x 11 | 148 152 158 168 177 178 188 230 240 245 250 255 265 285 290 350 355 - Qualit\u00e9 origine - Tracteur Agricole","robots":{"index":"index","follow":"follow","max-snippet":"max-snippet:-1","max-image-preview":"max-image-preview:large","max-video-preview":"max-video-preview:-1"},"canonical":"https:\/\/edel.fr\/en\/product\/joint-spi-arriere-perkins-1338-x-1586-x-11\/","og_locale":"en_US","og_type":"article","og_title":"Joint Spi Arri\u00e8re Perkins | 133,8 x 158,6 x 11 - Edel","og_description":"Joint Spi Arri\u00e8re Perkins | 133,8 x 158,6 x 11 | 148 152 158 168 177 178 188 230 240 245 250 255 265 285 290 350 355 - Qualit\u00e9 origine - Tracteur Agricole","og_url":"https:\/\/edel.fr\/en\/product\/joint-spi-arriere-perkins-1338-x-1586-x-11\/","og_site_name":"Edel","article_modified_time":"2026-04-03T01:00:55+00:00","og_image":[{"width":1512,"height":1561,"url":"https:\/\/edel.fr\/uploads\/2020\/11\/joint-spi-perkins.jpg","type":"image\/jpeg"}],"twitter_card":"summary_large_image","twitter_misc":{"Est. reading time":"1 minute"},"schema":{"@context":"https:\/\/schema.org","@graph":[{"@type":"WebPage","@id":"https:\/\/edel.fr\/en\/product\/joint-spi-arriere-perkins-1338-x-1586-x-11\/","url":"https:\/\/edel.fr\/en\/product\/joint-spi-arriere-perkins-1338-x-1586-x-11\/","name":"Joint Spi Arri\u00e8re Perkins | 133,8 x 158,6 x 11 - Edel","isPartOf":{"@id":"https:\/\/www.edel.fr\/en\/#website"},"primaryImageOfPage":{"@id":"https:\/\/edel.fr\/en\/product\/joint-spi-arriere-perkins-1338-x-1586-x-11\/#primaryimage"},"image":{"@id":"https:\/\/edel.fr\/en\/product\/joint-spi-arriere-perkins-1338-x-1586-x-11\/#primaryimage"},"thumbnailUrl":"https:\/\/edel.fr\/uploads\/2020\/11\/joint-spi-perkins.jpg","datePublished":"2020-11-24T13:37:12+00:00","dateModified":"2026-04-03T01:00:55+00:00","description":"Joint Spi Arri\u00e8re Perkins | 133,8 x 158,6 x 11 | 148 152 158 168 177 178 188 230 240 245 250 255 265 285 290 350 355 - Qualit\u00e9 origine - Tracteur Agricole","breadcrumb":{"@id":"https:\/\/edel.fr\/en\/product\/joint-spi-arriere-perkins-1338-x-1586-x-11\/#breadcrumb"},"inLanguage":"en-US","potentialAction":[{"@type":"ReadAction","target":["https:\/\/edel.fr\/en\/product\/joint-spi-arriere-perkins-1338-x-1586-x-11\/"]}]},{"@type":"ImageObject","inLanguage":"en-US","@id":"https:\/\/edel.fr\/en\/product\/joint-spi-arriere-perkins-1338-x-1586-x-11\/#primaryimage","url":"https:\/\/edel.fr\/uploads\/2020\/11\/joint-spi-perkins.jpg","contentUrl":"https:\/\/edel.fr\/uploads\/2020\/11\/joint-spi-perkins.jpg","width":1512,"height":1561,"caption":"Joint Spi Arri\u00e8re Perkins | 133,8 x 158,6 x 11"},{"@type":"BreadcrumbList","@id":"https:\/\/edel.fr\/en\/product\/joint-spi-arriere-perkins-1338-x-1586-x-11\/#breadcrumb","itemListElement":[{"@type":"ListItem","position":1,"name":"Pi\u00e8ce Tracteur","item":"https:\/\/www.edel.fr\/en\/"},{"@type":"ListItem","position":2,"name":"Toutes nos pi\u00e8ces Tracteur","item":"https:\/\/edel.fr\/shop\/"},{"@type":"ListItem","position":3,"name":"Joint Spi Arri\u00e8re Perkins | 133,8 x 158,6 x 11"}]},{"@type":"WebSite","@id":"https:\/\/www.edel.fr\/en\/#website","url":"https:\/\/www.edel.fr\/en\/","name":"Edel","description":"Pi\u00e8ce d\u00e9tach\u00e9e de Tracteur Agricole","publisher":{"@id":"https:\/\/www.edel.fr\/en\/#organization"},"potentialAction":[{"@type":"SearchAction","target":{"@type":"EntryPoint","urlTemplate":"https:\/\/www.edel.fr\/en\/?s={search_term_string}"},"query-input":{"@type":"PropertyValueSpecification","valueRequired":true,"valueName":"search_term_string"}}],"inLanguage":"en-US"},{"@type":"Organization","@id":"https:\/\/www.edel.fr\/en\/#organization","name":"Edel","url":"https:\/\/www.edel.fr\/en\/","logo":{"@type":"ImageObject","inLanguage":"en-US","@id":"https:\/\/www.edel.fr\/en\/#\/schema\/logo\/image\/","url":"https:\/\/www.edel.fr\/uploads\/2018\/11\/logo-edel.png","contentUrl":"https:\/\/www.edel.fr\/uploads\/2018\/11\/logo-edel.png","width":257,"height":68,"caption":"Edel"},"image":{"@id":"https:\/\/www.edel.fr\/en\/#\/schema\/logo\/image\/"}}]}},"_links":{"self":[{"href":"https:\/\/edel.fr\/en\/wp-json\/wp\/v2\/product\/8688","targetHints":{"allow":["GET"]}}],"collection":[{"href":"https:\/\/edel.fr\/en\/wp-json\/wp\/v2\/product"}],"about":[{"href":"https:\/\/edel.fr\/en\/wp-json\/wp\/v2\/types\/product"}],"version-history":[{"count":2,"href":"https:\/\/edel.fr\/en\/wp-json\/wp\/v2\/product\/8688\/revisions"}],"predecessor-version":[{"id":17981,"href":"https:\/\/edel.fr\/en\/wp-json\/wp\/v2\/product\/8688\/revisions\/17981"}],"wp:featuredmedia":[{"embeddable":true,"href":"https:\/\/edel.fr\/en\/wp-json\/wp\/v2\/media\/8689"}],"wp:attachment":[{"href":"https:\/\/edel.fr\/en\/wp-json\/wp\/v2\/media?parent=8688"}],"wp:term":[{"taxonomy":"product_brand","embeddable":true,"href":"https:\/\/edel.fr\/en\/wp-json\/wp\/v2\/product_brand?post=8688"},{"taxonomy":"product_cat","embeddable":true,"href":"https:\/\/edel.fr\/en\/wp-json\/wp\/v2\/product_cat?post=8688"},{"taxonomy":"product_tag","embeddable":true,"href":"https:\/\/edel.fr\/en\/wp-json\/wp\/v2\/product_tag?post=8688"},{"taxonomy":"tracteur","embeddable":true,"href":"https:\/\/edel.fr\/en\/wp-json\/wp\/v2\/tracteur?post=8688"}],"curies":[{"name":"wp","href":"https:\/\/api.w.org\/{rel}","templated":true}]}}