{"id":8692,"date":"2020-11-24T14:42:01","date_gmt":"2020-11-24T13:42:01","guid":{"rendered":"https:\/\/www.edel.fr\/?post_type=product&#038;p=8692"},"modified":"2026-04-01T15:46:00","modified_gmt":"2026-04-01T13:46:00","slug":"case-ih-kit-joint-spi-boite-de-vitesse-70-x-90-x-13","status":"publish","type":"product","link":"https:\/\/edel.fr\/en\/product\/case-ih-kit-joint-spi-boite-de-vitesse-70-x-90-x-13\/","title":{"rendered":"Case IH | Kit Joint Spi &#8211; Bo\u00eete de vitesse | 65 x 45 x 8"},"content":{"rendered":"<div data-elementor-type=\"wp-post\" data-elementor-id=\"8692\" class=\"elementor elementor-8692\">\n\t\t\t\t\t\t<section class=\"elementor-section elementor-top-section elementor-element elementor-element-b87fb05 elementor-section-boxed elementor-section-height-default elementor-section-height-default\" data-id=\"b87fb05\" data-element_type=\"section\" data-e-type=\"section\">\n\t\t\t\t\t\t<div class=\"elementor-container elementor-column-gap-default\">\n\t\t\t\t\t<div class=\"elementor-column elementor-col-100 elementor-top-column elementor-element elementor-element-5ba6656d\" data-id=\"5ba6656d\" data-element_type=\"column\" data-e-type=\"column\">\n\t\t\t<div class=\"elementor-widget-wrap elementor-element-populated\">\n\t\t\t\t\t\t<div class=\"elementor-element elementor-element-40616f11 elementor-widget elementor-widget-heading\" data-id=\"40616f11\" data-element_type=\"widget\" data-e-type=\"widget\" data-widget_type=\"heading.default\">\n\t\t\t\t<div class=\"elementor-widget-container\">\n\t\t\t\t\t<h2 class=\"elementor-heading-title elementor-size-default\">Case IH | Kit Joint Spi Tracteur - Bo\u00eete de vitesse<\/h2>\t\t\t\t<\/div>\n\t\t\t\t<\/div>\n\t\t\t\t<div class=\"elementor-element elementor-element-ea175d7 elementor-widget elementor-widget-heading\" data-id=\"ea175d7\" data-element_type=\"widget\" data-e-type=\"widget\" data-widget_type=\"heading.default\">\n\t\t\t\t<div class=\"elementor-widget-container\">\n\t\t\t\t\t<h3 class=\"elementor-heading-title elementor-size-default\">Information du produit :<\/h3>\t\t\t\t<\/div>\n\t\t\t\t<\/div>\n\t\t\t\t\t<\/div>\n\t\t<\/div>\n\t\t\t\t\t<\/div>\n\t\t<\/section>\n\t\t\t\t<section class=\"elementor-section elementor-top-section elementor-element elementor-element-641978fa elementor-section-boxed elementor-section-height-default elementor-section-height-default\" data-id=\"641978fa\" data-element_type=\"section\" data-e-type=\"section\">\n\t\t\t\t\t\t<div class=\"elementor-container elementor-column-gap-default\">\n\t\t\t\t\t<div class=\"elementor-column elementor-col-100 elementor-top-column elementor-element elementor-element-4e343d2c\" data-id=\"4e343d2c\" data-element_type=\"column\" data-e-type=\"column\">\n\t\t\t<div class=\"elementor-widget-wrap elementor-element-populated\">\n\t\t\t\t\t\t<div class=\"elementor-element elementor-element-765efc4 elementor-widget elementor-widget-text-editor\" data-id=\"765efc4\" data-element_type=\"widget\" data-e-type=\"widget\" data-widget_type=\"text-editor.default\">\n\t\t\t\t<div class=\"elementor-widget-container\">\n\t\t\t\t\t\t\t\t\t<p>65 x 45 x 8<br \/>100 x 135<br \/>25 x 33 x 6<\/p><p>Qualit\u00e9 origine Reintz ou Elring selon arrivage.<\/p>\t\t\t\t\t\t\t\t<\/div>\n\t\t\t\t<\/div>\n\t\t\t\t\t<\/div>\n\t\t<\/div>\n\t\t\t\t\t<\/div>\n\t\t<\/section>\n\t\t\t\t<\/div>","protected":false},"excerpt":{"rendered":"<p>Case IH | Kit Joint Spi Tracteur &#8211; Bo\u00eete de vitesse Information du produit : 65 x 45 x 8 100 x 135 25 x 33 x 6 Qualit\u00e9 origine Reintz ou Elring selon arrivage.<\/p>","protected":false},"featured_media":8693,"template":"","meta":[],"product_brand":[],"product_cat":[2536,119,120],"product_tag":[],"tracteur":[],"class_list":{"0":"post-8692","1":"product","2":"type-product","3":"status-publish","4":"has-post-thumbnail","6":"product_cat-joints-spi","7":"product_cat-tracteurs-agricoles","8":"product_cat-transmissions","9":"product_shipping_class-142","10":"pa_fabriquant-selection-edel","11":"pa_marque-moteur-moteur-case-ih","12":"pa_qualite-origine","13":"pa_type-moteur-d179","14":"badges-style-2","16":"first","17":"instock","18":"taxable","19":"shipping-taxable","20":"purchasable","21":"product-type-simple"},"acf":[],"yoast_head":"<!-- This site is optimized with the Yoast SEO plugin v27.3 - https:\/\/yoast.com\/product\/yoast-seo-wordpress\/ -->\n<title>Case IH | Kit Joint Spi - Bo\u00eete de vitesse | 65 x 45 x 8 - Edel<\/title>\n<meta name=\"description\" content=\"Case IH | Kit Joint Spi - Bo\u00eete de vitesse - 65 x 45 x 8 | 100 x 135 | 25 x 33 x 6 - Qualit\u00e9 origine - Tracteur Agricole - Pi\u00e8ce moteur\" \/>\n<meta name=\"robots\" content=\"index, follow, max-snippet:-1, max-image-preview:large, max-video-preview:-1\" \/>\n<link rel=\"canonical\" href=\"https:\/\/edel.fr\/en\/product\/case-ih-kit-joint-spi-boite-de-vitesse-70-x-90-x-13\/\" \/>\n<meta property=\"og:locale\" content=\"en_US\" \/>\n<meta property=\"og:type\" content=\"article\" \/>\n<meta property=\"og:title\" content=\"Case IH | Kit Joint Spi - Bo\u00eete de vitesse | 65 x 45 x 8 - Edel\" \/>\n<meta property=\"og:description\" content=\"Case IH | Kit Joint Spi - Bo\u00eete de vitesse - 65 x 45 x 8 | 100 x 135 | 25 x 33 x 6 - Qualit\u00e9 origine - Tracteur Agricole - Pi\u00e8ce moteur\" \/>\n<meta property=\"og:url\" content=\"https:\/\/edel.fr\/en\/product\/case-ih-kit-joint-spi-boite-de-vitesse-70-x-90-x-13\/\" \/>\n<meta property=\"og:site_name\" content=\"Edel\" \/>\n<meta property=\"article:modified_time\" content=\"2026-04-01T13:46:00+00:00\" \/>\n<meta property=\"og:image\" content=\"https:\/\/edel.fr\/uploads\/2020\/11\/joint-spi-noir.jpg\" \/>\n\t<meta property=\"og:image:width\" content=\"1512\" \/>\n\t<meta property=\"og:image:height\" content=\"1164\" \/>\n\t<meta property=\"og:image:type\" content=\"image\/jpeg\" \/>\n<meta name=\"twitter:card\" content=\"summary_large_image\" \/>\n<meta name=\"twitter:label1\" content=\"Est. reading time\" \/>\n\t<meta name=\"twitter:data1\" content=\"1 minute\" \/>\n<script type=\"application\/ld+json\" class=\"yoast-schema-graph\">{\"@context\":\"https:\\\/\\\/schema.org\",\"@graph\":[{\"@type\":\"WebPage\",\"@id\":\"https:\\\/\\\/edel.fr\\\/en\\\/product\\\/case-ih-kit-joint-spi-boite-de-vitesse-70-x-90-x-13\\\/\",\"url\":\"https:\\\/\\\/edel.fr\\\/en\\\/product\\\/case-ih-kit-joint-spi-boite-de-vitesse-70-x-90-x-13\\\/\",\"name\":\"Case IH | Kit Joint Spi - Bo\u00eete de vitesse | 65 x 45 x 8 - Edel\",\"isPartOf\":{\"@id\":\"http:\\\/\\\/www.edel.fr\\\/en\\\/#website\"},\"primaryImageOfPage\":{\"@id\":\"https:\\\/\\\/edel.fr\\\/en\\\/product\\\/case-ih-kit-joint-spi-boite-de-vitesse-70-x-90-x-13\\\/#primaryimage\"},\"image\":{\"@id\":\"https:\\\/\\\/edel.fr\\\/en\\\/product\\\/case-ih-kit-joint-spi-boite-de-vitesse-70-x-90-x-13\\\/#primaryimage\"},\"thumbnailUrl\":\"https:\\\/\\\/edel.fr\\\/uploads\\\/2020\\\/11\\\/joint-spi-noir.jpg\",\"datePublished\":\"2020-11-24T13:42:01+00:00\",\"dateModified\":\"2026-04-01T13:46:00+00:00\",\"description\":\"Case IH | Kit Joint Spi - Bo\u00eete de vitesse - 65 x 45 x 8 | 100 x 135 | 25 x 33 x 6 - Qualit\u00e9 origine - Tracteur Agricole - Pi\u00e8ce moteur\",\"breadcrumb\":{\"@id\":\"https:\\\/\\\/edel.fr\\\/en\\\/product\\\/case-ih-kit-joint-spi-boite-de-vitesse-70-x-90-x-13\\\/#breadcrumb\"},\"inLanguage\":\"en-US\",\"potentialAction\":[{\"@type\":\"ReadAction\",\"target\":[\"https:\\\/\\\/edel.fr\\\/en\\\/product\\\/case-ih-kit-joint-spi-boite-de-vitesse-70-x-90-x-13\\\/\"]}]},{\"@type\":\"ImageObject\",\"inLanguage\":\"en-US\",\"@id\":\"https:\\\/\\\/edel.fr\\\/en\\\/product\\\/case-ih-kit-joint-spi-boite-de-vitesse-70-x-90-x-13\\\/#primaryimage\",\"url\":\"https:\\\/\\\/edel.fr\\\/uploads\\\/2020\\\/11\\\/joint-spi-noir.jpg\",\"contentUrl\":\"https:\\\/\\\/edel.fr\\\/uploads\\\/2020\\\/11\\\/joint-spi-noir.jpg\",\"width\":1512,\"height\":1164,\"caption\":\"Kit Joint Spi - Boite de vitesse Case IH\"},{\"@type\":\"BreadcrumbList\",\"@id\":\"https:\\\/\\\/edel.fr\\\/en\\\/product\\\/case-ih-kit-joint-spi-boite-de-vitesse-70-x-90-x-13\\\/#breadcrumb\",\"itemListElement\":[{\"@type\":\"ListItem\",\"position\":1,\"name\":\"Pi\u00e8ce Tracteur\",\"item\":\"http:\\\/\\\/www.edel.fr\\\/en\\\/\"},{\"@type\":\"ListItem\",\"position\":2,\"name\":\"Toutes nos pi\u00e8ces Tracteur\",\"item\":\"https:\\\/\\\/edel.fr\\\/shop\\\/\"},{\"@type\":\"ListItem\",\"position\":3,\"name\":\"Case IH | Kit Joint Spi &#8211; Bo\u00eete de vitesse | 65 x 45 x 8\"}]},{\"@type\":\"WebSite\",\"@id\":\"http:\\\/\\\/www.edel.fr\\\/en\\\/#website\",\"url\":\"http:\\\/\\\/www.edel.fr\\\/en\\\/\",\"name\":\"Edel\",\"description\":\"Pi\u00e8ce d\u00e9tach\u00e9e de Tracteur Agricole\",\"publisher\":{\"@id\":\"http:\\\/\\\/www.edel.fr\\\/en\\\/#organization\"},\"potentialAction\":[{\"@type\":\"SearchAction\",\"target\":{\"@type\":\"EntryPoint\",\"urlTemplate\":\"http:\\\/\\\/www.edel.fr\\\/en\\\/?s={search_term_string}\"},\"query-input\":{\"@type\":\"PropertyValueSpecification\",\"valueRequired\":true,\"valueName\":\"search_term_string\"}}],\"inLanguage\":\"en-US\"},{\"@type\":\"Organization\",\"@id\":\"http:\\\/\\\/www.edel.fr\\\/en\\\/#organization\",\"name\":\"Edel\",\"url\":\"http:\\\/\\\/www.edel.fr\\\/en\\\/\",\"logo\":{\"@type\":\"ImageObject\",\"inLanguage\":\"en-US\",\"@id\":\"http:\\\/\\\/www.edel.fr\\\/en\\\/#\\\/schema\\\/logo\\\/image\\\/\",\"url\":\"https:\\\/\\\/www.edel.fr\\\/uploads\\\/2018\\\/11\\\/logo-edel.png\",\"contentUrl\":\"https:\\\/\\\/www.edel.fr\\\/uploads\\\/2018\\\/11\\\/logo-edel.png\",\"width\":257,\"height\":68,\"caption\":\"Edel\"},\"image\":{\"@id\":\"http:\\\/\\\/www.edel.fr\\\/en\\\/#\\\/schema\\\/logo\\\/image\\\/\"}}]}<\/script>\n<!-- \/ Yoast SEO plugin. -->","yoast_head_json":{"title":"Case IH | Kit Joint Spi - Bo\u00eete de vitesse | 65 x 45 x 8 - Edel","description":"Case IH | Kit Joint Spi - Bo\u00eete de vitesse - 65 x 45 x 8 | 100 x 135 | 25 x 33 x 6 - Qualit\u00e9 origine - Tracteur Agricole - Pi\u00e8ce moteur","robots":{"index":"index","follow":"follow","max-snippet":"max-snippet:-1","max-image-preview":"max-image-preview:large","max-video-preview":"max-video-preview:-1"},"canonical":"https:\/\/edel.fr\/en\/product\/case-ih-kit-joint-spi-boite-de-vitesse-70-x-90-x-13\/","og_locale":"en_US","og_type":"article","og_title":"Case IH | Kit Joint Spi - Bo\u00eete de vitesse | 65 x 45 x 8 - Edel","og_description":"Case IH | Kit Joint Spi - Bo\u00eete de vitesse - 65 x 45 x 8 | 100 x 135 | 25 x 33 x 6 - Qualit\u00e9 origine - Tracteur Agricole - Pi\u00e8ce moteur","og_url":"https:\/\/edel.fr\/en\/product\/case-ih-kit-joint-spi-boite-de-vitesse-70-x-90-x-13\/","og_site_name":"Edel","article_modified_time":"2026-04-01T13:46:00+00:00","og_image":[{"width":1512,"height":1164,"url":"https:\/\/edel.fr\/uploads\/2020\/11\/joint-spi-noir.jpg","type":"image\/jpeg"}],"twitter_card":"summary_large_image","twitter_misc":{"Est. reading time":"1 minute"},"schema":{"@context":"https:\/\/schema.org","@graph":[{"@type":"WebPage","@id":"https:\/\/edel.fr\/en\/product\/case-ih-kit-joint-spi-boite-de-vitesse-70-x-90-x-13\/","url":"https:\/\/edel.fr\/en\/product\/case-ih-kit-joint-spi-boite-de-vitesse-70-x-90-x-13\/","name":"Case IH | Kit Joint Spi - Bo\u00eete de vitesse | 65 x 45 x 8 - Edel","isPartOf":{"@id":"http:\/\/www.edel.fr\/en\/#website"},"primaryImageOfPage":{"@id":"https:\/\/edel.fr\/en\/product\/case-ih-kit-joint-spi-boite-de-vitesse-70-x-90-x-13\/#primaryimage"},"image":{"@id":"https:\/\/edel.fr\/en\/product\/case-ih-kit-joint-spi-boite-de-vitesse-70-x-90-x-13\/#primaryimage"},"thumbnailUrl":"https:\/\/edel.fr\/uploads\/2020\/11\/joint-spi-noir.jpg","datePublished":"2020-11-24T13:42:01+00:00","dateModified":"2026-04-01T13:46:00+00:00","description":"Case IH | Kit Joint Spi - Bo\u00eete de vitesse - 65 x 45 x 8 | 100 x 135 | 25 x 33 x 6 - Qualit\u00e9 origine - Tracteur Agricole - Pi\u00e8ce moteur","breadcrumb":{"@id":"https:\/\/edel.fr\/en\/product\/case-ih-kit-joint-spi-boite-de-vitesse-70-x-90-x-13\/#breadcrumb"},"inLanguage":"en-US","potentialAction":[{"@type":"ReadAction","target":["https:\/\/edel.fr\/en\/product\/case-ih-kit-joint-spi-boite-de-vitesse-70-x-90-x-13\/"]}]},{"@type":"ImageObject","inLanguage":"en-US","@id":"https:\/\/edel.fr\/en\/product\/case-ih-kit-joint-spi-boite-de-vitesse-70-x-90-x-13\/#primaryimage","url":"https:\/\/edel.fr\/uploads\/2020\/11\/joint-spi-noir.jpg","contentUrl":"https:\/\/edel.fr\/uploads\/2020\/11\/joint-spi-noir.jpg","width":1512,"height":1164,"caption":"Kit Joint Spi - Boite de vitesse Case IH"},{"@type":"BreadcrumbList","@id":"https:\/\/edel.fr\/en\/product\/case-ih-kit-joint-spi-boite-de-vitesse-70-x-90-x-13\/#breadcrumb","itemListElement":[{"@type":"ListItem","position":1,"name":"Pi\u00e8ce Tracteur","item":"http:\/\/www.edel.fr\/en\/"},{"@type":"ListItem","position":2,"name":"Toutes nos pi\u00e8ces Tracteur","item":"https:\/\/edel.fr\/shop\/"},{"@type":"ListItem","position":3,"name":"Case IH | Kit Joint Spi &#8211; Bo\u00eete de vitesse | 65 x 45 x 8"}]},{"@type":"WebSite","@id":"http:\/\/www.edel.fr\/en\/#website","url":"http:\/\/www.edel.fr\/en\/","name":"Edel","description":"Pi\u00e8ce d\u00e9tach\u00e9e de Tracteur Agricole","publisher":{"@id":"http:\/\/www.edel.fr\/en\/#organization"},"potentialAction":[{"@type":"SearchAction","target":{"@type":"EntryPoint","urlTemplate":"http:\/\/www.edel.fr\/en\/?s={search_term_string}"},"query-input":{"@type":"PropertyValueSpecification","valueRequired":true,"valueName":"search_term_string"}}],"inLanguage":"en-US"},{"@type":"Organization","@id":"http:\/\/www.edel.fr\/en\/#organization","name":"Edel","url":"http:\/\/www.edel.fr\/en\/","logo":{"@type":"ImageObject","inLanguage":"en-US","@id":"http:\/\/www.edel.fr\/en\/#\/schema\/logo\/image\/","url":"https:\/\/www.edel.fr\/uploads\/2018\/11\/logo-edel.png","contentUrl":"https:\/\/www.edel.fr\/uploads\/2018\/11\/logo-edel.png","width":257,"height":68,"caption":"Edel"},"image":{"@id":"http:\/\/www.edel.fr\/en\/#\/schema\/logo\/image\/"}}]}},"_links":{"self":[{"href":"https:\/\/edel.fr\/en\/wp-json\/wp\/v2\/product\/8692","targetHints":{"allow":["GET"]}}],"collection":[{"href":"https:\/\/edel.fr\/en\/wp-json\/wp\/v2\/product"}],"about":[{"href":"https:\/\/edel.fr\/en\/wp-json\/wp\/v2\/types\/product"}],"version-history":[{"count":2,"href":"https:\/\/edel.fr\/en\/wp-json\/wp\/v2\/product\/8692\/revisions"}],"predecessor-version":[{"id":17894,"href":"https:\/\/edel.fr\/en\/wp-json\/wp\/v2\/product\/8692\/revisions\/17894"}],"wp:featuredmedia":[{"embeddable":true,"href":"https:\/\/edel.fr\/en\/wp-json\/wp\/v2\/media\/8693"}],"wp:attachment":[{"href":"https:\/\/edel.fr\/en\/wp-json\/wp\/v2\/media?parent=8692"}],"wp:term":[{"taxonomy":"product_brand","embeddable":true,"href":"https:\/\/edel.fr\/en\/wp-json\/wp\/v2\/product_brand?post=8692"},{"taxonomy":"product_cat","embeddable":true,"href":"https:\/\/edel.fr\/en\/wp-json\/wp\/v2\/product_cat?post=8692"},{"taxonomy":"product_tag","embeddable":true,"href":"https:\/\/edel.fr\/en\/wp-json\/wp\/v2\/product_tag?post=8692"},{"taxonomy":"tracteur","embeddable":true,"href":"https:\/\/edel.fr\/en\/wp-json\/wp\/v2\/tracteur?post=8692"}],"curies":[{"name":"wp","href":"https:\/\/api.w.org\/{rel}","templated":true}]}}