{"id":8696,"date":"2020-11-24T14:44:51","date_gmt":"2020-11-24T13:44:51","guid":{"rendered":"https:\/\/www.edel.fr\/?post_type=product&#038;p=8696"},"modified":"2026-04-01T17:28:30","modified_gmt":"2026-04-01T15:28:30","slug":"joint-spi-arriere-john-deere-118-x-146-x-13","status":"publish","type":"product","link":"https:\/\/edel.fr\/en\/product\/joint-spi-arriere-john-deere-118-x-146-x-13\/","title":{"rendered":"Joint spi arri\u00e8re 118&#215;146 origine OEM Moteur John Deere Tracteur agricole"},"content":{"rendered":"<div data-elementor-type=\"wp-post\" data-elementor-id=\"8696\" class=\"elementor elementor-8696\">\n\t\t\t\t\t\t<section class=\"elementor-section elementor-top-section elementor-element elementor-element-693cd8b9 elementor-section-boxed elementor-section-height-default elementor-section-height-default\" data-id=\"693cd8b9\" data-element_type=\"section\" data-e-type=\"section\">\n\t\t\t\t\t\t<div class=\"elementor-container elementor-column-gap-default\">\n\t\t\t\t\t<div class=\"elementor-column elementor-col-100 elementor-top-column elementor-element elementor-element-22f594f5\" data-id=\"22f594f5\" data-element_type=\"column\" data-e-type=\"column\">\n\t\t\t<div class=\"elementor-widget-wrap elementor-element-populated\">\n\t\t\t\t\t\t<div class=\"elementor-element elementor-element-511b11d3 elementor-widget elementor-widget-heading\" data-id=\"511b11d3\" data-element_type=\"widget\" data-e-type=\"widget\" data-widget_type=\"heading.default\">\n\t\t\t\t<div class=\"elementor-widget-container\">\n\t\t\t\t\t<h2 class=\"elementor-heading-title elementor-size-default\">JOINT SPI TRACTEUR JOHN DEERE - ARRI\u00c8RE<\/h2>\t\t\t\t<\/div>\n\t\t\t\t<\/div>\n\t\t\t\t<div class=\"elementor-element elementor-element-2ca7709b elementor-widget elementor-widget-heading\" data-id=\"2ca7709b\" data-element_type=\"widget\" data-e-type=\"widget\" data-widget_type=\"heading.default\">\n\t\t\t\t<div class=\"elementor-widget-container\">\n\t\t\t\t\t<h3 class=\"elementor-heading-title elementor-size-default\">Information du produit :<\/h3>\t\t\t\t<\/div>\n\t\t\t\t<\/div>\n\t\t\t\t\t<\/div>\n\t\t<\/div>\n\t\t\t\t\t<\/div>\n\t\t<\/section>\n\t\t\t\t<section class=\"elementor-section elementor-top-section elementor-element elementor-element-15fc3e1d elementor-section-boxed elementor-section-height-default elementor-section-height-default\" data-id=\"15fc3e1d\" data-element_type=\"section\" data-e-type=\"section\">\n\t\t\t\t\t\t<div class=\"elementor-container elementor-column-gap-default\">\n\t\t\t\t\t<div class=\"elementor-column elementor-col-100 elementor-top-column elementor-element elementor-element-5d107ad2\" data-id=\"5d107ad2\" data-element_type=\"column\" data-e-type=\"column\">\n\t\t\t<div class=\"elementor-widget-wrap elementor-element-populated\">\n\t\t\t\t\t\t<div class=\"elementor-element elementor-element-316c8f8f elementor-widget elementor-widget-text-editor\" data-id=\"316c8f8f\" data-element_type=\"widget\" data-e-type=\"widget\" data-widget_type=\"text-editor.default\">\n\t\t\t\t<div class=\"elementor-widget-container\">\n\t\t\t\t\t\t\t\t\t<p>118 x 146 x 13 &#8211; Cot\u00e9 volant moteur.<\/p><p>Qualit\u00e9 origine Reintz ou Elring selon arrivage.<\/p>\t\t\t\t\t\t\t\t<\/div>\n\t\t\t\t<\/div>\n\t\t\t\t\t<\/div>\n\t\t<\/div>\n\t\t\t\t\t<\/div>\n\t\t<\/section>\n\t\t\t\t<\/div>","protected":false},"excerpt":{"rendered":"<p>JOINT SPI TRACTEUR JOHN DEERE &#8211; ARRI\u00c8RE Information du produit : 118 x 146 x 13 &#8211; Cot\u00e9 volant moteur. Qualit\u00e9 origine Reintz ou Elring selon arrivage.<\/p>","protected":false},"featured_media":8697,"template":"","meta":[],"product_brand":[],"product_cat":[2536,119,120],"product_tag":[],"tracteur":[],"class_list":{"0":"post-8696","1":"product","2":"type-product","3":"status-publish","4":"has-post-thumbnail","6":"product_cat-joints-spi","7":"product_cat-tracteurs-agricoles","8":"product_cat-transmissions","9":"product_shipping_class-142","10":"pa_diametre-exterieur-4477","11":"pa_diametre-interieur-4476","12":"pa_fabriquant-elring","13":"pa_fabriquant-victor-reinz","14":"pa_marque-tracteur-john-deere","15":"badges-style-2","17":"first","18":"instock","19":"taxable","20":"shipping-taxable","21":"purchasable","22":"product-type-simple"},"acf":[],"yoast_head":"<!-- This site is optimized with the Yoast SEO plugin v27.3 - https:\/\/yoast.com\/product\/yoast-seo-wordpress\/ -->\n<title>Joint spi arri\u00e8re 118x146 origine OEM Moteur John Deere Tracteur agricole - Edel<\/title>\n<meta name=\"description\" content=\"Joint Spi Arri\u00e8re John Deere - 118 x 146 x 13 - Qualit\u00e9 origine - Tracteur Agricole - Pi\u00e8ce moteur - Promotion - Distribution de pi\u00e8ces d\u00e9tach\u00e9e\" \/>\n<meta name=\"robots\" content=\"index, follow, max-snippet:-1, max-image-preview:large, max-video-preview:-1\" \/>\n<link rel=\"canonical\" href=\"https:\/\/edel.fr\/en\/product\/joint-spi-arriere-john-deere-118-x-146-x-13\/\" \/>\n<meta property=\"og:locale\" content=\"en_US\" \/>\n<meta property=\"og:type\" content=\"article\" \/>\n<meta property=\"og:title\" content=\"Joint spi arri\u00e8re 118x146 origine OEM Moteur John Deere Tracteur agricole - Edel\" \/>\n<meta property=\"og:description\" content=\"Joint Spi Arri\u00e8re John Deere - 118 x 146 x 13 - Qualit\u00e9 origine - Tracteur Agricole - Pi\u00e8ce moteur - Promotion - Distribution de pi\u00e8ces d\u00e9tach\u00e9e\" \/>\n<meta property=\"og:url\" content=\"https:\/\/edel.fr\/en\/product\/joint-spi-arriere-john-deere-118-x-146-x-13\/\" \/>\n<meta property=\"og:site_name\" content=\"Edel\" \/>\n<meta property=\"article:modified_time\" content=\"2026-04-01T15:28:30+00:00\" \/>\n<meta property=\"og:image\" content=\"https:\/\/edel.fr\/uploads\/2020\/11\/joint-spi-jd.jpg\" \/>\n\t<meta property=\"og:image:width\" content=\"1512\" \/>\n\t<meta property=\"og:image:height\" content=\"1606\" \/>\n\t<meta property=\"og:image:type\" content=\"image\/jpeg\" \/>\n<meta name=\"twitter:card\" content=\"summary_large_image\" \/>\n<meta name=\"twitter:label1\" content=\"Est. reading time\" \/>\n\t<meta name=\"twitter:data1\" content=\"1 minute\" \/>\n<script type=\"application\/ld+json\" class=\"yoast-schema-graph\">{\"@context\":\"https:\\\/\\\/schema.org\",\"@graph\":[{\"@type\":\"WebPage\",\"@id\":\"https:\\\/\\\/edel.fr\\\/en\\\/product\\\/joint-spi-arriere-john-deere-118-x-146-x-13\\\/\",\"url\":\"https:\\\/\\\/edel.fr\\\/en\\\/product\\\/joint-spi-arriere-john-deere-118-x-146-x-13\\\/\",\"name\":\"Joint spi arri\u00e8re 118x146 origine OEM Moteur John Deere Tracteur agricole - Edel\",\"isPartOf\":{\"@id\":\"https:\\\/\\\/www.edel.fr\\\/en\\\/#website\"},\"primaryImageOfPage\":{\"@id\":\"https:\\\/\\\/edel.fr\\\/en\\\/product\\\/joint-spi-arriere-john-deere-118-x-146-x-13\\\/#primaryimage\"},\"image\":{\"@id\":\"https:\\\/\\\/edel.fr\\\/en\\\/product\\\/joint-spi-arriere-john-deere-118-x-146-x-13\\\/#primaryimage\"},\"thumbnailUrl\":\"https:\\\/\\\/edel.fr\\\/uploads\\\/2020\\\/11\\\/joint-spi-jd.jpg\",\"datePublished\":\"2020-11-24T13:44:51+00:00\",\"dateModified\":\"2026-04-01T15:28:30+00:00\",\"description\":\"Joint Spi Arri\u00e8re John Deere - 118 x 146 x 13 - Qualit\u00e9 origine - Tracteur Agricole - Pi\u00e8ce moteur - Promotion - Distribution de pi\u00e8ces d\u00e9tach\u00e9e\",\"breadcrumb\":{\"@id\":\"https:\\\/\\\/edel.fr\\\/en\\\/product\\\/joint-spi-arriere-john-deere-118-x-146-x-13\\\/#breadcrumb\"},\"inLanguage\":\"en-US\",\"potentialAction\":[{\"@type\":\"ReadAction\",\"target\":[\"https:\\\/\\\/edel.fr\\\/en\\\/product\\\/joint-spi-arriere-john-deere-118-x-146-x-13\\\/\"]}]},{\"@type\":\"ImageObject\",\"inLanguage\":\"en-US\",\"@id\":\"https:\\\/\\\/edel.fr\\\/en\\\/product\\\/joint-spi-arriere-john-deere-118-x-146-x-13\\\/#primaryimage\",\"url\":\"https:\\\/\\\/edel.fr\\\/uploads\\\/2020\\\/11\\\/joint-spi-jd.jpg\",\"contentUrl\":\"https:\\\/\\\/edel.fr\\\/uploads\\\/2020\\\/11\\\/joint-spi-jd.jpg\",\"width\":1512,\"height\":1606,\"caption\":\"Joint Spi Arri\u00e8re John Deere\"},{\"@type\":\"BreadcrumbList\",\"@id\":\"https:\\\/\\\/edel.fr\\\/en\\\/product\\\/joint-spi-arriere-john-deere-118-x-146-x-13\\\/#breadcrumb\",\"itemListElement\":[{\"@type\":\"ListItem\",\"position\":1,\"name\":\"Pi\u00e8ce Tracteur\",\"item\":\"https:\\\/\\\/www.edel.fr\\\/en\\\/\"},{\"@type\":\"ListItem\",\"position\":2,\"name\":\"Toutes nos pi\u00e8ces Tracteur\",\"item\":\"https:\\\/\\\/edel.fr\\\/shop\\\/\"},{\"@type\":\"ListItem\",\"position\":3,\"name\":\"Joint spi arri\u00e8re 118&#215;146 origine OEM Moteur John Deere Tracteur agricole\"}]},{\"@type\":\"WebSite\",\"@id\":\"https:\\\/\\\/www.edel.fr\\\/en\\\/#website\",\"url\":\"https:\\\/\\\/www.edel.fr\\\/en\\\/\",\"name\":\"Edel\",\"description\":\"Pi\u00e8ce d\u00e9tach\u00e9e de Tracteur Agricole\",\"publisher\":{\"@id\":\"https:\\\/\\\/www.edel.fr\\\/en\\\/#organization\"},\"potentialAction\":[{\"@type\":\"SearchAction\",\"target\":{\"@type\":\"EntryPoint\",\"urlTemplate\":\"https:\\\/\\\/www.edel.fr\\\/en\\\/?s={search_term_string}\"},\"query-input\":{\"@type\":\"PropertyValueSpecification\",\"valueRequired\":true,\"valueName\":\"search_term_string\"}}],\"inLanguage\":\"en-US\"},{\"@type\":\"Organization\",\"@id\":\"https:\\\/\\\/www.edel.fr\\\/en\\\/#organization\",\"name\":\"Edel\",\"url\":\"https:\\\/\\\/www.edel.fr\\\/en\\\/\",\"logo\":{\"@type\":\"ImageObject\",\"inLanguage\":\"en-US\",\"@id\":\"https:\\\/\\\/www.edel.fr\\\/en\\\/#\\\/schema\\\/logo\\\/image\\\/\",\"url\":\"https:\\\/\\\/www.edel.fr\\\/uploads\\\/2018\\\/11\\\/logo-edel.png\",\"contentUrl\":\"https:\\\/\\\/www.edel.fr\\\/uploads\\\/2018\\\/11\\\/logo-edel.png\",\"width\":257,\"height\":68,\"caption\":\"Edel\"},\"image\":{\"@id\":\"https:\\\/\\\/www.edel.fr\\\/en\\\/#\\\/schema\\\/logo\\\/image\\\/\"}}]}<\/script>\n<!-- \/ Yoast SEO plugin. -->","yoast_head_json":{"title":"Joint spi arri\u00e8re 118x146 origine OEM Moteur John Deere Tracteur agricole - Edel","description":"Joint Spi Arri\u00e8re John Deere - 118 x 146 x 13 - Qualit\u00e9 origine - Tracteur Agricole - Pi\u00e8ce moteur - Promotion - Distribution de pi\u00e8ces d\u00e9tach\u00e9e","robots":{"index":"index","follow":"follow","max-snippet":"max-snippet:-1","max-image-preview":"max-image-preview:large","max-video-preview":"max-video-preview:-1"},"canonical":"https:\/\/edel.fr\/en\/product\/joint-spi-arriere-john-deere-118-x-146-x-13\/","og_locale":"en_US","og_type":"article","og_title":"Joint spi arri\u00e8re 118x146 origine OEM Moteur John Deere Tracteur agricole - Edel","og_description":"Joint Spi Arri\u00e8re John Deere - 118 x 146 x 13 - Qualit\u00e9 origine - Tracteur Agricole - Pi\u00e8ce moteur - Promotion - Distribution de pi\u00e8ces d\u00e9tach\u00e9e","og_url":"https:\/\/edel.fr\/en\/product\/joint-spi-arriere-john-deere-118-x-146-x-13\/","og_site_name":"Edel","article_modified_time":"2026-04-01T15:28:30+00:00","og_image":[{"width":1512,"height":1606,"url":"https:\/\/edel.fr\/uploads\/2020\/11\/joint-spi-jd.jpg","type":"image\/jpeg"}],"twitter_card":"summary_large_image","twitter_misc":{"Est. reading time":"1 minute"},"schema":{"@context":"https:\/\/schema.org","@graph":[{"@type":"WebPage","@id":"https:\/\/edel.fr\/en\/product\/joint-spi-arriere-john-deere-118-x-146-x-13\/","url":"https:\/\/edel.fr\/en\/product\/joint-spi-arriere-john-deere-118-x-146-x-13\/","name":"Joint spi arri\u00e8re 118x146 origine OEM Moteur John Deere Tracteur agricole - Edel","isPartOf":{"@id":"https:\/\/www.edel.fr\/en\/#website"},"primaryImageOfPage":{"@id":"https:\/\/edel.fr\/en\/product\/joint-spi-arriere-john-deere-118-x-146-x-13\/#primaryimage"},"image":{"@id":"https:\/\/edel.fr\/en\/product\/joint-spi-arriere-john-deere-118-x-146-x-13\/#primaryimage"},"thumbnailUrl":"https:\/\/edel.fr\/uploads\/2020\/11\/joint-spi-jd.jpg","datePublished":"2020-11-24T13:44:51+00:00","dateModified":"2026-04-01T15:28:30+00:00","description":"Joint Spi Arri\u00e8re John Deere - 118 x 146 x 13 - Qualit\u00e9 origine - Tracteur Agricole - Pi\u00e8ce moteur - Promotion - Distribution de pi\u00e8ces d\u00e9tach\u00e9e","breadcrumb":{"@id":"https:\/\/edel.fr\/en\/product\/joint-spi-arriere-john-deere-118-x-146-x-13\/#breadcrumb"},"inLanguage":"en-US","potentialAction":[{"@type":"ReadAction","target":["https:\/\/edel.fr\/en\/product\/joint-spi-arriere-john-deere-118-x-146-x-13\/"]}]},{"@type":"ImageObject","inLanguage":"en-US","@id":"https:\/\/edel.fr\/en\/product\/joint-spi-arriere-john-deere-118-x-146-x-13\/#primaryimage","url":"https:\/\/edel.fr\/uploads\/2020\/11\/joint-spi-jd.jpg","contentUrl":"https:\/\/edel.fr\/uploads\/2020\/11\/joint-spi-jd.jpg","width":1512,"height":1606,"caption":"Joint Spi Arri\u00e8re John Deere"},{"@type":"BreadcrumbList","@id":"https:\/\/edel.fr\/en\/product\/joint-spi-arriere-john-deere-118-x-146-x-13\/#breadcrumb","itemListElement":[{"@type":"ListItem","position":1,"name":"Pi\u00e8ce Tracteur","item":"https:\/\/www.edel.fr\/en\/"},{"@type":"ListItem","position":2,"name":"Toutes nos pi\u00e8ces Tracteur","item":"https:\/\/edel.fr\/shop\/"},{"@type":"ListItem","position":3,"name":"Joint spi arri\u00e8re 118&#215;146 origine OEM Moteur John Deere Tracteur agricole"}]},{"@type":"WebSite","@id":"https:\/\/www.edel.fr\/en\/#website","url":"https:\/\/www.edel.fr\/en\/","name":"Edel","description":"Pi\u00e8ce d\u00e9tach\u00e9e de Tracteur Agricole","publisher":{"@id":"https:\/\/www.edel.fr\/en\/#organization"},"potentialAction":[{"@type":"SearchAction","target":{"@type":"EntryPoint","urlTemplate":"https:\/\/www.edel.fr\/en\/?s={search_term_string}"},"query-input":{"@type":"PropertyValueSpecification","valueRequired":true,"valueName":"search_term_string"}}],"inLanguage":"en-US"},{"@type":"Organization","@id":"https:\/\/www.edel.fr\/en\/#organization","name":"Edel","url":"https:\/\/www.edel.fr\/en\/","logo":{"@type":"ImageObject","inLanguage":"en-US","@id":"https:\/\/www.edel.fr\/en\/#\/schema\/logo\/image\/","url":"https:\/\/www.edel.fr\/uploads\/2018\/11\/logo-edel.png","contentUrl":"https:\/\/www.edel.fr\/uploads\/2018\/11\/logo-edel.png","width":257,"height":68,"caption":"Edel"},"image":{"@id":"https:\/\/www.edel.fr\/en\/#\/schema\/logo\/image\/"}}]}},"_links":{"self":[{"href":"https:\/\/edel.fr\/en\/wp-json\/wp\/v2\/product\/8696","targetHints":{"allow":["GET"]}}],"collection":[{"href":"https:\/\/edel.fr\/en\/wp-json\/wp\/v2\/product"}],"about":[{"href":"https:\/\/edel.fr\/en\/wp-json\/wp\/v2\/types\/product"}],"version-history":[{"count":2,"href":"https:\/\/edel.fr\/en\/wp-json\/wp\/v2\/product\/8696\/revisions"}],"predecessor-version":[{"id":20089,"href":"https:\/\/edel.fr\/en\/wp-json\/wp\/v2\/product\/8696\/revisions\/20089"}],"wp:featuredmedia":[{"embeddable":true,"href":"https:\/\/edel.fr\/en\/wp-json\/wp\/v2\/media\/8697"}],"wp:attachment":[{"href":"https:\/\/edel.fr\/en\/wp-json\/wp\/v2\/media?parent=8696"}],"wp:term":[{"taxonomy":"product_brand","embeddable":true,"href":"https:\/\/edel.fr\/en\/wp-json\/wp\/v2\/product_brand?post=8696"},{"taxonomy":"product_cat","embeddable":true,"href":"https:\/\/edel.fr\/en\/wp-json\/wp\/v2\/product_cat?post=8696"},{"taxonomy":"product_tag","embeddable":true,"href":"https:\/\/edel.fr\/en\/wp-json\/wp\/v2\/product_tag?post=8696"},{"taxonomy":"tracteur","embeddable":true,"href":"https:\/\/edel.fr\/en\/wp-json\/wp\/v2\/tracteur?post=8696"}],"curies":[{"name":"wp","href":"https:\/\/api.w.org\/{rel}","templated":true}]}}