{"id":8711,"date":"2020-11-24T15:20:04","date_gmt":"2020-11-24T14:20:04","guid":{"rendered":"https:\/\/www.edel.fr\/?post_type=product&#038;p=8711"},"modified":"2026-04-03T03:00:55","modified_gmt":"2026-04-03T01:00:55","slug":"joint-spi-arriere-deutz-115-x-140-x-16-qualite-origine","status":"publish","type":"product","link":"https:\/\/edel.fr\/en\/product\/joint-spi-arriere-deutz-115-x-140-x-16-qualite-origine\/","title":{"rendered":"Joint Spi Arri\u00e8re Deutz | 115 x 140 x 16 | Qualit\u00e9 origine"},"content":{"rendered":"<div data-elementor-type=\"wp-post\" data-elementor-id=\"8711\" class=\"elementor elementor-8711\">\n\t\t\t\t\t\t<section class=\"elementor-section elementor-top-section elementor-element elementor-element-38d5f4ea elementor-section-boxed elementor-section-height-default elementor-section-height-default\" data-id=\"38d5f4ea\" data-element_type=\"section\" data-e-type=\"section\">\n\t\t\t\t\t\t<div class=\"elementor-container elementor-column-gap-default\">\n\t\t\t\t\t<div class=\"elementor-column elementor-col-100 elementor-top-column elementor-element elementor-element-2ffff7e\" data-id=\"2ffff7e\" data-element_type=\"column\" data-e-type=\"column\">\n\t\t\t<div class=\"elementor-widget-wrap elementor-element-populated\">\n\t\t\t\t\t\t<div class=\"elementor-element elementor-element-c93e42f elementor-widget elementor-widget-heading\" data-id=\"c93e42f\" data-element_type=\"widget\" data-e-type=\"widget\" data-widget_type=\"heading.default\">\n\t\t\t\t<div class=\"elementor-widget-container\">\n\t\t\t\t\t<h2 class=\"elementor-heading-title elementor-size-default\">JOINT SPI TRACTEUR DEUTZ - ARRI\u00c8RE<\/h2>\t\t\t\t<\/div>\n\t\t\t\t<\/div>\n\t\t\t\t<div class=\"elementor-element elementor-element-259346fb elementor-widget elementor-widget-heading\" data-id=\"259346fb\" data-element_type=\"widget\" data-e-type=\"widget\" data-widget_type=\"heading.default\">\n\t\t\t\t<div class=\"elementor-widget-container\">\n\t\t\t\t\t<h3 class=\"elementor-heading-title elementor-size-default\">Information du produit :<\/h3>\t\t\t\t<\/div>\n\t\t\t\t<\/div>\n\t\t\t\t\t<\/div>\n\t\t<\/div>\n\t\t\t\t\t<\/div>\n\t\t<\/section>\n\t\t\t\t<section class=\"elementor-section elementor-top-section elementor-element elementor-element-290ca7d1 elementor-section-boxed elementor-section-height-default elementor-section-height-default\" data-id=\"290ca7d1\" data-element_type=\"section\" data-e-type=\"section\">\n\t\t\t\t\t\t<div class=\"elementor-container elementor-column-gap-default\">\n\t\t\t\t\t<div class=\"elementor-column elementor-col-100 elementor-top-column elementor-element elementor-element-773f35b7\" data-id=\"773f35b7\" data-element_type=\"column\" data-e-type=\"column\">\n\t\t\t<div class=\"elementor-widget-wrap elementor-element-populated\">\n\t\t\t\t\t\t<div class=\"elementor-element elementor-element-7774c225 elementor-widget elementor-widget-text-editor\" data-id=\"7774c225\" data-element_type=\"widget\" data-e-type=\"widget\" data-widget_type=\"text-editor.default\">\n\t\t\t\t<div class=\"elementor-widget-container\">\n\t\t\t\t\t\t\t\t\t<p>115 x 140 x 16 &#8211; Cot\u00e9 volant moteur.<\/p><p>Qualit\u00e9 origine Reintz ou Elring selon arrivage.<\/p><div>\u00a0<\/div>\t\t\t\t\t\t\t\t<\/div>\n\t\t\t\t<\/div>\n\t\t\t\t\t<\/div>\n\t\t<\/div>\n\t\t\t\t\t<\/div>\n\t\t<\/section>\n\t\t\t\t<\/div>","protected":false},"excerpt":{"rendered":"<p>JOINT SPI TRACTEUR DEUTZ &#8211; ARRI\u00c8RE Information du produit : 115 x 140 x 16 &#8211; Cot\u00e9 volant moteur. Qualit\u00e9 origine Reintz ou Elring selon arrivage.<\/p>","protected":false},"featured_media":8712,"template":"","meta":[],"product_brand":[],"product_cat":[2536,119,120],"product_tag":[],"tracteur":[],"class_list":{"0":"post-8711","1":"product","2":"type-product","3":"status-publish","4":"has-post-thumbnail","6":"product_cat-joints-spi","7":"product_cat-tracteurs-agricoles","8":"product_cat-transmissions","9":"product_shipping_class-142","10":"pa_diametre-exterieur-4474","11":"pa_diametre-interieur-4475","12":"pa_fabriquant-elring","13":"pa_fabriquant-victor-reinz","14":"pa_marque-moteur-moteur-deutz-khd","15":"pa_qualite-origine","16":"pa_type-moteur-f4l912","17":"badges-style-2","19":"first","20":"instock","21":"taxable","22":"shipping-taxable","23":"purchasable","24":"product-type-simple"},"acf":[],"yoast_head":"<!-- This site is optimized with the Yoast SEO plugin v27.3 - https:\/\/yoast.com\/product\/yoast-seo-wordpress\/ -->\n<title>Joint Spi Arri\u00e8re Deutz | 115 x 140 x 16 | Qualit\u00e9 origine - Edel<\/title>\n<meta name=\"description\" content=\"Joint Spi Arri\u00e8re Deutz - 115 x 140 x 16 - Qualit\u00e9 origine - Tracteur Agricole - Pi\u00e8ce moteur - Promotion - Distribution de pi\u00e8ces d\u00e9tach\u00e9e\" \/>\n<meta name=\"robots\" content=\"index, follow, max-snippet:-1, max-image-preview:large, max-video-preview:-1\" \/>\n<link rel=\"canonical\" href=\"https:\/\/edel.fr\/en\/product\/joint-spi-arriere-deutz-115-x-140-x-16-qualite-origine\/\" \/>\n<meta property=\"og:locale\" content=\"en_US\" \/>\n<meta property=\"og:type\" content=\"article\" \/>\n<meta property=\"og:title\" content=\"Joint Spi Arri\u00e8re Deutz | 115 x 140 x 16 | Qualit\u00e9 origine - Edel\" \/>\n<meta property=\"og:description\" content=\"Joint Spi Arri\u00e8re Deutz - 115 x 140 x 16 - Qualit\u00e9 origine - Tracteur Agricole - Pi\u00e8ce moteur - Promotion - Distribution de pi\u00e8ces d\u00e9tach\u00e9e\" \/>\n<meta property=\"og:url\" content=\"https:\/\/edel.fr\/en\/product\/joint-spi-arriere-deutz-115-x-140-x-16-qualite-origine\/\" \/>\n<meta property=\"og:site_name\" content=\"Edel\" \/>\n<meta property=\"article:modified_time\" content=\"2026-04-03T01:00:55+00:00\" \/>\n<meta property=\"og:image\" content=\"https:\/\/edel.fr\/uploads\/2020\/11\/joint-spi-115x140x16.jpg\" \/>\n\t<meta property=\"og:image:width\" content=\"1512\" \/>\n\t<meta property=\"og:image:height\" content=\"1626\" \/>\n\t<meta property=\"og:image:type\" content=\"image\/jpeg\" \/>\n<meta name=\"twitter:card\" content=\"summary_large_image\" \/>\n<meta name=\"twitter:label1\" content=\"Est. reading time\" \/>\n\t<meta name=\"twitter:data1\" content=\"1 minute\" \/>\n<script type=\"application\/ld+json\" class=\"yoast-schema-graph\">{\"@context\":\"https:\\\/\\\/schema.org\",\"@graph\":[{\"@type\":\"WebPage\",\"@id\":\"https:\\\/\\\/edel.fr\\\/en\\\/product\\\/joint-spi-arriere-deutz-115-x-140-x-16-qualite-origine\\\/\",\"url\":\"https:\\\/\\\/edel.fr\\\/en\\\/product\\\/joint-spi-arriere-deutz-115-x-140-x-16-qualite-origine\\\/\",\"name\":\"Joint Spi Arri\u00e8re Deutz | 115 x 140 x 16 | Qualit\u00e9 origine - Edel\",\"isPartOf\":{\"@id\":\"http:\\\/\\\/www.edel.fr\\\/en\\\/#website\"},\"primaryImageOfPage\":{\"@id\":\"https:\\\/\\\/edel.fr\\\/en\\\/product\\\/joint-spi-arriere-deutz-115-x-140-x-16-qualite-origine\\\/#primaryimage\"},\"image\":{\"@id\":\"https:\\\/\\\/edel.fr\\\/en\\\/product\\\/joint-spi-arriere-deutz-115-x-140-x-16-qualite-origine\\\/#primaryimage\"},\"thumbnailUrl\":\"https:\\\/\\\/edel.fr\\\/uploads\\\/2020\\\/11\\\/joint-spi-115x140x16.jpg\",\"datePublished\":\"2020-11-24T14:20:04+00:00\",\"dateModified\":\"2026-04-03T01:00:55+00:00\",\"description\":\"Joint Spi Arri\u00e8re Deutz - 115 x 140 x 16 - Qualit\u00e9 origine - Tracteur Agricole - Pi\u00e8ce moteur - Promotion - Distribution de pi\u00e8ces d\u00e9tach\u00e9e\",\"breadcrumb\":{\"@id\":\"https:\\\/\\\/edel.fr\\\/en\\\/product\\\/joint-spi-arriere-deutz-115-x-140-x-16-qualite-origine\\\/#breadcrumb\"},\"inLanguage\":\"en-US\",\"potentialAction\":[{\"@type\":\"ReadAction\",\"target\":[\"https:\\\/\\\/edel.fr\\\/en\\\/product\\\/joint-spi-arriere-deutz-115-x-140-x-16-qualite-origine\\\/\"]}]},{\"@type\":\"ImageObject\",\"inLanguage\":\"en-US\",\"@id\":\"https:\\\/\\\/edel.fr\\\/en\\\/product\\\/joint-spi-arriere-deutz-115-x-140-x-16-qualite-origine\\\/#primaryimage\",\"url\":\"https:\\\/\\\/edel.fr\\\/uploads\\\/2020\\\/11\\\/joint-spi-115x140x16.jpg\",\"contentUrl\":\"https:\\\/\\\/edel.fr\\\/uploads\\\/2020\\\/11\\\/joint-spi-115x140x16.jpg\",\"width\":1512,\"height\":1626,\"caption\":\"Joint Spi Arri\u00e8re - Deutz\"},{\"@type\":\"BreadcrumbList\",\"@id\":\"https:\\\/\\\/edel.fr\\\/en\\\/product\\\/joint-spi-arriere-deutz-115-x-140-x-16-qualite-origine\\\/#breadcrumb\",\"itemListElement\":[{\"@type\":\"ListItem\",\"position\":1,\"name\":\"Pi\u00e8ce Tracteur\",\"item\":\"http:\\\/\\\/www.edel.fr\\\/en\\\/\"},{\"@type\":\"ListItem\",\"position\":2,\"name\":\"Toutes nos pi\u00e8ces Tracteur\",\"item\":\"https:\\\/\\\/edel.fr\\\/shop\\\/\"},{\"@type\":\"ListItem\",\"position\":3,\"name\":\"Joint Spi Arri\u00e8re Deutz | 115 x 140 x 16 | Qualit\u00e9 origine\"}]},{\"@type\":\"WebSite\",\"@id\":\"http:\\\/\\\/www.edel.fr\\\/en\\\/#website\",\"url\":\"http:\\\/\\\/www.edel.fr\\\/en\\\/\",\"name\":\"Edel\",\"description\":\"Pi\u00e8ce d\u00e9tach\u00e9e de Tracteur Agricole\",\"publisher\":{\"@id\":\"http:\\\/\\\/www.edel.fr\\\/en\\\/#organization\"},\"potentialAction\":[{\"@type\":\"SearchAction\",\"target\":{\"@type\":\"EntryPoint\",\"urlTemplate\":\"http:\\\/\\\/www.edel.fr\\\/en\\\/?s={search_term_string}\"},\"query-input\":{\"@type\":\"PropertyValueSpecification\",\"valueRequired\":true,\"valueName\":\"search_term_string\"}}],\"inLanguage\":\"en-US\"},{\"@type\":\"Organization\",\"@id\":\"http:\\\/\\\/www.edel.fr\\\/en\\\/#organization\",\"name\":\"Edel\",\"url\":\"http:\\\/\\\/www.edel.fr\\\/en\\\/\",\"logo\":{\"@type\":\"ImageObject\",\"inLanguage\":\"en-US\",\"@id\":\"http:\\\/\\\/www.edel.fr\\\/en\\\/#\\\/schema\\\/logo\\\/image\\\/\",\"url\":\"https:\\\/\\\/www.edel.fr\\\/uploads\\\/2018\\\/11\\\/logo-edel.png\",\"contentUrl\":\"https:\\\/\\\/www.edel.fr\\\/uploads\\\/2018\\\/11\\\/logo-edel.png\",\"width\":257,\"height\":68,\"caption\":\"Edel\"},\"image\":{\"@id\":\"http:\\\/\\\/www.edel.fr\\\/en\\\/#\\\/schema\\\/logo\\\/image\\\/\"}}]}<\/script>\n<!-- \/ Yoast SEO plugin. -->","yoast_head_json":{"title":"Joint Spi Arri\u00e8re Deutz | 115 x 140 x 16 | Qualit\u00e9 origine - Edel","description":"Joint Spi Arri\u00e8re Deutz - 115 x 140 x 16 - Qualit\u00e9 origine - Tracteur Agricole - Pi\u00e8ce moteur - Promotion - Distribution de pi\u00e8ces d\u00e9tach\u00e9e","robots":{"index":"index","follow":"follow","max-snippet":"max-snippet:-1","max-image-preview":"max-image-preview:large","max-video-preview":"max-video-preview:-1"},"canonical":"https:\/\/edel.fr\/en\/product\/joint-spi-arriere-deutz-115-x-140-x-16-qualite-origine\/","og_locale":"en_US","og_type":"article","og_title":"Joint Spi Arri\u00e8re Deutz | 115 x 140 x 16 | Qualit\u00e9 origine - Edel","og_description":"Joint Spi Arri\u00e8re Deutz - 115 x 140 x 16 - Qualit\u00e9 origine - Tracteur Agricole - Pi\u00e8ce moteur - Promotion - Distribution de pi\u00e8ces d\u00e9tach\u00e9e","og_url":"https:\/\/edel.fr\/en\/product\/joint-spi-arriere-deutz-115-x-140-x-16-qualite-origine\/","og_site_name":"Edel","article_modified_time":"2026-04-03T01:00:55+00:00","og_image":[{"width":1512,"height":1626,"url":"https:\/\/edel.fr\/uploads\/2020\/11\/joint-spi-115x140x16.jpg","type":"image\/jpeg"}],"twitter_card":"summary_large_image","twitter_misc":{"Est. reading time":"1 minute"},"schema":{"@context":"https:\/\/schema.org","@graph":[{"@type":"WebPage","@id":"https:\/\/edel.fr\/en\/product\/joint-spi-arriere-deutz-115-x-140-x-16-qualite-origine\/","url":"https:\/\/edel.fr\/en\/product\/joint-spi-arriere-deutz-115-x-140-x-16-qualite-origine\/","name":"Joint Spi Arri\u00e8re Deutz | 115 x 140 x 16 | Qualit\u00e9 origine - Edel","isPartOf":{"@id":"http:\/\/www.edel.fr\/en\/#website"},"primaryImageOfPage":{"@id":"https:\/\/edel.fr\/en\/product\/joint-spi-arriere-deutz-115-x-140-x-16-qualite-origine\/#primaryimage"},"image":{"@id":"https:\/\/edel.fr\/en\/product\/joint-spi-arriere-deutz-115-x-140-x-16-qualite-origine\/#primaryimage"},"thumbnailUrl":"https:\/\/edel.fr\/uploads\/2020\/11\/joint-spi-115x140x16.jpg","datePublished":"2020-11-24T14:20:04+00:00","dateModified":"2026-04-03T01:00:55+00:00","description":"Joint Spi Arri\u00e8re Deutz - 115 x 140 x 16 - Qualit\u00e9 origine - Tracteur Agricole - Pi\u00e8ce moteur - Promotion - Distribution de pi\u00e8ces d\u00e9tach\u00e9e","breadcrumb":{"@id":"https:\/\/edel.fr\/en\/product\/joint-spi-arriere-deutz-115-x-140-x-16-qualite-origine\/#breadcrumb"},"inLanguage":"en-US","potentialAction":[{"@type":"ReadAction","target":["https:\/\/edel.fr\/en\/product\/joint-spi-arriere-deutz-115-x-140-x-16-qualite-origine\/"]}]},{"@type":"ImageObject","inLanguage":"en-US","@id":"https:\/\/edel.fr\/en\/product\/joint-spi-arriere-deutz-115-x-140-x-16-qualite-origine\/#primaryimage","url":"https:\/\/edel.fr\/uploads\/2020\/11\/joint-spi-115x140x16.jpg","contentUrl":"https:\/\/edel.fr\/uploads\/2020\/11\/joint-spi-115x140x16.jpg","width":1512,"height":1626,"caption":"Joint Spi Arri\u00e8re - Deutz"},{"@type":"BreadcrumbList","@id":"https:\/\/edel.fr\/en\/product\/joint-spi-arriere-deutz-115-x-140-x-16-qualite-origine\/#breadcrumb","itemListElement":[{"@type":"ListItem","position":1,"name":"Pi\u00e8ce Tracteur","item":"http:\/\/www.edel.fr\/en\/"},{"@type":"ListItem","position":2,"name":"Toutes nos pi\u00e8ces Tracteur","item":"https:\/\/edel.fr\/shop\/"},{"@type":"ListItem","position":3,"name":"Joint Spi Arri\u00e8re Deutz | 115 x 140 x 16 | Qualit\u00e9 origine"}]},{"@type":"WebSite","@id":"http:\/\/www.edel.fr\/en\/#website","url":"http:\/\/www.edel.fr\/en\/","name":"Edel","description":"Pi\u00e8ce d\u00e9tach\u00e9e de Tracteur Agricole","publisher":{"@id":"http:\/\/www.edel.fr\/en\/#organization"},"potentialAction":[{"@type":"SearchAction","target":{"@type":"EntryPoint","urlTemplate":"http:\/\/www.edel.fr\/en\/?s={search_term_string}"},"query-input":{"@type":"PropertyValueSpecification","valueRequired":true,"valueName":"search_term_string"}}],"inLanguage":"en-US"},{"@type":"Organization","@id":"http:\/\/www.edel.fr\/en\/#organization","name":"Edel","url":"http:\/\/www.edel.fr\/en\/","logo":{"@type":"ImageObject","inLanguage":"en-US","@id":"http:\/\/www.edel.fr\/en\/#\/schema\/logo\/image\/","url":"https:\/\/www.edel.fr\/uploads\/2018\/11\/logo-edel.png","contentUrl":"https:\/\/www.edel.fr\/uploads\/2018\/11\/logo-edel.png","width":257,"height":68,"caption":"Edel"},"image":{"@id":"http:\/\/www.edel.fr\/en\/#\/schema\/logo\/image\/"}}]}},"_links":{"self":[{"href":"https:\/\/edel.fr\/en\/wp-json\/wp\/v2\/product\/8711","targetHints":{"allow":["GET"]}}],"collection":[{"href":"https:\/\/edel.fr\/en\/wp-json\/wp\/v2\/product"}],"about":[{"href":"https:\/\/edel.fr\/en\/wp-json\/wp\/v2\/types\/product"}],"version-history":[{"count":3,"href":"https:\/\/edel.fr\/en\/wp-json\/wp\/v2\/product\/8711\/revisions"}],"predecessor-version":[{"id":17968,"href":"https:\/\/edel.fr\/en\/wp-json\/wp\/v2\/product\/8711\/revisions\/17968"}],"wp:featuredmedia":[{"embeddable":true,"href":"https:\/\/edel.fr\/en\/wp-json\/wp\/v2\/media\/8712"}],"wp:attachment":[{"href":"https:\/\/edel.fr\/en\/wp-json\/wp\/v2\/media?parent=8711"}],"wp:term":[{"taxonomy":"product_brand","embeddable":true,"href":"https:\/\/edel.fr\/en\/wp-json\/wp\/v2\/product_brand?post=8711"},{"taxonomy":"product_cat","embeddable":true,"href":"https:\/\/edel.fr\/en\/wp-json\/wp\/v2\/product_cat?post=8711"},{"taxonomy":"product_tag","embeddable":true,"href":"https:\/\/edel.fr\/en\/wp-json\/wp\/v2\/product_tag?post=8711"},{"taxonomy":"tracteur","embeddable":true,"href":"https:\/\/edel.fr\/en\/wp-json\/wp\/v2\/tracteur?post=8711"}],"curies":[{"name":"wp","href":"https:\/\/api.w.org\/{rel}","templated":true}]}}