{"id":9146,"date":"2020-12-02T08:43:38","date_gmt":"2020-12-02T07:43:38","guid":{"rendered":"https:\/\/www.edel.fr\/?post_type=product&#038;p=9146"},"modified":"2026-04-02T03:00:49","modified_gmt":"2026-04-02T01:00:49","slug":"ensemble-khd-deutz-fl912-cylindre-chemise-piston-segments","status":"publish","type":"product","link":"https:\/\/edel.fr\/en\/product\/ensemble-khd-deutz-fl912-cylindre-chemise-piston-segments\/","title":{"rendered":"Ensemble cylindr\u00e9e origine KS Moteur KHD Deutz FL912 Tracteur Agricole"},"content":{"rendered":"<div data-elementor-type=\"wp-post\" data-elementor-id=\"9146\" class=\"elementor elementor-9146\">\n\t\t\t\t\t\t<section class=\"elementor-section elementor-top-section elementor-element elementor-element-77e664f7 elementor-section-boxed elementor-section-height-default elementor-section-height-default\" data-id=\"77e664f7\" data-element_type=\"section\" data-e-type=\"section\">\n\t\t\t\t\t\t<div class=\"elementor-container elementor-column-gap-default\">\n\t\t\t\t\t<div class=\"elementor-column elementor-col-100 elementor-top-column elementor-element elementor-element-cf06db0\" data-id=\"cf06db0\" data-element_type=\"column\" data-e-type=\"column\">\n\t\t\t<div class=\"elementor-widget-wrap elementor-element-populated\">\n\t\t\t\t\t\t<div class=\"elementor-element elementor-element-2d6ad078 elementor-widget elementor-widget-heading\" data-id=\"2d6ad078\" data-element_type=\"widget\" data-e-type=\"widget\" data-widget_type=\"heading.default\">\n\t\t\t\t<div class=\"elementor-widget-container\">\n\t\t\t\t\t<h2 class=\"elementor-heading-title elementor-size-default\">Ensemble KHD Deutz FL912 - Cylindre Chemise Piston Segments Tracteur Agricole<\/h2>\t\t\t\t<\/div>\n\t\t\t\t<\/div>\n\t\t\t\t<div class=\"elementor-element elementor-element-40499675 elementor-widget elementor-widget-heading\" data-id=\"40499675\" data-element_type=\"widget\" data-e-type=\"widget\" data-widget_type=\"heading.default\">\n\t\t\t\t<div class=\"elementor-widget-container\">\n\t\t\t\t\t<h3 class=\"elementor-heading-title elementor-size-default\">Information du produit :<\/h3>\t\t\t\t<\/div>\n\t\t\t\t<\/div>\n\t\t\t\t\t<\/div>\n\t\t<\/div>\n\t\t\t\t\t<\/div>\n\t\t<\/section>\n\t\t\t\t<section class=\"elementor-section elementor-top-section elementor-element elementor-element-290ca7d1 elementor-section-boxed elementor-section-height-default elementor-section-height-default\" data-id=\"290ca7d1\" data-element_type=\"section\" data-e-type=\"section\">\n\t\t\t\t\t\t<div class=\"elementor-container elementor-column-gap-default\">\n\t\t\t\t\t<div class=\"elementor-column elementor-col-100 elementor-top-column elementor-element elementor-element-773f35b7\" data-id=\"773f35b7\" data-element_type=\"column\" data-e-type=\"column\">\n\t\t\t<div class=\"elementor-widget-wrap elementor-element-populated\">\n\t\t\t\t\t\t<div class=\"elementor-element elementor-element-7774c225 elementor-widget elementor-widget-text-editor\" data-id=\"7774c225\" data-element_type=\"widget\" data-e-type=\"widget\" data-widget_type=\"text-editor.default\">\n\t\t\t\t<div class=\"elementor-widget-container\">\n\t\t\t\t\t\t\t\t\t<div>L\u2019ensemble chemise\/piston\/segments, sont des pi\u00e8ces fondamentales du moteur thermique. Elles assurent le bon d\u00e9roulement de la combustion interne, ainsi que l\u2019exploitation de cette derni\u00e8re.<\/div><div>\u00a0<\/div><div>Edel Shop vous propose une cylindr\u00e9e compl\u00e8te, chemise, piston, segments pour moteur KHD Deutz FL912.<\/div><div>Qualit\u00e9 origine Germany, marque KS ou MAHLE.<\/div><div>\u00a0<\/div><div>Type : 25.06, 28.07, 30.06, 36.07, 40.06, 40.07, 45.06, 45.07, 45.07C, 48.07, 48.07C, 50.06, 52.06, 52.07, <br \/>\u00a0 \u00a0 \u00a0 \u00a0 \u00a0 \u00a0 52.07C, 55.06, 60.06, 60.07, 60.07C, 62.06, 62.07, 62.07C, 65.07, 65.07C, 70.07, 72.06, 72.07, 75.06, <br \/>\u00a0 \u00a0 \u00a0 \u00a0 \u00a0 \u00a0 80.06, 90.06, AGROCOMPACT 3.30F-V, AGROCOMPACT 3.70F-V, AGROPRIMA 6.06, AGROXTRA 4.07, <br \/>\u00a0 \u00a0 \u00a0 \u00a0 \u00a0 \u00a0 AGROXTRA 6.07, DX110, DX3.10, DX3.30, DX3.60, DX3.65, DX3.70, DX4.10, DX6.05, DX6.10, DX85, DX90, <br \/>\u00a0 \u00a0 \u00a0 \u00a0 \u00a0 \u00a0 F2L912, F3L912, F4L912, F5L912, F6L912.<\/div><div><div>\u00a0<\/div><\/div>\t\t\t\t\t\t\t\t<\/div>\n\t\t\t\t<\/div>\n\t\t\t\t\t<\/div>\n\t\t<\/div>\n\t\t\t\t\t<\/div>\n\t\t<\/section>\n\t\t\t\t<\/div>","protected":false},"excerpt":{"rendered":"<p>Ensemble KHD Deutz FL912 &#8211; Cylindre Chemise Piston Segments Tracteur Agricole Information du produit : L\u2019ensemble chemise\/piston\/segments, sont des pi\u00e8ces fondamentales du moteur thermique. Elles assurent le bon d\u00e9roulement de la combustion interne, ainsi que l\u2019exploitation de cette derni\u00e8re.\u00a0Edel Shop vous propose une cylindr\u00e9e compl\u00e8te, chemise, piston, segments pour moteur KHD Deutz FL912.Qualit\u00e9 origine Germany,<br \/><a class=\"more-link\" href=\"https:\/\/edel.fr\/en\/product\/ensemble-khd-deutz-fl912-cylindre-chemise-piston-segments\/\"><br \/>\n        Read More<span class=\"screen-reader-text\"> \u00ab\u00a0Ensemble cylindr\u00e9e origine KS Moteur KHD Deutz FL912 Tracteur Agricole\u00a0\u00bb<\/span><\/a><\/p>","protected":false},"featured_media":9147,"template":"","meta":[],"product_brand":[],"product_cat":[2500,153,119],"product_tag":[],"tracteur":[],"class_list":{"0":"post-9146","1":"product","2":"type-product","3":"status-publish","4":"has-post-thumbnail","6":"product_cat-ensemble-chemise-piston-segments","7":"product_cat-pieces-moteur","8":"product_cat-tracteurs-agricoles","9":"product_shipping_class-142","10":"pa_fabriquant-ks","11":"pa_marque-moteur-moteur-deutz-khd","12":"pa_qualite-origine","13":"pa_type-moteur-f3l912","14":"pa_type-moteur-f4l912","15":"pa_type-moteur-f6l912","16":"badges-style-2","18":"first","19":"instock","20":"taxable","21":"shipping-taxable","22":"purchasable","23":"product-type-simple"},"acf":[],"yoast_head":"<!-- This site is optimized with the Yoast SEO plugin v27.3 - https:\/\/yoast.com\/product\/yoast-seo-wordpress\/ -->\n<title>Ensemble KHD Deutz FL912 - Cylindre Chemise Piston Segments - Edel<\/title>\n<meta name=\"description\" content=\"Ensemble KHD Deutz FL912 - Cylindres Chemise Piston Segments - F2L912 F3L912 F4L912 F5L912 F6L912 25.06 30.06 40.06 50.06 60.06 80.06 DX110 DX3.10 DX85 DX90\" \/>\n<meta name=\"robots\" content=\"index, follow, max-snippet:-1, max-image-preview:large, max-video-preview:-1\" \/>\n<link rel=\"canonical\" href=\"https:\/\/www.edel.fr\/produit\/ensemble-khd-deutz-fl912-cylindre-chemise-piston-segments\/\" \/>\n<meta property=\"og:locale\" content=\"en_US\" \/>\n<meta property=\"og:type\" content=\"article\" \/>\n<meta property=\"og:title\" content=\"Ensemble KHD Deutz FL912 - Cylindre Chemise Piston Segments - Edel\" \/>\n<meta property=\"og:description\" content=\"Ensemble KHD Deutz FL912 - Cylindres Chemise Piston Segments - F2L912 F3L912 F4L912 F5L912 F6L912 25.06 30.06 40.06 50.06 60.06 80.06 DX110 DX3.10 DX85 DX90\" \/>\n<meta property=\"og:url\" content=\"https:\/\/www.edel.fr\/produit\/ensemble-khd-deutz-fl912-cylindre-chemise-piston-segments\/\" \/>\n<meta property=\"og:site_name\" content=\"Edel\" \/>\n<meta property=\"article:modified_time\" content=\"2026-04-02T01:00:49+00:00\" \/>\n<meta property=\"og:image\" content=\"https:\/\/www.edel.fr\/uploads\/2020\/12\/ensemble912.jpg\" \/>\n\t<meta property=\"og:image:width\" content=\"1512\" \/>\n\t<meta property=\"og:image:height\" content=\"1699\" \/>\n\t<meta property=\"og:image:type\" content=\"image\/jpeg\" \/>\n<meta name=\"twitter:card\" content=\"summary_large_image\" \/>\n<meta name=\"twitter:label1\" content=\"Est. reading time\" \/>\n\t<meta name=\"twitter:data1\" content=\"1 minute\" \/>\n<script type=\"application\/ld+json\" class=\"yoast-schema-graph\">{\"@context\":\"https:\\\/\\\/schema.org\",\"@graph\":[{\"@type\":\"WebPage\",\"@id\":\"https:\\\/\\\/www.edel.fr\\\/produit\\\/ensemble-khd-deutz-fl912-cylindre-chemise-piston-segments\\\/\",\"url\":\"https:\\\/\\\/www.edel.fr\\\/produit\\\/ensemble-khd-deutz-fl912-cylindre-chemise-piston-segments\\\/\",\"name\":\"Ensemble KHD Deutz FL912 - Cylindre Chemise Piston Segments - Edel\",\"isPartOf\":{\"@id\":\"https:\\\/\\\/www.edel.fr\\\/en\\\/#website\"},\"primaryImageOfPage\":{\"@id\":\"https:\\\/\\\/www.edel.fr\\\/produit\\\/ensemble-khd-deutz-fl912-cylindre-chemise-piston-segments\\\/#primaryimage\"},\"image\":{\"@id\":\"https:\\\/\\\/www.edel.fr\\\/produit\\\/ensemble-khd-deutz-fl912-cylindre-chemise-piston-segments\\\/#primaryimage\"},\"thumbnailUrl\":\"https:\\\/\\\/edel.fr\\\/uploads\\\/2020\\\/12\\\/ensemble912.jpg\",\"datePublished\":\"2020-12-02T07:43:38+00:00\",\"dateModified\":\"2026-04-02T01:00:49+00:00\",\"description\":\"Ensemble KHD Deutz FL912 - Cylindres Chemise Piston Segments - F2L912 F3L912 F4L912 F5L912 F6L912 25.06 30.06 40.06 50.06 60.06 80.06 DX110 DX3.10 DX85 DX90\",\"breadcrumb\":{\"@id\":\"https:\\\/\\\/www.edel.fr\\\/produit\\\/ensemble-khd-deutz-fl912-cylindre-chemise-piston-segments\\\/#breadcrumb\"},\"inLanguage\":\"en-US\",\"potentialAction\":[{\"@type\":\"ReadAction\",\"target\":[\"https:\\\/\\\/www.edel.fr\\\/produit\\\/ensemble-khd-deutz-fl912-cylindre-chemise-piston-segments\\\/\"]}]},{\"@type\":\"ImageObject\",\"inLanguage\":\"en-US\",\"@id\":\"https:\\\/\\\/www.edel.fr\\\/produit\\\/ensemble-khd-deutz-fl912-cylindre-chemise-piston-segments\\\/#primaryimage\",\"url\":\"https:\\\/\\\/edel.fr\\\/uploads\\\/2020\\\/12\\\/ensemble912.jpg\",\"contentUrl\":\"https:\\\/\\\/edel.fr\\\/uploads\\\/2020\\\/12\\\/ensemble912.jpg\",\"width\":1512,\"height\":1699,\"caption\":\"Ensemble Deutz FL912 - Cylindre Chemise Piston Segments\"},{\"@type\":\"BreadcrumbList\",\"@id\":\"https:\\\/\\\/www.edel.fr\\\/produit\\\/ensemble-khd-deutz-fl912-cylindre-chemise-piston-segments\\\/#breadcrumb\",\"itemListElement\":[{\"@type\":\"ListItem\",\"position\":1,\"name\":\"Pi\u00e8ce Tracteur\",\"item\":\"https:\\\/\\\/www.edel.fr\\\/en\\\/\"},{\"@type\":\"ListItem\",\"position\":2,\"name\":\"Toutes nos pi\u00e8ces Tracteur\",\"item\":\"https:\\\/\\\/edel.fr\\\/shop\\\/\"},{\"@type\":\"ListItem\",\"position\":3,\"name\":\"Ensemble cylindr\u00e9e origine KS Moteur KHD Deutz FL912 Tracteur Agricole\"}]},{\"@type\":\"WebSite\",\"@id\":\"https:\\\/\\\/www.edel.fr\\\/en\\\/#website\",\"url\":\"https:\\\/\\\/www.edel.fr\\\/en\\\/\",\"name\":\"Edel\",\"description\":\"Pi\u00e8ce d\u00e9tach\u00e9e de Tracteur Agricole\",\"publisher\":{\"@id\":\"https:\\\/\\\/www.edel.fr\\\/en\\\/#organization\"},\"potentialAction\":[{\"@type\":\"SearchAction\",\"target\":{\"@type\":\"EntryPoint\",\"urlTemplate\":\"https:\\\/\\\/www.edel.fr\\\/en\\\/?s={search_term_string}\"},\"query-input\":{\"@type\":\"PropertyValueSpecification\",\"valueRequired\":true,\"valueName\":\"search_term_string\"}}],\"inLanguage\":\"en-US\"},{\"@type\":\"Organization\",\"@id\":\"https:\\\/\\\/www.edel.fr\\\/en\\\/#organization\",\"name\":\"Edel\",\"url\":\"https:\\\/\\\/www.edel.fr\\\/en\\\/\",\"logo\":{\"@type\":\"ImageObject\",\"inLanguage\":\"en-US\",\"@id\":\"https:\\\/\\\/www.edel.fr\\\/en\\\/#\\\/schema\\\/logo\\\/image\\\/\",\"url\":\"https:\\\/\\\/www.edel.fr\\\/uploads\\\/2018\\\/11\\\/logo-edel.png\",\"contentUrl\":\"https:\\\/\\\/www.edel.fr\\\/uploads\\\/2018\\\/11\\\/logo-edel.png\",\"width\":257,\"height\":68,\"caption\":\"Edel\"},\"image\":{\"@id\":\"https:\\\/\\\/www.edel.fr\\\/en\\\/#\\\/schema\\\/logo\\\/image\\\/\"}}]}<\/script>\n<!-- \/ Yoast SEO plugin. -->","yoast_head_json":{"title":"Ensemble KHD Deutz FL912 - Cylindre Chemise Piston Segments - Edel","description":"Ensemble KHD Deutz FL912 - Cylindres Chemise Piston Segments - F2L912 F3L912 F4L912 F5L912 F6L912 25.06 30.06 40.06 50.06 60.06 80.06 DX110 DX3.10 DX85 DX90","robots":{"index":"index","follow":"follow","max-snippet":"max-snippet:-1","max-image-preview":"max-image-preview:large","max-video-preview":"max-video-preview:-1"},"canonical":"https:\/\/www.edel.fr\/produit\/ensemble-khd-deutz-fl912-cylindre-chemise-piston-segments\/","og_locale":"en_US","og_type":"article","og_title":"Ensemble KHD Deutz FL912 - Cylindre Chemise Piston Segments - Edel","og_description":"Ensemble KHD Deutz FL912 - Cylindres Chemise Piston Segments - F2L912 F3L912 F4L912 F5L912 F6L912 25.06 30.06 40.06 50.06 60.06 80.06 DX110 DX3.10 DX85 DX90","og_url":"https:\/\/www.edel.fr\/produit\/ensemble-khd-deutz-fl912-cylindre-chemise-piston-segments\/","og_site_name":"Edel","article_modified_time":"2026-04-02T01:00:49+00:00","og_image":[{"width":1512,"height":1699,"url":"https:\/\/www.edel.fr\/uploads\/2020\/12\/ensemble912.jpg","type":"image\/jpeg"}],"twitter_card":"summary_large_image","twitter_misc":{"Est. reading time":"1 minute"},"schema":{"@context":"https:\/\/schema.org","@graph":[{"@type":"WebPage","@id":"https:\/\/www.edel.fr\/produit\/ensemble-khd-deutz-fl912-cylindre-chemise-piston-segments\/","url":"https:\/\/www.edel.fr\/produit\/ensemble-khd-deutz-fl912-cylindre-chemise-piston-segments\/","name":"Ensemble KHD Deutz FL912 - Cylindre Chemise Piston Segments - Edel","isPartOf":{"@id":"https:\/\/www.edel.fr\/en\/#website"},"primaryImageOfPage":{"@id":"https:\/\/www.edel.fr\/produit\/ensemble-khd-deutz-fl912-cylindre-chemise-piston-segments\/#primaryimage"},"image":{"@id":"https:\/\/www.edel.fr\/produit\/ensemble-khd-deutz-fl912-cylindre-chemise-piston-segments\/#primaryimage"},"thumbnailUrl":"https:\/\/edel.fr\/uploads\/2020\/12\/ensemble912.jpg","datePublished":"2020-12-02T07:43:38+00:00","dateModified":"2026-04-02T01:00:49+00:00","description":"Ensemble KHD Deutz FL912 - Cylindres Chemise Piston Segments - F2L912 F3L912 F4L912 F5L912 F6L912 25.06 30.06 40.06 50.06 60.06 80.06 DX110 DX3.10 DX85 DX90","breadcrumb":{"@id":"https:\/\/www.edel.fr\/produit\/ensemble-khd-deutz-fl912-cylindre-chemise-piston-segments\/#breadcrumb"},"inLanguage":"en-US","potentialAction":[{"@type":"ReadAction","target":["https:\/\/www.edel.fr\/produit\/ensemble-khd-deutz-fl912-cylindre-chemise-piston-segments\/"]}]},{"@type":"ImageObject","inLanguage":"en-US","@id":"https:\/\/www.edel.fr\/produit\/ensemble-khd-deutz-fl912-cylindre-chemise-piston-segments\/#primaryimage","url":"https:\/\/edel.fr\/uploads\/2020\/12\/ensemble912.jpg","contentUrl":"https:\/\/edel.fr\/uploads\/2020\/12\/ensemble912.jpg","width":1512,"height":1699,"caption":"Ensemble Deutz FL912 - Cylindre Chemise Piston Segments"},{"@type":"BreadcrumbList","@id":"https:\/\/www.edel.fr\/produit\/ensemble-khd-deutz-fl912-cylindre-chemise-piston-segments\/#breadcrumb","itemListElement":[{"@type":"ListItem","position":1,"name":"Pi\u00e8ce Tracteur","item":"https:\/\/www.edel.fr\/en\/"},{"@type":"ListItem","position":2,"name":"Toutes nos pi\u00e8ces Tracteur","item":"https:\/\/edel.fr\/shop\/"},{"@type":"ListItem","position":3,"name":"Ensemble cylindr\u00e9e origine KS Moteur KHD Deutz FL912 Tracteur Agricole"}]},{"@type":"WebSite","@id":"https:\/\/www.edel.fr\/en\/#website","url":"https:\/\/www.edel.fr\/en\/","name":"Edel","description":"Pi\u00e8ce d\u00e9tach\u00e9e de Tracteur Agricole","publisher":{"@id":"https:\/\/www.edel.fr\/en\/#organization"},"potentialAction":[{"@type":"SearchAction","target":{"@type":"EntryPoint","urlTemplate":"https:\/\/www.edel.fr\/en\/?s={search_term_string}"},"query-input":{"@type":"PropertyValueSpecification","valueRequired":true,"valueName":"search_term_string"}}],"inLanguage":"en-US"},{"@type":"Organization","@id":"https:\/\/www.edel.fr\/en\/#organization","name":"Edel","url":"https:\/\/www.edel.fr\/en\/","logo":{"@type":"ImageObject","inLanguage":"en-US","@id":"https:\/\/www.edel.fr\/en\/#\/schema\/logo\/image\/","url":"https:\/\/www.edel.fr\/uploads\/2018\/11\/logo-edel.png","contentUrl":"https:\/\/www.edel.fr\/uploads\/2018\/11\/logo-edel.png","width":257,"height":68,"caption":"Edel"},"image":{"@id":"https:\/\/www.edel.fr\/en\/#\/schema\/logo\/image\/"}}]}},"_links":{"self":[{"href":"https:\/\/edel.fr\/en\/wp-json\/wp\/v2\/product\/9146","targetHints":{"allow":["GET"]}}],"collection":[{"href":"https:\/\/edel.fr\/en\/wp-json\/wp\/v2\/product"}],"about":[{"href":"https:\/\/edel.fr\/en\/wp-json\/wp\/v2\/types\/product"}],"version-history":[{"count":2,"href":"https:\/\/edel.fr\/en\/wp-json\/wp\/v2\/product\/9146\/revisions"}],"predecessor-version":[{"id":19961,"href":"https:\/\/edel.fr\/en\/wp-json\/wp\/v2\/product\/9146\/revisions\/19961"}],"wp:featuredmedia":[{"embeddable":true,"href":"https:\/\/edel.fr\/en\/wp-json\/wp\/v2\/media\/9147"}],"wp:attachment":[{"href":"https:\/\/edel.fr\/en\/wp-json\/wp\/v2\/media?parent=9146"}],"wp:term":[{"taxonomy":"product_brand","embeddable":true,"href":"https:\/\/edel.fr\/en\/wp-json\/wp\/v2\/product_brand?post=9146"},{"taxonomy":"product_cat","embeddable":true,"href":"https:\/\/edel.fr\/en\/wp-json\/wp\/v2\/product_cat?post=9146"},{"taxonomy":"product_tag","embeddable":true,"href":"https:\/\/edel.fr\/en\/wp-json\/wp\/v2\/product_tag?post=9146"},{"taxonomy":"tracteur","embeddable":true,"href":"https:\/\/edel.fr\/en\/wp-json\/wp\/v2\/tracteur?post=9146"}],"curies":[{"name":"wp","href":"https:\/\/api.w.org\/{rel}","templated":true}]}}