{"id":9216,"date":"2020-12-02T15:21:24","date_gmt":"2020-12-02T14:21:24","guid":{"rendered":"https:\/\/www.edel.fr\/?post_type=product&#038;p=9216"},"modified":"2026-04-01T17:20:16","modified_gmt":"2026-04-01T15:20:16","slug":"joint-plaque-arriere-deutz-fl-912-913-qualite-origine","status":"publish","type":"product","link":"https:\/\/edel.fr\/en\/product\/joint-plaque-arriere-deutz-fl-912-913-qualite-origine\/","title":{"rendered":"Joint Plaque Arri\u00e8re &#8211; Deutz FL 912 \/ 913 | Qualit\u00e9 Origine"},"content":{"rendered":"<div data-elementor-type=\"wp-post\" data-elementor-id=\"9216\" class=\"elementor elementor-9216\">\n\t\t\t\t\t\t<section class=\"elementor-section elementor-top-section elementor-element elementor-element-2edc24d8 elementor-section-boxed elementor-section-height-default elementor-section-height-default\" data-id=\"2edc24d8\" data-element_type=\"section\" data-e-type=\"section\">\n\t\t\t\t\t\t<div class=\"elementor-container elementor-column-gap-default\">\n\t\t\t\t\t<div class=\"elementor-column elementor-col-100 elementor-top-column elementor-element elementor-element-5cbb0c14\" data-id=\"5cbb0c14\" data-element_type=\"column\" data-e-type=\"column\">\n\t\t\t<div class=\"elementor-widget-wrap elementor-element-populated\">\n\t\t\t\t\t\t<div class=\"elementor-element elementor-element-286cc35b elementor-widget elementor-widget-heading\" data-id=\"286cc35b\" data-element_type=\"widget\" data-e-type=\"widget\" data-widget_type=\"heading.default\">\n\t\t\t\t<div class=\"elementor-widget-container\">\n\t\t\t\t\t<h2 class=\"elementor-heading-title elementor-size-default\">JOINT PLAQUE ARRI\u00c8RE Tracteur \u2013 DEUTZ FL 912 \/ 913 | QUALIT\u00c9 ORIGINE<\/h2>\t\t\t\t<\/div>\n\t\t\t\t<\/div>\n\t\t\t\t<div class=\"elementor-element elementor-element-df21b4 elementor-widget elementor-widget-heading\" data-id=\"df21b4\" data-element_type=\"widget\" data-e-type=\"widget\" data-widget_type=\"heading.default\">\n\t\t\t\t<div class=\"elementor-widget-container\">\n\t\t\t\t\t<h3 class=\"elementor-heading-title elementor-size-default\">Information du produit :<\/h3>\t\t\t\t<\/div>\n\t\t\t\t<\/div>\n\t\t\t\t\t<\/div>\n\t\t<\/div>\n\t\t\t\t\t<\/div>\n\t\t<\/section>\n\t\t\t\t<section class=\"elementor-section elementor-top-section elementor-element elementor-element-290ca7d1 elementor-section-boxed elementor-section-height-default elementor-section-height-default\" data-id=\"290ca7d1\" data-element_type=\"section\" data-e-type=\"section\">\n\t\t\t\t\t\t<div class=\"elementor-container elementor-column-gap-default\">\n\t\t\t\t\t<div class=\"elementor-column elementor-col-100 elementor-top-column elementor-element elementor-element-773f35b7\" data-id=\"773f35b7\" data-element_type=\"column\" data-e-type=\"column\">\n\t\t\t<div class=\"elementor-widget-wrap elementor-element-populated\">\n\t\t\t\t\t\t<div class=\"elementor-element elementor-element-7774c225 elementor-widget elementor-widget-text-editor\" data-id=\"7774c225\" data-element_type=\"widget\" data-e-type=\"widget\" data-widget_type=\"text-editor.default\">\n\t\t\t\t<div class=\"elementor-widget-container\">\n\t\t\t\t\t\t\t\t\t<p>Qualit\u00e9 origine Reintz ou Elring selon arrivage.<\/p><div>Type : 25.06, 28.07, 30.06, 36.07, 40.06, 40.07, 45.06, 45.07, 45.07C, 48.07, 48.07C, 50.06, 52.06, 52.07, <br \/>\u00a0 \u00a0 \u00a0 \u00a0 \u00a0 \u00a0 52.07C, 55.06, 60.06, 60.07, 60.07C, 62.06, 62.07, 62.07C, 65.07, 65.07C, 70.07, 72.06, 72.07, 75.06, <br \/>\u00a0 \u00a0 \u00a0 \u00a0 \u00a0 \u00a0 80.06, 90.06, AGROCOMPACT 3.30F-V, AGROCOMPACT 3.70F-V, AGROPRIMA 6.06, AGROXTRA 4.07, <br \/>\u00a0 \u00a0 \u00a0 \u00a0 \u00a0 \u00a0 AGROXTRA 6.07, DX110, DX3.10, DX3.30, DX3.60, DX3.65, DX3.70, DX4.10, DX6.05, DX6.10, DX85, DX90, <br \/>\u00a0 \u00a0 \u00a0 \u00a0 \u00a0 \u00a0 F2L912, F3L912, F4L912, F5L912, F6L912.<\/div><div><div>\u00a0<\/div><\/div>\t\t\t\t\t\t\t\t<\/div>\n\t\t\t\t<\/div>\n\t\t\t\t\t<\/div>\n\t\t<\/div>\n\t\t\t\t\t<\/div>\n\t\t<\/section>\n\t\t\t\t<\/div>","protected":false},"excerpt":{"rendered":"<p>JOINT PLAQUE ARRI\u00c8RE Tracteur \u2013 DEUTZ FL 912 \/ 913 | QUALIT\u00c9 ORIGINE Information du produit : Qualit\u00e9 origine Reintz ou Elring selon arrivage. Type : 25.06, 28.07, 30.06, 36.07, 40.06, 40.07, 45.06, 45.07, 45.07C, 48.07, 48.07C, 50.06, 52.06, 52.07, 52.07C, 55.06, 60.06, 60.07, 60.07C, 62.06, 62.07, 62.07C, 65.07, 65.07C, 70.07, 72.06, 72.07, 75.06, 80.06,<br \/><a class=\"more-link\" href=\"https:\/\/edel.fr\/en\/product\/joint-plaque-arriere-deutz-fl-912-913-qualite-origine\/\"><br \/>\n        Read More<span class=\"screen-reader-text\"> \u00ab\u00a0Joint Plaque Arri\u00e8re &#8211; Deutz FL 912 \/ 913 | Qualit\u00e9 Origine\u00a0\u00bb<\/span><\/a><\/p>","protected":false},"featured_media":9217,"template":"","meta":[],"product_brand":[],"product_cat":[2536,119,120],"product_tag":[],"tracteur":[],"class_list":{"0":"post-9216","1":"product","2":"type-product","3":"status-publish","4":"has-post-thumbnail","6":"product_cat-joints-spi","7":"product_cat-tracteurs-agricoles","8":"product_cat-transmissions","9":"product_shipping_class-142","10":"pa_fabriquant-elring","11":"pa_fabriquant-victor-reinz","12":"pa_marque-tracteur-khd-deutz","13":"pa_type-2-25-06","14":"pa_type-2-28-07","15":"pa_type-2-30-06","16":"pa_type-2-36-07","17":"pa_type-2-40-06","18":"pa_type-2-40-07","19":"pa_type-2-45-06","20":"pa_type-2-45-07","21":"pa_type-2-45-07c","22":"pa_type-2-48-07","23":"pa_type-2-48-07c","24":"pa_type-2-50-06","25":"pa_type-2-52-06","26":"pa_type-2-52-07","27":"pa_type-2-52-07c","28":"pa_type-2-55-06","29":"pa_type-2-60-06","30":"pa_type-2-60-07","31":"pa_type-2-60-07c","32":"pa_type-2-62-06","33":"pa_type-2-62-07","34":"pa_type-2-62-07c","35":"pa_type-2-65-07","36":"pa_type-2-65-07c","37":"pa_type-2-70-07","38":"pa_type-2-72-06","39":"pa_type-2-72-07","40":"pa_type-2-75-06","41":"pa_type-2-80-06","42":"pa_type-2-90-06","43":"pa_type-2-agrocompact-3-30f-v","44":"pa_type-2-agrocompact-3-70f-v","45":"pa_type-2-agroprima-6-06","46":"pa_type-2-agroxtra-4-07","47":"pa_type-2-agroxtra-6-07","48":"pa_type-2-dx110","49":"pa_type-2-dx3-10","50":"pa_type-2-dx3-30","51":"pa_type-2-dx3-60","52":"pa_type-2-dx3-65","53":"pa_type-2-dx3-70","54":"pa_type-2-dx4-10","55":"pa_type-2-dx6-05","56":"pa_type-2-dx6-10","57":"pa_type-2-dx85","58":"pa_type-2-dx90","59":"pa_type-2-f2l912","60":"pa_type-2-f3l912","61":"pa_type-2-f4l912","62":"pa_type-2-f5l912","63":"pa_type-2-f6l912","64":"badges-style-2","66":"first","67":"instock","68":"taxable","69":"shipping-taxable","70":"purchasable","71":"product-type-simple"},"acf":[],"yoast_head":"<!-- This site is optimized with the Yoast SEO plugin v27.3 - https:\/\/yoast.com\/product\/yoast-seo-wordpress\/ -->\n<title>Joint Plaque Arri\u00e8re - Deutz FL 912 \/ 913 | Qualit\u00e9 Origine - Edel<\/title>\n<meta name=\"description\" content=\"Joint Plaque Arri\u00e8re - Deutz FL 912 \/ 913 - F2L912 F3L912 F4L912 F5L912 F6L912 25.06 30.06 40.06 50.06 60.06 80.06 DX110 DX3.10 DX85 DX90 - Qualit\u00e9 Origine\" \/>\n<meta name=\"robots\" content=\"index, follow, max-snippet:-1, max-image-preview:large, max-video-preview:-1\" \/>\n<link rel=\"canonical\" href=\"https:\/\/edel.fr\/en\/product\/joint-plaque-arriere-deutz-fl-912-913-qualite-origine\/\" \/>\n<meta property=\"og:locale\" content=\"en_US\" \/>\n<meta property=\"og:type\" content=\"article\" \/>\n<meta property=\"og:title\" content=\"Joint Plaque Arri\u00e8re - Deutz FL 912 \/ 913 | Qualit\u00e9 Origine - Edel\" \/>\n<meta property=\"og:description\" content=\"Joint Plaque Arri\u00e8re - Deutz FL 912 \/ 913 - F2L912 F3L912 F4L912 F5L912 F6L912 25.06 30.06 40.06 50.06 60.06 80.06 DX110 DX3.10 DX85 DX90 - Qualit\u00e9 Origine\" \/>\n<meta property=\"og:url\" content=\"https:\/\/edel.fr\/en\/product\/joint-plaque-arriere-deutz-fl-912-913-qualite-origine\/\" \/>\n<meta property=\"og:site_name\" content=\"Edel\" \/>\n<meta property=\"article:modified_time\" content=\"2026-04-01T15:20:16+00:00\" \/>\n<meta property=\"og:image\" content=\"https:\/\/edel.fr\/uploads\/2020\/12\/joint-plaque-arr.jpg\" \/>\n\t<meta property=\"og:image:width\" content=\"1512\" \/>\n\t<meta property=\"og:image:height\" content=\"1558\" \/>\n\t<meta property=\"og:image:type\" content=\"image\/jpeg\" \/>\n<meta name=\"twitter:card\" content=\"summary_large_image\" \/>\n<meta name=\"twitter:label1\" content=\"Est. reading time\" \/>\n\t<meta name=\"twitter:data1\" content=\"1 minute\" \/>\n<script type=\"application\/ld+json\" class=\"yoast-schema-graph\">{\"@context\":\"https:\\\/\\\/schema.org\",\"@graph\":[{\"@type\":\"WebPage\",\"@id\":\"https:\\\/\\\/edel.fr\\\/en\\\/product\\\/joint-plaque-arriere-deutz-fl-912-913-qualite-origine\\\/\",\"url\":\"https:\\\/\\\/edel.fr\\\/en\\\/product\\\/joint-plaque-arriere-deutz-fl-912-913-qualite-origine\\\/\",\"name\":\"Joint Plaque Arri\u00e8re - Deutz FL 912 \\\/ 913 | Qualit\u00e9 Origine - Edel\",\"isPartOf\":{\"@id\":\"https:\\\/\\\/www.edel.fr\\\/en\\\/#website\"},\"primaryImageOfPage\":{\"@id\":\"https:\\\/\\\/edel.fr\\\/en\\\/product\\\/joint-plaque-arriere-deutz-fl-912-913-qualite-origine\\\/#primaryimage\"},\"image\":{\"@id\":\"https:\\\/\\\/edel.fr\\\/en\\\/product\\\/joint-plaque-arriere-deutz-fl-912-913-qualite-origine\\\/#primaryimage\"},\"thumbnailUrl\":\"https:\\\/\\\/edel.fr\\\/uploads\\\/2020\\\/12\\\/joint-plaque-arr.jpg\",\"datePublished\":\"2020-12-02T14:21:24+00:00\",\"dateModified\":\"2026-04-01T15:20:16+00:00\",\"description\":\"Joint Plaque Arri\u00e8re - Deutz FL 912 \\\/ 913 - F2L912 F3L912 F4L912 F5L912 F6L912 25.06 30.06 40.06 50.06 60.06 80.06 DX110 DX3.10 DX85 DX90 - Qualit\u00e9 Origine\",\"breadcrumb\":{\"@id\":\"https:\\\/\\\/edel.fr\\\/en\\\/product\\\/joint-plaque-arriere-deutz-fl-912-913-qualite-origine\\\/#breadcrumb\"},\"inLanguage\":\"en-US\",\"potentialAction\":[{\"@type\":\"ReadAction\",\"target\":[\"https:\\\/\\\/edel.fr\\\/en\\\/product\\\/joint-plaque-arriere-deutz-fl-912-913-qualite-origine\\\/\"]}]},{\"@type\":\"ImageObject\",\"inLanguage\":\"en-US\",\"@id\":\"https:\\\/\\\/edel.fr\\\/en\\\/product\\\/joint-plaque-arriere-deutz-fl-912-913-qualite-origine\\\/#primaryimage\",\"url\":\"https:\\\/\\\/edel.fr\\\/uploads\\\/2020\\\/12\\\/joint-plaque-arr.jpg\",\"contentUrl\":\"https:\\\/\\\/edel.fr\\\/uploads\\\/2020\\\/12\\\/joint-plaque-arr.jpg\",\"width\":1512,\"height\":1558,\"caption\":\"Joint Plaque Arri\u00e8re - Deutz FL 912 \\\/ 913 | Qualit\u00e9 Origine\"},{\"@type\":\"BreadcrumbList\",\"@id\":\"https:\\\/\\\/edel.fr\\\/en\\\/product\\\/joint-plaque-arriere-deutz-fl-912-913-qualite-origine\\\/#breadcrumb\",\"itemListElement\":[{\"@type\":\"ListItem\",\"position\":1,\"name\":\"Pi\u00e8ce Tracteur\",\"item\":\"https:\\\/\\\/www.edel.fr\\\/en\\\/\"},{\"@type\":\"ListItem\",\"position\":2,\"name\":\"Toutes nos pi\u00e8ces Tracteur\",\"item\":\"https:\\\/\\\/edel.fr\\\/shop\\\/\"},{\"@type\":\"ListItem\",\"position\":3,\"name\":\"Joint Plaque Arri\u00e8re &#8211; Deutz FL 912 \\\/ 913 | Qualit\u00e9 Origine\"}]},{\"@type\":\"WebSite\",\"@id\":\"https:\\\/\\\/www.edel.fr\\\/en\\\/#website\",\"url\":\"https:\\\/\\\/www.edel.fr\\\/en\\\/\",\"name\":\"Edel\",\"description\":\"Pi\u00e8ce d\u00e9tach\u00e9e de Tracteur Agricole\",\"publisher\":{\"@id\":\"https:\\\/\\\/www.edel.fr\\\/en\\\/#organization\"},\"potentialAction\":[{\"@type\":\"SearchAction\",\"target\":{\"@type\":\"EntryPoint\",\"urlTemplate\":\"https:\\\/\\\/www.edel.fr\\\/en\\\/?s={search_term_string}\"},\"query-input\":{\"@type\":\"PropertyValueSpecification\",\"valueRequired\":true,\"valueName\":\"search_term_string\"}}],\"inLanguage\":\"en-US\"},{\"@type\":\"Organization\",\"@id\":\"https:\\\/\\\/www.edel.fr\\\/en\\\/#organization\",\"name\":\"Edel\",\"url\":\"https:\\\/\\\/www.edel.fr\\\/en\\\/\",\"logo\":{\"@type\":\"ImageObject\",\"inLanguage\":\"en-US\",\"@id\":\"https:\\\/\\\/www.edel.fr\\\/en\\\/#\\\/schema\\\/logo\\\/image\\\/\",\"url\":\"https:\\\/\\\/www.edel.fr\\\/uploads\\\/2018\\\/11\\\/logo-edel.png\",\"contentUrl\":\"https:\\\/\\\/www.edel.fr\\\/uploads\\\/2018\\\/11\\\/logo-edel.png\",\"width\":257,\"height\":68,\"caption\":\"Edel\"},\"image\":{\"@id\":\"https:\\\/\\\/www.edel.fr\\\/en\\\/#\\\/schema\\\/logo\\\/image\\\/\"}}]}<\/script>\n<!-- \/ Yoast SEO plugin. -->","yoast_head_json":{"title":"Joint Plaque Arri\u00e8re - Deutz FL 912 \/ 913 | Qualit\u00e9 Origine - Edel","description":"Joint Plaque Arri\u00e8re - Deutz FL 912 \/ 913 - F2L912 F3L912 F4L912 F5L912 F6L912 25.06 30.06 40.06 50.06 60.06 80.06 DX110 DX3.10 DX85 DX90 - Qualit\u00e9 Origine","robots":{"index":"index","follow":"follow","max-snippet":"max-snippet:-1","max-image-preview":"max-image-preview:large","max-video-preview":"max-video-preview:-1"},"canonical":"https:\/\/edel.fr\/en\/product\/joint-plaque-arriere-deutz-fl-912-913-qualite-origine\/","og_locale":"en_US","og_type":"article","og_title":"Joint Plaque Arri\u00e8re - Deutz FL 912 \/ 913 | Qualit\u00e9 Origine - Edel","og_description":"Joint Plaque Arri\u00e8re - Deutz FL 912 \/ 913 - F2L912 F3L912 F4L912 F5L912 F6L912 25.06 30.06 40.06 50.06 60.06 80.06 DX110 DX3.10 DX85 DX90 - Qualit\u00e9 Origine","og_url":"https:\/\/edel.fr\/en\/product\/joint-plaque-arriere-deutz-fl-912-913-qualite-origine\/","og_site_name":"Edel","article_modified_time":"2026-04-01T15:20:16+00:00","og_image":[{"width":1512,"height":1558,"url":"https:\/\/edel.fr\/uploads\/2020\/12\/joint-plaque-arr.jpg","type":"image\/jpeg"}],"twitter_card":"summary_large_image","twitter_misc":{"Est. reading time":"1 minute"},"schema":{"@context":"https:\/\/schema.org","@graph":[{"@type":"WebPage","@id":"https:\/\/edel.fr\/en\/product\/joint-plaque-arriere-deutz-fl-912-913-qualite-origine\/","url":"https:\/\/edel.fr\/en\/product\/joint-plaque-arriere-deutz-fl-912-913-qualite-origine\/","name":"Joint Plaque Arri\u00e8re - Deutz FL 912 \/ 913 | Qualit\u00e9 Origine - Edel","isPartOf":{"@id":"https:\/\/www.edel.fr\/en\/#website"},"primaryImageOfPage":{"@id":"https:\/\/edel.fr\/en\/product\/joint-plaque-arriere-deutz-fl-912-913-qualite-origine\/#primaryimage"},"image":{"@id":"https:\/\/edel.fr\/en\/product\/joint-plaque-arriere-deutz-fl-912-913-qualite-origine\/#primaryimage"},"thumbnailUrl":"https:\/\/edel.fr\/uploads\/2020\/12\/joint-plaque-arr.jpg","datePublished":"2020-12-02T14:21:24+00:00","dateModified":"2026-04-01T15:20:16+00:00","description":"Joint Plaque Arri\u00e8re - Deutz FL 912 \/ 913 - F2L912 F3L912 F4L912 F5L912 F6L912 25.06 30.06 40.06 50.06 60.06 80.06 DX110 DX3.10 DX85 DX90 - Qualit\u00e9 Origine","breadcrumb":{"@id":"https:\/\/edel.fr\/en\/product\/joint-plaque-arriere-deutz-fl-912-913-qualite-origine\/#breadcrumb"},"inLanguage":"en-US","potentialAction":[{"@type":"ReadAction","target":["https:\/\/edel.fr\/en\/product\/joint-plaque-arriere-deutz-fl-912-913-qualite-origine\/"]}]},{"@type":"ImageObject","inLanguage":"en-US","@id":"https:\/\/edel.fr\/en\/product\/joint-plaque-arriere-deutz-fl-912-913-qualite-origine\/#primaryimage","url":"https:\/\/edel.fr\/uploads\/2020\/12\/joint-plaque-arr.jpg","contentUrl":"https:\/\/edel.fr\/uploads\/2020\/12\/joint-plaque-arr.jpg","width":1512,"height":1558,"caption":"Joint Plaque Arri\u00e8re - Deutz FL 912 \/ 913 | Qualit\u00e9 Origine"},{"@type":"BreadcrumbList","@id":"https:\/\/edel.fr\/en\/product\/joint-plaque-arriere-deutz-fl-912-913-qualite-origine\/#breadcrumb","itemListElement":[{"@type":"ListItem","position":1,"name":"Pi\u00e8ce Tracteur","item":"https:\/\/www.edel.fr\/en\/"},{"@type":"ListItem","position":2,"name":"Toutes nos pi\u00e8ces Tracteur","item":"https:\/\/edel.fr\/shop\/"},{"@type":"ListItem","position":3,"name":"Joint Plaque Arri\u00e8re &#8211; Deutz FL 912 \/ 913 | Qualit\u00e9 Origine"}]},{"@type":"WebSite","@id":"https:\/\/www.edel.fr\/en\/#website","url":"https:\/\/www.edel.fr\/en\/","name":"Edel","description":"Pi\u00e8ce d\u00e9tach\u00e9e de Tracteur Agricole","publisher":{"@id":"https:\/\/www.edel.fr\/en\/#organization"},"potentialAction":[{"@type":"SearchAction","target":{"@type":"EntryPoint","urlTemplate":"https:\/\/www.edel.fr\/en\/?s={search_term_string}"},"query-input":{"@type":"PropertyValueSpecification","valueRequired":true,"valueName":"search_term_string"}}],"inLanguage":"en-US"},{"@type":"Organization","@id":"https:\/\/www.edel.fr\/en\/#organization","name":"Edel","url":"https:\/\/www.edel.fr\/en\/","logo":{"@type":"ImageObject","inLanguage":"en-US","@id":"https:\/\/www.edel.fr\/en\/#\/schema\/logo\/image\/","url":"https:\/\/www.edel.fr\/uploads\/2018\/11\/logo-edel.png","contentUrl":"https:\/\/www.edel.fr\/uploads\/2018\/11\/logo-edel.png","width":257,"height":68,"caption":"Edel"},"image":{"@id":"https:\/\/www.edel.fr\/en\/#\/schema\/logo\/image\/"}}]}},"_links":{"self":[{"href":"https:\/\/edel.fr\/en\/wp-json\/wp\/v2\/product\/9216","targetHints":{"allow":["GET"]}}],"collection":[{"href":"https:\/\/edel.fr\/en\/wp-json\/wp\/v2\/product"}],"about":[{"href":"https:\/\/edel.fr\/en\/wp-json\/wp\/v2\/types\/product"}],"version-history":[{"count":3,"href":"https:\/\/edel.fr\/en\/wp-json\/wp\/v2\/product\/9216\/revisions"}],"predecessor-version":[{"id":19669,"href":"https:\/\/edel.fr\/en\/wp-json\/wp\/v2\/product\/9216\/revisions\/19669"}],"wp:featuredmedia":[{"embeddable":true,"href":"https:\/\/edel.fr\/en\/wp-json\/wp\/v2\/media\/9217"}],"wp:attachment":[{"href":"https:\/\/edel.fr\/en\/wp-json\/wp\/v2\/media?parent=9216"}],"wp:term":[{"taxonomy":"product_brand","embeddable":true,"href":"https:\/\/edel.fr\/en\/wp-json\/wp\/v2\/product_brand?post=9216"},{"taxonomy":"product_cat","embeddable":true,"href":"https:\/\/edel.fr\/en\/wp-json\/wp\/v2\/product_cat?post=9216"},{"taxonomy":"product_tag","embeddable":true,"href":"https:\/\/edel.fr\/en\/wp-json\/wp\/v2\/product_tag?post=9216"},{"taxonomy":"tracteur","embeddable":true,"href":"https:\/\/edel.fr\/en\/wp-json\/wp\/v2\/tracteur?post=9216"}],"curies":[{"name":"wp","href":"https:\/\/api.w.org\/{rel}","templated":true}]}}