{"id":9293,"date":"2020-12-07T08:52:17","date_gmt":"2020-12-07T07:52:17","guid":{"rendered":"https:\/\/www.edel.fr\/?post_type=product&#038;p=9293"},"modified":"2026-03-13T02:02:52","modified_gmt":"2026-03-13T01:02:52","slug":"boulon-culasse-fl-912-913-deutz-qualite-origine","status":"publish","type":"product","link":"https:\/\/edel.fr\/en\/product\/boulon-culasse-fl-912-913-deutz-qualite-origine\/","title":{"rendered":"Boulon Culasse FL 912 913 Deutz | Qualit\u00e9 origine"},"content":{"rendered":"<div data-elementor-type=\"wp-post\" data-elementor-id=\"9293\" class=\"elementor elementor-9293\">\n\t\t\t\t\t\t<section class=\"elementor-section elementor-top-section elementor-element elementor-element-24b08a7c elementor-section-boxed elementor-section-height-default elementor-section-height-default\" data-id=\"24b08a7c\" data-element_type=\"section\" data-e-type=\"section\">\n\t\t\t\t\t\t<div class=\"elementor-container elementor-column-gap-default\">\n\t\t\t\t\t<div class=\"elementor-column elementor-col-100 elementor-top-column elementor-element elementor-element-734e8435\" data-id=\"734e8435\" data-element_type=\"column\" data-e-type=\"column\">\n\t\t\t<div class=\"elementor-widget-wrap elementor-element-populated\">\n\t\t\t\t\t\t<div class=\"elementor-element elementor-element-7d514f06 elementor-widget elementor-widget-heading\" data-id=\"7d514f06\" data-element_type=\"widget\" data-e-type=\"widget\" data-widget_type=\"heading.default\">\n\t\t\t\t<div class=\"elementor-widget-container\">\n\t\t\t\t\t<h2 class=\"elementor-heading-title elementor-size-default\">Boulon Culasse FL 912 913 - Tracteur Agricole<\/h2>\t\t\t\t<\/div>\n\t\t\t\t<\/div>\n\t\t\t\t<div class=\"elementor-element elementor-element-789c3fc8 elementor-widget elementor-widget-heading\" data-id=\"789c3fc8\" data-element_type=\"widget\" data-e-type=\"widget\" data-widget_type=\"heading.default\">\n\t\t\t\t<div class=\"elementor-widget-container\">\n\t\t\t\t\t<h3 class=\"elementor-heading-title elementor-size-default\">Information du produit :<\/h3>\t\t\t\t<\/div>\n\t\t\t\t<\/div>\n\t\t\t\t\t<\/div>\n\t\t<\/div>\n\t\t\t\t\t<\/div>\n\t\t<\/section>\n\t\t\t\t<section class=\"elementor-section elementor-top-section elementor-element elementor-element-290ca7d1 elementor-section-boxed elementor-section-height-default elementor-section-height-default\" data-id=\"290ca7d1\" data-element_type=\"section\" data-e-type=\"section\">\n\t\t\t\t\t\t<div class=\"elementor-container elementor-column-gap-default\">\n\t\t\t\t\t<div class=\"elementor-column elementor-col-100 elementor-top-column elementor-element elementor-element-773f35b7\" data-id=\"773f35b7\" data-element_type=\"column\" data-e-type=\"column\">\n\t\t\t<div class=\"elementor-widget-wrap elementor-element-populated\">\n\t\t\t\t\t\t<div class=\"elementor-element elementor-element-7774c225 elementor-widget elementor-widget-text-editor\" data-id=\"7774c225\" data-element_type=\"widget\" data-e-type=\"widget\" data-widget_type=\"text-editor.default\">\n\t\t\t\t<div class=\"elementor-widget-container\">\n\t\t\t\t\t\t\t\t\t<p>Qualit\u00e9 origine.<\/p><div>Type : 25.06, 28.07, 30.06, 36.07, 40.06, 40.07, 45.06, 45.07, 45.07C, 48.07, 48.07C, 50.06, 52.06, 52.07, <br \/>\u00a0 \u00a0 \u00a0 \u00a0 \u00a0 \u00a0 52.07C, 55.06, 60.06, 60.07, 60.07C, 62.06, 62.07, 62.07C, 65.07, 65.07C, 70.07, 72.06, 72.07, 75.06, <br \/>\u00a0 \u00a0 \u00a0 \u00a0 \u00a0 \u00a0 80.06, 90.06, AGROCOMPACT 3.30F-V, AGROCOMPACT 3.70F-V, AGROPRIMA 6.06, AGROXTRA 4.07, <br \/>\u00a0 \u00a0 \u00a0 \u00a0 \u00a0 \u00a0 AGROXTRA 6.07, DX110, DX3.10, DX3.30, DX3.60, DX3.65, DX3.70, DX4.10, DX6.05, DX6.10, DX85, DX90, <br \/>\u00a0 \u00a0 \u00a0 \u00a0 \u00a0 \u00a0 F2L912, F3L912, F4L912, F5L912, F6L912.<\/div><div><div>\u00a0<\/div><\/div>\t\t\t\t\t\t\t\t<\/div>\n\t\t\t\t<\/div>\n\t\t\t\t\t<\/div>\n\t\t<\/div>\n\t\t\t\t\t<\/div>\n\t\t<\/section>\n\t\t\t\t<\/div>","protected":false},"excerpt":{"rendered":"<p>Boulon Culasse FL 912 913 &#8211; Tracteur Agricole Information du produit : Qualit\u00e9 origine. Type : 25.06, 28.07, 30.06, 36.07, 40.06, 40.07, 45.06, 45.07, 45.07C, 48.07, 48.07C, 50.06, 52.06, 52.07, 52.07C, 55.06, 60.06, 60.07, 60.07C, 62.06, 62.07, 62.07C, 65.07, 65.07C, 70.07, 72.06, 72.07, 75.06, 80.06, 90.06, AGROCOMPACT 3.30F-V, AGROCOMPACT 3.70F-V, AGROPRIMA 6.06, AGROXTRA 4.07, AGROXTRA<br \/><a class=\"more-link\" href=\"https:\/\/edel.fr\/en\/product\/boulon-culasse-fl-912-913-deutz-qualite-origine\/\"><br \/>\n        Read More<span class=\"screen-reader-text\"> \u00ab\u00a0Boulon Culasse FL 912 913 Deutz | Qualit\u00e9 origine\u00a0\u00bb<\/span><\/a><\/p>","protected":false},"featured_media":9294,"template":"","meta":[],"product_brand":[],"product_cat":[2985,153,119],"product_tag":[],"tracteur":[],"class_list":{"0":"post-9293","1":"product","2":"type-product","3":"status-publish","4":"has-post-thumbnail","6":"product_cat-culasse","7":"product_cat-pieces-moteur","8":"product_cat-tracteurs-agricoles","9":"product_shipping_class-142","10":"pa_fabriquant-ks","11":"pa_marque-moteur-moteur-deutz-khd","12":"pa_qualite-origine","13":"pa_type-moteur-f4l912","14":"badges-style-2","16":"first","17":"instock","18":"taxable","19":"shipping-taxable","20":"purchasable","21":"product-type-simple"},"acf":[],"yoast_head":"<!-- This site is optimized with the Yoast SEO plugin v27.3 - https:\/\/yoast.com\/product\/yoast-seo-wordpress\/ -->\n<title>Boulon Culasse FL 912 913 Deutz | Qualit\u00e9 origine - Edel<\/title>\n<meta name=\"description\" content=\"Boulon Culasse FL 912 913 Deutz - F2L912 F3L912 F4L912 F5L912 F6L912 25.06 30.06 40.06 50.06 60.06 80.06 DX110 DX3.10 DX85 DX90 - Qualit\u00e9 origine\" \/>\n<meta name=\"robots\" content=\"index, follow, max-snippet:-1, max-image-preview:large, max-video-preview:-1\" \/>\n<link rel=\"canonical\" href=\"https:\/\/edel.fr\/en\/product\/boulon-culasse-fl-912-913-deutz-qualite-origine\/\" \/>\n<meta property=\"og:locale\" content=\"en_US\" \/>\n<meta property=\"og:type\" content=\"article\" \/>\n<meta property=\"og:title\" content=\"Boulon Culasse FL 912 913 Deutz | Qualit\u00e9 origine - Edel\" \/>\n<meta property=\"og:description\" content=\"Boulon Culasse FL 912 913 Deutz - F2L912 F3L912 F4L912 F5L912 F6L912 25.06 30.06 40.06 50.06 60.06 80.06 DX110 DX3.10 DX85 DX90 - Qualit\u00e9 origine\" \/>\n<meta property=\"og:url\" content=\"https:\/\/edel.fr\/en\/product\/boulon-culasse-fl-912-913-deutz-qualite-origine\/\" \/>\n<meta property=\"og:site_name\" content=\"Edel\" \/>\n<meta property=\"article:modified_time\" content=\"2026-03-13T01:02:52+00:00\" \/>\n<meta property=\"og:image\" content=\"https:\/\/edel.fr\/uploads\/2020\/12\/boulon-culasse.jpg\" \/>\n\t<meta property=\"og:image:width\" content=\"1512\" \/>\n\t<meta property=\"og:image:height\" content=\"1965\" \/>\n\t<meta property=\"og:image:type\" content=\"image\/jpeg\" \/>\n<meta name=\"twitter:card\" content=\"summary_large_image\" \/>\n<meta name=\"twitter:label1\" content=\"Est. reading time\" \/>\n\t<meta name=\"twitter:data1\" content=\"1 minute\" \/>\n<script type=\"application\/ld+json\" class=\"yoast-schema-graph\">{\"@context\":\"https:\\\/\\\/schema.org\",\"@graph\":[{\"@type\":\"WebPage\",\"@id\":\"https:\\\/\\\/edel.fr\\\/produit\\\/boulon-culasse-fl-912-913-deutz-qualite-origine\\\/\",\"url\":\"https:\\\/\\\/edel.fr\\\/produit\\\/boulon-culasse-fl-912-913-deutz-qualite-origine\\\/\",\"name\":\"Boulon Culasse FL 912 913 Deutz | Qualit\u00e9 origine - Edel\",\"isPartOf\":{\"@id\":\"https:\\\/\\\/www.edel.fr\\\/en\\\/#website\"},\"primaryImageOfPage\":{\"@id\":\"https:\\\/\\\/edel.fr\\\/produit\\\/boulon-culasse-fl-912-913-deutz-qualite-origine\\\/#primaryimage\"},\"image\":{\"@id\":\"https:\\\/\\\/edel.fr\\\/produit\\\/boulon-culasse-fl-912-913-deutz-qualite-origine\\\/#primaryimage\"},\"thumbnailUrl\":\"https:\\\/\\\/edel.fr\\\/uploads\\\/2020\\\/12\\\/boulon-culasse.jpg\",\"datePublished\":\"2020-12-07T07:52:17+00:00\",\"dateModified\":\"2026-03-13T01:02:52+00:00\",\"description\":\"Boulon Culasse FL 912 913 Deutz - F2L912 F3L912 F4L912 F5L912 F6L912 25.06 30.06 40.06 50.06 60.06 80.06 DX110 DX3.10 DX85 DX90 - Qualit\u00e9 origine\",\"breadcrumb\":{\"@id\":\"https:\\\/\\\/edel.fr\\\/produit\\\/boulon-culasse-fl-912-913-deutz-qualite-origine\\\/#breadcrumb\"},\"inLanguage\":\"en-US\",\"potentialAction\":[{\"@type\":\"ReadAction\",\"target\":[\"https:\\\/\\\/edel.fr\\\/produit\\\/boulon-culasse-fl-912-913-deutz-qualite-origine\\\/\"]}]},{\"@type\":\"ImageObject\",\"inLanguage\":\"en-US\",\"@id\":\"https:\\\/\\\/edel.fr\\\/produit\\\/boulon-culasse-fl-912-913-deutz-qualite-origine\\\/#primaryimage\",\"url\":\"https:\\\/\\\/edel.fr\\\/uploads\\\/2020\\\/12\\\/boulon-culasse.jpg\",\"contentUrl\":\"https:\\\/\\\/edel.fr\\\/uploads\\\/2020\\\/12\\\/boulon-culasse.jpg\",\"width\":1512,\"height\":1965,\"caption\":\"Boulon Culasse FL 912\"},{\"@type\":\"BreadcrumbList\",\"@id\":\"https:\\\/\\\/edel.fr\\\/produit\\\/boulon-culasse-fl-912-913-deutz-qualite-origine\\\/#breadcrumb\",\"itemListElement\":[{\"@type\":\"ListItem\",\"position\":1,\"name\":\"Pi\u00e8ce Tracteur\",\"item\":\"https:\\\/\\\/www.edel.fr\\\/en\\\/\"},{\"@type\":\"ListItem\",\"position\":2,\"name\":\"Toutes nos pi\u00e8ces Tracteur\",\"item\":\"https:\\\/\\\/edel.fr\\\/shop\\\/\"},{\"@type\":\"ListItem\",\"position\":3,\"name\":\"Boulon Culasse FL 912 913 Deutz | Qualit\u00e9 origine\"}]},{\"@type\":\"WebSite\",\"@id\":\"https:\\\/\\\/www.edel.fr\\\/en\\\/#website\",\"url\":\"https:\\\/\\\/www.edel.fr\\\/en\\\/\",\"name\":\"Edel\",\"description\":\"Pi\u00e8ce d\u00e9tach\u00e9e de Tracteur Agricole\",\"publisher\":{\"@id\":\"https:\\\/\\\/www.edel.fr\\\/en\\\/#organization\"},\"potentialAction\":[{\"@type\":\"SearchAction\",\"target\":{\"@type\":\"EntryPoint\",\"urlTemplate\":\"https:\\\/\\\/www.edel.fr\\\/en\\\/?s={search_term_string}\"},\"query-input\":{\"@type\":\"PropertyValueSpecification\",\"valueRequired\":true,\"valueName\":\"search_term_string\"}}],\"inLanguage\":\"en-US\"},{\"@type\":\"Organization\",\"@id\":\"https:\\\/\\\/www.edel.fr\\\/en\\\/#organization\",\"name\":\"Edel\",\"url\":\"https:\\\/\\\/www.edel.fr\\\/en\\\/\",\"logo\":{\"@type\":\"ImageObject\",\"inLanguage\":\"en-US\",\"@id\":\"https:\\\/\\\/www.edel.fr\\\/en\\\/#\\\/schema\\\/logo\\\/image\\\/\",\"url\":\"https:\\\/\\\/www.edel.fr\\\/uploads\\\/2018\\\/11\\\/logo-edel.png\",\"contentUrl\":\"https:\\\/\\\/www.edel.fr\\\/uploads\\\/2018\\\/11\\\/logo-edel.png\",\"width\":257,\"height\":68,\"caption\":\"Edel\"},\"image\":{\"@id\":\"https:\\\/\\\/www.edel.fr\\\/en\\\/#\\\/schema\\\/logo\\\/image\\\/\"}}]}<\/script>\n<!-- \/ Yoast SEO plugin. -->","yoast_head_json":{"title":"Boulon Culasse FL 912 913 Deutz | Qualit\u00e9 origine - Edel","description":"Boulon Culasse FL 912 913 Deutz - F2L912 F3L912 F4L912 F5L912 F6L912 25.06 30.06 40.06 50.06 60.06 80.06 DX110 DX3.10 DX85 DX90 - Qualit\u00e9 origine","robots":{"index":"index","follow":"follow","max-snippet":"max-snippet:-1","max-image-preview":"max-image-preview:large","max-video-preview":"max-video-preview:-1"},"canonical":"https:\/\/edel.fr\/en\/product\/boulon-culasse-fl-912-913-deutz-qualite-origine\/","og_locale":"en_US","og_type":"article","og_title":"Boulon Culasse FL 912 913 Deutz | Qualit\u00e9 origine - Edel","og_description":"Boulon Culasse FL 912 913 Deutz - F2L912 F3L912 F4L912 F5L912 F6L912 25.06 30.06 40.06 50.06 60.06 80.06 DX110 DX3.10 DX85 DX90 - Qualit\u00e9 origine","og_url":"https:\/\/edel.fr\/en\/product\/boulon-culasse-fl-912-913-deutz-qualite-origine\/","og_site_name":"Edel","article_modified_time":"2026-03-13T01:02:52+00:00","og_image":[{"width":1512,"height":1965,"url":"https:\/\/edel.fr\/uploads\/2020\/12\/boulon-culasse.jpg","type":"image\/jpeg"}],"twitter_card":"summary_large_image","twitter_misc":{"Est. reading time":"1 minute"},"schema":{"@context":"https:\/\/schema.org","@graph":[{"@type":"WebPage","@id":"https:\/\/edel.fr\/produit\/boulon-culasse-fl-912-913-deutz-qualite-origine\/","url":"https:\/\/edel.fr\/produit\/boulon-culasse-fl-912-913-deutz-qualite-origine\/","name":"Boulon Culasse FL 912 913 Deutz | Qualit\u00e9 origine - Edel","isPartOf":{"@id":"https:\/\/www.edel.fr\/en\/#website"},"primaryImageOfPage":{"@id":"https:\/\/edel.fr\/produit\/boulon-culasse-fl-912-913-deutz-qualite-origine\/#primaryimage"},"image":{"@id":"https:\/\/edel.fr\/produit\/boulon-culasse-fl-912-913-deutz-qualite-origine\/#primaryimage"},"thumbnailUrl":"https:\/\/edel.fr\/uploads\/2020\/12\/boulon-culasse.jpg","datePublished":"2020-12-07T07:52:17+00:00","dateModified":"2026-03-13T01:02:52+00:00","description":"Boulon Culasse FL 912 913 Deutz - F2L912 F3L912 F4L912 F5L912 F6L912 25.06 30.06 40.06 50.06 60.06 80.06 DX110 DX3.10 DX85 DX90 - Qualit\u00e9 origine","breadcrumb":{"@id":"https:\/\/edel.fr\/produit\/boulon-culasse-fl-912-913-deutz-qualite-origine\/#breadcrumb"},"inLanguage":"en-US","potentialAction":[{"@type":"ReadAction","target":["https:\/\/edel.fr\/produit\/boulon-culasse-fl-912-913-deutz-qualite-origine\/"]}]},{"@type":"ImageObject","inLanguage":"en-US","@id":"https:\/\/edel.fr\/produit\/boulon-culasse-fl-912-913-deutz-qualite-origine\/#primaryimage","url":"https:\/\/edel.fr\/uploads\/2020\/12\/boulon-culasse.jpg","contentUrl":"https:\/\/edel.fr\/uploads\/2020\/12\/boulon-culasse.jpg","width":1512,"height":1965,"caption":"Boulon Culasse FL 912"},{"@type":"BreadcrumbList","@id":"https:\/\/edel.fr\/produit\/boulon-culasse-fl-912-913-deutz-qualite-origine\/#breadcrumb","itemListElement":[{"@type":"ListItem","position":1,"name":"Pi\u00e8ce Tracteur","item":"https:\/\/www.edel.fr\/en\/"},{"@type":"ListItem","position":2,"name":"Toutes nos pi\u00e8ces Tracteur","item":"https:\/\/edel.fr\/shop\/"},{"@type":"ListItem","position":3,"name":"Boulon Culasse FL 912 913 Deutz | Qualit\u00e9 origine"}]},{"@type":"WebSite","@id":"https:\/\/www.edel.fr\/en\/#website","url":"https:\/\/www.edel.fr\/en\/","name":"Edel","description":"Pi\u00e8ce d\u00e9tach\u00e9e de Tracteur Agricole","publisher":{"@id":"https:\/\/www.edel.fr\/en\/#organization"},"potentialAction":[{"@type":"SearchAction","target":{"@type":"EntryPoint","urlTemplate":"https:\/\/www.edel.fr\/en\/?s={search_term_string}"},"query-input":{"@type":"PropertyValueSpecification","valueRequired":true,"valueName":"search_term_string"}}],"inLanguage":"en-US"},{"@type":"Organization","@id":"https:\/\/www.edel.fr\/en\/#organization","name":"Edel","url":"https:\/\/www.edel.fr\/en\/","logo":{"@type":"ImageObject","inLanguage":"en-US","@id":"https:\/\/www.edel.fr\/en\/#\/schema\/logo\/image\/","url":"https:\/\/www.edel.fr\/uploads\/2018\/11\/logo-edel.png","contentUrl":"https:\/\/www.edel.fr\/uploads\/2018\/11\/logo-edel.png","width":257,"height":68,"caption":"Edel"},"image":{"@id":"https:\/\/www.edel.fr\/en\/#\/schema\/logo\/image\/"}}]}},"_links":{"self":[{"href":"https:\/\/edel.fr\/en\/wp-json\/wp\/v2\/product\/9293","targetHints":{"allow":["GET"]}}],"collection":[{"href":"https:\/\/edel.fr\/en\/wp-json\/wp\/v2\/product"}],"about":[{"href":"https:\/\/edel.fr\/en\/wp-json\/wp\/v2\/types\/product"}],"version-history":[{"count":2,"href":"https:\/\/edel.fr\/en\/wp-json\/wp\/v2\/product\/9293\/revisions"}],"predecessor-version":[{"id":19667,"href":"https:\/\/edel.fr\/en\/wp-json\/wp\/v2\/product\/9293\/revisions\/19667"}],"wp:featuredmedia":[{"embeddable":true,"href":"https:\/\/edel.fr\/en\/wp-json\/wp\/v2\/media\/9294"}],"wp:attachment":[{"href":"https:\/\/edel.fr\/en\/wp-json\/wp\/v2\/media?parent=9293"}],"wp:term":[{"taxonomy":"product_brand","embeddable":true,"href":"https:\/\/edel.fr\/en\/wp-json\/wp\/v2\/product_brand?post=9293"},{"taxonomy":"product_cat","embeddable":true,"href":"https:\/\/edel.fr\/en\/wp-json\/wp\/v2\/product_cat?post=9293"},{"taxonomy":"product_tag","embeddable":true,"href":"https:\/\/edel.fr\/en\/wp-json\/wp\/v2\/product_tag?post=9293"},{"taxonomy":"tracteur","embeddable":true,"href":"https:\/\/edel.fr\/en\/wp-json\/wp\/v2\/tracteur?post=9293"}],"curies":[{"name":"wp","href":"https:\/\/api.w.org\/{rel}","templated":true}]}}