{"id":9329,"date":"2020-12-07T11:11:48","date_gmt":"2020-12-07T10:11:48","guid":{"rendered":"https:\/\/www.edel.fr\/?post_type=product&#038;p=9329"},"modified":"2026-04-02T03:00:58","modified_gmt":"2026-04-02T01:00:58","slug":"culasse-complete-fl-912-913-511-d-khd-deutz","status":"publish","type":"product","link":"https:\/\/edel.fr\/en\/product\/culasse-complete-fl-912-913-511-d-khd-deutz\/","title":{"rendered":"Culasse compl\u00e8te origine KS Moteur Deutz FL 912-913-511 Tracteur agricole"},"content":{"rendered":"<div data-elementor-type=\"wp-post\" data-elementor-id=\"9329\" class=\"elementor elementor-9329\">\n\t\t\t\t\t\t<section class=\"elementor-section elementor-top-section elementor-element elementor-element-67a9f226 elementor-section-boxed elementor-section-height-default elementor-section-height-default\" data-id=\"67a9f226\" data-element_type=\"section\" data-e-type=\"section\">\n\t\t\t\t\t\t<div class=\"elementor-container elementor-column-gap-default\">\n\t\t\t\t\t<div class=\"elementor-column elementor-col-100 elementor-top-column elementor-element elementor-element-7f60d988\" data-id=\"7f60d988\" data-element_type=\"column\" data-e-type=\"column\">\n\t\t\t<div class=\"elementor-widget-wrap elementor-element-populated\">\n\t\t\t\t\t\t<div class=\"elementor-element elementor-element-230557e0 elementor-widget elementor-widget-heading\" data-id=\"230557e0\" data-element_type=\"widget\" data-e-type=\"widget\" data-widget_type=\"heading.default\">\n\t\t\t\t<div class=\"elementor-widget-container\">\n\t\t\t\t\t<h2 class=\"elementor-heading-title elementor-size-default\">Culasse compl\u00e8te FL 912 \/ 913 \/ 511 D | KHD Deutz<\/h2>\t\t\t\t<\/div>\n\t\t\t\t<\/div>\n\t\t\t\t<div class=\"elementor-element elementor-element-660dab4d elementor-widget elementor-widget-heading\" data-id=\"660dab4d\" data-element_type=\"widget\" data-e-type=\"widget\" data-widget_type=\"heading.default\">\n\t\t\t\t<div class=\"elementor-widget-container\">\n\t\t\t\t\t<h3 class=\"elementor-heading-title elementor-size-default\">Information du produit :<\/h3>\t\t\t\t<\/div>\n\t\t\t\t<\/div>\n\t\t\t\t\t<\/div>\n\t\t<\/div>\n\t\t\t\t\t<\/div>\n\t\t<\/section>\n\t\t\t\t<section class=\"elementor-section elementor-top-section elementor-element elementor-element-290ca7d1 elementor-section-boxed elementor-section-height-default elementor-section-height-default\" data-id=\"290ca7d1\" data-element_type=\"section\" data-e-type=\"section\">\n\t\t\t\t\t\t<div class=\"elementor-container elementor-column-gap-default\">\n\t\t\t\t\t<div class=\"elementor-column elementor-col-100 elementor-top-column elementor-element elementor-element-773f35b7\" data-id=\"773f35b7\" data-element_type=\"column\" data-e-type=\"column\">\n\t\t\t<div class=\"elementor-widget-wrap elementor-element-populated\">\n\t\t\t\t\t\t<div class=\"elementor-element elementor-element-7774c225 elementor-widget elementor-widget-text-editor\" data-id=\"7774c225\" data-element_type=\"widget\" data-e-type=\"widget\" data-widget_type=\"text-editor.default\">\n\t\t\t\t<div class=\"elementor-widget-container\">\n\t\t\t\t\t\t\t\t\t<p><strong>KHD<\/strong> : 2239758, 4152627, 4230614.<\/p><p>Culasse perc\u00e9e pour le radiateur \u00e0 huile.<\/p><ul><li>Pour ce montage, vous trouverez \u00e9galement :<br \/><a href=\"https:\/\/edel.fr\/en\/cale-de-culasse-fl-912-913-1-1-mm-deutz-qualite-origine\/\" target=\"_blank\" rel=\"noopener\">&#8211; Cale de Culasse 1.1 Mm<\/a><\/li><\/ul><div>Type : 25.06, 28.07, 30.06, 36.07, 40.06, 40.07, 45.06, 45.07, 45.07C, 48.07, 48.07C, 50.06, 52.06, 52.07,<br \/>52.07C, 55.06, 60.06, 60.07, 60.07C, 62.06, 62.07, 62.07C, 65.07, 65.07C, 70.07, 72.06, 72.07, 75.06,<br \/>80.06, 90.06, AGROCOMPACT 3.30F-V, AGROCOMPACT 3.70F-V, AGROPRIMA 6.06, AGROXTRA 4.07,<br \/>AGROXTRA 6.07, DX110, DX3.10, DX3.30, DX3.60, DX3.65, DX3.70, DX4.10, DX6.05, DX6.10, DX85, DX90,<br \/>F2L912, F3L912, F4L912, F5L912, F6L912.<\/div><div><div>\u00a0<\/div><\/div>\t\t\t\t\t\t\t\t<\/div>\n\t\t\t\t<\/div>\n\t\t\t\t\t<\/div>\n\t\t<\/div>\n\t\t\t\t\t<\/div>\n\t\t<\/section>\n\t\t\t\t<\/div>","protected":false},"excerpt":{"rendered":"<p>Culasse compl\u00e8te FL 912 \/ 913 \/ 511 D | KHD Deutz Information du produit : KHD : 2239758, 4152627, 4230614. Culasse perc\u00e9e pour le radiateur \u00e0 huile. Pour ce montage, vous trouverez \u00e9galement : &#8211; Cale de Culasse 1.1 Mm Type : 25.06, 28.07, 30.06, 36.07, 40.06, 40.07, 45.06, 45.07, 45.07C, 48.07, 48.07C, 50.06,<br \/><a class=\"more-link\" href=\"https:\/\/edel.fr\/en\/product\/culasse-complete-fl-912-913-511-d-khd-deutz\/\"><br \/>\n        Read More<span class=\"screen-reader-text\"> \u00ab\u00a0Culasse compl\u00e8te origine KS Moteur Deutz FL 912-913-511 Tracteur agricole\u00a0\u00bb<\/span><\/a><\/p>","protected":false},"featured_media":9330,"template":"","meta":[],"product_brand":[],"product_cat":[2985,153,119],"product_tag":[],"tracteur":[],"class_list":{"0":"post-9329","1":"product","2":"type-product","3":"status-publish","4":"has-post-thumbnail","6":"product_cat-culasse","7":"product_cat-pieces-moteur","8":"product_cat-tracteurs-agricoles","9":"product_shipping_class-142","10":"pa_fabriquant-ks","11":"pa_marque-moteur-moteur-deutz-khd","12":"pa_marque-tracteur-khd-deutz","13":"pa_qualite-origine","14":"pa_type-moteur-f2l511","15":"pa_type-moteur-f2l912","16":"pa_type-moteur-f3l912","17":"pa_type-moteur-f3l913","18":"pa_type-moteur-f4l912","19":"pa_type-moteur-f4l913","20":"pa_type-moteur-f5l912","21":"pa_type-moteur-f5l913","22":"pa_type-moteur-f6l912","23":"pa_type-moteur-f6l913","24":"badges-style-2","26":"first","27":"instock","28":"taxable","29":"shipping-taxable","30":"purchasable","31":"product-type-simple"},"acf":[],"yoast_head":"<!-- This site is optimized with the Yoast SEO plugin v27.3 - https:\/\/yoast.com\/product\/yoast-seo-wordpress\/ -->\n<title>Culasse compl\u00e8te origine KS Moteur Deutz FL 912-913-511 Tracteur agricole - Edel<\/title>\n<meta name=\"description\" content=\"Culasse compl\u00e8te KHD Deutz FL912 \/ FL913 \/ 511D - Tracteur - F2L912 F3L912 F4L912 F5L912 F6L912 25.06 30.06 40.06 50.06 60.06 80.06 DX110 DX3.10 DX85 DX90\" \/>\n<meta name=\"robots\" content=\"index, follow, max-snippet:-1, max-image-preview:large, max-video-preview:-1\" \/>\n<link rel=\"canonical\" href=\"https:\/\/edel.fr\/en\/product\/culasse-complete-fl-912-913-511-d-khd-deutz\/\" \/>\n<meta property=\"og:locale\" content=\"en_US\" \/>\n<meta property=\"og:type\" content=\"article\" \/>\n<meta property=\"og:title\" content=\"Culasse compl\u00e8te origine KS Moteur Deutz FL 912-913-511 Tracteur agricole - Edel\" \/>\n<meta property=\"og:description\" content=\"Culasse compl\u00e8te KHD Deutz FL912 \/ FL913 \/ 511D - Tracteur - F2L912 F3L912 F4L912 F5L912 F6L912 25.06 30.06 40.06 50.06 60.06 80.06 DX110 DX3.10 DX85 DX90\" \/>\n<meta property=\"og:url\" content=\"https:\/\/edel.fr\/en\/product\/culasse-complete-fl-912-913-511-d-khd-deutz\/\" \/>\n<meta property=\"og:site_name\" content=\"Edel\" \/>\n<meta property=\"article:modified_time\" content=\"2026-04-02T01:00:58+00:00\" \/>\n<meta property=\"og:image\" content=\"https:\/\/edel.fr\/uploads\/2020\/12\/culasse-912-913.jpg\" \/>\n\t<meta property=\"og:image:width\" content=\"1512\" \/>\n\t<meta property=\"og:image:height\" content=\"1480\" \/>\n\t<meta property=\"og:image:type\" content=\"image\/jpeg\" \/>\n<meta name=\"twitter:card\" content=\"summary_large_image\" \/>\n<meta name=\"twitter:label1\" content=\"Est. reading time\" \/>\n\t<meta name=\"twitter:data1\" content=\"1 minute\" \/>\n<script type=\"application\/ld+json\" class=\"yoast-schema-graph\">{\"@context\":\"https:\\\/\\\/schema.org\",\"@graph\":[{\"@type\":\"WebPage\",\"@id\":\"https:\\\/\\\/edel.fr\\\/en\\\/product\\\/culasse-complete-fl-912-913-511-d-khd-deutz\\\/\",\"url\":\"https:\\\/\\\/edel.fr\\\/en\\\/product\\\/culasse-complete-fl-912-913-511-d-khd-deutz\\\/\",\"name\":\"Culasse compl\u00e8te origine KS Moteur Deutz FL 912-913-511 Tracteur agricole - Edel\",\"isPartOf\":{\"@id\":\"https:\\\/\\\/www.edel.fr\\\/en\\\/#website\"},\"primaryImageOfPage\":{\"@id\":\"https:\\\/\\\/edel.fr\\\/en\\\/product\\\/culasse-complete-fl-912-913-511-d-khd-deutz\\\/#primaryimage\"},\"image\":{\"@id\":\"https:\\\/\\\/edel.fr\\\/en\\\/product\\\/culasse-complete-fl-912-913-511-d-khd-deutz\\\/#primaryimage\"},\"thumbnailUrl\":\"https:\\\/\\\/edel.fr\\\/uploads\\\/2020\\\/12\\\/culasse-912-913.jpg\",\"datePublished\":\"2020-12-07T10:11:48+00:00\",\"dateModified\":\"2026-04-02T01:00:58+00:00\",\"description\":\"Culasse compl\u00e8te KHD Deutz FL912 \\\/ FL913 \\\/ 511D - Tracteur - F2L912 F3L912 F4L912 F5L912 F6L912 25.06 30.06 40.06 50.06 60.06 80.06 DX110 DX3.10 DX85 DX90\",\"breadcrumb\":{\"@id\":\"https:\\\/\\\/edel.fr\\\/en\\\/product\\\/culasse-complete-fl-912-913-511-d-khd-deutz\\\/#breadcrumb\"},\"inLanguage\":\"en-US\",\"potentialAction\":[{\"@type\":\"ReadAction\",\"target\":[\"https:\\\/\\\/edel.fr\\\/en\\\/product\\\/culasse-complete-fl-912-913-511-d-khd-deutz\\\/\"]}]},{\"@type\":\"ImageObject\",\"inLanguage\":\"en-US\",\"@id\":\"https:\\\/\\\/edel.fr\\\/en\\\/product\\\/culasse-complete-fl-912-913-511-d-khd-deutz\\\/#primaryimage\",\"url\":\"https:\\\/\\\/edel.fr\\\/uploads\\\/2020\\\/12\\\/culasse-912-913.jpg\",\"contentUrl\":\"https:\\\/\\\/edel.fr\\\/uploads\\\/2020\\\/12\\\/culasse-912-913.jpg\",\"width\":1512,\"height\":1480,\"caption\":\"Culasse compl\u00e8te KHD Deutz FL912 \\\/ FL913 \\\/ 511D | Tracteur\"},{\"@type\":\"BreadcrumbList\",\"@id\":\"https:\\\/\\\/edel.fr\\\/en\\\/product\\\/culasse-complete-fl-912-913-511-d-khd-deutz\\\/#breadcrumb\",\"itemListElement\":[{\"@type\":\"ListItem\",\"position\":1,\"name\":\"Pi\u00e8ce Tracteur\",\"item\":\"https:\\\/\\\/www.edel.fr\\\/en\\\/\"},{\"@type\":\"ListItem\",\"position\":2,\"name\":\"Toutes nos pi\u00e8ces Tracteur\",\"item\":\"https:\\\/\\\/edel.fr\\\/shop\\\/\"},{\"@type\":\"ListItem\",\"position\":3,\"name\":\"Culasse compl\u00e8te origine KS Moteur Deutz FL 912-913-511 Tracteur agricole\"}]},{\"@type\":\"WebSite\",\"@id\":\"https:\\\/\\\/www.edel.fr\\\/en\\\/#website\",\"url\":\"https:\\\/\\\/www.edel.fr\\\/en\\\/\",\"name\":\"Edel\",\"description\":\"Pi\u00e8ce d\u00e9tach\u00e9e de Tracteur Agricole\",\"publisher\":{\"@id\":\"https:\\\/\\\/www.edel.fr\\\/en\\\/#organization\"},\"potentialAction\":[{\"@type\":\"SearchAction\",\"target\":{\"@type\":\"EntryPoint\",\"urlTemplate\":\"https:\\\/\\\/www.edel.fr\\\/en\\\/?s={search_term_string}\"},\"query-input\":{\"@type\":\"PropertyValueSpecification\",\"valueRequired\":true,\"valueName\":\"search_term_string\"}}],\"inLanguage\":\"en-US\"},{\"@type\":\"Organization\",\"@id\":\"https:\\\/\\\/www.edel.fr\\\/en\\\/#organization\",\"name\":\"Edel\",\"url\":\"https:\\\/\\\/www.edel.fr\\\/en\\\/\",\"logo\":{\"@type\":\"ImageObject\",\"inLanguage\":\"en-US\",\"@id\":\"https:\\\/\\\/www.edel.fr\\\/en\\\/#\\\/schema\\\/logo\\\/image\\\/\",\"url\":\"https:\\\/\\\/www.edel.fr\\\/uploads\\\/2018\\\/11\\\/logo-edel.png\",\"contentUrl\":\"https:\\\/\\\/www.edel.fr\\\/uploads\\\/2018\\\/11\\\/logo-edel.png\",\"width\":257,\"height\":68,\"caption\":\"Edel\"},\"image\":{\"@id\":\"https:\\\/\\\/www.edel.fr\\\/en\\\/#\\\/schema\\\/logo\\\/image\\\/\"}}]}<\/script>\n<!-- \/ Yoast SEO plugin. -->","yoast_head_json":{"title":"Culasse compl\u00e8te origine KS Moteur Deutz FL 912-913-511 Tracteur agricole - Edel","description":"Culasse compl\u00e8te KHD Deutz FL912 \/ FL913 \/ 511D - Tracteur - F2L912 F3L912 F4L912 F5L912 F6L912 25.06 30.06 40.06 50.06 60.06 80.06 DX110 DX3.10 DX85 DX90","robots":{"index":"index","follow":"follow","max-snippet":"max-snippet:-1","max-image-preview":"max-image-preview:large","max-video-preview":"max-video-preview:-1"},"canonical":"https:\/\/edel.fr\/en\/product\/culasse-complete-fl-912-913-511-d-khd-deutz\/","og_locale":"en_US","og_type":"article","og_title":"Culasse compl\u00e8te origine KS Moteur Deutz FL 912-913-511 Tracteur agricole - Edel","og_description":"Culasse compl\u00e8te KHD Deutz FL912 \/ FL913 \/ 511D - Tracteur - F2L912 F3L912 F4L912 F5L912 F6L912 25.06 30.06 40.06 50.06 60.06 80.06 DX110 DX3.10 DX85 DX90","og_url":"https:\/\/edel.fr\/en\/product\/culasse-complete-fl-912-913-511-d-khd-deutz\/","og_site_name":"Edel","article_modified_time":"2026-04-02T01:00:58+00:00","og_image":[{"width":1512,"height":1480,"url":"https:\/\/edel.fr\/uploads\/2020\/12\/culasse-912-913.jpg","type":"image\/jpeg"}],"twitter_card":"summary_large_image","twitter_misc":{"Est. reading time":"1 minute"},"schema":{"@context":"https:\/\/schema.org","@graph":[{"@type":"WebPage","@id":"https:\/\/edel.fr\/en\/product\/culasse-complete-fl-912-913-511-d-khd-deutz\/","url":"https:\/\/edel.fr\/en\/product\/culasse-complete-fl-912-913-511-d-khd-deutz\/","name":"Culasse compl\u00e8te origine KS Moteur Deutz FL 912-913-511 Tracteur agricole - Edel","isPartOf":{"@id":"https:\/\/www.edel.fr\/en\/#website"},"primaryImageOfPage":{"@id":"https:\/\/edel.fr\/en\/product\/culasse-complete-fl-912-913-511-d-khd-deutz\/#primaryimage"},"image":{"@id":"https:\/\/edel.fr\/en\/product\/culasse-complete-fl-912-913-511-d-khd-deutz\/#primaryimage"},"thumbnailUrl":"https:\/\/edel.fr\/uploads\/2020\/12\/culasse-912-913.jpg","datePublished":"2020-12-07T10:11:48+00:00","dateModified":"2026-04-02T01:00:58+00:00","description":"Culasse compl\u00e8te KHD Deutz FL912 \/ FL913 \/ 511D - Tracteur - F2L912 F3L912 F4L912 F5L912 F6L912 25.06 30.06 40.06 50.06 60.06 80.06 DX110 DX3.10 DX85 DX90","breadcrumb":{"@id":"https:\/\/edel.fr\/en\/product\/culasse-complete-fl-912-913-511-d-khd-deutz\/#breadcrumb"},"inLanguage":"en-US","potentialAction":[{"@type":"ReadAction","target":["https:\/\/edel.fr\/en\/product\/culasse-complete-fl-912-913-511-d-khd-deutz\/"]}]},{"@type":"ImageObject","inLanguage":"en-US","@id":"https:\/\/edel.fr\/en\/product\/culasse-complete-fl-912-913-511-d-khd-deutz\/#primaryimage","url":"https:\/\/edel.fr\/uploads\/2020\/12\/culasse-912-913.jpg","contentUrl":"https:\/\/edel.fr\/uploads\/2020\/12\/culasse-912-913.jpg","width":1512,"height":1480,"caption":"Culasse compl\u00e8te KHD Deutz FL912 \/ FL913 \/ 511D | Tracteur"},{"@type":"BreadcrumbList","@id":"https:\/\/edel.fr\/en\/product\/culasse-complete-fl-912-913-511-d-khd-deutz\/#breadcrumb","itemListElement":[{"@type":"ListItem","position":1,"name":"Pi\u00e8ce Tracteur","item":"https:\/\/www.edel.fr\/en\/"},{"@type":"ListItem","position":2,"name":"Toutes nos pi\u00e8ces Tracteur","item":"https:\/\/edel.fr\/shop\/"},{"@type":"ListItem","position":3,"name":"Culasse compl\u00e8te origine KS Moteur Deutz FL 912-913-511 Tracteur agricole"}]},{"@type":"WebSite","@id":"https:\/\/www.edel.fr\/en\/#website","url":"https:\/\/www.edel.fr\/en\/","name":"Edel","description":"Pi\u00e8ce d\u00e9tach\u00e9e de Tracteur Agricole","publisher":{"@id":"https:\/\/www.edel.fr\/en\/#organization"},"potentialAction":[{"@type":"SearchAction","target":{"@type":"EntryPoint","urlTemplate":"https:\/\/www.edel.fr\/en\/?s={search_term_string}"},"query-input":{"@type":"PropertyValueSpecification","valueRequired":true,"valueName":"search_term_string"}}],"inLanguage":"en-US"},{"@type":"Organization","@id":"https:\/\/www.edel.fr\/en\/#organization","name":"Edel","url":"https:\/\/www.edel.fr\/en\/","logo":{"@type":"ImageObject","inLanguage":"en-US","@id":"https:\/\/www.edel.fr\/en\/#\/schema\/logo\/image\/","url":"https:\/\/www.edel.fr\/uploads\/2018\/11\/logo-edel.png","contentUrl":"https:\/\/www.edel.fr\/uploads\/2018\/11\/logo-edel.png","width":257,"height":68,"caption":"Edel"},"image":{"@id":"https:\/\/www.edel.fr\/en\/#\/schema\/logo\/image\/"}}]}},"_links":{"self":[{"href":"https:\/\/edel.fr\/en\/wp-json\/wp\/v2\/product\/9329","targetHints":{"allow":["GET"]}}],"collection":[{"href":"https:\/\/edel.fr\/en\/wp-json\/wp\/v2\/product"}],"about":[{"href":"https:\/\/edel.fr\/en\/wp-json\/wp\/v2\/types\/product"}],"version-history":[{"count":3,"href":"https:\/\/edel.fr\/en\/wp-json\/wp\/v2\/product\/9329\/revisions"}],"predecessor-version":[{"id":20034,"href":"https:\/\/edel.fr\/en\/wp-json\/wp\/v2\/product\/9329\/revisions\/20034"}],"wp:featuredmedia":[{"embeddable":true,"href":"https:\/\/edel.fr\/en\/wp-json\/wp\/v2\/media\/9330"}],"wp:attachment":[{"href":"https:\/\/edel.fr\/en\/wp-json\/wp\/v2\/media?parent=9329"}],"wp:term":[{"taxonomy":"product_brand","embeddable":true,"href":"https:\/\/edel.fr\/en\/wp-json\/wp\/v2\/product_brand?post=9329"},{"taxonomy":"product_cat","embeddable":true,"href":"https:\/\/edel.fr\/en\/wp-json\/wp\/v2\/product_cat?post=9329"},{"taxonomy":"product_tag","embeddable":true,"href":"https:\/\/edel.fr\/en\/wp-json\/wp\/v2\/product_tag?post=9329"},{"taxonomy":"tracteur","embeddable":true,"href":"https:\/\/edel.fr\/en\/wp-json\/wp\/v2\/tracteur?post=9329"}],"curies":[{"name":"wp","href":"https:\/\/api.w.org\/{rel}","templated":true}]}}