{"id":9442,"date":"2020-12-14T16:11:41","date_gmt":"2020-12-14T15:11:41","guid":{"rendered":"https:\/\/www.edel.fr\/?post_type=product&#038;p=9442"},"modified":"2026-03-31T03:00:32","modified_gmt":"2026-03-31T01:00:32","slug":"butee-dembrayage-case-ih-qualite-origine","status":"publish","type":"product","link":"https:\/\/edel.fr\/en\/product\/butee-dembrayage-case-ih-qualite-origine\/","title":{"rendered":"But\u00e9e d&#8217;embrayage Case IH | Qualit\u00e9 Origine"},"content":{"rendered":"<div data-elementor-type=\"wp-post\" data-elementor-id=\"9442\" class=\"elementor elementor-9442\">\n\t\t\t\t\t\t<section class=\"elementor-section elementor-top-section elementor-element elementor-element-290ca7d1 elementor-section-boxed elementor-section-height-default elementor-section-height-default\" data-id=\"290ca7d1\" data-element_type=\"section\" data-e-type=\"section\">\n\t\t\t\t\t\t<div class=\"elementor-container elementor-column-gap-default\">\n\t\t\t\t\t<div class=\"elementor-column elementor-col-100 elementor-top-column elementor-element elementor-element-773f35b7\" data-id=\"773f35b7\" data-element_type=\"column\" data-e-type=\"column\">\n\t\t\t<div class=\"elementor-widget-wrap elementor-element-populated\">\n\t\t\t\t\t\t<div class=\"elementor-element elementor-element-7774c225 elementor-widget elementor-widget-text-editor\" data-id=\"7774c225\" data-element_type=\"widget\" data-e-type=\"widget\" data-widget_type=\"text-editor.default\">\n\t\t\t\t<div class=\"elementor-widget-container\">\n\t\t\t\t\t\t\t\t\t<h3 class=\"LC20lb DKV0Md\">But\u00e9e d&#8217;embrayage Case IH\u00a0<\/h3><div>Type : 320, 323, 324, 326, 353, 383, 423, 430, 436, 439, 453, 523, 624, 724, 834.<\/div><div><div>Qualit\u00e9 origine<\/div><\/div>\t\t\t\t\t\t\t\t<\/div>\n\t\t\t\t<\/div>\n\t\t\t\t\t<\/div>\n\t\t<\/div>\n\t\t\t\t\t<\/div>\n\t\t<\/section>\n\t\t\t\t<\/div>","protected":false},"excerpt":{"rendered":"<p>But\u00e9e d&#8217;embrayage Case IH Type : 320, 323, 324, 326, 353, 383, 423, 430, 436, 439, 453, 523, 624, 724, 834.Qualit\u00e9 origine<\/p>","protected":false},"featured_media":9443,"template":"","meta":[],"product_brand":[],"product_cat":[4070,4071,127,119,120],"product_tag":[],"tracteur":[],"class_list":{"0":"post-9442","1":"product","2":"type-product","3":"status-publish","4":"has-post-thumbnail","6":"product_cat-butee-dembrayage-case-ih","7":"product_cat-butee-dembrayage-david-brown","8":"product_cat-butees-embrayage","9":"product_cat-tracteurs-agricoles","10":"product_cat-transmissions","11":"product_shipping_class-142","12":"pa_diametre-exterieur-4500","13":"pa_diametre-interieur-4499","14":"pa_diametre-maneton-4498","15":"pa_longueur-totale-4501","16":"pa_marque-tracteur-case-ih","17":"pa_marque-tracteur-david-brown","18":"pa_type-2-2040","19":"pa_type-2-2184","20":"pa_type-2-2185","21":"pa_type-2-2186","22":"pa_type-2-2098","23":"pa_type-2-2099","24":"pa_type-2-1421","25":"pa_type-2-2187","26":"pa_type-2-2188","27":"pa_type-2-2987","28":"pa_type-2-1218","29":"pa_type-2-1219","30":"pa_type-2-2092","31":"pa_type-2-1221","32":"pa_type-2-2096","33":"pa_type-butee-graphite","34":"badges-style-2","36":"first","37":"instock","38":"taxable","39":"shipping-taxable","40":"purchasable","41":"product-type-simple"},"acf":[],"yoast_head":"<!-- This site is optimized with the Yoast SEO plugin v27.3 - https:\/\/yoast.com\/product\/yoast-seo-wordpress\/ -->\n<title>But\u00e9e d&#039;embrayage Case IH | Qualit\u00e9 Origine - Edel<\/title>\n<meta name=\"description\" content=\"But\u00e9e d&#039;embrayage Case IH | Qualit\u00e9 Origine | 320 323 324 326 353 383 423 430 436 439 453 523 624 724 834\" \/>\n<meta name=\"robots\" content=\"index, follow, max-snippet:-1, max-image-preview:large, max-video-preview:-1\" \/>\n<link rel=\"canonical\" href=\"https:\/\/www.edel.fr\/produit\/butee-dembrayage-case-ih-qualite-origine\/\" \/>\n<meta property=\"og:locale\" content=\"en_US\" \/>\n<meta property=\"og:type\" content=\"article\" \/>\n<meta property=\"og:title\" content=\"But\u00e9e d&#039;embrayage Case IH | Qualit\u00e9 Origine - Edel\" \/>\n<meta property=\"og:description\" content=\"But\u00e9e d&#039;embrayage Case IH | Qualit\u00e9 Origine | 320 323 324 326 353 383 423 430 436 439 453 523 624 724 834\" \/>\n<meta property=\"og:url\" content=\"https:\/\/www.edel.fr\/produit\/butee-dembrayage-case-ih-qualite-origine\/\" \/>\n<meta property=\"og:site_name\" content=\"Edel\" \/>\n<meta property=\"article:modified_time\" content=\"2026-03-31T01:00:32+00:00\" \/>\n<meta property=\"og:image\" content=\"https:\/\/www.edel.fr\/uploads\/2020\/12\/butee.jpg\" \/>\n\t<meta property=\"og:image:width\" content=\"1512\" \/>\n\t<meta property=\"og:image:height\" content=\"1193\" \/>\n\t<meta property=\"og:image:type\" content=\"image\/jpeg\" \/>\n<meta name=\"twitter:card\" content=\"summary_large_image\" \/>\n<meta name=\"twitter:label1\" content=\"Est. reading time\" \/>\n\t<meta name=\"twitter:data1\" content=\"1 minute\" \/>\n<script type=\"application\/ld+json\" class=\"yoast-schema-graph\">{\"@context\":\"https:\\\/\\\/schema.org\",\"@graph\":[{\"@type\":\"WebPage\",\"@id\":\"https:\\\/\\\/www.edel.fr\\\/produit\\\/butee-dembrayage-case-ih-qualite-origine\\\/\",\"url\":\"https:\\\/\\\/www.edel.fr\\\/produit\\\/butee-dembrayage-case-ih-qualite-origine\\\/\",\"name\":\"But\u00e9e d'embrayage Case IH | Qualit\u00e9 Origine - Edel\",\"isPartOf\":{\"@id\":\"https:\\\/\\\/www.edel.fr\\\/en\\\/#website\"},\"primaryImageOfPage\":{\"@id\":\"https:\\\/\\\/www.edel.fr\\\/produit\\\/butee-dembrayage-case-ih-qualite-origine\\\/#primaryimage\"},\"image\":{\"@id\":\"https:\\\/\\\/www.edel.fr\\\/produit\\\/butee-dembrayage-case-ih-qualite-origine\\\/#primaryimage\"},\"thumbnailUrl\":\"https:\\\/\\\/edel.fr\\\/uploads\\\/2020\\\/12\\\/butee.jpg\",\"datePublished\":\"2020-12-14T15:11:41+00:00\",\"dateModified\":\"2026-03-31T01:00:32+00:00\",\"description\":\"But\u00e9e d'embrayage Case IH | Qualit\u00e9 Origine | 320 323 324 326 353 383 423 430 436 439 453 523 624 724 834\",\"breadcrumb\":{\"@id\":\"https:\\\/\\\/www.edel.fr\\\/produit\\\/butee-dembrayage-case-ih-qualite-origine\\\/#breadcrumb\"},\"inLanguage\":\"en-US\",\"potentialAction\":[{\"@type\":\"ReadAction\",\"target\":[\"https:\\\/\\\/www.edel.fr\\\/produit\\\/butee-dembrayage-case-ih-qualite-origine\\\/\"]}]},{\"@type\":\"ImageObject\",\"inLanguage\":\"en-US\",\"@id\":\"https:\\\/\\\/www.edel.fr\\\/produit\\\/butee-dembrayage-case-ih-qualite-origine\\\/#primaryimage\",\"url\":\"https:\\\/\\\/edel.fr\\\/uploads\\\/2020\\\/12\\\/butee.jpg\",\"contentUrl\":\"https:\\\/\\\/edel.fr\\\/uploads\\\/2020\\\/12\\\/butee.jpg\",\"width\":1512,\"height\":1193,\"caption\":\"But\u00e9e d'embrayage Case IH | Qualit\u00e9 Origine\"},{\"@type\":\"BreadcrumbList\",\"@id\":\"https:\\\/\\\/www.edel.fr\\\/produit\\\/butee-dembrayage-case-ih-qualite-origine\\\/#breadcrumb\",\"itemListElement\":[{\"@type\":\"ListItem\",\"position\":1,\"name\":\"Pi\u00e8ce Tracteur\",\"item\":\"https:\\\/\\\/www.edel.fr\\\/en\\\/\"},{\"@type\":\"ListItem\",\"position\":2,\"name\":\"Toutes nos pi\u00e8ces Tracteur\",\"item\":\"https:\\\/\\\/edel.fr\\\/shop\\\/\"},{\"@type\":\"ListItem\",\"position\":3,\"name\":\"But\u00e9e d&#8217;embrayage Case IH | Qualit\u00e9 Origine\"}]},{\"@type\":\"WebSite\",\"@id\":\"https:\\\/\\\/www.edel.fr\\\/en\\\/#website\",\"url\":\"https:\\\/\\\/www.edel.fr\\\/en\\\/\",\"name\":\"Edel\",\"description\":\"Pi\u00e8ce d\u00e9tach\u00e9e de Tracteur Agricole\",\"publisher\":{\"@id\":\"https:\\\/\\\/www.edel.fr\\\/en\\\/#organization\"},\"potentialAction\":[{\"@type\":\"SearchAction\",\"target\":{\"@type\":\"EntryPoint\",\"urlTemplate\":\"https:\\\/\\\/www.edel.fr\\\/en\\\/?s={search_term_string}\"},\"query-input\":{\"@type\":\"PropertyValueSpecification\",\"valueRequired\":true,\"valueName\":\"search_term_string\"}}],\"inLanguage\":\"en-US\"},{\"@type\":\"Organization\",\"@id\":\"https:\\\/\\\/www.edel.fr\\\/en\\\/#organization\",\"name\":\"Edel\",\"url\":\"https:\\\/\\\/www.edel.fr\\\/en\\\/\",\"logo\":{\"@type\":\"ImageObject\",\"inLanguage\":\"en-US\",\"@id\":\"https:\\\/\\\/www.edel.fr\\\/en\\\/#\\\/schema\\\/logo\\\/image\\\/\",\"url\":\"https:\\\/\\\/www.edel.fr\\\/uploads\\\/2018\\\/11\\\/logo-edel.png\",\"contentUrl\":\"https:\\\/\\\/www.edel.fr\\\/uploads\\\/2018\\\/11\\\/logo-edel.png\",\"width\":257,\"height\":68,\"caption\":\"Edel\"},\"image\":{\"@id\":\"https:\\\/\\\/www.edel.fr\\\/en\\\/#\\\/schema\\\/logo\\\/image\\\/\"}}]}<\/script>\n<!-- \/ Yoast SEO plugin. -->","yoast_head_json":{"title":"But\u00e9e d'embrayage Case IH | Qualit\u00e9 Origine - Edel","description":"But\u00e9e d'embrayage Case IH | Qualit\u00e9 Origine | 320 323 324 326 353 383 423 430 436 439 453 523 624 724 834","robots":{"index":"index","follow":"follow","max-snippet":"max-snippet:-1","max-image-preview":"max-image-preview:large","max-video-preview":"max-video-preview:-1"},"canonical":"https:\/\/www.edel.fr\/produit\/butee-dembrayage-case-ih-qualite-origine\/","og_locale":"en_US","og_type":"article","og_title":"But\u00e9e d'embrayage Case IH | Qualit\u00e9 Origine - Edel","og_description":"But\u00e9e d'embrayage Case IH | Qualit\u00e9 Origine | 320 323 324 326 353 383 423 430 436 439 453 523 624 724 834","og_url":"https:\/\/www.edel.fr\/produit\/butee-dembrayage-case-ih-qualite-origine\/","og_site_name":"Edel","article_modified_time":"2026-03-31T01:00:32+00:00","og_image":[{"width":1512,"height":1193,"url":"https:\/\/www.edel.fr\/uploads\/2020\/12\/butee.jpg","type":"image\/jpeg"}],"twitter_card":"summary_large_image","twitter_misc":{"Est. reading time":"1 minute"},"schema":{"@context":"https:\/\/schema.org","@graph":[{"@type":"WebPage","@id":"https:\/\/www.edel.fr\/produit\/butee-dembrayage-case-ih-qualite-origine\/","url":"https:\/\/www.edel.fr\/produit\/butee-dembrayage-case-ih-qualite-origine\/","name":"But\u00e9e d'embrayage Case IH | Qualit\u00e9 Origine - Edel","isPartOf":{"@id":"https:\/\/www.edel.fr\/en\/#website"},"primaryImageOfPage":{"@id":"https:\/\/www.edel.fr\/produit\/butee-dembrayage-case-ih-qualite-origine\/#primaryimage"},"image":{"@id":"https:\/\/www.edel.fr\/produit\/butee-dembrayage-case-ih-qualite-origine\/#primaryimage"},"thumbnailUrl":"https:\/\/edel.fr\/uploads\/2020\/12\/butee.jpg","datePublished":"2020-12-14T15:11:41+00:00","dateModified":"2026-03-31T01:00:32+00:00","description":"But\u00e9e d'embrayage Case IH | Qualit\u00e9 Origine | 320 323 324 326 353 383 423 430 436 439 453 523 624 724 834","breadcrumb":{"@id":"https:\/\/www.edel.fr\/produit\/butee-dembrayage-case-ih-qualite-origine\/#breadcrumb"},"inLanguage":"en-US","potentialAction":[{"@type":"ReadAction","target":["https:\/\/www.edel.fr\/produit\/butee-dembrayage-case-ih-qualite-origine\/"]}]},{"@type":"ImageObject","inLanguage":"en-US","@id":"https:\/\/www.edel.fr\/produit\/butee-dembrayage-case-ih-qualite-origine\/#primaryimage","url":"https:\/\/edel.fr\/uploads\/2020\/12\/butee.jpg","contentUrl":"https:\/\/edel.fr\/uploads\/2020\/12\/butee.jpg","width":1512,"height":1193,"caption":"But\u00e9e d'embrayage Case IH | Qualit\u00e9 Origine"},{"@type":"BreadcrumbList","@id":"https:\/\/www.edel.fr\/produit\/butee-dembrayage-case-ih-qualite-origine\/#breadcrumb","itemListElement":[{"@type":"ListItem","position":1,"name":"Pi\u00e8ce Tracteur","item":"https:\/\/www.edel.fr\/en\/"},{"@type":"ListItem","position":2,"name":"Toutes nos pi\u00e8ces Tracteur","item":"https:\/\/edel.fr\/shop\/"},{"@type":"ListItem","position":3,"name":"But\u00e9e d&#8217;embrayage Case IH | Qualit\u00e9 Origine"}]},{"@type":"WebSite","@id":"https:\/\/www.edel.fr\/en\/#website","url":"https:\/\/www.edel.fr\/en\/","name":"Edel","description":"Pi\u00e8ce d\u00e9tach\u00e9e de Tracteur Agricole","publisher":{"@id":"https:\/\/www.edel.fr\/en\/#organization"},"potentialAction":[{"@type":"SearchAction","target":{"@type":"EntryPoint","urlTemplate":"https:\/\/www.edel.fr\/en\/?s={search_term_string}"},"query-input":{"@type":"PropertyValueSpecification","valueRequired":true,"valueName":"search_term_string"}}],"inLanguage":"en-US"},{"@type":"Organization","@id":"https:\/\/www.edel.fr\/en\/#organization","name":"Edel","url":"https:\/\/www.edel.fr\/en\/","logo":{"@type":"ImageObject","inLanguage":"en-US","@id":"https:\/\/www.edel.fr\/en\/#\/schema\/logo\/image\/","url":"https:\/\/www.edel.fr\/uploads\/2018\/11\/logo-edel.png","contentUrl":"https:\/\/www.edel.fr\/uploads\/2018\/11\/logo-edel.png","width":257,"height":68,"caption":"Edel"},"image":{"@id":"https:\/\/www.edel.fr\/en\/#\/schema\/logo\/image\/"}}]}},"_links":{"self":[{"href":"https:\/\/edel.fr\/en\/wp-json\/wp\/v2\/product\/9442","targetHints":{"allow":["GET"]}}],"collection":[{"href":"https:\/\/edel.fr\/en\/wp-json\/wp\/v2\/product"}],"about":[{"href":"https:\/\/edel.fr\/en\/wp-json\/wp\/v2\/types\/product"}],"version-history":[{"count":2,"href":"https:\/\/edel.fr\/en\/wp-json\/wp\/v2\/product\/9442\/revisions"}],"predecessor-version":[{"id":16047,"href":"https:\/\/edel.fr\/en\/wp-json\/wp\/v2\/product\/9442\/revisions\/16047"}],"wp:featuredmedia":[{"embeddable":true,"href":"https:\/\/edel.fr\/en\/wp-json\/wp\/v2\/media\/9443"}],"wp:attachment":[{"href":"https:\/\/edel.fr\/en\/wp-json\/wp\/v2\/media?parent=9442"}],"wp:term":[{"taxonomy":"product_brand","embeddable":true,"href":"https:\/\/edel.fr\/en\/wp-json\/wp\/v2\/product_brand?post=9442"},{"taxonomy":"product_cat","embeddable":true,"href":"https:\/\/edel.fr\/en\/wp-json\/wp\/v2\/product_cat?post=9442"},{"taxonomy":"product_tag","embeddable":true,"href":"https:\/\/edel.fr\/en\/wp-json\/wp\/v2\/product_tag?post=9442"},{"taxonomy":"tracteur","embeddable":true,"href":"https:\/\/edel.fr\/en\/wp-json\/wp\/v2\/tracteur?post=9442"}],"curies":[{"name":"wp","href":"https:\/\/api.w.org\/{rel}","templated":true}]}}