{"id":9460,"date":"2020-12-15T14:17:27","date_gmt":"2020-12-15T13:17:27","guid":{"rendered":"https:\/\/www.edel.fr\/?post_type=product&#038;p=9460"},"modified":"2025-11-05T21:06:25","modified_gmt":"2025-11-05T20:06:25","slug":"case-ih-embrayage-kit-complet-c-100-c-50-cx70-cx85-cx90","status":"publish","type":"product","link":"https:\/\/edel.fr\/en\/product\/case-ih-embrayage-kit-complet-c-100-c-50-cx70-cx85-cx90\/","title":{"rendered":"Case Ih Embrayage Kit Complet &#8211; C 100 C 50 CX70 CX85 CX90"},"content":{"rendered":"<div data-elementor-type=\"wp-post\" data-elementor-id=\"9460\" class=\"elementor elementor-9460\">\n\t\t\t\t\t\t<section class=\"elementor-section elementor-top-section elementor-element elementor-element-dc42f03 elementor-section-boxed elementor-section-height-default elementor-section-height-default\" data-id=\"dc42f03\" data-element_type=\"section\" data-e-type=\"section\">\n\t\t\t\t\t\t<div class=\"elementor-container elementor-column-gap-default\">\n\t\t\t\t\t<div class=\"elementor-column elementor-col-100 elementor-top-column elementor-element elementor-element-29dc23a\" data-id=\"29dc23a\" data-element_type=\"column\" data-e-type=\"column\">\n\t\t\t<div class=\"elementor-widget-wrap elementor-element-populated\">\n\t\t\t\t\t\t<div class=\"elementor-element elementor-element-e03de7e elementor-widget elementor-widget-heading\" data-id=\"e03de7e\" data-element_type=\"widget\" data-e-type=\"widget\" data-widget_type=\"heading.default\">\n\t\t\t\t<div class=\"elementor-widget-container\">\n\t\t\t\t\t<h2 class=\"elementor-heading-title elementor-size-default\">EMBRAYAGE COMPLET LUK <br><br>M\u00c9CANISME SIMPLE, DISQUE AVANCEMENT C\u00e9RAM\u00e9TALLIQUE, <br><br>BUT\u00c9E ET ROULEMENT PILOTE&nbsp;<br>\n\u00d8 310 MM \u2013 DISQUE 10 CANNELURES \/ MOYEU FIXE 10 CANNELURES <br><\/h2>\t\t\t\t<\/div>\n\t\t\t\t<\/div>\n\t\t\t\t\t<\/div>\n\t\t<\/div>\n\t\t\t\t\t<\/div>\n\t\t<\/section>\n\t\t\t\t<section class=\"elementor-section elementor-top-section elementor-element elementor-element-1c0979d elementor-section-boxed elementor-section-height-default elementor-section-height-default\" data-id=\"1c0979d\" data-element_type=\"section\" data-e-type=\"section\">\n\t\t\t\t\t\t<div class=\"elementor-container elementor-column-gap-default\">\n\t\t\t\t\t<div class=\"elementor-column elementor-col-100 elementor-top-column elementor-element elementor-element-285f4aa\" data-id=\"285f4aa\" data-element_type=\"column\" data-e-type=\"column\">\n\t\t\t<div class=\"elementor-widget-wrap elementor-element-populated\">\n\t\t\t\t\t\t<div class=\"elementor-element elementor-element-02eb280 elementor-widget elementor-widget-heading\" data-id=\"02eb280\" data-element_type=\"widget\" data-e-type=\"widget\" data-widget_type=\"heading.default\">\n\t\t\t\t<div class=\"elementor-widget-container\">\n\t\t\t\t\t<h3 class=\"elementor-heading-title elementor-size-default\">Information du produit :<\/h3>\t\t\t\t<\/div>\n\t\t\t\t<\/div>\n\t\t\t\t\t<\/div>\n\t\t<\/div>\n\t\t\t\t\t<\/div>\n\t\t<\/section>\n\t\t\t\t<section class=\"elementor-section elementor-top-section elementor-element elementor-element-2892e675 elementor-section-boxed elementor-section-height-default elementor-section-height-default\" data-id=\"2892e675\" data-element_type=\"section\" data-e-type=\"section\">\n\t\t\t\t\t\t<div class=\"elementor-container elementor-column-gap-default\">\n\t\t\t\t\t<div class=\"elementor-column elementor-col-100 elementor-top-column elementor-element elementor-element-49d1570a\" data-id=\"49d1570a\" data-element_type=\"column\" data-e-type=\"column\">\n\t\t\t<div class=\"elementor-widget-wrap elementor-element-populated\">\n\t\t\t\t\t\t<div class=\"elementor-element elementor-element-3b2e91c elementor-widget elementor-widget-text-editor\" data-id=\"3b2e91c\" data-element_type=\"widget\" data-e-type=\"widget\" data-widget_type=\"text-editor.default\">\n\t\t\t\t<div class=\"elementor-widget-container\">\n\t\t\t\t\t\t\t\t\t<p>Kit embrayage de la marque : Case IHC<\/p><div>Case IH &#8211; C 100, C 50, C 60, C 70, C 80, C 90, CX100, CX105, CX50, CX60, CX70, CX75, CX80, CX85, CX90, CX95.<br \/><span style=\"background-color: #ffffff;\"><br \/><\/span><\/div><p>\u00a0<\/p><p>\u00a0<\/p><p>Le kit d\u2019embrayage tracteur agricole est compos\u00e9 d\u2019un m\u00e9canisme, d\u2019un ou deux disques, d\u2019une ou deux but\u00e9es et du roulement pilote. De plus le kit complet comprend la totalit\u00e9 des pi\u00e8ces \u00e0 changer en atelier. Cependant les pi\u00e8ces de rechange qui le composent sont rigoureusement s\u00e9lectionn\u00e9es pour leur qualit\u00e9 et leur fiabilit\u00e9.\u00a0<\/p><p>Toutefois choisir de remplacer une pi\u00e8ce au d\u00e9tail peut s\u2019av\u00e9rer \u00eatre moins avantageux que de remplacer un ensemble complet. Nos kits se distinguent par la qualit\u00e9 de nos but\u00e9es d\u2019embrayages et roulements pilotes. Une but\u00e9e adaptable qui grippe conduit irr\u00e9m\u00e9diablement \u00e0 la destruction du m\u00e9canisme.<\/p><p>Car pour le montage d\u2019un kit d\u2019embrayage agricole, les pi\u00e8ces p\u00e9riph\u00e9riques doivent proc\u00e9der \u00e0 un examen minutieux. Notamment, le volant moteur et les diff\u00e9rents joints spi.<\/p><p>En effet, pour le syst\u00e8me de commande, une vigilance particuli\u00e8re est \u00e0 porter au c\u00e2ble, a la tringlerie et au circuit hydraulique. En cas de doute, ces composants doivent absolument \u00eatre remis \u00e0 niveau pour permettre le parfait fonctionnement de l\u2019embrayage.<\/p><p>Bien s\u00fbr, pour plus de renseignements, n&rsquo;h\u00e9sitez pas \u00e0 nous consulter\u00a0<\/p>\t\t\t\t\t\t\t\t<\/div>\n\t\t\t\t<\/div>\n\t\t\t\t\t<\/div>\n\t\t<\/div>\n\t\t\t\t\t<\/div>\n\t\t<\/section>\n\t\t\t\t<\/div>","protected":false},"excerpt":{"rendered":"<p>EMBRAYAGE COMPLET LUK M\u00c9CANISME SIMPLE, DISQUE AVANCEMENT C\u00e9RAM\u00e9TALLIQUE, BUT\u00c9E ET ROULEMENT PILOTE&nbsp; \u00d8 310 MM \u2013 DISQUE 10 CANNELURES \/ MOYEU FIXE 10 CANNELURES Information du produit : Kit embrayage de la marque : Case IHC Case IH &#8211; C 100, C 50, C 60, C 70, C 80, C 90, CX100, CX105, CX50, CX60,<br \/><a class=\"more-link\" href=\"https:\/\/edel.fr\/en\/product\/case-ih-embrayage-kit-complet-c-100-c-50-cx70-cx85-cx90\/\"><br \/>\n        Read More<span class=\"screen-reader-text\"> \u00ab\u00a0Case Ih Embrayage Kit Complet &#8211; C 100 C 50 CX70 CX85 CX90\u00a0\u00bb<\/span><\/a><\/p>","protected":false},"featured_media":9461,"template":"","meta":[],"product_brand":[],"product_cat":[1141,3945,119,120],"product_tag":[143,124],"tracteur":[],"class_list":{"0":"post-9460","1":"product","2":"type-product","3":"status-publish","4":"has-post-thumbnail","6":"product_cat-kits-dembrayage","7":"product_cat-case-ih","8":"product_cat-tracteurs-agricoles","9":"product_cat-transmissions","10":"product_tag-kits-dembrayage","11":"product_tag-transmissions","12":"product_shipping_class-142","13":"pa_fabriquant-luk","14":"pa_marque-tracteur-case-ih","15":"pa_type-2-c-100","16":"pa_type-2-c-50","17":"pa_type-2-c-60","18":"pa_type-2-c-70","19":"pa_type-2-c-80","20":"pa_type-2-c-90","21":"pa_type-2-cx100","22":"pa_type-2-cx105","23":"pa_type-2-cx50","24":"pa_type-2-cx60","25":"pa_type-2-cx70","26":"pa_type-2-cx75","27":"pa_type-2-cx80","28":"pa_type-2-cx85","29":"pa_type-2-cx90","30":"pa_type-2-cx95","31":"badges-style-2","33":"first","34":"instock","35":"taxable","36":"shipping-taxable","37":"purchasable","38":"product-type-simple"},"acf":[],"yoast_head":"<!-- This site is optimized with the Yoast SEO plugin v27.3 - https:\/\/yoast.com\/product\/yoast-seo-wordpress\/ -->\n<title>Case Ih Embrayage Kit Complet - C 100 C 50 CX70 CX85 CX90 - Edel<\/title>\n<meta name=\"description\" content=\"Case Ih Embrayage Kit - Simple disque AV. Cerametallique 10can. - \u00d8310 - C 100 C 50 C 60 C 70 C 80 C 90 CX100 CX105 CX50 CX60 CX70 CX75 CX80 CX85 CX90 CX95\" \/>\n<meta name=\"robots\" content=\"index, follow, max-snippet:-1, max-image-preview:large, max-video-preview:-1\" \/>\n<link rel=\"canonical\" href=\"https:\/\/www.edel.fr\/produit\/case-ih-embrayage-kit-complet-c-100-c-50-cx70-cx85-cx90\/\" \/>\n<meta property=\"og:locale\" content=\"en_US\" \/>\n<meta property=\"og:type\" content=\"article\" \/>\n<meta property=\"og:title\" content=\"Case Ih Embrayage Kit Complet - C 100 C 50 CX70 CX85 CX90 - Edel\" \/>\n<meta property=\"og:description\" content=\"Case Ih Embrayage Kit - Simple disque AV. Cerametallique 10can. - \u00d8310 - C 100 C 50 C 60 C 70 C 80 C 90 CX100 CX105 CX50 CX60 CX70 CX75 CX80 CX85 CX90 CX95\" \/>\n<meta property=\"og:url\" content=\"https:\/\/www.edel.fr\/produit\/case-ih-embrayage-kit-complet-c-100-c-50-cx70-cx85-cx90\/\" \/>\n<meta property=\"og:site_name\" content=\"Edel\" \/>\n<meta property=\"article:modified_time\" content=\"2025-11-05T20:06:25+00:00\" \/>\n<meta property=\"og:image\" content=\"https:\/\/www.edel.fr\/uploads\/2020\/12\/embr-caseih.jpg\" \/>\n\t<meta property=\"og:image:width\" content=\"1920\" \/>\n\t<meta property=\"og:image:height\" content=\"1440\" \/>\n\t<meta property=\"og:image:type\" content=\"image\/jpeg\" \/>\n<meta name=\"twitter:card\" content=\"summary_large_image\" \/>\n<meta name=\"twitter:label1\" content=\"Est. reading time\" \/>\n\t<meta name=\"twitter:data1\" content=\"2 minutes\" \/>\n<script type=\"application\/ld+json\" class=\"yoast-schema-graph\">{\"@context\":\"https:\\\/\\\/schema.org\",\"@graph\":[{\"@type\":\"WebPage\",\"@id\":\"https:\\\/\\\/www.edel.fr\\\/produit\\\/case-ih-embrayage-kit-complet-c-100-c-50-cx70-cx85-cx90\\\/\",\"url\":\"https:\\\/\\\/www.edel.fr\\\/produit\\\/case-ih-embrayage-kit-complet-c-100-c-50-cx70-cx85-cx90\\\/\",\"name\":\"Case Ih Embrayage Kit Complet - C 100 C 50 CX70 CX85 CX90 - Edel\",\"isPartOf\":{\"@id\":\"https:\\\/\\\/www.edel.fr\\\/en\\\/#website\"},\"primaryImageOfPage\":{\"@id\":\"https:\\\/\\\/www.edel.fr\\\/produit\\\/case-ih-embrayage-kit-complet-c-100-c-50-cx70-cx85-cx90\\\/#primaryimage\"},\"image\":{\"@id\":\"https:\\\/\\\/www.edel.fr\\\/produit\\\/case-ih-embrayage-kit-complet-c-100-c-50-cx70-cx85-cx90\\\/#primaryimage\"},\"thumbnailUrl\":\"https:\\\/\\\/edel.fr\\\/uploads\\\/2020\\\/12\\\/embr-caseih.jpg\",\"datePublished\":\"2020-12-15T13:17:27+00:00\",\"dateModified\":\"2025-11-05T20:06:25+00:00\",\"description\":\"Case Ih Embrayage Kit - Simple disque AV. Cerametallique 10can. - \u00d8310 - C 100 C 50 C 60 C 70 C 80 C 90 CX100 CX105 CX50 CX60 CX70 CX75 CX80 CX85 CX90 CX95\",\"breadcrumb\":{\"@id\":\"https:\\\/\\\/www.edel.fr\\\/produit\\\/case-ih-embrayage-kit-complet-c-100-c-50-cx70-cx85-cx90\\\/#breadcrumb\"},\"inLanguage\":\"en-US\",\"potentialAction\":[{\"@type\":\"ReadAction\",\"target\":[\"https:\\\/\\\/www.edel.fr\\\/produit\\\/case-ih-embrayage-kit-complet-c-100-c-50-cx70-cx85-cx90\\\/\"]}]},{\"@type\":\"ImageObject\",\"inLanguage\":\"en-US\",\"@id\":\"https:\\\/\\\/www.edel.fr\\\/produit\\\/case-ih-embrayage-kit-complet-c-100-c-50-cx70-cx85-cx90\\\/#primaryimage\",\"url\":\"https:\\\/\\\/edel.fr\\\/uploads\\\/2020\\\/12\\\/embr-caseih.jpg\",\"contentUrl\":\"https:\\\/\\\/edel.fr\\\/uploads\\\/2020\\\/12\\\/embr-caseih.jpg\",\"width\":1920,\"height\":1440,\"caption\":\"Case Ih Embrayage Kit Complet\"},{\"@type\":\"BreadcrumbList\",\"@id\":\"https:\\\/\\\/www.edel.fr\\\/produit\\\/case-ih-embrayage-kit-complet-c-100-c-50-cx70-cx85-cx90\\\/#breadcrumb\",\"itemListElement\":[{\"@type\":\"ListItem\",\"position\":1,\"name\":\"Pi\u00e8ce Tracteur\",\"item\":\"https:\\\/\\\/www.edel.fr\\\/en\\\/\"},{\"@type\":\"ListItem\",\"position\":2,\"name\":\"Toutes nos pi\u00e8ces Tracteur\",\"item\":\"https:\\\/\\\/edel.fr\\\/shop\\\/\"},{\"@type\":\"ListItem\",\"position\":3,\"name\":\"Case Ih Embrayage Kit Complet &#8211; C 100 C 50 CX70 CX85 CX90\"}]},{\"@type\":\"WebSite\",\"@id\":\"https:\\\/\\\/www.edel.fr\\\/en\\\/#website\",\"url\":\"https:\\\/\\\/www.edel.fr\\\/en\\\/\",\"name\":\"Edel\",\"description\":\"Pi\u00e8ce d\u00e9tach\u00e9e de Tracteur Agricole\",\"publisher\":{\"@id\":\"https:\\\/\\\/www.edel.fr\\\/en\\\/#organization\"},\"potentialAction\":[{\"@type\":\"SearchAction\",\"target\":{\"@type\":\"EntryPoint\",\"urlTemplate\":\"https:\\\/\\\/www.edel.fr\\\/en\\\/?s={search_term_string}\"},\"query-input\":{\"@type\":\"PropertyValueSpecification\",\"valueRequired\":true,\"valueName\":\"search_term_string\"}}],\"inLanguage\":\"en-US\"},{\"@type\":\"Organization\",\"@id\":\"https:\\\/\\\/www.edel.fr\\\/en\\\/#organization\",\"name\":\"Edel\",\"url\":\"https:\\\/\\\/www.edel.fr\\\/en\\\/\",\"logo\":{\"@type\":\"ImageObject\",\"inLanguage\":\"en-US\",\"@id\":\"https:\\\/\\\/www.edel.fr\\\/en\\\/#\\\/schema\\\/logo\\\/image\\\/\",\"url\":\"https:\\\/\\\/www.edel.fr\\\/uploads\\\/2018\\\/11\\\/logo-edel.png\",\"contentUrl\":\"https:\\\/\\\/www.edel.fr\\\/uploads\\\/2018\\\/11\\\/logo-edel.png\",\"width\":257,\"height\":68,\"caption\":\"Edel\"},\"image\":{\"@id\":\"https:\\\/\\\/www.edel.fr\\\/en\\\/#\\\/schema\\\/logo\\\/image\\\/\"}}]}<\/script>\n<!-- \/ Yoast SEO plugin. -->","yoast_head_json":{"title":"Case Ih Embrayage Kit Complet - C 100 C 50 CX70 CX85 CX90 - Edel","description":"Case Ih Embrayage Kit - Simple disque AV. Cerametallique 10can. - \u00d8310 - C 100 C 50 C 60 C 70 C 80 C 90 CX100 CX105 CX50 CX60 CX70 CX75 CX80 CX85 CX90 CX95","robots":{"index":"index","follow":"follow","max-snippet":"max-snippet:-1","max-image-preview":"max-image-preview:large","max-video-preview":"max-video-preview:-1"},"canonical":"https:\/\/www.edel.fr\/produit\/case-ih-embrayage-kit-complet-c-100-c-50-cx70-cx85-cx90\/","og_locale":"en_US","og_type":"article","og_title":"Case Ih Embrayage Kit Complet - C 100 C 50 CX70 CX85 CX90 - Edel","og_description":"Case Ih Embrayage Kit - Simple disque AV. Cerametallique 10can. - \u00d8310 - C 100 C 50 C 60 C 70 C 80 C 90 CX100 CX105 CX50 CX60 CX70 CX75 CX80 CX85 CX90 CX95","og_url":"https:\/\/www.edel.fr\/produit\/case-ih-embrayage-kit-complet-c-100-c-50-cx70-cx85-cx90\/","og_site_name":"Edel","article_modified_time":"2025-11-05T20:06:25+00:00","og_image":[{"width":1920,"height":1440,"url":"https:\/\/www.edel.fr\/uploads\/2020\/12\/embr-caseih.jpg","type":"image\/jpeg"}],"twitter_card":"summary_large_image","twitter_misc":{"Est. reading time":"2 minutes"},"schema":{"@context":"https:\/\/schema.org","@graph":[{"@type":"WebPage","@id":"https:\/\/www.edel.fr\/produit\/case-ih-embrayage-kit-complet-c-100-c-50-cx70-cx85-cx90\/","url":"https:\/\/www.edel.fr\/produit\/case-ih-embrayage-kit-complet-c-100-c-50-cx70-cx85-cx90\/","name":"Case Ih Embrayage Kit Complet - C 100 C 50 CX70 CX85 CX90 - Edel","isPartOf":{"@id":"https:\/\/www.edel.fr\/en\/#website"},"primaryImageOfPage":{"@id":"https:\/\/www.edel.fr\/produit\/case-ih-embrayage-kit-complet-c-100-c-50-cx70-cx85-cx90\/#primaryimage"},"image":{"@id":"https:\/\/www.edel.fr\/produit\/case-ih-embrayage-kit-complet-c-100-c-50-cx70-cx85-cx90\/#primaryimage"},"thumbnailUrl":"https:\/\/edel.fr\/uploads\/2020\/12\/embr-caseih.jpg","datePublished":"2020-12-15T13:17:27+00:00","dateModified":"2025-11-05T20:06:25+00:00","description":"Case Ih Embrayage Kit - Simple disque AV. Cerametallique 10can. - \u00d8310 - C 100 C 50 C 60 C 70 C 80 C 90 CX100 CX105 CX50 CX60 CX70 CX75 CX80 CX85 CX90 CX95","breadcrumb":{"@id":"https:\/\/www.edel.fr\/produit\/case-ih-embrayage-kit-complet-c-100-c-50-cx70-cx85-cx90\/#breadcrumb"},"inLanguage":"en-US","potentialAction":[{"@type":"ReadAction","target":["https:\/\/www.edel.fr\/produit\/case-ih-embrayage-kit-complet-c-100-c-50-cx70-cx85-cx90\/"]}]},{"@type":"ImageObject","inLanguage":"en-US","@id":"https:\/\/www.edel.fr\/produit\/case-ih-embrayage-kit-complet-c-100-c-50-cx70-cx85-cx90\/#primaryimage","url":"https:\/\/edel.fr\/uploads\/2020\/12\/embr-caseih.jpg","contentUrl":"https:\/\/edel.fr\/uploads\/2020\/12\/embr-caseih.jpg","width":1920,"height":1440,"caption":"Case Ih Embrayage Kit Complet"},{"@type":"BreadcrumbList","@id":"https:\/\/www.edel.fr\/produit\/case-ih-embrayage-kit-complet-c-100-c-50-cx70-cx85-cx90\/#breadcrumb","itemListElement":[{"@type":"ListItem","position":1,"name":"Pi\u00e8ce Tracteur","item":"https:\/\/www.edel.fr\/en\/"},{"@type":"ListItem","position":2,"name":"Toutes nos pi\u00e8ces Tracteur","item":"https:\/\/edel.fr\/shop\/"},{"@type":"ListItem","position":3,"name":"Case Ih Embrayage Kit Complet &#8211; C 100 C 50 CX70 CX85 CX90"}]},{"@type":"WebSite","@id":"https:\/\/www.edel.fr\/en\/#website","url":"https:\/\/www.edel.fr\/en\/","name":"Edel","description":"Pi\u00e8ce d\u00e9tach\u00e9e de Tracteur Agricole","publisher":{"@id":"https:\/\/www.edel.fr\/en\/#organization"},"potentialAction":[{"@type":"SearchAction","target":{"@type":"EntryPoint","urlTemplate":"https:\/\/www.edel.fr\/en\/?s={search_term_string}"},"query-input":{"@type":"PropertyValueSpecification","valueRequired":true,"valueName":"search_term_string"}}],"inLanguage":"en-US"},{"@type":"Organization","@id":"https:\/\/www.edel.fr\/en\/#organization","name":"Edel","url":"https:\/\/www.edel.fr\/en\/","logo":{"@type":"ImageObject","inLanguage":"en-US","@id":"https:\/\/www.edel.fr\/en\/#\/schema\/logo\/image\/","url":"https:\/\/www.edel.fr\/uploads\/2018\/11\/logo-edel.png","contentUrl":"https:\/\/www.edel.fr\/uploads\/2018\/11\/logo-edel.png","width":257,"height":68,"caption":"Edel"},"image":{"@id":"https:\/\/www.edel.fr\/en\/#\/schema\/logo\/image\/"}}]}},"_links":{"self":[{"href":"https:\/\/edel.fr\/en\/wp-json\/wp\/v2\/product\/9460","targetHints":{"allow":["GET"]}}],"collection":[{"href":"https:\/\/edel.fr\/en\/wp-json\/wp\/v2\/product"}],"about":[{"href":"https:\/\/edel.fr\/en\/wp-json\/wp\/v2\/types\/product"}],"version-history":[{"count":2,"href":"https:\/\/edel.fr\/en\/wp-json\/wp\/v2\/product\/9460\/revisions"}],"predecessor-version":[{"id":18416,"href":"https:\/\/edel.fr\/en\/wp-json\/wp\/v2\/product\/9460\/revisions\/18416"}],"wp:featuredmedia":[{"embeddable":true,"href":"https:\/\/edel.fr\/en\/wp-json\/wp\/v2\/media\/9461"}],"wp:attachment":[{"href":"https:\/\/edel.fr\/en\/wp-json\/wp\/v2\/media?parent=9460"}],"wp:term":[{"taxonomy":"product_brand","embeddable":true,"href":"https:\/\/edel.fr\/en\/wp-json\/wp\/v2\/product_brand?post=9460"},{"taxonomy":"product_cat","embeddable":true,"href":"https:\/\/edel.fr\/en\/wp-json\/wp\/v2\/product_cat?post=9460"},{"taxonomy":"product_tag","embeddable":true,"href":"https:\/\/edel.fr\/en\/wp-json\/wp\/v2\/product_tag?post=9460"},{"taxonomy":"tracteur","embeddable":true,"href":"https:\/\/edel.fr\/en\/wp-json\/wp\/v2\/tracteur?post=9460"}],"curies":[{"name":"wp","href":"https:\/\/api.w.org\/{rel}","templated":true}]}}