{"id":9464,"date":"2020-12-15T14:29:00","date_gmt":"2020-12-15T13:29:00","guid":{"rendered":"https:\/\/www.edel.fr\/?post_type=product&#038;p=9464"},"modified":"2025-11-20T02:00:19","modified_gmt":"2025-11-20T01:00:19","slug":"embrayage-fiat-kit-complet-4030-4230-46-550-640-65-7076-8046","status":"publish","type":"product","link":"https:\/\/edel.fr\/en\/product\/embrayage-fiat-kit-complet-4030-4230-46-550-640-65-7076-8046\/","title":{"rendered":"Kit Embrayage Fiat 280\/280 cera &#8211; Fiat Someca 550 640 4030 4230 7076 8046 Tracteur Agricole"},"content":{"rendered":"<div data-elementor-type=\"wp-post\" data-elementor-id=\"9464\" class=\"elementor elementor-9464\">\n\t\t\t\t\t\t<section class=\"elementor-section elementor-top-section elementor-element elementor-element-3f3b42e elementor-section-boxed elementor-section-height-default elementor-section-height-default\" data-id=\"3f3b42e\" data-element_type=\"section\" data-e-type=\"section\">\n\t\t\t\t\t\t<div class=\"elementor-container elementor-column-gap-default\">\n\t\t\t\t\t<div class=\"elementor-column elementor-col-100 elementor-top-column elementor-element elementor-element-20e8461\" data-id=\"20e8461\" data-element_type=\"column\" data-e-type=\"column\">\n\t\t\t<div class=\"elementor-widget-wrap elementor-element-populated\">\n\t\t\t\t\t\t<div class=\"elementor-element elementor-element-56224e9 elementor-widget elementor-widget-heading\" data-id=\"56224e9\" data-element_type=\"widget\" data-e-type=\"widget\" data-widget_type=\"heading.default\">\n\t\t\t\t<div class=\"elementor-widget-container\">\n\t\t\t\t\t<h2 class=\"elementor-heading-title elementor-size-default\">KIT EMBRAYAGE FIAT - SERIES 40, 60, 400, 500, 600, 4000, 5000, 6000, 7000, 8000<br><br>\u00d8 280 \/ 280 mm \u2013 14 \/ 10 CANNELURES<br><br>DISQUE AVANCEMENT ORGANIQUE<\/h2>\t\t\t\t<\/div>\n\t\t\t\t<\/div>\n\t\t\t\t\t<\/div>\n\t\t<\/div>\n\t\t\t\t\t<\/div>\n\t\t<\/section>\n\t\t\t\t<section class=\"elementor-section elementor-top-section elementor-element elementor-element-1d6eeac elementor-section-boxed elementor-section-height-default elementor-section-height-default\" data-id=\"1d6eeac\" data-element_type=\"section\" data-e-type=\"section\">\n\t\t\t\t\t\t<div class=\"elementor-container elementor-column-gap-default\">\n\t\t\t\t\t<div class=\"elementor-column elementor-col-100 elementor-top-column elementor-element elementor-element-7b5bfde\" data-id=\"7b5bfde\" data-element_type=\"column\" data-e-type=\"column\">\n\t\t\t<div class=\"elementor-widget-wrap elementor-element-populated\">\n\t\t\t\t\t\t<div class=\"elementor-element elementor-element-27cd50f elementor-widget elementor-widget-heading\" data-id=\"27cd50f\" data-element_type=\"widget\" data-e-type=\"widget\" data-widget_type=\"heading.default\">\n\t\t\t\t<div class=\"elementor-widget-container\">\n\t\t\t\t\t<h3 class=\"elementor-heading-title elementor-size-default\">Information du produit :<\/h3>\t\t\t\t<\/div>\n\t\t\t\t<\/div>\n\t\t\t\t\t<\/div>\n\t\t<\/div>\n\t\t\t\t\t<\/div>\n\t\t<\/section>\n\t\t\t\t<section class=\"elementor-section elementor-top-section elementor-element elementor-element-3c363e7e elementor-section-boxed elementor-section-height-default elementor-section-height-default\" data-id=\"3c363e7e\" data-element_type=\"section\" data-e-type=\"section\">\n\t\t\t\t\t\t<div class=\"elementor-container elementor-column-gap-default\">\n\t\t\t\t\t<div class=\"elementor-column elementor-col-100 elementor-top-column elementor-element elementor-element-2eb241db\" data-id=\"2eb241db\" data-element_type=\"column\" data-e-type=\"column\">\n\t\t\t<div class=\"elementor-widget-wrap elementor-element-populated\">\n\t\t\t\t\t\t<div class=\"elementor-element elementor-element-4269bf78 elementor-widget elementor-widget-text-editor\" data-id=\"4269bf78\" data-element_type=\"widget\" data-e-type=\"widget\" data-widget_type=\"text-editor.default\">\n\t\t\t\t<div class=\"elementor-widget-container\">\n\t\t\t\t\t\t\t\t\t<div>\n<p>BUTEE AVANCEMENT : 50 X 90 X 22<\/p>\n<p>BUTEE PRISE DE FORCE : 70 X 110 X 20<\/p>\n<p>Attention, si les cotes de vos anciennes but\u00e9es ne correspondent pas avec celles ci-dessus, merci de nous contacter.<\/p><p>Attention, si vous avez un montage 3 leviers + diaphragme merci de nous contacter.<\/p>\n<\/div>\n<div><br><\/div>\n<div>Fiat &#8211; New Holland : 4030, 4230, 4430, 446, 450, 46, 466, 470, 474, 480, 500, 540, 550, 5546, 5566, 570, 600, 6076, 640, 65, 666, 670, 7076, 8046.<\/div>\n<div><br><\/div>\n<p><br><\/p>\n<p>Le kit d\u2019embrayage tracteur agricole est compos\u00e9 d\u2019un m\u00e9canisme, d\u2019un ou deux disques, d\u2019une ou deux but\u00e9es et du roulement pilote. De plus le kit complet comprend la totalit\u00e9 des pi\u00e8ces \u00e0 changer en atelier. Cependant les pi\u00e8ces de rechange qui le composent sont rigoureusement s\u00e9lectionn\u00e9es pour leur qualit\u00e9 et leur fiabilit\u00e9.&nbsp;<\/p>\n<p>Toutefois choisir de remplacer une pi\u00e8ce au d\u00e9tail peut s\u2019av\u00e9rer \u00eatre moins avantageux que de remplacer un ensemble complet. Nos kits se distinguent par la qualit\u00e9 de nos but\u00e9es d\u2019embrayages et roulements pilotes. Une but\u00e9e adaptable qui grippe conduit irr\u00e9m\u00e9diablement \u00e0 la destruction du m\u00e9canisme.<\/p>\n<p>Car pour le montage d\u2019un kit d\u2019embrayage agricole, les pi\u00e8ces p\u00e9riph\u00e9riques doivent proc\u00e9der \u00e0 un examen minutieux. Notamment, le volant moteur et les diff\u00e9rents joints spi.<\/p>\n<p>En effet, pour le syst\u00e8me de commande, une vigilance particuli\u00e8re est \u00e0 porter au c\u00e2ble, a la tringlerie et au circuit hydraulique. En cas de doute, ces composants doivent absolument \u00eatre remis \u00e0 niveau pour permettre le parfait fonctionnement de l\u2019embrayage.<\/p>\n<p>Bien s\u00fbr, pour plus de renseignements, n&rsquo;h\u00e9sitez pas \u00e0 nous consulter !<\/p>\t\t\t\t\t\t\t\t<\/div>\n\t\t\t\t<\/div>\n\t\t\t\t\t<\/div>\n\t\t<\/div>\n\t\t\t\t\t<\/div>\n\t\t<\/section>\n\t\t\t\t<\/div>","protected":false},"excerpt":{"rendered":"<p>KIT EMBRAYAGE FIAT &#8211; SERIES 40, 60, 400, 500, 600, 4000, 5000, 6000, 7000, 8000 \u00d8 280 \/ 280 mm \u2013 14 \/ 10 CANNELURES DISQUE AVANCEMENT ORGANIQUE Information du produit : BUTEE AVANCEMENT : 50 X 90 X 22 BUTEE PRISE DE FORCE : 70 X 110 X 20 Attention, si les cotes de<br \/><a class=\"more-link\" href=\"https:\/\/edel.fr\/en\/product\/embrayage-fiat-kit-complet-4030-4230-46-550-640-65-7076-8046\/\"><br \/>\n        Read More<span class=\"screen-reader-text\"> \u00ab\u00a0Kit Embrayage Fiat 280\/280 cera &#8211; Fiat Someca 550 640 4030 4230 7076 8046 Tracteur Agricole\u00a0\u00bb<\/span><\/a><\/p>","protected":false},"featured_media":4167,"template":"","meta":[],"product_brand":[],"product_cat":[1141,3956,119,120],"product_tag":[143,124],"tracteur":[],"class_list":{"0":"post-9464","1":"product","2":"type-product","3":"status-publish","4":"has-post-thumbnail","6":"product_cat-kits-dembrayage","7":"product_cat-fiat-new-holland","8":"product_cat-tracteurs-agricoles","9":"product_cat-transmissions","10":"product_tag-kits-dembrayage","11":"product_tag-transmissions","12":"product_shipping_class-142","13":"pa_fabriquant-kawe","14":"pa_marque-tracteur-fiat-new-holland","15":"pa_type-2-2998","16":"pa_type-2-1299","17":"pa_type-2-2167","18":"pa_type-2-1475","19":"pa_type-2-1146","20":"pa_type-2-2996","21":"pa_type-2-1293","22":"pa_type-2-1476","23":"pa_type-2-2997","24":"pa_type-2-1167","25":"pa_type-2-1736","26":"pa_type-2-1622","27":"pa_type-2-1430","28":"pa_type-2-1481","29":"pa_type-2-1483","30":"pa_type-2-1623","31":"pa_type-2-1740","32":"pa_type-2-2999","33":"pa_type-2-1147","34":"pa_type-2-1287","35":"pa_type-2-1624","36":"pa_type-2-1875","37":"pa_type-2-3000","38":"pa_type-2-3001","39":"badges-style-2","41":"first","42":"instock","43":"taxable","44":"shipping-taxable","45":"purchasable","46":"product-type-simple"},"acf":[],"yoast_head":"<!-- This site is optimized with the Yoast SEO plugin v27.3 - https:\/\/yoast.com\/product\/yoast-seo-wordpress\/ -->\n<title>Kit Embrayage Fiat 280\/280 cera - Fiat Someca 550 640 4030 4230 7076 8046 Tracteur Agricole - Edel<\/title>\n<meta name=\"description\" content=\"Embrayage Fiat Kit Complet - M\u00e9canisme double, disque AV. Organique, 2 but\u00e9es et roulement pilote - \u00d8280\/280 - 446 450 470 474 480 500 540 5546 570 600 666\" \/>\n<meta name=\"robots\" content=\"index, follow, max-snippet:-1, max-image-preview:large, max-video-preview:-1\" \/>\n<link rel=\"canonical\" href=\"https:\/\/edel.fr\/en\/product\/embrayage-fiat-kit-complet-4030-4230-46-550-640-65-7076-8046\/\" \/>\n<meta property=\"og:locale\" content=\"en_US\" \/>\n<meta property=\"og:type\" content=\"article\" \/>\n<meta property=\"og:title\" content=\"Kit Embrayage Fiat 280\/280 cera - Fiat Someca 550 640 4030 4230 7076 8046 Tracteur Agricole - Edel\" \/>\n<meta property=\"og:description\" content=\"Embrayage Fiat Kit Complet - M\u00e9canisme double, disque AV. Organique, 2 but\u00e9es et roulement pilote - \u00d8280\/280 - 446 450 470 474 480 500 540 5546 570 600 666\" \/>\n<meta property=\"og:url\" content=\"https:\/\/edel.fr\/en\/product\/embrayage-fiat-kit-complet-4030-4230-46-550-640-65-7076-8046\/\" \/>\n<meta property=\"og:site_name\" content=\"Edel\" \/>\n<meta property=\"article:modified_time\" content=\"2025-11-20T01:00:19+00:00\" \/>\n<meta property=\"og:image\" content=\"https:\/\/edel.fr\/uploads\/2018\/11\/K12.jpg\" \/>\n\t<meta property=\"og:image:width\" content=\"1920\" \/>\n\t<meta property=\"og:image:height\" content=\"1920\" \/>\n\t<meta property=\"og:image:type\" content=\"image\/jpeg\" \/>\n<meta name=\"twitter:card\" content=\"summary_large_image\" \/>\n<meta name=\"twitter:label1\" content=\"Est. reading time\" \/>\n\t<meta name=\"twitter:data1\" content=\"2 minutes\" \/>\n<script type=\"application\/ld+json\" class=\"yoast-schema-graph\">{\"@context\":\"https:\\\/\\\/schema.org\",\"@graph\":[{\"@type\":\"WebPage\",\"@id\":\"https:\\\/\\\/edel.fr\\\/en\\\/product\\\/embrayage-fiat-kit-complet-4030-4230-46-550-640-65-7076-8046\\\/\",\"url\":\"https:\\\/\\\/edel.fr\\\/en\\\/product\\\/embrayage-fiat-kit-complet-4030-4230-46-550-640-65-7076-8046\\\/\",\"name\":\"Kit Embrayage Fiat 280\\\/280 cera - Fiat Someca 550 640 4030 4230 7076 8046 Tracteur Agricole - Edel\",\"isPartOf\":{\"@id\":\"http:\\\/\\\/www.edel.fr\\\/en\\\/#website\"},\"primaryImageOfPage\":{\"@id\":\"https:\\\/\\\/edel.fr\\\/en\\\/product\\\/embrayage-fiat-kit-complet-4030-4230-46-550-640-65-7076-8046\\\/#primaryimage\"},\"image\":{\"@id\":\"https:\\\/\\\/edel.fr\\\/en\\\/product\\\/embrayage-fiat-kit-complet-4030-4230-46-550-640-65-7076-8046\\\/#primaryimage\"},\"thumbnailUrl\":\"https:\\\/\\\/edel.fr\\\/uploads\\\/2018\\\/11\\\/K12.jpg\",\"datePublished\":\"2020-12-15T13:29:00+00:00\",\"dateModified\":\"2025-11-20T01:00:19+00:00\",\"description\":\"Embrayage Fiat Kit Complet - M\u00e9canisme double, disque AV. Organique, 2 but\u00e9es et roulement pilote - \u00d8280\\\/280 - 446 450 470 474 480 500 540 5546 570 600 666\",\"breadcrumb\":{\"@id\":\"https:\\\/\\\/edel.fr\\\/en\\\/product\\\/embrayage-fiat-kit-complet-4030-4230-46-550-640-65-7076-8046\\\/#breadcrumb\"},\"inLanguage\":\"en-US\",\"potentialAction\":[{\"@type\":\"ReadAction\",\"target\":[\"https:\\\/\\\/edel.fr\\\/en\\\/product\\\/embrayage-fiat-kit-complet-4030-4230-46-550-640-65-7076-8046\\\/\"]}]},{\"@type\":\"ImageObject\",\"inLanguage\":\"en-US\",\"@id\":\"https:\\\/\\\/edel.fr\\\/en\\\/product\\\/embrayage-fiat-kit-complet-4030-4230-46-550-640-65-7076-8046\\\/#primaryimage\",\"url\":\"https:\\\/\\\/edel.fr\\\/uploads\\\/2018\\\/11\\\/K12.jpg\",\"contentUrl\":\"https:\\\/\\\/edel.fr\\\/uploads\\\/2018\\\/11\\\/K12.jpg\",\"width\":1920,\"height\":1920,\"caption\":\"Kit Embrayage Fiat Complet - 580 6588 780\\\/6066 8066 8090 8590\"},{\"@type\":\"BreadcrumbList\",\"@id\":\"https:\\\/\\\/edel.fr\\\/en\\\/product\\\/embrayage-fiat-kit-complet-4030-4230-46-550-640-65-7076-8046\\\/#breadcrumb\",\"itemListElement\":[{\"@type\":\"ListItem\",\"position\":1,\"name\":\"Pi\u00e8ce Tracteur\",\"item\":\"http:\\\/\\\/www.edel.fr\\\/en\\\/\"},{\"@type\":\"ListItem\",\"position\":2,\"name\":\"Toutes nos pi\u00e8ces Tracteur\",\"item\":\"https:\\\/\\\/edel.fr\\\/shop\\\/\"},{\"@type\":\"ListItem\",\"position\":3,\"name\":\"Kit Embrayage Fiat 280\\\/280 cera &#8211; Fiat Someca 550 640 4030 4230 7076 8046 Tracteur Agricole\"}]},{\"@type\":\"WebSite\",\"@id\":\"http:\\\/\\\/www.edel.fr\\\/en\\\/#website\",\"url\":\"http:\\\/\\\/www.edel.fr\\\/en\\\/\",\"name\":\"Edel\",\"description\":\"Pi\u00e8ce d\u00e9tach\u00e9e de Tracteur Agricole\",\"publisher\":{\"@id\":\"http:\\\/\\\/www.edel.fr\\\/en\\\/#organization\"},\"potentialAction\":[{\"@type\":\"SearchAction\",\"target\":{\"@type\":\"EntryPoint\",\"urlTemplate\":\"http:\\\/\\\/www.edel.fr\\\/en\\\/?s={search_term_string}\"},\"query-input\":{\"@type\":\"PropertyValueSpecification\",\"valueRequired\":true,\"valueName\":\"search_term_string\"}}],\"inLanguage\":\"en-US\"},{\"@type\":\"Organization\",\"@id\":\"http:\\\/\\\/www.edel.fr\\\/en\\\/#organization\",\"name\":\"Edel\",\"url\":\"http:\\\/\\\/www.edel.fr\\\/en\\\/\",\"logo\":{\"@type\":\"ImageObject\",\"inLanguage\":\"en-US\",\"@id\":\"http:\\\/\\\/www.edel.fr\\\/en\\\/#\\\/schema\\\/logo\\\/image\\\/\",\"url\":\"https:\\\/\\\/www.edel.fr\\\/uploads\\\/2018\\\/11\\\/logo-edel.png\",\"contentUrl\":\"https:\\\/\\\/www.edel.fr\\\/uploads\\\/2018\\\/11\\\/logo-edel.png\",\"width\":257,\"height\":68,\"caption\":\"Edel\"},\"image\":{\"@id\":\"http:\\\/\\\/www.edel.fr\\\/en\\\/#\\\/schema\\\/logo\\\/image\\\/\"}}]}<\/script>\n<!-- \/ Yoast SEO plugin. -->","yoast_head_json":{"title":"Kit Embrayage Fiat 280\/280 cera - Fiat Someca 550 640 4030 4230 7076 8046 Tracteur Agricole - Edel","description":"Embrayage Fiat Kit Complet - M\u00e9canisme double, disque AV. Organique, 2 but\u00e9es et roulement pilote - \u00d8280\/280 - 446 450 470 474 480 500 540 5546 570 600 666","robots":{"index":"index","follow":"follow","max-snippet":"max-snippet:-1","max-image-preview":"max-image-preview:large","max-video-preview":"max-video-preview:-1"},"canonical":"https:\/\/edel.fr\/en\/product\/embrayage-fiat-kit-complet-4030-4230-46-550-640-65-7076-8046\/","og_locale":"en_US","og_type":"article","og_title":"Kit Embrayage Fiat 280\/280 cera - Fiat Someca 550 640 4030 4230 7076 8046 Tracteur Agricole - Edel","og_description":"Embrayage Fiat Kit Complet - M\u00e9canisme double, disque AV. Organique, 2 but\u00e9es et roulement pilote - \u00d8280\/280 - 446 450 470 474 480 500 540 5546 570 600 666","og_url":"https:\/\/edel.fr\/en\/product\/embrayage-fiat-kit-complet-4030-4230-46-550-640-65-7076-8046\/","og_site_name":"Edel","article_modified_time":"2025-11-20T01:00:19+00:00","og_image":[{"width":1920,"height":1920,"url":"https:\/\/edel.fr\/uploads\/2018\/11\/K12.jpg","type":"image\/jpeg"}],"twitter_card":"summary_large_image","twitter_misc":{"Est. reading time":"2 minutes"},"schema":{"@context":"https:\/\/schema.org","@graph":[{"@type":"WebPage","@id":"https:\/\/edel.fr\/en\/product\/embrayage-fiat-kit-complet-4030-4230-46-550-640-65-7076-8046\/","url":"https:\/\/edel.fr\/en\/product\/embrayage-fiat-kit-complet-4030-4230-46-550-640-65-7076-8046\/","name":"Kit Embrayage Fiat 280\/280 cera - Fiat Someca 550 640 4030 4230 7076 8046 Tracteur Agricole - Edel","isPartOf":{"@id":"http:\/\/www.edel.fr\/en\/#website"},"primaryImageOfPage":{"@id":"https:\/\/edel.fr\/en\/product\/embrayage-fiat-kit-complet-4030-4230-46-550-640-65-7076-8046\/#primaryimage"},"image":{"@id":"https:\/\/edel.fr\/en\/product\/embrayage-fiat-kit-complet-4030-4230-46-550-640-65-7076-8046\/#primaryimage"},"thumbnailUrl":"https:\/\/edel.fr\/uploads\/2018\/11\/K12.jpg","datePublished":"2020-12-15T13:29:00+00:00","dateModified":"2025-11-20T01:00:19+00:00","description":"Embrayage Fiat Kit Complet - M\u00e9canisme double, disque AV. Organique, 2 but\u00e9es et roulement pilote - \u00d8280\/280 - 446 450 470 474 480 500 540 5546 570 600 666","breadcrumb":{"@id":"https:\/\/edel.fr\/en\/product\/embrayage-fiat-kit-complet-4030-4230-46-550-640-65-7076-8046\/#breadcrumb"},"inLanguage":"en-US","potentialAction":[{"@type":"ReadAction","target":["https:\/\/edel.fr\/en\/product\/embrayage-fiat-kit-complet-4030-4230-46-550-640-65-7076-8046\/"]}]},{"@type":"ImageObject","inLanguage":"en-US","@id":"https:\/\/edel.fr\/en\/product\/embrayage-fiat-kit-complet-4030-4230-46-550-640-65-7076-8046\/#primaryimage","url":"https:\/\/edel.fr\/uploads\/2018\/11\/K12.jpg","contentUrl":"https:\/\/edel.fr\/uploads\/2018\/11\/K12.jpg","width":1920,"height":1920,"caption":"Kit Embrayage Fiat Complet - 580 6588 780\/6066 8066 8090 8590"},{"@type":"BreadcrumbList","@id":"https:\/\/edel.fr\/en\/product\/embrayage-fiat-kit-complet-4030-4230-46-550-640-65-7076-8046\/#breadcrumb","itemListElement":[{"@type":"ListItem","position":1,"name":"Pi\u00e8ce Tracteur","item":"http:\/\/www.edel.fr\/en\/"},{"@type":"ListItem","position":2,"name":"Toutes nos pi\u00e8ces Tracteur","item":"https:\/\/edel.fr\/shop\/"},{"@type":"ListItem","position":3,"name":"Kit Embrayage Fiat 280\/280 cera &#8211; Fiat Someca 550 640 4030 4230 7076 8046 Tracteur Agricole"}]},{"@type":"WebSite","@id":"http:\/\/www.edel.fr\/en\/#website","url":"http:\/\/www.edel.fr\/en\/","name":"Edel","description":"Pi\u00e8ce d\u00e9tach\u00e9e de Tracteur Agricole","publisher":{"@id":"http:\/\/www.edel.fr\/en\/#organization"},"potentialAction":[{"@type":"SearchAction","target":{"@type":"EntryPoint","urlTemplate":"http:\/\/www.edel.fr\/en\/?s={search_term_string}"},"query-input":{"@type":"PropertyValueSpecification","valueRequired":true,"valueName":"search_term_string"}}],"inLanguage":"en-US"},{"@type":"Organization","@id":"http:\/\/www.edel.fr\/en\/#organization","name":"Edel","url":"http:\/\/www.edel.fr\/en\/","logo":{"@type":"ImageObject","inLanguage":"en-US","@id":"http:\/\/www.edel.fr\/en\/#\/schema\/logo\/image\/","url":"https:\/\/www.edel.fr\/uploads\/2018\/11\/logo-edel.png","contentUrl":"https:\/\/www.edel.fr\/uploads\/2018\/11\/logo-edel.png","width":257,"height":68,"caption":"Edel"},"image":{"@id":"http:\/\/www.edel.fr\/en\/#\/schema\/logo\/image\/"}}]}},"_links":{"self":[{"href":"https:\/\/edel.fr\/en\/wp-json\/wp\/v2\/product\/9464","targetHints":{"allow":["GET"]}}],"collection":[{"href":"https:\/\/edel.fr\/en\/wp-json\/wp\/v2\/product"}],"about":[{"href":"https:\/\/edel.fr\/en\/wp-json\/wp\/v2\/types\/product"}],"version-history":[{"count":2,"href":"https:\/\/edel.fr\/en\/wp-json\/wp\/v2\/product\/9464\/revisions"}],"predecessor-version":[{"id":19150,"href":"https:\/\/edel.fr\/en\/wp-json\/wp\/v2\/product\/9464\/revisions\/19150"}],"wp:featuredmedia":[{"embeddable":true,"href":"https:\/\/edel.fr\/en\/wp-json\/wp\/v2\/media\/4167"}],"wp:attachment":[{"href":"https:\/\/edel.fr\/en\/wp-json\/wp\/v2\/media?parent=9464"}],"wp:term":[{"taxonomy":"product_brand","embeddable":true,"href":"https:\/\/edel.fr\/en\/wp-json\/wp\/v2\/product_brand?post=9464"},{"taxonomy":"product_cat","embeddable":true,"href":"https:\/\/edel.fr\/en\/wp-json\/wp\/v2\/product_cat?post=9464"},{"taxonomy":"product_tag","embeddable":true,"href":"https:\/\/edel.fr\/en\/wp-json\/wp\/v2\/product_tag?post=9464"},{"taxonomy":"tracteur","embeddable":true,"href":"https:\/\/edel.fr\/en\/wp-json\/wp\/v2\/tracteur?post=9464"}],"curies":[{"name":"wp","href":"https:\/\/api.w.org\/{rel}","templated":true}]}}