{"id":9470,"date":"2020-12-15T14:59:59","date_gmt":"2020-12-15T13:59:59","guid":{"rendered":"https:\/\/www.edel.fr\/?post_type=product&#038;p=9470"},"modified":"2026-03-27T02:00:55","modified_gmt":"2026-03-27T01:00:55","slug":"kit-embrayage-fiat-complet-valeo-10090-11090-880-5-9090-980","status":"publish","type":"product","link":"https:\/\/edel.fr\/en\/product\/kit-embrayage-fiat-complet-valeo-10090-11090-880-5-9090-980\/","title":{"rendered":"Kit Embrayage Fiat Complet &#8211; Valeo | 10090 11090 880\/5 9090 980"},"content":{"rendered":"<div data-elementor-type=\"wp-post\" data-elementor-id=\"9470\" class=\"elementor elementor-9470\">\n\t\t\t\t\t\t<section class=\"elementor-section elementor-top-section elementor-element elementor-element-98b8157 elementor-section-boxed elementor-section-height-default elementor-section-height-default\" data-id=\"98b8157\" data-element_type=\"section\" data-e-type=\"section\">\n\t\t\t\t\t\t<div class=\"elementor-container elementor-column-gap-default\">\n\t\t\t\t\t<div class=\"elementor-column elementor-col-100 elementor-top-column elementor-element elementor-element-672a079\" data-id=\"672a079\" data-element_type=\"column\" data-e-type=\"column\">\n\t\t\t<div class=\"elementor-widget-wrap elementor-element-populated\">\n\t\t\t\t\t\t<div class=\"elementor-element elementor-element-addb4f5 elementor-widget elementor-widget-heading\" data-id=\"addb4f5\" data-element_type=\"widget\" data-e-type=\"widget\" data-widget_type=\"heading.default\">\n\t\t\t\t<div class=\"elementor-widget-container\">\n\t\t\t\t\t<h2 class=\"elementor-heading-title elementor-size-default\">KIT COMPLET M\u00c9CANISME DOUBLE, DISQUE AV. C\u00c9RAM\u00c9TALLIQUE, BUT\u00c9E ET ROULEMENT PILOTE <br>\u00d8 310\/310&nbsp;MM - 16 \/ 10 cannelures <br><br>kit embrayage origine valeo<\/h2>\t\t\t\t<\/div>\n\t\t\t\t<\/div>\n\t\t\t\t\t<\/div>\n\t\t<\/div>\n\t\t\t\t\t<\/div>\n\t\t<\/section>\n\t\t\t\t<section class=\"elementor-section elementor-top-section elementor-element elementor-element-8c72cee elementor-section-boxed elementor-section-height-default elementor-section-height-default\" data-id=\"8c72cee\" data-element_type=\"section\" data-e-type=\"section\">\n\t\t\t\t\t\t<div class=\"elementor-container elementor-column-gap-default\">\n\t\t\t\t\t<div class=\"elementor-column elementor-col-100 elementor-top-column elementor-element elementor-element-6af99c5\" data-id=\"6af99c5\" data-element_type=\"column\" data-e-type=\"column\">\n\t\t\t<div class=\"elementor-widget-wrap elementor-element-populated\">\n\t\t\t\t\t\t<div class=\"elementor-element elementor-element-1f932b5 elementor-widget elementor-widget-heading\" data-id=\"1f932b5\" data-element_type=\"widget\" data-e-type=\"widget\" data-widget_type=\"heading.default\">\n\t\t\t\t<div class=\"elementor-widget-container\">\n\t\t\t\t\t<h3 class=\"elementor-heading-title elementor-size-default\">Information du produit :<\/h3>\t\t\t\t<\/div>\n\t\t\t\t<\/div>\n\t\t\t\t\t<\/div>\n\t\t<\/div>\n\t\t\t\t\t<\/div>\n\t\t<\/section>\n\t\t\t\t<section class=\"elementor-section elementor-top-section elementor-element elementor-element-3c363e7e elementor-section-boxed elementor-section-height-default elementor-section-height-default\" data-id=\"3c363e7e\" data-element_type=\"section\" data-e-type=\"section\">\n\t\t\t\t\t\t<div class=\"elementor-container elementor-column-gap-default\">\n\t\t\t\t\t<div class=\"elementor-column elementor-col-100 elementor-top-column elementor-element elementor-element-2eb241db\" data-id=\"2eb241db\" data-element_type=\"column\" data-e-type=\"column\">\n\t\t\t<div class=\"elementor-widget-wrap elementor-element-populated\">\n\t\t\t\t\t\t<div class=\"elementor-element elementor-element-4269bf78 elementor-widget elementor-widget-text-editor\" data-id=\"4269bf78\" data-element_type=\"widget\" data-e-type=\"widget\" data-widget_type=\"text-editor.default\">\n\t\t\t\t<div class=\"elementor-widget-container\">\n\t\t\t\t\t\t\t\t\t<div>Fiat &#8211; New Holland : 10090, 11090, 880\/5, 9090, 980<span>.<\/span><\/div><div><p><strong><strong><span style=\"color: #fdb819\">Pour montage avec m\u00e9canisme marque Valeo &#8211;<\/span> (Attention : ne se monte pas en remplacement de m\u00e9canisme LuK).<\/strong><\/strong><\/p><p><strong><strong>\u00a0<\/strong><\/strong>N\u2019oubliez pas le roulement pilote <a href=\"https:\/\/edel.fr\/en\/roulement-pilote-fag-6304-2rs-20-x-52-x-15-tracteur-agricole\/\" target=\"_blank\" rel=\"noopener\">RP 17<\/a> ou bien le <a href=\"https:\/\/edel.fr\/en\/roulement-pilote-fag-6204-2rsr-20-x-47-x-14-tracteur-agricole\/\" target=\"_blank\" rel=\"noopener\">RP 14<\/a>, suivant votre montage.<\/p><\/div><p>Le kit d\u2019embrayage tracteur agricole est compos\u00e9 d\u2019un m\u00e9canisme, d\u2019un ou deux disques, d\u2019une ou deux but\u00e9es et du roulement pilote. De plus le kit complet comprend la totalit\u00e9 des pi\u00e8ces \u00e0 changer en atelier. Cependant les pi\u00e8ces de rechange qui le composent sont rigoureusement s\u00e9lectionn\u00e9es pour leur qualit\u00e9 et leur fiabilit\u00e9.<\/p><p>Toutefois choisir de remplacer une pi\u00e8ce au d\u00e9tail peut s\u2019av\u00e9rer \u00eatre moins avantageux que de remplacer un ensemble complet. Nos kits se distinguent par la qualit\u00e9 de nos but\u00e9es d\u2019embrayages et roulements pilotes. Une but\u00e9e adaptable qui grippe conduit irr\u00e9m\u00e9diablement \u00e0 la destruction du m\u00e9canisme.<\/p><p>Car pour le montage d\u2019un kit d\u2019embrayage agricole, les pi\u00e8ces p\u00e9riph\u00e9riques doivent proc\u00e9der \u00e0 un examen minutieux. Notamment, le volant moteur et les diff\u00e9rents joints spi.<\/p><p>En effet, pour le syst\u00e8me de commande, une vigilance particuli\u00e8re est \u00e0 porter au c\u00e2ble, a la tringlerie et au circuit hydraulique. En cas de doute, ces composants doivent absolument \u00eatre remis \u00e0 niveau pour permettre le parfait fonctionnement de l\u2019embrayage.<\/p><p>Bien s\u00fbr, pour plus de renseignements, n&rsquo;h\u00e9sitez pas \u00e0 nous consulter !<\/p>\t\t\t\t\t\t\t\t<\/div>\n\t\t\t\t<\/div>\n\t\t\t\t\t<\/div>\n\t\t<\/div>\n\t\t\t\t\t<\/div>\n\t\t<\/section>\n\t\t\t\t<\/div>","protected":false},"excerpt":{"rendered":"<p>KIT COMPLET M\u00c9CANISME DOUBLE, DISQUE AV. C\u00c9RAM\u00c9TALLIQUE, BUT\u00c9E ET ROULEMENT PILOTE \u00d8 310\/310\u00a0MM &#8211; 16 \/ 10 cannelures kit embrayage origine valeo Information du produit : Fiat &#8211; New Holland : 10090, 11090, 880\/5, 9090, 980. Pour montage avec m\u00e9canisme marque Valeo &#8211; (Attention : ne se monte pas en remplacement de m\u00e9canisme LuK). \u00a0N\u2019oubliez<br \/><a class=\"more-link\" href=\"https:\/\/edel.fr\/en\/product\/kit-embrayage-fiat-complet-valeo-10090-11090-880-5-9090-980\/\"><br \/>\n        Read More<span class=\"screen-reader-text\"> \u00ab\u00a0Kit Embrayage Fiat Complet &#8211; Valeo | 10090 11090 880\/5 9090 980\u00a0\u00bb<\/span><\/a><\/p>","protected":false},"featured_media":9471,"template":"","meta":[],"product_brand":[],"product_cat":[1141,3956,119,120],"product_tag":[143,124],"tracteur":[],"class_list":{"0":"post-9470","1":"product","2":"type-product","3":"status-publish","4":"has-post-thumbnail","6":"product_cat-kits-dembrayage","7":"product_cat-fiat-new-holland","8":"product_cat-tracteurs-agricoles","9":"product_cat-transmissions","10":"product_tag-kits-dembrayage","11":"product_tag-transmissions","12":"product_shipping_class-142","13":"pa_fabriquant-valeo","14":"pa_marque-tracteur-fiat-new-holland","15":"pa_type-2-1504","16":"pa_type-2-1948","17":"pa_type-2-880-5-2","18":"pa_type-2-1503","19":"pa_type-2-1174","20":"badges-style-2","22":"first","23":"instock","24":"taxable","25":"shipping-taxable","26":"purchasable","27":"product-type-simple"},"acf":[],"yoast_head":"<!-- This site is optimized with the Yoast SEO plugin v27.3 - https:\/\/yoast.com\/product\/yoast-seo-wordpress\/ -->\n<title>Kit Embrayage Fiat Complet - Valeo | 10090 11090 880\/5 9090 980 - Edel<\/title>\n<meta name=\"description\" content=\"Kit Embrayage Fiat Complet - Valeo - Disque AV. Organique, but\u00e9e et roulement pilote - \u00d8310\/310 - 10090 11090 880\/5 9090 980 - Montage Valeo\" \/>\n<meta name=\"robots\" content=\"index, follow, max-snippet:-1, max-image-preview:large, max-video-preview:-1\" \/>\n<link rel=\"canonical\" href=\"http:\/\/www.edel.fr\/produit\/kit-embrayage-fiat-complet-valeo-10090-11090-880-5-9090-980\/\" \/>\n<meta property=\"og:locale\" content=\"en_US\" \/>\n<meta property=\"og:type\" content=\"article\" \/>\n<meta property=\"og:title\" content=\"Kit Embrayage Fiat Complet - Valeo | 10090 11090 880\/5 9090 980 - Edel\" \/>\n<meta property=\"og:description\" content=\"Kit Embrayage Fiat Complet - Valeo - Disque AV. Organique, but\u00e9e et roulement pilote - \u00d8310\/310 - 10090 11090 880\/5 9090 980 - Montage Valeo\" \/>\n<meta property=\"og:url\" content=\"http:\/\/www.edel.fr\/produit\/kit-embrayage-fiat-complet-valeo-10090-11090-880-5-9090-980\/\" \/>\n<meta property=\"og:site_name\" content=\"Edel\" \/>\n<meta property=\"article:modified_time\" content=\"2026-03-27T01:00:55+00:00\" \/>\n<meta property=\"og:image\" content=\"http:\/\/www.edel.fr\/uploads\/2020\/12\/embr-fiat-6930.jpg\" \/>\n\t<meta property=\"og:image:width\" content=\"1920\" \/>\n\t<meta property=\"og:image:height\" content=\"1440\" \/>\n\t<meta property=\"og:image:type\" content=\"image\/jpeg\" \/>\n<meta name=\"twitter:card\" content=\"summary_large_image\" \/>\n<meta name=\"twitter:label1\" content=\"Est. reading time\" \/>\n\t<meta name=\"twitter:data1\" content=\"2 minutes\" \/>\n<script type=\"application\/ld+json\" class=\"yoast-schema-graph\">{\"@context\":\"https:\\\/\\\/schema.org\",\"@graph\":[{\"@type\":\"WebPage\",\"@id\":\"http:\\\/\\\/www.edel.fr\\\/produit\\\/kit-embrayage-fiat-complet-valeo-10090-11090-880-5-9090-980\\\/\",\"url\":\"http:\\\/\\\/www.edel.fr\\\/produit\\\/kit-embrayage-fiat-complet-valeo-10090-11090-880-5-9090-980\\\/\",\"name\":\"Kit Embrayage Fiat Complet - Valeo | 10090 11090 880\\\/5 9090 980 - Edel\",\"isPartOf\":{\"@id\":\"http:\\\/\\\/www.edel.fr\\\/en\\\/#website\"},\"primaryImageOfPage\":{\"@id\":\"http:\\\/\\\/www.edel.fr\\\/produit\\\/kit-embrayage-fiat-complet-valeo-10090-11090-880-5-9090-980\\\/#primaryimage\"},\"image\":{\"@id\":\"http:\\\/\\\/www.edel.fr\\\/produit\\\/kit-embrayage-fiat-complet-valeo-10090-11090-880-5-9090-980\\\/#primaryimage\"},\"thumbnailUrl\":\"https:\\\/\\\/edel.fr\\\/uploads\\\/2020\\\/12\\\/embr-fiat-6930.jpg\",\"datePublished\":\"2020-12-15T13:59:59+00:00\",\"dateModified\":\"2026-03-27T01:00:55+00:00\",\"description\":\"Kit Embrayage Fiat Complet - Valeo - Disque AV. Organique, but\u00e9e et roulement pilote - \u00d8310\\\/310 - 10090 11090 880\\\/5 9090 980 - Montage Valeo\",\"breadcrumb\":{\"@id\":\"http:\\\/\\\/www.edel.fr\\\/produit\\\/kit-embrayage-fiat-complet-valeo-10090-11090-880-5-9090-980\\\/#breadcrumb\"},\"inLanguage\":\"en-US\",\"potentialAction\":[{\"@type\":\"ReadAction\",\"target\":[\"http:\\\/\\\/www.edel.fr\\\/produit\\\/kit-embrayage-fiat-complet-valeo-10090-11090-880-5-9090-980\\\/\"]}]},{\"@type\":\"ImageObject\",\"inLanguage\":\"en-US\",\"@id\":\"http:\\\/\\\/www.edel.fr\\\/produit\\\/kit-embrayage-fiat-complet-valeo-10090-11090-880-5-9090-980\\\/#primaryimage\",\"url\":\"https:\\\/\\\/edel.fr\\\/uploads\\\/2020\\\/12\\\/embr-fiat-6930.jpg\",\"contentUrl\":\"https:\\\/\\\/edel.fr\\\/uploads\\\/2020\\\/12\\\/embr-fiat-6930.jpg\",\"width\":1920,\"height\":1440,\"caption\":\"Kit Embrayage Fiat Complet -\"},{\"@type\":\"BreadcrumbList\",\"@id\":\"http:\\\/\\\/www.edel.fr\\\/produit\\\/kit-embrayage-fiat-complet-valeo-10090-11090-880-5-9090-980\\\/#breadcrumb\",\"itemListElement\":[{\"@type\":\"ListItem\",\"position\":1,\"name\":\"Pi\u00e8ce Tracteur\",\"item\":\"http:\\\/\\\/www.edel.fr\\\/en\\\/\"},{\"@type\":\"ListItem\",\"position\":2,\"name\":\"Toutes nos pi\u00e8ces Tracteur\",\"item\":\"https:\\\/\\\/edel.fr\\\/shop\\\/\"},{\"@type\":\"ListItem\",\"position\":3,\"name\":\"Kit Embrayage Fiat Complet &#8211; Valeo | 10090 11090 880\\\/5 9090 980\"}]},{\"@type\":\"WebSite\",\"@id\":\"http:\\\/\\\/www.edel.fr\\\/en\\\/#website\",\"url\":\"http:\\\/\\\/www.edel.fr\\\/en\\\/\",\"name\":\"Edel\",\"description\":\"Pi\u00e8ce d\u00e9tach\u00e9e de Tracteur Agricole\",\"publisher\":{\"@id\":\"http:\\\/\\\/www.edel.fr\\\/en\\\/#organization\"},\"potentialAction\":[{\"@type\":\"SearchAction\",\"target\":{\"@type\":\"EntryPoint\",\"urlTemplate\":\"http:\\\/\\\/www.edel.fr\\\/en\\\/?s={search_term_string}\"},\"query-input\":{\"@type\":\"PropertyValueSpecification\",\"valueRequired\":true,\"valueName\":\"search_term_string\"}}],\"inLanguage\":\"en-US\"},{\"@type\":\"Organization\",\"@id\":\"http:\\\/\\\/www.edel.fr\\\/en\\\/#organization\",\"name\":\"Edel\",\"url\":\"http:\\\/\\\/www.edel.fr\\\/en\\\/\",\"logo\":{\"@type\":\"ImageObject\",\"inLanguage\":\"en-US\",\"@id\":\"http:\\\/\\\/www.edel.fr\\\/en\\\/#\\\/schema\\\/logo\\\/image\\\/\",\"url\":\"https:\\\/\\\/www.edel.fr\\\/uploads\\\/2018\\\/11\\\/logo-edel.png\",\"contentUrl\":\"https:\\\/\\\/www.edel.fr\\\/uploads\\\/2018\\\/11\\\/logo-edel.png\",\"width\":257,\"height\":68,\"caption\":\"Edel\"},\"image\":{\"@id\":\"http:\\\/\\\/www.edel.fr\\\/en\\\/#\\\/schema\\\/logo\\\/image\\\/\"}}]}<\/script>\n<!-- \/ Yoast SEO plugin. -->","yoast_head_json":{"title":"Kit Embrayage Fiat Complet - Valeo | 10090 11090 880\/5 9090 980 - Edel","description":"Kit Embrayage Fiat Complet - Valeo - Disque AV. Organique, but\u00e9e et roulement pilote - \u00d8310\/310 - 10090 11090 880\/5 9090 980 - Montage Valeo","robots":{"index":"index","follow":"follow","max-snippet":"max-snippet:-1","max-image-preview":"max-image-preview:large","max-video-preview":"max-video-preview:-1"},"canonical":"http:\/\/www.edel.fr\/produit\/kit-embrayage-fiat-complet-valeo-10090-11090-880-5-9090-980\/","og_locale":"en_US","og_type":"article","og_title":"Kit Embrayage Fiat Complet - Valeo | 10090 11090 880\/5 9090 980 - Edel","og_description":"Kit Embrayage Fiat Complet - Valeo - Disque AV. Organique, but\u00e9e et roulement pilote - \u00d8310\/310 - 10090 11090 880\/5 9090 980 - Montage Valeo","og_url":"http:\/\/www.edel.fr\/produit\/kit-embrayage-fiat-complet-valeo-10090-11090-880-5-9090-980\/","og_site_name":"Edel","article_modified_time":"2026-03-27T01:00:55+00:00","og_image":[{"width":1920,"height":1440,"url":"http:\/\/www.edel.fr\/uploads\/2020\/12\/embr-fiat-6930.jpg","type":"image\/jpeg"}],"twitter_card":"summary_large_image","twitter_misc":{"Est. reading time":"2 minutes"},"schema":{"@context":"https:\/\/schema.org","@graph":[{"@type":"WebPage","@id":"http:\/\/www.edel.fr\/produit\/kit-embrayage-fiat-complet-valeo-10090-11090-880-5-9090-980\/","url":"http:\/\/www.edel.fr\/produit\/kit-embrayage-fiat-complet-valeo-10090-11090-880-5-9090-980\/","name":"Kit Embrayage Fiat Complet - Valeo | 10090 11090 880\/5 9090 980 - Edel","isPartOf":{"@id":"http:\/\/www.edel.fr\/en\/#website"},"primaryImageOfPage":{"@id":"http:\/\/www.edel.fr\/produit\/kit-embrayage-fiat-complet-valeo-10090-11090-880-5-9090-980\/#primaryimage"},"image":{"@id":"http:\/\/www.edel.fr\/produit\/kit-embrayage-fiat-complet-valeo-10090-11090-880-5-9090-980\/#primaryimage"},"thumbnailUrl":"https:\/\/edel.fr\/uploads\/2020\/12\/embr-fiat-6930.jpg","datePublished":"2020-12-15T13:59:59+00:00","dateModified":"2026-03-27T01:00:55+00:00","description":"Kit Embrayage Fiat Complet - Valeo - Disque AV. Organique, but\u00e9e et roulement pilote - \u00d8310\/310 - 10090 11090 880\/5 9090 980 - Montage Valeo","breadcrumb":{"@id":"http:\/\/www.edel.fr\/produit\/kit-embrayage-fiat-complet-valeo-10090-11090-880-5-9090-980\/#breadcrumb"},"inLanguage":"en-US","potentialAction":[{"@type":"ReadAction","target":["http:\/\/www.edel.fr\/produit\/kit-embrayage-fiat-complet-valeo-10090-11090-880-5-9090-980\/"]}]},{"@type":"ImageObject","inLanguage":"en-US","@id":"http:\/\/www.edel.fr\/produit\/kit-embrayage-fiat-complet-valeo-10090-11090-880-5-9090-980\/#primaryimage","url":"https:\/\/edel.fr\/uploads\/2020\/12\/embr-fiat-6930.jpg","contentUrl":"https:\/\/edel.fr\/uploads\/2020\/12\/embr-fiat-6930.jpg","width":1920,"height":1440,"caption":"Kit Embrayage Fiat Complet -"},{"@type":"BreadcrumbList","@id":"http:\/\/www.edel.fr\/produit\/kit-embrayage-fiat-complet-valeo-10090-11090-880-5-9090-980\/#breadcrumb","itemListElement":[{"@type":"ListItem","position":1,"name":"Pi\u00e8ce Tracteur","item":"http:\/\/www.edel.fr\/en\/"},{"@type":"ListItem","position":2,"name":"Toutes nos pi\u00e8ces Tracteur","item":"https:\/\/edel.fr\/shop\/"},{"@type":"ListItem","position":3,"name":"Kit Embrayage Fiat Complet &#8211; Valeo | 10090 11090 880\/5 9090 980"}]},{"@type":"WebSite","@id":"http:\/\/www.edel.fr\/en\/#website","url":"http:\/\/www.edel.fr\/en\/","name":"Edel","description":"Pi\u00e8ce d\u00e9tach\u00e9e de Tracteur Agricole","publisher":{"@id":"http:\/\/www.edel.fr\/en\/#organization"},"potentialAction":[{"@type":"SearchAction","target":{"@type":"EntryPoint","urlTemplate":"http:\/\/www.edel.fr\/en\/?s={search_term_string}"},"query-input":{"@type":"PropertyValueSpecification","valueRequired":true,"valueName":"search_term_string"}}],"inLanguage":"en-US"},{"@type":"Organization","@id":"http:\/\/www.edel.fr\/en\/#organization","name":"Edel","url":"http:\/\/www.edel.fr\/en\/","logo":{"@type":"ImageObject","inLanguage":"en-US","@id":"http:\/\/www.edel.fr\/en\/#\/schema\/logo\/image\/","url":"https:\/\/www.edel.fr\/uploads\/2018\/11\/logo-edel.png","contentUrl":"https:\/\/www.edel.fr\/uploads\/2018\/11\/logo-edel.png","width":257,"height":68,"caption":"Edel"},"image":{"@id":"http:\/\/www.edel.fr\/en\/#\/schema\/logo\/image\/"}}]}},"_links":{"self":[{"href":"https:\/\/edel.fr\/en\/wp-json\/wp\/v2\/product\/9470","targetHints":{"allow":["GET"]}}],"collection":[{"href":"https:\/\/edel.fr\/en\/wp-json\/wp\/v2\/product"}],"about":[{"href":"https:\/\/edel.fr\/en\/wp-json\/wp\/v2\/types\/product"}],"version-history":[{"count":2,"href":"https:\/\/edel.fr\/en\/wp-json\/wp\/v2\/product\/9470\/revisions"}],"predecessor-version":[{"id":18235,"href":"https:\/\/edel.fr\/en\/wp-json\/wp\/v2\/product\/9470\/revisions\/18235"}],"wp:featuredmedia":[{"embeddable":true,"href":"https:\/\/edel.fr\/en\/wp-json\/wp\/v2\/media\/9471"}],"wp:attachment":[{"href":"https:\/\/edel.fr\/en\/wp-json\/wp\/v2\/media?parent=9470"}],"wp:term":[{"taxonomy":"product_brand","embeddable":true,"href":"https:\/\/edel.fr\/en\/wp-json\/wp\/v2\/product_brand?post=9470"},{"taxonomy":"product_cat","embeddable":true,"href":"https:\/\/edel.fr\/en\/wp-json\/wp\/v2\/product_cat?post=9470"},{"taxonomy":"product_tag","embeddable":true,"href":"https:\/\/edel.fr\/en\/wp-json\/wp\/v2\/product_tag?post=9470"},{"taxonomy":"tracteur","embeddable":true,"href":"https:\/\/edel.fr\/en\/wp-json\/wp\/v2\/tracteur?post=9470"}],"curies":[{"name":"wp","href":"https:\/\/api.w.org\/{rel}","templated":true}]}}