{"id":9473,"date":"2020-12-15T15:08:51","date_gmt":"2020-12-15T14:08:51","guid":{"rendered":"https:\/\/www.edel.fr\/?post_type=product&#038;p=9473"},"modified":"2025-11-05T21:07:19","modified_gmt":"2025-11-05T20:07:19","slug":"embrayage-tracteur-fiat-kit-complet-4030-40420-jx1070-tn55","status":"publish","type":"product","link":"https:\/\/edel.fr\/en\/product\/embrayage-tracteur-fiat-kit-complet-4030-40420-jx1070-tn55\/","title":{"rendered":"Kit Embrayage Fiat 4030 40420 JX1070 TN55 TN 65 TN75V Tracteur Agricole"},"content":{"rendered":"<div data-elementor-type=\"wp-post\" data-elementor-id=\"9473\" class=\"elementor elementor-9473\">\n\t\t\t\t\t\t<section class=\"elementor-section elementor-top-section elementor-element elementor-element-3c363e7e elementor-section-boxed elementor-section-height-default elementor-section-height-default\" data-id=\"3c363e7e\" data-element_type=\"section\" data-e-type=\"section\">\n\t\t\t\t\t\t<div class=\"elementor-container elementor-column-gap-default\">\n\t\t\t\t\t<div class=\"elementor-column elementor-col-100 elementor-top-column elementor-element elementor-element-2eb241db\" data-id=\"2eb241db\" data-element_type=\"column\" data-e-type=\"column\">\n\t\t\t<div class=\"elementor-widget-wrap elementor-element-populated\">\n\t\t\t\t\t\t<div class=\"elementor-element elementor-element-4269bf78 elementor-widget elementor-widget-text-editor\" data-id=\"4269bf78\" data-element_type=\"widget\" data-e-type=\"widget\" data-widget_type=\"text-editor.default\">\n\t\t\t\t<div class=\"elementor-widget-container\">\n\t\t\t\t\t\t\t\t\t<h4>KIT EMBRAYAGE COMPLET\u00a0<\/h4><h4>M\u00c9CANISME DOUBLE\u00a0 \u00d8280\/280\u00a0<\/h4><h4>DISQUE D&rsquo;AVANCEMENT C\u00c9RAM\u00c9TALLIQUE<\/h4><h4>2 BUT\u00c9ES ET ROULEMENT PILOTE\u00a0<\/h4><div>\u00a0<\/div><div>Fiat &#8211; New Holland : 4030, 4040, 40420, 4050, JX1070, JX1075 V, JX7075, TCE, TL 90, TN 68S, TN 95NA, TN55, TN60D, TN65, TN70, TN75F, TN80F, TN85, TN90F, TNF85, TNF95, TNM 75, TNV 65<span style=\"background-color: #ffffff\">.<\/span><\/div><div>\u00a0<\/div><p>Le kit d\u2019embrayage tracteur agricole est compos\u00e9 d\u2019un m\u00e9canisme, d\u2019un ou deux disques, d\u2019une ou deux but\u00e9es et du roulement pilote. De plus le kit complet comprend la totalit\u00e9 des pi\u00e8ces \u00e0 changer en atelier. Cependant les pi\u00e8ces de rechange qui le composent sont rigoureusement s\u00e9lectionn\u00e9es pour leur qualit\u00e9 et leur fiabilit\u00e9.\u00a0<\/p><p>Toutefois choisir de remplacer une pi\u00e8ce au d\u00e9tail peut s\u2019av\u00e9rer \u00eatre moins avantageux que de remplacer un ensemble complet. Nos kits se distinguent par la qualit\u00e9 de nos but\u00e9es d\u2019embrayages et roulements pilotes. Une but\u00e9e adaptable qui grippe conduit irr\u00e9m\u00e9diablement \u00e0 la destruction du m\u00e9canisme.<\/p><p>Car pour le montage d\u2019un kit d\u2019embrayage agricole, les pi\u00e8ces p\u00e9riph\u00e9riques doivent proc\u00e9der \u00e0 un examen minutieux. Notamment, le volant moteur et les diff\u00e9rents joints spi.<\/p><p>En effet, pour le syst\u00e8me de commande, une vigilance particuli\u00e8re est \u00e0 porter au c\u00e2ble, a la tringlerie et au circuit hydraulique. En cas de doute, ces composants doivent absolument \u00eatre remis \u00e0 niveau pour permettre le parfait fonctionnement de l\u2019embrayage.<\/p><p>Bien s\u00fbr, pour plus de renseignements, n&rsquo;h\u00e9sitez pas \u00e0 nous consulter !<\/p>\t\t\t\t\t\t\t\t<\/div>\n\t\t\t\t<\/div>\n\t\t\t\t\t<\/div>\n\t\t<\/div>\n\t\t\t\t\t<\/div>\n\t\t<\/section>\n\t\t\t\t<\/div>","protected":false},"excerpt":{"rendered":"<p>KIT EMBRAYAGE COMPLET M\u00c9CANISME DOUBLE\u00a0 \u00d8280\/280 DISQUE D&rsquo;AVANCEMENT C\u00c9RAM\u00c9TALLIQUE 2 BUT\u00c9ES ET ROULEMENT PILOTE Fiat &#8211; New Holland : 4030, 4040, 40420, 4050, JX1070, JX1075 V, JX7075, TCE, TL 90, TN 68S, TN 95NA, TN55, TN60D, TN65, TN70, TN75F, TN80F, TN85, TN90F, TNF85, TNF95, TNM 75, TNV 65. Le kit d\u2019embrayage tracteur agricole est compos\u00e9<br \/><a class=\"more-link\" href=\"https:\/\/edel.fr\/en\/product\/embrayage-tracteur-fiat-kit-complet-4030-40420-jx1070-tn55\/\"><br \/>\n        Read More<span class=\"screen-reader-text\"> \u00ab\u00a0Kit Embrayage Fiat 4030 40420 JX1070 TN55 TN 65 TN75V Tracteur Agricole\u00a0\u00bb<\/span><\/a><\/p>","protected":false},"featured_media":9475,"template":"","meta":[],"product_brand":[],"product_cat":[1141,119,120],"product_tag":[143,124],"tracteur":[],"class_list":{"0":"post-9473","1":"product","2":"type-product","3":"status-publish","4":"has-post-thumbnail","6":"product_cat-kits-dembrayage","7":"product_cat-tracteurs-agricoles","8":"product_cat-transmissions","9":"product_tag-kits-dembrayage","10":"product_tag-transmissions","11":"product_shipping_class-142","12":"pa_marque-tracteur-fiat-new-holland","13":"pa_type-2-2998","14":"pa_type-2-1564","15":"pa_type-2-3023","16":"pa_type-2-3024","17":"pa_type-2-jx1070","18":"pa_type-2-jx1075-v","19":"pa_type-2-jx7075","20":"pa_type-2-tce","21":"pa_type-2-tl-90","22":"pa_type-2-tn-68s","23":"pa_type-2-tn-95na","24":"pa_type-2-tn55","25":"pa_type-2-tn60d","26":"pa_type-2-tn65","27":"pa_type-2-tn70","28":"pa_type-2-tn75f","29":"pa_type-2-tn80f","30":"pa_type-2-tn85","31":"pa_type-2-tn90f","32":"pa_type-2-tnf85","33":"pa_type-2-tnf95","34":"pa_type-2-tnm-75","35":"pa_type-2-tnv-65","36":"badges-style-2","38":"first","39":"instock","40":"taxable","41":"shipping-taxable","42":"purchasable","43":"product-type-simple"},"acf":[],"yoast_head":"<!-- This site is optimized with the Yoast SEO plugin v27.3 - https:\/\/yoast.com\/product\/yoast-seo-wordpress\/ -->\n<title>Kit Embrayage Fiat 4030 40420 JX1070 TN55 TN 65 TN75V Tracteur Agricole - Edel<\/title>\n<meta name=\"description\" content=\"Embrayage Tracteur Fiat Kit Complet - Disque AV. Cerametallique, 2 but\u00e9es et roulement pilote - \u00d8280\/280 - 4030 40420 4050 JX1070 TN 68S TN 95NA TN55 TN60D\" \/>\n<meta name=\"robots\" content=\"index, follow, max-snippet:-1, max-image-preview:large, max-video-preview:-1\" \/>\n<link rel=\"canonical\" href=\"https:\/\/www.edel.fr\/en\/product\/embrayage-tracteur-fiat-kit-complet-4030-40420-jx1070-tn55\/\" \/>\n<meta property=\"og:locale\" content=\"en_US\" \/>\n<meta property=\"og:type\" content=\"article\" \/>\n<meta property=\"og:title\" content=\"Kit Embrayage Fiat 4030 40420 JX1070 TN55 TN 65 TN75V Tracteur Agricole - Edel\" \/>\n<meta property=\"og:description\" content=\"Embrayage Tracteur Fiat Kit Complet - Disque AV. Cerametallique, 2 but\u00e9es et roulement pilote - \u00d8280\/280 - 4030 40420 4050 JX1070 TN 68S TN 95NA TN55 TN60D\" \/>\n<meta property=\"og:url\" content=\"https:\/\/www.edel.fr\/en\/product\/embrayage-tracteur-fiat-kit-complet-4030-40420-jx1070-tn55\/\" \/>\n<meta property=\"og:site_name\" content=\"Edel\" \/>\n<meta property=\"article:modified_time\" content=\"2025-11-05T20:07:19+00:00\" \/>\n<meta property=\"og:image\" content=\"https:\/\/www.edel.fr\/uploads\/2020\/12\/embr-fiat-3010.jpg\" \/>\n\t<meta property=\"og:image:width\" content=\"2745\" \/>\n\t<meta property=\"og:image:height\" content=\"2745\" \/>\n\t<meta property=\"og:image:type\" content=\"image\/jpeg\" \/>\n<meta name=\"twitter:card\" content=\"summary_large_image\" \/>\n<meta name=\"twitter:label1\" content=\"Est. reading time\" \/>\n\t<meta name=\"twitter:data1\" content=\"2 minutes\" \/>\n<script type=\"application\/ld+json\" class=\"yoast-schema-graph\">{\"@context\":\"https:\\\/\\\/schema.org\",\"@graph\":[{\"@type\":\"WebPage\",\"@id\":\"https:\\\/\\\/www.edel.fr\\\/en\\\/product\\\/embrayage-tracteur-fiat-kit-complet-4030-40420-jx1070-tn55\\\/\",\"url\":\"https:\\\/\\\/www.edel.fr\\\/en\\\/product\\\/embrayage-tracteur-fiat-kit-complet-4030-40420-jx1070-tn55\\\/\",\"name\":\"Kit Embrayage Fiat 4030 40420 JX1070 TN55 TN 65 TN75V Tracteur Agricole - Edel\",\"isPartOf\":{\"@id\":\"http:\\\/\\\/www.edel.fr\\\/en\\\/#website\"},\"primaryImageOfPage\":{\"@id\":\"https:\\\/\\\/www.edel.fr\\\/en\\\/product\\\/embrayage-tracteur-fiat-kit-complet-4030-40420-jx1070-tn55\\\/#primaryimage\"},\"image\":{\"@id\":\"https:\\\/\\\/www.edel.fr\\\/en\\\/product\\\/embrayage-tracteur-fiat-kit-complet-4030-40420-jx1070-tn55\\\/#primaryimage\"},\"thumbnailUrl\":\"https:\\\/\\\/edel.fr\\\/uploads\\\/2020\\\/12\\\/embr-fiat-3010.jpg\",\"datePublished\":\"2020-12-15T14:08:51+00:00\",\"dateModified\":\"2025-11-05T20:07:19+00:00\",\"description\":\"Embrayage Tracteur Fiat Kit Complet - Disque AV. Cerametallique, 2 but\u00e9es et roulement pilote - \u00d8280\\\/280 - 4030 40420 4050 JX1070 TN 68S TN 95NA TN55 TN60D\",\"breadcrumb\":{\"@id\":\"https:\\\/\\\/www.edel.fr\\\/en\\\/product\\\/embrayage-tracteur-fiat-kit-complet-4030-40420-jx1070-tn55\\\/#breadcrumb\"},\"inLanguage\":\"en-US\",\"potentialAction\":[{\"@type\":\"ReadAction\",\"target\":[\"https:\\\/\\\/www.edel.fr\\\/en\\\/product\\\/embrayage-tracteur-fiat-kit-complet-4030-40420-jx1070-tn55\\\/\"]}]},{\"@type\":\"ImageObject\",\"inLanguage\":\"en-US\",\"@id\":\"https:\\\/\\\/www.edel.fr\\\/en\\\/product\\\/embrayage-tracteur-fiat-kit-complet-4030-40420-jx1070-tn55\\\/#primaryimage\",\"url\":\"https:\\\/\\\/edel.fr\\\/uploads\\\/2020\\\/12\\\/embr-fiat-3010.jpg\",\"contentUrl\":\"https:\\\/\\\/edel.fr\\\/uploads\\\/2020\\\/12\\\/embr-fiat-3010.jpg\",\"width\":2745,\"height\":2745,\"caption\":\"Kit Embrayage Fiat Complet -\"},{\"@type\":\"BreadcrumbList\",\"@id\":\"https:\\\/\\\/www.edel.fr\\\/en\\\/product\\\/embrayage-tracteur-fiat-kit-complet-4030-40420-jx1070-tn55\\\/#breadcrumb\",\"itemListElement\":[{\"@type\":\"ListItem\",\"position\":1,\"name\":\"Pi\u00e8ce Tracteur\",\"item\":\"http:\\\/\\\/www.edel.fr\\\/en\\\/\"},{\"@type\":\"ListItem\",\"position\":2,\"name\":\"Toutes nos pi\u00e8ces Tracteur\",\"item\":\"https:\\\/\\\/edel.fr\\\/shop\\\/\"},{\"@type\":\"ListItem\",\"position\":3,\"name\":\"Kit Embrayage Fiat 4030 40420 JX1070 TN55 TN 65 TN75V Tracteur Agricole\"}]},{\"@type\":\"WebSite\",\"@id\":\"http:\\\/\\\/www.edel.fr\\\/en\\\/#website\",\"url\":\"http:\\\/\\\/www.edel.fr\\\/en\\\/\",\"name\":\"Edel\",\"description\":\"Pi\u00e8ce d\u00e9tach\u00e9e de Tracteur Agricole\",\"publisher\":{\"@id\":\"http:\\\/\\\/www.edel.fr\\\/en\\\/#organization\"},\"potentialAction\":[{\"@type\":\"SearchAction\",\"target\":{\"@type\":\"EntryPoint\",\"urlTemplate\":\"http:\\\/\\\/www.edel.fr\\\/en\\\/?s={search_term_string}\"},\"query-input\":{\"@type\":\"PropertyValueSpecification\",\"valueRequired\":true,\"valueName\":\"search_term_string\"}}],\"inLanguage\":\"en-US\"},{\"@type\":\"Organization\",\"@id\":\"http:\\\/\\\/www.edel.fr\\\/en\\\/#organization\",\"name\":\"Edel\",\"url\":\"http:\\\/\\\/www.edel.fr\\\/en\\\/\",\"logo\":{\"@type\":\"ImageObject\",\"inLanguage\":\"en-US\",\"@id\":\"http:\\\/\\\/www.edel.fr\\\/en\\\/#\\\/schema\\\/logo\\\/image\\\/\",\"url\":\"https:\\\/\\\/www.edel.fr\\\/uploads\\\/2018\\\/11\\\/logo-edel.png\",\"contentUrl\":\"https:\\\/\\\/www.edel.fr\\\/uploads\\\/2018\\\/11\\\/logo-edel.png\",\"width\":257,\"height\":68,\"caption\":\"Edel\"},\"image\":{\"@id\":\"http:\\\/\\\/www.edel.fr\\\/en\\\/#\\\/schema\\\/logo\\\/image\\\/\"}}]}<\/script>\n<!-- \/ Yoast SEO plugin. -->","yoast_head_json":{"title":"Kit Embrayage Fiat 4030 40420 JX1070 TN55 TN 65 TN75V Tracteur Agricole - Edel","description":"Embrayage Tracteur Fiat Kit Complet - Disque AV. Cerametallique, 2 but\u00e9es et roulement pilote - \u00d8280\/280 - 4030 40420 4050 JX1070 TN 68S TN 95NA TN55 TN60D","robots":{"index":"index","follow":"follow","max-snippet":"max-snippet:-1","max-image-preview":"max-image-preview:large","max-video-preview":"max-video-preview:-1"},"canonical":"https:\/\/www.edel.fr\/en\/product\/embrayage-tracteur-fiat-kit-complet-4030-40420-jx1070-tn55\/","og_locale":"en_US","og_type":"article","og_title":"Kit Embrayage Fiat 4030 40420 JX1070 TN55 TN 65 TN75V Tracteur Agricole - Edel","og_description":"Embrayage Tracteur Fiat Kit Complet - Disque AV. Cerametallique, 2 but\u00e9es et roulement pilote - \u00d8280\/280 - 4030 40420 4050 JX1070 TN 68S TN 95NA TN55 TN60D","og_url":"https:\/\/www.edel.fr\/en\/product\/embrayage-tracteur-fiat-kit-complet-4030-40420-jx1070-tn55\/","og_site_name":"Edel","article_modified_time":"2025-11-05T20:07:19+00:00","og_image":[{"width":2745,"height":2745,"url":"https:\/\/www.edel.fr\/uploads\/2020\/12\/embr-fiat-3010.jpg","type":"image\/jpeg"}],"twitter_card":"summary_large_image","twitter_misc":{"Est. reading time":"2 minutes"},"schema":{"@context":"https:\/\/schema.org","@graph":[{"@type":"WebPage","@id":"https:\/\/www.edel.fr\/en\/product\/embrayage-tracteur-fiat-kit-complet-4030-40420-jx1070-tn55\/","url":"https:\/\/www.edel.fr\/en\/product\/embrayage-tracteur-fiat-kit-complet-4030-40420-jx1070-tn55\/","name":"Kit Embrayage Fiat 4030 40420 JX1070 TN55 TN 65 TN75V Tracteur Agricole - Edel","isPartOf":{"@id":"http:\/\/www.edel.fr\/en\/#website"},"primaryImageOfPage":{"@id":"https:\/\/www.edel.fr\/en\/product\/embrayage-tracteur-fiat-kit-complet-4030-40420-jx1070-tn55\/#primaryimage"},"image":{"@id":"https:\/\/www.edel.fr\/en\/product\/embrayage-tracteur-fiat-kit-complet-4030-40420-jx1070-tn55\/#primaryimage"},"thumbnailUrl":"https:\/\/edel.fr\/uploads\/2020\/12\/embr-fiat-3010.jpg","datePublished":"2020-12-15T14:08:51+00:00","dateModified":"2025-11-05T20:07:19+00:00","description":"Embrayage Tracteur Fiat Kit Complet - Disque AV. Cerametallique, 2 but\u00e9es et roulement pilote - \u00d8280\/280 - 4030 40420 4050 JX1070 TN 68S TN 95NA TN55 TN60D","breadcrumb":{"@id":"https:\/\/www.edel.fr\/en\/product\/embrayage-tracteur-fiat-kit-complet-4030-40420-jx1070-tn55\/#breadcrumb"},"inLanguage":"en-US","potentialAction":[{"@type":"ReadAction","target":["https:\/\/www.edel.fr\/en\/product\/embrayage-tracteur-fiat-kit-complet-4030-40420-jx1070-tn55\/"]}]},{"@type":"ImageObject","inLanguage":"en-US","@id":"https:\/\/www.edel.fr\/en\/product\/embrayage-tracteur-fiat-kit-complet-4030-40420-jx1070-tn55\/#primaryimage","url":"https:\/\/edel.fr\/uploads\/2020\/12\/embr-fiat-3010.jpg","contentUrl":"https:\/\/edel.fr\/uploads\/2020\/12\/embr-fiat-3010.jpg","width":2745,"height":2745,"caption":"Kit Embrayage Fiat Complet -"},{"@type":"BreadcrumbList","@id":"https:\/\/www.edel.fr\/en\/product\/embrayage-tracteur-fiat-kit-complet-4030-40420-jx1070-tn55\/#breadcrumb","itemListElement":[{"@type":"ListItem","position":1,"name":"Pi\u00e8ce Tracteur","item":"http:\/\/www.edel.fr\/en\/"},{"@type":"ListItem","position":2,"name":"Toutes nos pi\u00e8ces Tracteur","item":"https:\/\/edel.fr\/shop\/"},{"@type":"ListItem","position":3,"name":"Kit Embrayage Fiat 4030 40420 JX1070 TN55 TN 65 TN75V Tracteur Agricole"}]},{"@type":"WebSite","@id":"http:\/\/www.edel.fr\/en\/#website","url":"http:\/\/www.edel.fr\/en\/","name":"Edel","description":"Pi\u00e8ce d\u00e9tach\u00e9e de Tracteur Agricole","publisher":{"@id":"http:\/\/www.edel.fr\/en\/#organization"},"potentialAction":[{"@type":"SearchAction","target":{"@type":"EntryPoint","urlTemplate":"http:\/\/www.edel.fr\/en\/?s={search_term_string}"},"query-input":{"@type":"PropertyValueSpecification","valueRequired":true,"valueName":"search_term_string"}}],"inLanguage":"en-US"},{"@type":"Organization","@id":"http:\/\/www.edel.fr\/en\/#organization","name":"Edel","url":"http:\/\/www.edel.fr\/en\/","logo":{"@type":"ImageObject","inLanguage":"en-US","@id":"http:\/\/www.edel.fr\/en\/#\/schema\/logo\/image\/","url":"https:\/\/www.edel.fr\/uploads\/2018\/11\/logo-edel.png","contentUrl":"https:\/\/www.edel.fr\/uploads\/2018\/11\/logo-edel.png","width":257,"height":68,"caption":"Edel"},"image":{"@id":"http:\/\/www.edel.fr\/en\/#\/schema\/logo\/image\/"}}]}},"_links":{"self":[{"href":"https:\/\/edel.fr\/en\/wp-json\/wp\/v2\/product\/9473","targetHints":{"allow":["GET"]}}],"collection":[{"href":"https:\/\/edel.fr\/en\/wp-json\/wp\/v2\/product"}],"about":[{"href":"https:\/\/edel.fr\/en\/wp-json\/wp\/v2\/types\/product"}],"version-history":[{"count":2,"href":"https:\/\/edel.fr\/en\/wp-json\/wp\/v2\/product\/9473\/revisions"}],"predecessor-version":[{"id":19152,"href":"https:\/\/edel.fr\/en\/wp-json\/wp\/v2\/product\/9473\/revisions\/19152"}],"wp:featuredmedia":[{"embeddable":true,"href":"https:\/\/edel.fr\/en\/wp-json\/wp\/v2\/media\/9475"}],"wp:attachment":[{"href":"https:\/\/edel.fr\/en\/wp-json\/wp\/v2\/media?parent=9473"}],"wp:term":[{"taxonomy":"product_brand","embeddable":true,"href":"https:\/\/edel.fr\/en\/wp-json\/wp\/v2\/product_brand?post=9473"},{"taxonomy":"product_cat","embeddable":true,"href":"https:\/\/edel.fr\/en\/wp-json\/wp\/v2\/product_cat?post=9473"},{"taxonomy":"product_tag","embeddable":true,"href":"https:\/\/edel.fr\/en\/wp-json\/wp\/v2\/product_tag?post=9473"},{"taxonomy":"tracteur","embeddable":true,"href":"https:\/\/edel.fr\/en\/wp-json\/wp\/v2\/tracteur?post=9473"}],"curies":[{"name":"wp","href":"https:\/\/api.w.org\/{rel}","templated":true}]}}