{"id":9478,"date":"2020-12-15T15:34:03","date_gmt":"2020-12-15T14:34:03","guid":{"rendered":"https:\/\/www.edel.fr\/?post_type=product&#038;p=9478"},"modified":"2025-11-05T21:06:08","modified_gmt":"2025-11-05T20:06:08","slug":"embrayage-john-deere-kit-complet-1640-1740-1850-1950-2040","status":"publish","type":"product","link":"https:\/\/edel.fr\/en\/product\/embrayage-john-deere-kit-complet-1640-1740-1850-1950-2040\/","title":{"rendered":"Embrayage John Deere Kit Complet &#8211; 1640 1740 1850 1950 2040"},"content":{"rendered":"<div data-elementor-type=\"wp-post\" data-elementor-id=\"9478\" class=\"elementor elementor-9478\">\n\t\t\t\t\t\t<section class=\"elementor-section elementor-top-section elementor-element elementor-element-6cecb54 elementor-section-boxed elementor-section-height-default elementor-section-height-default\" data-id=\"6cecb54\" data-element_type=\"section\" data-e-type=\"section\">\n\t\t\t\t\t\t<div class=\"elementor-container elementor-column-gap-default\">\n\t\t\t\t\t<div class=\"elementor-column elementor-col-100 elementor-top-column elementor-element elementor-element-554c2a3\" data-id=\"554c2a3\" data-element_type=\"column\" data-e-type=\"column\">\n\t\t\t<div class=\"elementor-widget-wrap elementor-element-populated\">\n\t\t\t\t\t\t<div class=\"elementor-element elementor-element-1774345 elementor-widget elementor-widget-heading\" data-id=\"1774345\" data-element_type=\"widget\" data-e-type=\"widget\" data-widget_type=\"heading.default\">\n\t\t\t\t<div class=\"elementor-widget-container\">\n\t\t\t\t\t<h2 class=\"elementor-heading-title elementor-size-default\">KIT COMPLET M\u00c9CANISME SIMPLE, DISQUE AV, BUT\u00c9E ET ROULEMENT PILOTE<br>\u00d8330 MM \u2013 DISQUE 15 CANNELURES \/ MOYEU FIXE 23 CANNELURES <br>MONTAGE TYPE SACHS<\/h2>\t\t\t\t<\/div>\n\t\t\t\t<\/div>\n\t\t\t\t\t<\/div>\n\t\t<\/div>\n\t\t\t\t\t<\/div>\n\t\t<\/section>\n\t\t\t\t<section class=\"elementor-section elementor-top-section elementor-element elementor-element-ef20081 elementor-section-boxed elementor-section-height-default elementor-section-height-default\" data-id=\"ef20081\" data-element_type=\"section\" data-e-type=\"section\">\n\t\t\t\t\t\t<div class=\"elementor-container elementor-column-gap-default\">\n\t\t\t\t\t<div class=\"elementor-column elementor-col-100 elementor-top-column elementor-element elementor-element-6443557\" data-id=\"6443557\" data-element_type=\"column\" data-e-type=\"column\">\n\t\t\t<div class=\"elementor-widget-wrap elementor-element-populated\">\n\t\t\t\t\t\t<div class=\"elementor-element elementor-element-0f56370 elementor-widget elementor-widget-heading\" data-id=\"0f56370\" data-element_type=\"widget\" data-e-type=\"widget\" data-widget_type=\"heading.default\">\n\t\t\t\t<div class=\"elementor-widget-container\">\n\t\t\t\t\t<h3 class=\"elementor-heading-title elementor-size-default\">Information du produit :<\/h3>\t\t\t\t<\/div>\n\t\t\t\t<\/div>\n\t\t\t\t\t<\/div>\n\t\t<\/div>\n\t\t\t\t\t<\/div>\n\t\t<\/section>\n\t\t\t\t<section class=\"elementor-section elementor-top-section elementor-element elementor-element-3e4d8941 elementor-section-boxed elementor-section-height-default elementor-section-height-default\" data-id=\"3e4d8941\" data-element_type=\"section\" data-e-type=\"section\">\n\t\t\t\t\t\t<div class=\"elementor-container elementor-column-gap-default\">\n\t\t\t\t\t<div class=\"elementor-column elementor-col-100 elementor-top-column elementor-element elementor-element-2b6a3a92\" data-id=\"2b6a3a92\" data-element_type=\"column\" data-e-type=\"column\">\n\t\t\t<div class=\"elementor-widget-wrap elementor-element-populated\">\n\t\t\t\t\t\t<div class=\"elementor-element elementor-element-48cc5f20 elementor-widget elementor-widget-text-editor\" data-id=\"48cc5f20\" data-element_type=\"widget\" data-e-type=\"widget\" data-widget_type=\"text-editor.default\">\n\t\t\t\t<div class=\"elementor-widget-container\">\n\t\t\t\t\t\t\t\t\t<p>Kit embrayage de la marque : John Deere<\/p><div><p>John Deere : 1640, 1740, 1850, 1950, 2040, 2250, 2450, 2650.<\/p><\/div><p>Le kit d\u2019embrayage tracteur agricole est compos\u00e9 d\u2019un m\u00e9canisme, d\u2019un ou deux disques, d\u2019une ou deux but\u00e9es et du roulement pilote. De plus le kit complet comprend la totalit\u00e9 des pi\u00e8ces \u00e0 changer en atelier. Cependant les pi\u00e8ces de rechange qui le composent sont rigoureusement s\u00e9lectionn\u00e9es pour leur qualit\u00e9 et leur fiabilit\u00e9.\u00a0<\/p><p>Toutefois choisir de remplacer une pi\u00e8ce au d\u00e9tail peut s\u2019av\u00e9rer \u00eatre moins avantageux que de remplacer un ensemble complet. Nos kits se distinguent par la qualit\u00e9 de nos but\u00e9es d\u2019embrayages et roulements pilotes. Une but\u00e9e adaptable qui grippe conduit irr\u00e9m\u00e9diablement \u00e0 la destruction du m\u00e9canisme.<\/p><p>Car pour le montage d\u2019un kit d\u2019embrayage agricole, les pi\u00e8ces p\u00e9riph\u00e9riques doivent proc\u00e9der \u00e0 un examen minutieux. Notamment, le volant moteur et les diff\u00e9rents joints spi.<\/p><p>En effet, pour le syst\u00e8me de commande, une vigilance particuli\u00e8re est \u00e0 porter au c\u00e2ble, a la tringlerie et au circuit hydraulique. En cas de doute, ces composants doivent absolument \u00eatre remis \u00e0 niveau pour permettre le parfait fonctionnement de l\u2019embrayage.<\/p><p>Bien s\u00fbr, pour plus de renseignements, n&rsquo;h\u00e9sitez pas \u00e0 nous consulter !<\/p>\t\t\t\t\t\t\t\t<\/div>\n\t\t\t\t<\/div>\n\t\t\t\t\t<\/div>\n\t\t<\/div>\n\t\t\t\t\t<\/div>\n\t\t<\/section>\n\t\t\t\t<\/div>","protected":false},"excerpt":{"rendered":"<p>KIT COMPLET M\u00c9CANISME SIMPLE, DISQUE AV, BUT\u00c9E ET ROULEMENT PILOTE\u00d8330 MM \u2013 DISQUE 15 CANNELURES \/ MOYEU FIXE 23 CANNELURES MONTAGE TYPE SACHS Information du produit : Kit embrayage de la marque : John Deere John Deere : 1640, 1740, 1850, 1950, 2040, 2250, 2450, 2650. Le kit d\u2019embrayage tracteur agricole est compos\u00e9 d\u2019un m\u00e9canisme,<br \/><a class=\"more-link\" href=\"https:\/\/edel.fr\/en\/product\/embrayage-john-deere-kit-complet-1640-1740-1850-1950-2040\/\"><br \/>\n        Read More<span class=\"screen-reader-text\"> \u00ab\u00a0Embrayage John Deere Kit Complet &#8211; 1640 1740 1850 1950 2040\u00a0\u00bb<\/span><\/a><\/p>","protected":false},"featured_media":9479,"template":"","meta":[],"product_brand":[],"product_cat":[1141,3943,119,120],"product_tag":[143,124],"tracteur":[],"class_list":{"0":"post-9478","1":"product","2":"type-product","3":"status-publish","4":"has-post-thumbnail","6":"product_cat-kits-dembrayage","7":"product_cat-john-deere","8":"product_cat-tracteurs-agricoles","9":"product_cat-transmissions","10":"product_tag-kits-dembrayage","11":"product_tag-transmissions","12":"product_shipping_class-142","13":"pa_fabriquant-kawe","14":"pa_marque-tracteur-john-deere","15":"pa_type-2-1636","16":"pa_type-2-3027","17":"pa_type-2-3028","18":"pa_type-2-3029","19":"pa_type-2-1652","20":"pa_type-2-2854","21":"pa_type-2-3030","22":"pa_type-2-1442","23":"badges-style-2","25":"first","26":"instock","27":"taxable","28":"shipping-taxable","29":"purchasable","30":"product-type-simple"},"acf":[],"yoast_head":"<!-- This site is optimized with the Yoast SEO plugin v27.3 - https:\/\/yoast.com\/product\/yoast-seo-wordpress\/ -->\n<title>Embrayage John Deere Kit Complet - 1640 1740 1850 1950 2040 - Edel<\/title>\n<meta name=\"description\" content=\"Embrayage John Deere Kit - M\u00e9canisme simple, disque AV. Cerametallique, but\u00e9e et roulement pilote - \u00d8330 - 1640 1740 1850 1950 2040 2250 2450 2650\" \/>\n<meta name=\"robots\" content=\"index, follow, max-snippet:-1, max-image-preview:large, max-video-preview:-1\" \/>\n<link rel=\"canonical\" href=\"https:\/\/edel.fr\/en\/product\/embrayage-john-deere-kit-complet-1640-1740-1850-1950-2040\/\" \/>\n<meta property=\"og:locale\" content=\"en_US\" \/>\n<meta property=\"og:type\" content=\"article\" \/>\n<meta property=\"og:title\" content=\"Embrayage John Deere Kit Complet - 1640 1740 1850 1950 2040 - Edel\" \/>\n<meta property=\"og:description\" content=\"Embrayage John Deere Kit - M\u00e9canisme simple, disque AV. Cerametallique, but\u00e9e et roulement pilote - \u00d8330 - 1640 1740 1850 1950 2040 2250 2450 2650\" \/>\n<meta property=\"og:url\" content=\"https:\/\/edel.fr\/en\/product\/embrayage-john-deere-kit-complet-1640-1740-1850-1950-2040\/\" \/>\n<meta property=\"og:site_name\" content=\"Edel\" \/>\n<meta property=\"article:modified_time\" content=\"2025-11-05T20:06:08+00:00\" \/>\n<meta property=\"og:image\" content=\"https:\/\/edel.fr\/uploads\/2020\/12\/embr-johndeere.jpg\" \/>\n\t<meta property=\"og:image:width\" content=\"2975\" \/>\n\t<meta property=\"og:image:height\" content=\"2975\" \/>\n\t<meta property=\"og:image:type\" content=\"image\/jpeg\" \/>\n<meta name=\"twitter:card\" content=\"summary_large_image\" \/>\n<meta name=\"twitter:label1\" content=\"Est. reading time\" \/>\n\t<meta name=\"twitter:data1\" content=\"2 minutes\" \/>\n<script type=\"application\/ld+json\" class=\"yoast-schema-graph\">{\"@context\":\"https:\\\/\\\/schema.org\",\"@graph\":[{\"@type\":\"WebPage\",\"@id\":\"https:\\\/\\\/edel.fr\\\/produit\\\/embrayage-john-deere-kit-complet-1640-1740-1850-1950-2040\\\/\",\"url\":\"https:\\\/\\\/edel.fr\\\/produit\\\/embrayage-john-deere-kit-complet-1640-1740-1850-1950-2040\\\/\",\"name\":\"Embrayage John Deere Kit Complet - 1640 1740 1850 1950 2040 - Edel\",\"isPartOf\":{\"@id\":\"https:\\\/\\\/www.edel.fr\\\/en\\\/#website\"},\"primaryImageOfPage\":{\"@id\":\"https:\\\/\\\/edel.fr\\\/produit\\\/embrayage-john-deere-kit-complet-1640-1740-1850-1950-2040\\\/#primaryimage\"},\"image\":{\"@id\":\"https:\\\/\\\/edel.fr\\\/produit\\\/embrayage-john-deere-kit-complet-1640-1740-1850-1950-2040\\\/#primaryimage\"},\"thumbnailUrl\":\"https:\\\/\\\/edel.fr\\\/uploads\\\/2020\\\/12\\\/embr-johndeere.jpg\",\"datePublished\":\"2020-12-15T14:34:03+00:00\",\"dateModified\":\"2025-11-05T20:06:08+00:00\",\"description\":\"Embrayage John Deere Kit - M\u00e9canisme simple, disque AV. Cerametallique, but\u00e9e et roulement pilote - \u00d8330 - 1640 1740 1850 1950 2040 2250 2450 2650\",\"breadcrumb\":{\"@id\":\"https:\\\/\\\/edel.fr\\\/produit\\\/embrayage-john-deere-kit-complet-1640-1740-1850-1950-2040\\\/#breadcrumb\"},\"inLanguage\":\"en-US\",\"potentialAction\":[{\"@type\":\"ReadAction\",\"target\":[\"https:\\\/\\\/edel.fr\\\/produit\\\/embrayage-john-deere-kit-complet-1640-1740-1850-1950-2040\\\/\"]}]},{\"@type\":\"ImageObject\",\"inLanguage\":\"en-US\",\"@id\":\"https:\\\/\\\/edel.fr\\\/produit\\\/embrayage-john-deere-kit-complet-1640-1740-1850-1950-2040\\\/#primaryimage\",\"url\":\"https:\\\/\\\/edel.fr\\\/uploads\\\/2020\\\/12\\\/embr-johndeere.jpg\",\"contentUrl\":\"https:\\\/\\\/edel.fr\\\/uploads\\\/2020\\\/12\\\/embr-johndeere.jpg\",\"width\":2975,\"height\":2975,\"caption\":\"Embrayage John Deere Kit Complet - 1640 1740 1850 1950 2040\"},{\"@type\":\"BreadcrumbList\",\"@id\":\"https:\\\/\\\/edel.fr\\\/produit\\\/embrayage-john-deere-kit-complet-1640-1740-1850-1950-2040\\\/#breadcrumb\",\"itemListElement\":[{\"@type\":\"ListItem\",\"position\":1,\"name\":\"Pi\u00e8ce Tracteur\",\"item\":\"https:\\\/\\\/www.edel.fr\\\/en\\\/\"},{\"@type\":\"ListItem\",\"position\":2,\"name\":\"Toutes nos pi\u00e8ces Tracteur\",\"item\":\"https:\\\/\\\/edel.fr\\\/shop\\\/\"},{\"@type\":\"ListItem\",\"position\":3,\"name\":\"Embrayage John Deere Kit Complet &#8211; 1640 1740 1850 1950 2040\"}]},{\"@type\":\"WebSite\",\"@id\":\"https:\\\/\\\/www.edel.fr\\\/en\\\/#website\",\"url\":\"https:\\\/\\\/www.edel.fr\\\/en\\\/\",\"name\":\"Edel\",\"description\":\"Pi\u00e8ce d\u00e9tach\u00e9e de Tracteur Agricole\",\"publisher\":{\"@id\":\"https:\\\/\\\/www.edel.fr\\\/en\\\/#organization\"},\"potentialAction\":[{\"@type\":\"SearchAction\",\"target\":{\"@type\":\"EntryPoint\",\"urlTemplate\":\"https:\\\/\\\/www.edel.fr\\\/en\\\/?s={search_term_string}\"},\"query-input\":{\"@type\":\"PropertyValueSpecification\",\"valueRequired\":true,\"valueName\":\"search_term_string\"}}],\"inLanguage\":\"en-US\"},{\"@type\":\"Organization\",\"@id\":\"https:\\\/\\\/www.edel.fr\\\/en\\\/#organization\",\"name\":\"Edel\",\"url\":\"https:\\\/\\\/www.edel.fr\\\/en\\\/\",\"logo\":{\"@type\":\"ImageObject\",\"inLanguage\":\"en-US\",\"@id\":\"https:\\\/\\\/www.edel.fr\\\/en\\\/#\\\/schema\\\/logo\\\/image\\\/\",\"url\":\"https:\\\/\\\/www.edel.fr\\\/uploads\\\/2018\\\/11\\\/logo-edel.png\",\"contentUrl\":\"https:\\\/\\\/www.edel.fr\\\/uploads\\\/2018\\\/11\\\/logo-edel.png\",\"width\":257,\"height\":68,\"caption\":\"Edel\"},\"image\":{\"@id\":\"https:\\\/\\\/www.edel.fr\\\/en\\\/#\\\/schema\\\/logo\\\/image\\\/\"}}]}<\/script>\n<!-- \/ Yoast SEO plugin. -->","yoast_head_json":{"title":"Embrayage John Deere Kit Complet - 1640 1740 1850 1950 2040 - Edel","description":"Embrayage John Deere Kit - M\u00e9canisme simple, disque AV. Cerametallique, but\u00e9e et roulement pilote - \u00d8330 - 1640 1740 1850 1950 2040 2250 2450 2650","robots":{"index":"index","follow":"follow","max-snippet":"max-snippet:-1","max-image-preview":"max-image-preview:large","max-video-preview":"max-video-preview:-1"},"canonical":"https:\/\/edel.fr\/en\/product\/embrayage-john-deere-kit-complet-1640-1740-1850-1950-2040\/","og_locale":"en_US","og_type":"article","og_title":"Embrayage John Deere Kit Complet - 1640 1740 1850 1950 2040 - Edel","og_description":"Embrayage John Deere Kit - M\u00e9canisme simple, disque AV. Cerametallique, but\u00e9e et roulement pilote - \u00d8330 - 1640 1740 1850 1950 2040 2250 2450 2650","og_url":"https:\/\/edel.fr\/en\/product\/embrayage-john-deere-kit-complet-1640-1740-1850-1950-2040\/","og_site_name":"Edel","article_modified_time":"2025-11-05T20:06:08+00:00","og_image":[{"width":2975,"height":2975,"url":"https:\/\/edel.fr\/uploads\/2020\/12\/embr-johndeere.jpg","type":"image\/jpeg"}],"twitter_card":"summary_large_image","twitter_misc":{"Est. reading time":"2 minutes"},"schema":{"@context":"https:\/\/schema.org","@graph":[{"@type":"WebPage","@id":"https:\/\/edel.fr\/produit\/embrayage-john-deere-kit-complet-1640-1740-1850-1950-2040\/","url":"https:\/\/edel.fr\/produit\/embrayage-john-deere-kit-complet-1640-1740-1850-1950-2040\/","name":"Embrayage John Deere Kit Complet - 1640 1740 1850 1950 2040 - Edel","isPartOf":{"@id":"https:\/\/www.edel.fr\/en\/#website"},"primaryImageOfPage":{"@id":"https:\/\/edel.fr\/produit\/embrayage-john-deere-kit-complet-1640-1740-1850-1950-2040\/#primaryimage"},"image":{"@id":"https:\/\/edel.fr\/produit\/embrayage-john-deere-kit-complet-1640-1740-1850-1950-2040\/#primaryimage"},"thumbnailUrl":"https:\/\/edel.fr\/uploads\/2020\/12\/embr-johndeere.jpg","datePublished":"2020-12-15T14:34:03+00:00","dateModified":"2025-11-05T20:06:08+00:00","description":"Embrayage John Deere Kit - M\u00e9canisme simple, disque AV. Cerametallique, but\u00e9e et roulement pilote - \u00d8330 - 1640 1740 1850 1950 2040 2250 2450 2650","breadcrumb":{"@id":"https:\/\/edel.fr\/produit\/embrayage-john-deere-kit-complet-1640-1740-1850-1950-2040\/#breadcrumb"},"inLanguage":"en-US","potentialAction":[{"@type":"ReadAction","target":["https:\/\/edel.fr\/produit\/embrayage-john-deere-kit-complet-1640-1740-1850-1950-2040\/"]}]},{"@type":"ImageObject","inLanguage":"en-US","@id":"https:\/\/edel.fr\/produit\/embrayage-john-deere-kit-complet-1640-1740-1850-1950-2040\/#primaryimage","url":"https:\/\/edel.fr\/uploads\/2020\/12\/embr-johndeere.jpg","contentUrl":"https:\/\/edel.fr\/uploads\/2020\/12\/embr-johndeere.jpg","width":2975,"height":2975,"caption":"Embrayage John Deere Kit Complet - 1640 1740 1850 1950 2040"},{"@type":"BreadcrumbList","@id":"https:\/\/edel.fr\/produit\/embrayage-john-deere-kit-complet-1640-1740-1850-1950-2040\/#breadcrumb","itemListElement":[{"@type":"ListItem","position":1,"name":"Pi\u00e8ce Tracteur","item":"https:\/\/www.edel.fr\/en\/"},{"@type":"ListItem","position":2,"name":"Toutes nos pi\u00e8ces Tracteur","item":"https:\/\/edel.fr\/shop\/"},{"@type":"ListItem","position":3,"name":"Embrayage John Deere Kit Complet &#8211; 1640 1740 1850 1950 2040"}]},{"@type":"WebSite","@id":"https:\/\/www.edel.fr\/en\/#website","url":"https:\/\/www.edel.fr\/en\/","name":"Edel","description":"Pi\u00e8ce d\u00e9tach\u00e9e de Tracteur Agricole","publisher":{"@id":"https:\/\/www.edel.fr\/en\/#organization"},"potentialAction":[{"@type":"SearchAction","target":{"@type":"EntryPoint","urlTemplate":"https:\/\/www.edel.fr\/en\/?s={search_term_string}"},"query-input":{"@type":"PropertyValueSpecification","valueRequired":true,"valueName":"search_term_string"}}],"inLanguage":"en-US"},{"@type":"Organization","@id":"https:\/\/www.edel.fr\/en\/#organization","name":"Edel","url":"https:\/\/www.edel.fr\/en\/","logo":{"@type":"ImageObject","inLanguage":"en-US","@id":"https:\/\/www.edel.fr\/en\/#\/schema\/logo\/image\/","url":"https:\/\/www.edel.fr\/uploads\/2018\/11\/logo-edel.png","contentUrl":"https:\/\/www.edel.fr\/uploads\/2018\/11\/logo-edel.png","width":257,"height":68,"caption":"Edel"},"image":{"@id":"https:\/\/www.edel.fr\/en\/#\/schema\/logo\/image\/"}}]}},"_links":{"self":[{"href":"https:\/\/edel.fr\/en\/wp-json\/wp\/v2\/product\/9478","targetHints":{"allow":["GET"]}}],"collection":[{"href":"https:\/\/edel.fr\/en\/wp-json\/wp\/v2\/product"}],"about":[{"href":"https:\/\/edel.fr\/en\/wp-json\/wp\/v2\/types\/product"}],"version-history":[{"count":3,"href":"https:\/\/edel.fr\/en\/wp-json\/wp\/v2\/product\/9478\/revisions"}],"predecessor-version":[{"id":17284,"href":"https:\/\/edel.fr\/en\/wp-json\/wp\/v2\/product\/9478\/revisions\/17284"}],"wp:featuredmedia":[{"embeddable":true,"href":"https:\/\/edel.fr\/en\/wp-json\/wp\/v2\/media\/9479"}],"wp:attachment":[{"href":"https:\/\/edel.fr\/en\/wp-json\/wp\/v2\/media?parent=9478"}],"wp:term":[{"taxonomy":"product_brand","embeddable":true,"href":"https:\/\/edel.fr\/en\/wp-json\/wp\/v2\/product_brand?post=9478"},{"taxonomy":"product_cat","embeddable":true,"href":"https:\/\/edel.fr\/en\/wp-json\/wp\/v2\/product_cat?post=9478"},{"taxonomy":"product_tag","embeddable":true,"href":"https:\/\/edel.fr\/en\/wp-json\/wp\/v2\/product_tag?post=9478"},{"taxonomy":"tracteur","embeddable":true,"href":"https:\/\/edel.fr\/en\/wp-json\/wp\/v2\/tracteur?post=9478"}],"curies":[{"name":"wp","href":"https:\/\/api.w.org\/{rel}","templated":true}]}}