{"id":9656,"date":"2020-12-22T16:40:31","date_gmt":"2020-12-22T15:40:31","guid":{"rendered":"https:\/\/www.edel.fr\/?post_type=product&#038;p=9656"},"modified":"2026-04-02T03:00:37","modified_gmt":"2026-04-02T01:00:37","slug":"butee-dembrayage-case-ih-qualite-origine-2","status":"publish","type":"product","link":"https:\/\/edel.fr\/en\/product\/butee-dembrayage-case-ih-qualite-origine-2\/","title":{"rendered":"But\u00e9e d&#8217;embrayage Case IH | Qualit\u00e9 Origine"},"content":{"rendered":"<div data-elementor-type=\"wp-post\" data-elementor-id=\"9656\" class=\"elementor elementor-9656\">\n\t\t\t\t\t\t<section class=\"elementor-section elementor-top-section elementor-element elementor-element-290ca7d1 elementor-section-boxed elementor-section-height-default elementor-section-height-default\" data-id=\"290ca7d1\" data-element_type=\"section\" data-e-type=\"section\">\n\t\t\t\t\t\t<div class=\"elementor-container elementor-column-gap-default\">\n\t\t\t\t\t<div class=\"elementor-column elementor-col-100 elementor-top-column elementor-element elementor-element-773f35b7\" data-id=\"773f35b7\" data-element_type=\"column\" data-e-type=\"column\">\n\t\t\t<div class=\"elementor-widget-wrap elementor-element-populated\">\n\t\t\t\t\t\t<div class=\"elementor-element elementor-element-7774c225 elementor-widget elementor-widget-text-editor\" data-id=\"7774c225\" data-element_type=\"widget\" data-e-type=\"widget\" data-widget_type=\"text-editor.default\">\n\t\t\t\t<div class=\"elementor-widget-container\">\n\t\t\t\t\t\t\t\t\t<h3 class=\"LC20lb DKV0Md\">But\u00e9e d&#8217;embrayage Case IH\u00a0<\/h3><p>Type : 135D, 137D, 212D, 217D, 219D, F135.<br \/>Qualit\u00e9 origine<\/p>\t\t\t\t\t\t\t\t<\/div>\n\t\t\t\t<\/div>\n\t\t\t\t\t<\/div>\n\t\t<\/div>\n\t\t\t\t\t<\/div>\n\t\t<\/section>\n\t\t\t\t<\/div>","protected":false},"excerpt":{"rendered":"<p>But\u00e9e d&#8217;embrayage Case IH Type : 135D, 137D, 212D, 217D, 219D, F135. Qualit\u00e9 origine<\/p>","protected":false},"featured_media":18097,"template":"","meta":[],"product_brand":[],"product_cat":[4070,4071,127,119,120],"product_tag":[],"tracteur":[],"class_list":{"0":"post-9656","1":"product","2":"type-product","3":"status-publish","4":"has-post-thumbnail","6":"product_cat-butee-dembrayage-case-ih","7":"product_cat-butee-dembrayage-david-brown","8":"product_cat-butees-embrayage","9":"product_cat-tracteurs-agricoles","10":"product_cat-transmissions","11":"product_shipping_class-142","12":"pa_diametre-exterieur-4496","13":"pa_diametre-interieur-4495","14":"pa_diametre-maneton-4498","15":"pa_longueur-totale-4497","16":"pa_marque-tracteur-case-ih","17":"pa_marque-tracteur-david-brown","18":"pa_type-2-135d","19":"pa_type-2-137d","20":"pa_type-2-212d","21":"pa_type-2-217d","22":"pa_type-2-219d","23":"pa_type-2-f135","24":"pa_type-butee-graphite","25":"badges-style-2","27":"first","28":"instock","29":"taxable","30":"shipping-taxable","31":"purchasable","32":"product-type-simple"},"acf":[],"yoast_head":"<!-- This site is optimized with the Yoast SEO plugin v27.3 - https:\/\/yoast.com\/product\/yoast-seo-wordpress\/ -->\n<title>But\u00e9e d&#039;embrayage Case IH | Qualit\u00e9 Origine - Edel<\/title>\n<meta name=\"description\" content=\"But\u00e9e d&#039;embrayage Case IH | Qualit\u00e9 Origine | 135D 137D 212D 217D 219D F135 - Tracteur Agricole - Promotion - Distribution de pi\u00e8ces d\u00e9tach\u00e9e\" \/>\n<meta name=\"robots\" content=\"index, follow, max-snippet:-1, max-image-preview:large, max-video-preview:-1\" \/>\n<link rel=\"canonical\" href=\"https:\/\/edel.fr\/en\/product\/butee-dembrayage-case-ih-qualite-origine-2\/\" \/>\n<meta property=\"og:locale\" content=\"en_US\" \/>\n<meta property=\"og:type\" content=\"article\" \/>\n<meta property=\"og:title\" content=\"But\u00e9e d&#039;embrayage Case IH | Qualit\u00e9 Origine - Edel\" \/>\n<meta property=\"og:description\" content=\"But\u00e9e d&#039;embrayage Case IH | Qualit\u00e9 Origine | 135D 137D 212D 217D 219D F135 - Tracteur Agricole - Promotion - Distribution de pi\u00e8ces d\u00e9tach\u00e9e\" \/>\n<meta property=\"og:url\" content=\"https:\/\/edel.fr\/en\/product\/butee-dembrayage-case-ih-qualite-origine-2\/\" \/>\n<meta property=\"og:site_name\" content=\"Edel\" \/>\n<meta property=\"article:modified_time\" content=\"2026-04-02T01:00:37+00:00\" \/>\n<meta property=\"og:image\" content=\"https:\/\/edel.fr\/uploads\/2020\/12\/but-1024x964-1.jpg\" \/>\n\t<meta property=\"og:image:width\" content=\"1024\" \/>\n\t<meta property=\"og:image:height\" content=\"964\" \/>\n\t<meta property=\"og:image:type\" content=\"image\/jpeg\" \/>\n<meta name=\"twitter:card\" content=\"summary_large_image\" \/>\n<meta name=\"twitter:label1\" content=\"Est. reading time\" \/>\n\t<meta name=\"twitter:data1\" content=\"1 minute\" \/>\n<script type=\"application\/ld+json\" class=\"yoast-schema-graph\">{\"@context\":\"https:\\\/\\\/schema.org\",\"@graph\":[{\"@type\":\"WebPage\",\"@id\":\"https:\\\/\\\/edel.fr\\\/produit\\\/butee-dembrayage-case-ih-qualite-origine-2\\\/\",\"url\":\"https:\\\/\\\/edel.fr\\\/produit\\\/butee-dembrayage-case-ih-qualite-origine-2\\\/\",\"name\":\"But\u00e9e d'embrayage Case IH | Qualit\u00e9 Origine - Edel\",\"isPartOf\":{\"@id\":\"https:\\\/\\\/www.edel.fr\\\/en\\\/#website\"},\"primaryImageOfPage\":{\"@id\":\"https:\\\/\\\/edel.fr\\\/produit\\\/butee-dembrayage-case-ih-qualite-origine-2\\\/#primaryimage\"},\"image\":{\"@id\":\"https:\\\/\\\/edel.fr\\\/produit\\\/butee-dembrayage-case-ih-qualite-origine-2\\\/#primaryimage\"},\"thumbnailUrl\":\"https:\\\/\\\/edel.fr\\\/uploads\\\/2020\\\/12\\\/but-1024x964-1.jpg\",\"datePublished\":\"2020-12-22T15:40:31+00:00\",\"dateModified\":\"2026-04-02T01:00:37+00:00\",\"description\":\"But\u00e9e d'embrayage Case IH | Qualit\u00e9 Origine | 135D 137D 212D 217D 219D F135 - Tracteur Agricole - Promotion - Distribution de pi\u00e8ces d\u00e9tach\u00e9e\",\"breadcrumb\":{\"@id\":\"https:\\\/\\\/edel.fr\\\/produit\\\/butee-dembrayage-case-ih-qualite-origine-2\\\/#breadcrumb\"},\"inLanguage\":\"en-US\",\"potentialAction\":[{\"@type\":\"ReadAction\",\"target\":[\"https:\\\/\\\/edel.fr\\\/produit\\\/butee-dembrayage-case-ih-qualite-origine-2\\\/\"]}]},{\"@type\":\"ImageObject\",\"inLanguage\":\"en-US\",\"@id\":\"https:\\\/\\\/edel.fr\\\/produit\\\/butee-dembrayage-case-ih-qualite-origine-2\\\/#primaryimage\",\"url\":\"https:\\\/\\\/edel.fr\\\/uploads\\\/2020\\\/12\\\/but-1024x964-1.jpg\",\"contentUrl\":\"https:\\\/\\\/edel.fr\\\/uploads\\\/2020\\\/12\\\/but-1024x964-1.jpg\",\"width\":1024,\"height\":964},{\"@type\":\"BreadcrumbList\",\"@id\":\"https:\\\/\\\/edel.fr\\\/produit\\\/butee-dembrayage-case-ih-qualite-origine-2\\\/#breadcrumb\",\"itemListElement\":[{\"@type\":\"ListItem\",\"position\":1,\"name\":\"Pi\u00e8ce Tracteur\",\"item\":\"https:\\\/\\\/www.edel.fr\\\/en\\\/\"},{\"@type\":\"ListItem\",\"position\":2,\"name\":\"Toutes nos pi\u00e8ces Tracteur\",\"item\":\"https:\\\/\\\/edel.fr\\\/shop\\\/\"},{\"@type\":\"ListItem\",\"position\":3,\"name\":\"But\u00e9e d&#8217;embrayage Case IH | Qualit\u00e9 Origine\"}]},{\"@type\":\"WebSite\",\"@id\":\"https:\\\/\\\/www.edel.fr\\\/en\\\/#website\",\"url\":\"https:\\\/\\\/www.edel.fr\\\/en\\\/\",\"name\":\"Edel\",\"description\":\"Pi\u00e8ce d\u00e9tach\u00e9e de Tracteur Agricole\",\"publisher\":{\"@id\":\"https:\\\/\\\/www.edel.fr\\\/en\\\/#organization\"},\"potentialAction\":[{\"@type\":\"SearchAction\",\"target\":{\"@type\":\"EntryPoint\",\"urlTemplate\":\"https:\\\/\\\/www.edel.fr\\\/en\\\/?s={search_term_string}\"},\"query-input\":{\"@type\":\"PropertyValueSpecification\",\"valueRequired\":true,\"valueName\":\"search_term_string\"}}],\"inLanguage\":\"en-US\"},{\"@type\":\"Organization\",\"@id\":\"https:\\\/\\\/www.edel.fr\\\/en\\\/#organization\",\"name\":\"Edel\",\"url\":\"https:\\\/\\\/www.edel.fr\\\/en\\\/\",\"logo\":{\"@type\":\"ImageObject\",\"inLanguage\":\"en-US\",\"@id\":\"https:\\\/\\\/www.edel.fr\\\/en\\\/#\\\/schema\\\/logo\\\/image\\\/\",\"url\":\"https:\\\/\\\/www.edel.fr\\\/uploads\\\/2018\\\/11\\\/logo-edel.png\",\"contentUrl\":\"https:\\\/\\\/www.edel.fr\\\/uploads\\\/2018\\\/11\\\/logo-edel.png\",\"width\":257,\"height\":68,\"caption\":\"Edel\"},\"image\":{\"@id\":\"https:\\\/\\\/www.edel.fr\\\/en\\\/#\\\/schema\\\/logo\\\/image\\\/\"}}]}<\/script>\n<!-- \/ Yoast SEO plugin. -->","yoast_head_json":{"title":"But\u00e9e d'embrayage Case IH | Qualit\u00e9 Origine - Edel","description":"But\u00e9e d'embrayage Case IH | Qualit\u00e9 Origine | 135D 137D 212D 217D 219D F135 - Tracteur Agricole - Promotion - Distribution de pi\u00e8ces d\u00e9tach\u00e9e","robots":{"index":"index","follow":"follow","max-snippet":"max-snippet:-1","max-image-preview":"max-image-preview:large","max-video-preview":"max-video-preview:-1"},"canonical":"https:\/\/edel.fr\/en\/product\/butee-dembrayage-case-ih-qualite-origine-2\/","og_locale":"en_US","og_type":"article","og_title":"But\u00e9e d'embrayage Case IH | Qualit\u00e9 Origine - Edel","og_description":"But\u00e9e d'embrayage Case IH | Qualit\u00e9 Origine | 135D 137D 212D 217D 219D F135 - Tracteur Agricole - Promotion - Distribution de pi\u00e8ces d\u00e9tach\u00e9e","og_url":"https:\/\/edel.fr\/en\/product\/butee-dembrayage-case-ih-qualite-origine-2\/","og_site_name":"Edel","article_modified_time":"2026-04-02T01:00:37+00:00","og_image":[{"width":1024,"height":964,"url":"https:\/\/edel.fr\/uploads\/2020\/12\/but-1024x964-1.jpg","type":"image\/jpeg"}],"twitter_card":"summary_large_image","twitter_misc":{"Est. reading time":"1 minute"},"schema":{"@context":"https:\/\/schema.org","@graph":[{"@type":"WebPage","@id":"https:\/\/edel.fr\/produit\/butee-dembrayage-case-ih-qualite-origine-2\/","url":"https:\/\/edel.fr\/produit\/butee-dembrayage-case-ih-qualite-origine-2\/","name":"But\u00e9e d'embrayage Case IH | Qualit\u00e9 Origine - Edel","isPartOf":{"@id":"https:\/\/www.edel.fr\/en\/#website"},"primaryImageOfPage":{"@id":"https:\/\/edel.fr\/produit\/butee-dembrayage-case-ih-qualite-origine-2\/#primaryimage"},"image":{"@id":"https:\/\/edel.fr\/produit\/butee-dembrayage-case-ih-qualite-origine-2\/#primaryimage"},"thumbnailUrl":"https:\/\/edel.fr\/uploads\/2020\/12\/but-1024x964-1.jpg","datePublished":"2020-12-22T15:40:31+00:00","dateModified":"2026-04-02T01:00:37+00:00","description":"But\u00e9e d'embrayage Case IH | Qualit\u00e9 Origine | 135D 137D 212D 217D 219D F135 - Tracteur Agricole - Promotion - Distribution de pi\u00e8ces d\u00e9tach\u00e9e","breadcrumb":{"@id":"https:\/\/edel.fr\/produit\/butee-dembrayage-case-ih-qualite-origine-2\/#breadcrumb"},"inLanguage":"en-US","potentialAction":[{"@type":"ReadAction","target":["https:\/\/edel.fr\/produit\/butee-dembrayage-case-ih-qualite-origine-2\/"]}]},{"@type":"ImageObject","inLanguage":"en-US","@id":"https:\/\/edel.fr\/produit\/butee-dembrayage-case-ih-qualite-origine-2\/#primaryimage","url":"https:\/\/edel.fr\/uploads\/2020\/12\/but-1024x964-1.jpg","contentUrl":"https:\/\/edel.fr\/uploads\/2020\/12\/but-1024x964-1.jpg","width":1024,"height":964},{"@type":"BreadcrumbList","@id":"https:\/\/edel.fr\/produit\/butee-dembrayage-case-ih-qualite-origine-2\/#breadcrumb","itemListElement":[{"@type":"ListItem","position":1,"name":"Pi\u00e8ce Tracteur","item":"https:\/\/www.edel.fr\/en\/"},{"@type":"ListItem","position":2,"name":"Toutes nos pi\u00e8ces Tracteur","item":"https:\/\/edel.fr\/shop\/"},{"@type":"ListItem","position":3,"name":"But\u00e9e d&#8217;embrayage Case IH | Qualit\u00e9 Origine"}]},{"@type":"WebSite","@id":"https:\/\/www.edel.fr\/en\/#website","url":"https:\/\/www.edel.fr\/en\/","name":"Edel","description":"Pi\u00e8ce d\u00e9tach\u00e9e de Tracteur Agricole","publisher":{"@id":"https:\/\/www.edel.fr\/en\/#organization"},"potentialAction":[{"@type":"SearchAction","target":{"@type":"EntryPoint","urlTemplate":"https:\/\/www.edel.fr\/en\/?s={search_term_string}"},"query-input":{"@type":"PropertyValueSpecification","valueRequired":true,"valueName":"search_term_string"}}],"inLanguage":"en-US"},{"@type":"Organization","@id":"https:\/\/www.edel.fr\/en\/#organization","name":"Edel","url":"https:\/\/www.edel.fr\/en\/","logo":{"@type":"ImageObject","inLanguage":"en-US","@id":"https:\/\/www.edel.fr\/en\/#\/schema\/logo\/image\/","url":"https:\/\/www.edel.fr\/uploads\/2018\/11\/logo-edel.png","contentUrl":"https:\/\/www.edel.fr\/uploads\/2018\/11\/logo-edel.png","width":257,"height":68,"caption":"Edel"},"image":{"@id":"https:\/\/www.edel.fr\/en\/#\/schema\/logo\/image\/"}}]}},"_links":{"self":[{"href":"https:\/\/edel.fr\/en\/wp-json\/wp\/v2\/product\/9656","targetHints":{"allow":["GET"]}}],"collection":[{"href":"https:\/\/edel.fr\/en\/wp-json\/wp\/v2\/product"}],"about":[{"href":"https:\/\/edel.fr\/en\/wp-json\/wp\/v2\/types\/product"}],"version-history":[{"count":4,"href":"https:\/\/edel.fr\/en\/wp-json\/wp\/v2\/product\/9656\/revisions"}],"predecessor-version":[{"id":16048,"href":"https:\/\/edel.fr\/en\/wp-json\/wp\/v2\/product\/9656\/revisions\/16048"}],"wp:featuredmedia":[{"embeddable":true,"href":"https:\/\/edel.fr\/en\/wp-json\/wp\/v2\/media\/18097"}],"wp:attachment":[{"href":"https:\/\/edel.fr\/en\/wp-json\/wp\/v2\/media?parent=9656"}],"wp:term":[{"taxonomy":"product_brand","embeddable":true,"href":"https:\/\/edel.fr\/en\/wp-json\/wp\/v2\/product_brand?post=9656"},{"taxonomy":"product_cat","embeddable":true,"href":"https:\/\/edel.fr\/en\/wp-json\/wp\/v2\/product_cat?post=9656"},{"taxonomy":"product_tag","embeddable":true,"href":"https:\/\/edel.fr\/en\/wp-json\/wp\/v2\/product_tag?post=9656"},{"taxonomy":"tracteur","embeddable":true,"href":"https:\/\/edel.fr\/en\/wp-json\/wp\/v2\/tracteur?post=9656"}],"curies":[{"name":"wp","href":"https:\/\/api.w.org\/{rel}","templated":true}]}}