{"id":9757,"date":"2020-12-23T14:36:09","date_gmt":"2020-12-23T13:36:09","guid":{"rendered":"https:\/\/www.edel.fr\/?post_type=product&#038;p=9757"},"modified":"2025-11-05T21:05:28","modified_gmt":"2025-11-05T20:05:28","slug":"kit-embrayage-fendt-serie-c-cerametallique-20-208-209-307-308-309-380-385","status":"publish","type":"product","link":"https:\/\/edel.fr\/en\/product\/kit-embrayage-fendt-serie-c-cerametallique-20-208-209-307-308-309-380-385\/","title":{"rendered":"Kit Embrayage Fendt &#8211; 207 208 209 307 308 309 380 385"},"content":{"rendered":"<div data-elementor-type=\"wp-post\" data-elementor-id=\"9757\" class=\"elementor elementor-9757\">\n\t\t\t\t\t\t<section class=\"elementor-section elementor-top-section elementor-element elementor-element-80ccc40 elementor-section-boxed elementor-section-height-default elementor-section-height-default\" data-id=\"80ccc40\" data-element_type=\"section\" data-e-type=\"section\">\n\t\t\t\t\t\t<div class=\"elementor-container elementor-column-gap-default\">\n\t\t\t\t\t<div class=\"elementor-column elementor-col-100 elementor-top-column elementor-element elementor-element-3d20836\" data-id=\"3d20836\" data-element_type=\"column\" data-e-type=\"column\">\n\t\t\t<div class=\"elementor-widget-wrap elementor-element-populated\">\n\t\t\t\t\t\t<div class=\"elementor-element elementor-element-e8f4196 elementor-widget elementor-widget-heading\" data-id=\"e8f4196\" data-element_type=\"widget\" data-e-type=\"widget\" data-widget_type=\"heading.default\">\n\t\t\t\t<div class=\"elementor-widget-container\">\n\t\t\t\t\t<h2 class=\"elementor-heading-title elementor-size-default\">EMBRAYAGE TRACTEUR FENDT - series 200, 300<br><br>\u00d8 295\/ 330&nbsp;MM - DISQUE 22 \/ 10 CANNELURES CERAMETALLIQUE<br><br>EMBRAYAGE ORIGINE SACHS<\/h2>\t\t\t\t<\/div>\n\t\t\t\t<\/div>\n\t\t\t\t\t<\/div>\n\t\t<\/div>\n\t\t\t\t\t<\/div>\n\t\t<\/section>\n\t\t\t\t<section class=\"elementor-section elementor-top-section elementor-element elementor-element-a9d5c0b elementor-section-boxed elementor-section-height-default elementor-section-height-default\" data-id=\"a9d5c0b\" data-element_type=\"section\" data-e-type=\"section\">\n\t\t\t\t\t\t<div class=\"elementor-container elementor-column-gap-default\">\n\t\t\t\t\t<div class=\"elementor-column elementor-col-100 elementor-top-column elementor-element elementor-element-56eb146\" data-id=\"56eb146\" data-element_type=\"column\" data-e-type=\"column\">\n\t\t\t<div class=\"elementor-widget-wrap elementor-element-populated\">\n\t\t\t\t\t\t<div class=\"elementor-element elementor-element-e8fc56c elementor-widget elementor-widget-heading\" data-id=\"e8fc56c\" data-element_type=\"widget\" data-e-type=\"widget\" data-widget_type=\"heading.default\">\n\t\t\t\t<div class=\"elementor-widget-container\">\n\t\t\t\t\t<h3 class=\"elementor-heading-title elementor-size-default\">Information du produit :<\/h3>\t\t\t\t<\/div>\n\t\t\t\t<\/div>\n\t\t\t\t\t<\/div>\n\t\t<\/div>\n\t\t\t\t\t<\/div>\n\t\t<\/section>\n\t\t\t\t<section class=\"elementor-section elementor-top-section elementor-element elementor-element-2c2f6184 elementor-section-boxed elementor-section-height-default elementor-section-height-default\" data-id=\"2c2f6184\" data-element_type=\"section\" data-e-type=\"section\">\n\t\t\t\t\t\t<div class=\"elementor-container elementor-column-gap-default\">\n\t\t\t\t\t<div class=\"elementor-column elementor-col-100 elementor-top-column elementor-element elementor-element-395b2ae3\" data-id=\"395b2ae3\" data-element_type=\"column\" data-e-type=\"column\">\n\t\t\t<div class=\"elementor-widget-wrap elementor-element-populated\">\n\t\t\t\t\t\t<div class=\"elementor-element elementor-element-425bbdb1 elementor-widget elementor-widget-text-editor\" data-id=\"425bbdb1\" data-element_type=\"widget\" data-e-type=\"widget\" data-widget_type=\"text-editor.default\">\n\t\t\t\t<div class=\"elementor-widget-container\">\n\t\t\t\t\t\t\t\t\t<p>Avec disque d&rsquo;avancement c\u00e9ram\u00e9tallique.<\/p>\n<div>\n<p>N\u2019oubliez pas le roulement pilote <a href=\"https:\/\/edel.fr\/en\/roulement-pilote-fag-6304-2rs-20-x-52-x-15-tracteur-agricole\/\" target=\"_blank\" rel=\"noopener\"><b>RP 17<\/b><\/a> ou bien le<b> <a href=\"https:\/\/edel.fr\/en\/roulement-pilote-fag-6004-2rs-20-x-42-x-12-tracteur-agricole\/\" target=\"_blank\" rel=\"noopener\">RP 10<\/a><\/b>, suivant votre montage.<\/p>\n<p>Ainsi que le roulement centreur (dans le m\u00e9canisme) <b><a href=\"https:\/\/edel.fr\/en\/roulement-pilote-fag-6009-2rs-45-x-75-x-16-tracteur-agricole\/\">RP 26<\/a><\/b>.&nbsp;<\/p>\n<p>En option,&nbsp;vous trouverez \u00e9galement&nbsp;pour ce montage : le <a href=\"https:\/\/edel.fr\/en\/volant-moteur-fendt-serie-c-montage-avec-coupleur\/\" target=\"_blank\" rel=\"noopener\"><b>plateau interm\u00e9diaire 04E6380<\/b>.<\/a><\/p>\n<\/div>\n<div>\n<p>Fendt : 206V, 207 V, 208 P, 208 S, 208 V, 209, 209 V, 280P, 307C, 308C, 308CI, 309C, 309CI, 370GTA, 380 GT, 390 GT, 395 GT, 395C<span style=\"background-color: #ffffff;\">.<\/span><\/p>\n<div><p>Refs OE FENDT :&nbsp;E099.103.100.030 \u2013 E210.103.100.040 \u2013 Z210.103.100.040<\/p><\/div><p>Le kit d\u2019embrayage tracteur agricole est compos\u00e9 d\u2019un m\u00e9canisme, d\u2019un ou deux disques, d\u2019une ou deux but\u00e9es et du roulement pilote. De plus le kit complet comprend la totalit\u00e9 des pi\u00e8ces \u00e0 changer en atelier. Cependant les pi\u00e8ces de rechange qui le composent sont rigoureusement s\u00e9lectionn\u00e9es pour leur qualit\u00e9 et leur fiabilit\u00e9.&nbsp;<br><\/p><\/div>\n<p>Toutefois choisir de remplacer une pi\u00e8ce au d\u00e9tail peut s\u2019av\u00e9rer \u00eatre moins avantageux que de remplacer un ensemble complet. Nos kits se distinguent par la qualit\u00e9 de nos but\u00e9es d\u2019embrayages et roulements pilotes. Une but\u00e9e adaptable qui grippe conduit irr\u00e9m\u00e9diablement \u00e0 la destruction du m\u00e9canisme.<\/p>\n<p>Car pour le montage d\u2019un kit d\u2019embrayage agricole, les pi\u00e8ces p\u00e9riph\u00e9riques doivent proc\u00e9der \u00e0 un examen minutieux. Notamment, le volant moteur et les diff\u00e9rents joints spi.<\/p>\n<p>En effet, pour le syst\u00e8me de commande, une vigilance particuli\u00e8re est \u00e0 porter au c\u00e2ble, a la tringlerie et au circuit hydraulique. En cas de doute, ces composants doivent absolument \u00eatre remis \u00e0 niveau pour permettre le parfait fonctionnement de l\u2019embrayage.<\/p>\n<p>Bien s\u00fbr, pour plus de renseignements, n&rsquo;h\u00e9sitez pas \u00e0 nous consulter !<\/p>\t\t\t\t\t\t\t\t<\/div>\n\t\t\t\t<\/div>\n\t\t\t\t\t<\/div>\n\t\t<\/div>\n\t\t\t\t\t<\/div>\n\t\t<\/section>\n\t\t\t\t<\/div>","protected":false},"excerpt":{"rendered":"<p>REF OE FENDT<\/p>\n<p>E099.103.100.030<\/p>\n<p>E210.103.100.040<\/p>\n<p>Z210.103.100.040<\/p>","protected":false},"featured_media":9758,"template":"","meta":[],"product_brand":[],"product_cat":[1141,3946,119,120],"product_tag":[143,124],"tracteur":[],"class_list":{"0":"post-9757","1":"product","2":"type-product","3":"status-publish","4":"has-post-thumbnail","6":"product_cat-kits-dembrayage","7":"product_cat-fendt","8":"product_cat-tracteurs-agricoles","9":"product_cat-transmissions","10":"product_tag-kits-dembrayage","11":"product_tag-transmissions","12":"product_shipping_class-142","13":"pa_fabriquant-sachs","14":"pa_marque-tracteur-fendt","15":"pa_qualite-origine","16":"pa_type-2-206v","17":"pa_type-2-207-v","18":"pa_type-2-208-p","19":"pa_type-2-208-s","20":"pa_type-2-208-v","21":"pa_type-2-2909","22":"pa_type-2-209-v","23":"pa_type-2-280p","24":"pa_type-2-307c","25":"pa_type-2-308c","26":"pa_type-2-308ci","27":"pa_type-2-309c","28":"pa_type-2-309ci","29":"pa_type-2-370gta","30":"pa_type-2-380-gt","31":"pa_type-2-390-gt","32":"pa_type-2-395-gt","33":"pa_type-2-395c","34":"badges-style-2","36":"first","37":"instock","38":"taxable","39":"shipping-taxable","40":"purchasable","41":"product-type-simple"},"acf":[],"yoast_head":"<!-- This site is optimized with the Yoast SEO plugin v27.3 - https:\/\/yoast.com\/product\/yoast-seo-wordpress\/ -->\n<title>Kit Embrayage Fendt - 207 208 209 307 308 309 380 385 - Edel<\/title>\n<meta name=\"description\" content=\"Kit Embrayage Fendt S\u00e9rie C - Disque AV. C\u00e9ram\u00e9tallique, 2 but\u00e9es - 206V 207 V 208 P 209 280P 307C 308C 308CI 309C 309CI 370GTA 380 GT 390 GT 395GT\" \/>\n<meta name=\"robots\" content=\"index, follow, max-snippet:-1, max-image-preview:large, max-video-preview:-1\" \/>\n<link rel=\"canonical\" href=\"https:\/\/edel.fr\/en\/product\/kit-embrayage-fendt-serie-c-cerametallique-20-208-209-307-308-309-380-385\/\" \/>\n<meta property=\"og:locale\" content=\"en_US\" \/>\n<meta property=\"og:type\" content=\"article\" \/>\n<meta property=\"og:title\" content=\"Kit Embrayage Fendt - 207 208 209 307 308 309 380 385 - Edel\" \/>\n<meta property=\"og:description\" content=\"Kit Embrayage Fendt S\u00e9rie C - Disque AV. C\u00e9ram\u00e9tallique, 2 but\u00e9es - 206V 207 V 208 P 209 280P 307C 308C 308CI 309C 309CI 370GTA 380 GT 390 GT 395GT\" \/>\n<meta property=\"og:url\" content=\"https:\/\/edel.fr\/en\/product\/kit-embrayage-fendt-serie-c-cerametallique-20-208-209-307-308-309-380-385\/\" \/>\n<meta property=\"og:site_name\" content=\"Edel\" \/>\n<meta property=\"article:modified_time\" content=\"2025-11-05T20:05:28+00:00\" \/>\n<meta property=\"og:image\" content=\"https:\/\/edel.fr\/uploads\/2020\/12\/embr-KC8720.jpg\" \/>\n\t<meta property=\"og:image:width\" content=\"1920\" \/>\n\t<meta property=\"og:image:height\" content=\"1440\" \/>\n\t<meta property=\"og:image:type\" content=\"image\/jpeg\" \/>\n<meta name=\"twitter:card\" content=\"summary_large_image\" \/>\n<meta name=\"twitter:label1\" content=\"Est. reading time\" \/>\n\t<meta name=\"twitter:data1\" content=\"2 minutes\" \/>\n<script type=\"application\/ld+json\" class=\"yoast-schema-graph\">{\"@context\":\"https:\\\/\\\/schema.org\",\"@graph\":[{\"@type\":\"WebPage\",\"@id\":\"https:\\\/\\\/edel.fr\\\/en\\\/product\\\/kit-embrayage-fendt-serie-c-cerametallique-20-208-209-307-308-309-380-385\\\/\",\"url\":\"https:\\\/\\\/edel.fr\\\/en\\\/product\\\/kit-embrayage-fendt-serie-c-cerametallique-20-208-209-307-308-309-380-385\\\/\",\"name\":\"Kit Embrayage Fendt - 207 208 209 307 308 309 380 385 - Edel\",\"isPartOf\":{\"@id\":\"https:\\\/\\\/www.edel.fr\\\/en\\\/#website\"},\"primaryImageOfPage\":{\"@id\":\"https:\\\/\\\/edel.fr\\\/en\\\/product\\\/kit-embrayage-fendt-serie-c-cerametallique-20-208-209-307-308-309-380-385\\\/#primaryimage\"},\"image\":{\"@id\":\"https:\\\/\\\/edel.fr\\\/en\\\/product\\\/kit-embrayage-fendt-serie-c-cerametallique-20-208-209-307-308-309-380-385\\\/#primaryimage\"},\"thumbnailUrl\":\"https:\\\/\\\/edel.fr\\\/uploads\\\/2020\\\/12\\\/embr-KC8720.jpg\",\"datePublished\":\"2020-12-23T13:36:09+00:00\",\"dateModified\":\"2025-11-05T20:05:28+00:00\",\"description\":\"Kit Embrayage Fendt S\u00e9rie C - Disque AV. C\u00e9ram\u00e9tallique, 2 but\u00e9es - 206V 207 V 208 P 209 280P 307C 308C 308CI 309C 309CI 370GTA 380 GT 390 GT 395GT\",\"breadcrumb\":{\"@id\":\"https:\\\/\\\/edel.fr\\\/en\\\/product\\\/kit-embrayage-fendt-serie-c-cerametallique-20-208-209-307-308-309-380-385\\\/#breadcrumb\"},\"inLanguage\":\"en-US\",\"potentialAction\":[{\"@type\":\"ReadAction\",\"target\":[\"https:\\\/\\\/edel.fr\\\/en\\\/product\\\/kit-embrayage-fendt-serie-c-cerametallique-20-208-209-307-308-309-380-385\\\/\"]}]},{\"@type\":\"ImageObject\",\"inLanguage\":\"en-US\",\"@id\":\"https:\\\/\\\/edel.fr\\\/en\\\/product\\\/kit-embrayage-fendt-serie-c-cerametallique-20-208-209-307-308-309-380-385\\\/#primaryimage\",\"url\":\"https:\\\/\\\/edel.fr\\\/uploads\\\/2020\\\/12\\\/embr-KC8720.jpg\",\"contentUrl\":\"https:\\\/\\\/edel.fr\\\/uploads\\\/2020\\\/12\\\/embr-KC8720.jpg\",\"width\":1920,\"height\":1440,\"caption\":\"Embrayage Tracteur Fendt Kit Complet - 206V 280P 308C 380 GT\"},{\"@type\":\"BreadcrumbList\",\"@id\":\"https:\\\/\\\/edel.fr\\\/en\\\/product\\\/kit-embrayage-fendt-serie-c-cerametallique-20-208-209-307-308-309-380-385\\\/#breadcrumb\",\"itemListElement\":[{\"@type\":\"ListItem\",\"position\":1,\"name\":\"Pi\u00e8ce Tracteur\",\"item\":\"https:\\\/\\\/www.edel.fr\\\/en\\\/\"},{\"@type\":\"ListItem\",\"position\":2,\"name\":\"Toutes nos pi\u00e8ces Tracteur\",\"item\":\"https:\\\/\\\/edel.fr\\\/shop\\\/\"},{\"@type\":\"ListItem\",\"position\":3,\"name\":\"Kit Embrayage Fendt &#8211; 207 208 209 307 308 309 380 385\"}]},{\"@type\":\"WebSite\",\"@id\":\"https:\\\/\\\/www.edel.fr\\\/en\\\/#website\",\"url\":\"https:\\\/\\\/www.edel.fr\\\/en\\\/\",\"name\":\"Edel\",\"description\":\"Pi\u00e8ce d\u00e9tach\u00e9e de Tracteur Agricole\",\"publisher\":{\"@id\":\"https:\\\/\\\/www.edel.fr\\\/en\\\/#organization\"},\"potentialAction\":[{\"@type\":\"SearchAction\",\"target\":{\"@type\":\"EntryPoint\",\"urlTemplate\":\"https:\\\/\\\/www.edel.fr\\\/en\\\/?s={search_term_string}\"},\"query-input\":{\"@type\":\"PropertyValueSpecification\",\"valueRequired\":true,\"valueName\":\"search_term_string\"}}],\"inLanguage\":\"en-US\"},{\"@type\":\"Organization\",\"@id\":\"https:\\\/\\\/www.edel.fr\\\/en\\\/#organization\",\"name\":\"Edel\",\"url\":\"https:\\\/\\\/www.edel.fr\\\/en\\\/\",\"logo\":{\"@type\":\"ImageObject\",\"inLanguage\":\"en-US\",\"@id\":\"https:\\\/\\\/www.edel.fr\\\/en\\\/#\\\/schema\\\/logo\\\/image\\\/\",\"url\":\"https:\\\/\\\/www.edel.fr\\\/uploads\\\/2018\\\/11\\\/logo-edel.png\",\"contentUrl\":\"https:\\\/\\\/www.edel.fr\\\/uploads\\\/2018\\\/11\\\/logo-edel.png\",\"width\":257,\"height\":68,\"caption\":\"Edel\"},\"image\":{\"@id\":\"https:\\\/\\\/www.edel.fr\\\/en\\\/#\\\/schema\\\/logo\\\/image\\\/\"}}]}<\/script>\n<!-- \/ Yoast SEO plugin. -->","yoast_head_json":{"title":"Kit Embrayage Fendt - 207 208 209 307 308 309 380 385 - Edel","description":"Kit Embrayage Fendt S\u00e9rie C - Disque AV. C\u00e9ram\u00e9tallique, 2 but\u00e9es - 206V 207 V 208 P 209 280P 307C 308C 308CI 309C 309CI 370GTA 380 GT 390 GT 395GT","robots":{"index":"index","follow":"follow","max-snippet":"max-snippet:-1","max-image-preview":"max-image-preview:large","max-video-preview":"max-video-preview:-1"},"canonical":"https:\/\/edel.fr\/en\/product\/kit-embrayage-fendt-serie-c-cerametallique-20-208-209-307-308-309-380-385\/","og_locale":"en_US","og_type":"article","og_title":"Kit Embrayage Fendt - 207 208 209 307 308 309 380 385 - Edel","og_description":"Kit Embrayage Fendt S\u00e9rie C - Disque AV. C\u00e9ram\u00e9tallique, 2 but\u00e9es - 206V 207 V 208 P 209 280P 307C 308C 308CI 309C 309CI 370GTA 380 GT 390 GT 395GT","og_url":"https:\/\/edel.fr\/en\/product\/kit-embrayage-fendt-serie-c-cerametallique-20-208-209-307-308-309-380-385\/","og_site_name":"Edel","article_modified_time":"2025-11-05T20:05:28+00:00","og_image":[{"width":1920,"height":1440,"url":"https:\/\/edel.fr\/uploads\/2020\/12\/embr-KC8720.jpg","type":"image\/jpeg"}],"twitter_card":"summary_large_image","twitter_misc":{"Est. reading time":"2 minutes"},"schema":{"@context":"https:\/\/schema.org","@graph":[{"@type":"WebPage","@id":"https:\/\/edel.fr\/en\/product\/kit-embrayage-fendt-serie-c-cerametallique-20-208-209-307-308-309-380-385\/","url":"https:\/\/edel.fr\/en\/product\/kit-embrayage-fendt-serie-c-cerametallique-20-208-209-307-308-309-380-385\/","name":"Kit Embrayage Fendt - 207 208 209 307 308 309 380 385 - Edel","isPartOf":{"@id":"https:\/\/www.edel.fr\/en\/#website"},"primaryImageOfPage":{"@id":"https:\/\/edel.fr\/en\/product\/kit-embrayage-fendt-serie-c-cerametallique-20-208-209-307-308-309-380-385\/#primaryimage"},"image":{"@id":"https:\/\/edel.fr\/en\/product\/kit-embrayage-fendt-serie-c-cerametallique-20-208-209-307-308-309-380-385\/#primaryimage"},"thumbnailUrl":"https:\/\/edel.fr\/uploads\/2020\/12\/embr-KC8720.jpg","datePublished":"2020-12-23T13:36:09+00:00","dateModified":"2025-11-05T20:05:28+00:00","description":"Kit Embrayage Fendt S\u00e9rie C - Disque AV. C\u00e9ram\u00e9tallique, 2 but\u00e9es - 206V 207 V 208 P 209 280P 307C 308C 308CI 309C 309CI 370GTA 380 GT 390 GT 395GT","breadcrumb":{"@id":"https:\/\/edel.fr\/en\/product\/kit-embrayage-fendt-serie-c-cerametallique-20-208-209-307-308-309-380-385\/#breadcrumb"},"inLanguage":"en-US","potentialAction":[{"@type":"ReadAction","target":["https:\/\/edel.fr\/en\/product\/kit-embrayage-fendt-serie-c-cerametallique-20-208-209-307-308-309-380-385\/"]}]},{"@type":"ImageObject","inLanguage":"en-US","@id":"https:\/\/edel.fr\/en\/product\/kit-embrayage-fendt-serie-c-cerametallique-20-208-209-307-308-309-380-385\/#primaryimage","url":"https:\/\/edel.fr\/uploads\/2020\/12\/embr-KC8720.jpg","contentUrl":"https:\/\/edel.fr\/uploads\/2020\/12\/embr-KC8720.jpg","width":1920,"height":1440,"caption":"Embrayage Tracteur Fendt Kit Complet - 206V 280P 308C 380 GT"},{"@type":"BreadcrumbList","@id":"https:\/\/edel.fr\/en\/product\/kit-embrayage-fendt-serie-c-cerametallique-20-208-209-307-308-309-380-385\/#breadcrumb","itemListElement":[{"@type":"ListItem","position":1,"name":"Pi\u00e8ce Tracteur","item":"https:\/\/www.edel.fr\/en\/"},{"@type":"ListItem","position":2,"name":"Toutes nos pi\u00e8ces Tracteur","item":"https:\/\/edel.fr\/shop\/"},{"@type":"ListItem","position":3,"name":"Kit Embrayage Fendt &#8211; 207 208 209 307 308 309 380 385"}]},{"@type":"WebSite","@id":"https:\/\/www.edel.fr\/en\/#website","url":"https:\/\/www.edel.fr\/en\/","name":"Edel","description":"Pi\u00e8ce d\u00e9tach\u00e9e de Tracteur Agricole","publisher":{"@id":"https:\/\/www.edel.fr\/en\/#organization"},"potentialAction":[{"@type":"SearchAction","target":{"@type":"EntryPoint","urlTemplate":"https:\/\/www.edel.fr\/en\/?s={search_term_string}"},"query-input":{"@type":"PropertyValueSpecification","valueRequired":true,"valueName":"search_term_string"}}],"inLanguage":"en-US"},{"@type":"Organization","@id":"https:\/\/www.edel.fr\/en\/#organization","name":"Edel","url":"https:\/\/www.edel.fr\/en\/","logo":{"@type":"ImageObject","inLanguage":"en-US","@id":"https:\/\/www.edel.fr\/en\/#\/schema\/logo\/image\/","url":"https:\/\/www.edel.fr\/uploads\/2018\/11\/logo-edel.png","contentUrl":"https:\/\/www.edel.fr\/uploads\/2018\/11\/logo-edel.png","width":257,"height":68,"caption":"Edel"},"image":{"@id":"https:\/\/www.edel.fr\/en\/#\/schema\/logo\/image\/"}}]}},"_links":{"self":[{"href":"https:\/\/edel.fr\/en\/wp-json\/wp\/v2\/product\/9757","targetHints":{"allow":["GET"]}}],"collection":[{"href":"https:\/\/edel.fr\/en\/wp-json\/wp\/v2\/product"}],"about":[{"href":"https:\/\/edel.fr\/en\/wp-json\/wp\/v2\/types\/product"}],"version-history":[{"count":2,"href":"https:\/\/edel.fr\/en\/wp-json\/wp\/v2\/product\/9757\/revisions"}],"predecessor-version":[{"id":17804,"href":"https:\/\/edel.fr\/en\/wp-json\/wp\/v2\/product\/9757\/revisions\/17804"}],"wp:featuredmedia":[{"embeddable":true,"href":"https:\/\/edel.fr\/en\/wp-json\/wp\/v2\/media\/9758"}],"wp:attachment":[{"href":"https:\/\/edel.fr\/en\/wp-json\/wp\/v2\/media?parent=9757"}],"wp:term":[{"taxonomy":"product_brand","embeddable":true,"href":"https:\/\/edel.fr\/en\/wp-json\/wp\/v2\/product_brand?post=9757"},{"taxonomy":"product_cat","embeddable":true,"href":"https:\/\/edel.fr\/en\/wp-json\/wp\/v2\/product_cat?post=9757"},{"taxonomy":"product_tag","embeddable":true,"href":"https:\/\/edel.fr\/en\/wp-json\/wp\/v2\/product_tag?post=9757"},{"taxonomy":"tracteur","embeddable":true,"href":"https:\/\/edel.fr\/en\/wp-json\/wp\/v2\/tracteur?post=9757"}],"curies":[{"name":"wp","href":"https:\/\/api.w.org\/{rel}","templated":true}]}}