{"id":9935,"date":"2021-01-15T13:34:22","date_gmt":"2021-01-15T12:34:22","guid":{"rendered":"https:\/\/www.edel.fr\/?post_type=product&#038;p=9935"},"modified":"2025-11-05T21:05:38","modified_gmt":"2025-11-05T20:05:38","slug":"damper-massey-ferguson-370002710-amortisseurs-de-torsion","status":"publish","type":"product","link":"https:\/\/edel.fr\/en\/product\/damper-massey-ferguson-370002710-amortisseurs-de-torsion\/","title":{"rendered":"Damper Massey Ferguson 370002710 &#8211; Amortisseurs de torsion"},"content":{"rendered":"<div data-elementor-type=\"wp-post\" data-elementor-id=\"9935\" class=\"elementor elementor-9935\">\n\t\t\t\t\t\t<section class=\"elementor-section elementor-top-section elementor-element elementor-element-65b0792c elementor-section-boxed elementor-section-height-default elementor-section-height-default\" data-id=\"65b0792c\" data-element_type=\"section\" data-e-type=\"section\">\n\t\t\t\t\t\t<div class=\"elementor-container elementor-column-gap-default\">\n\t\t\t\t\t<div class=\"elementor-column elementor-col-100 elementor-top-column elementor-element elementor-element-1e14a122\" data-id=\"1e14a122\" data-element_type=\"column\" data-e-type=\"column\">\n\t\t\t<div class=\"elementor-widget-wrap elementor-element-populated\">\n\t\t\t\t\t\t<div class=\"elementor-element elementor-element-241f6327 elementor-widget elementor-widget-heading\" data-id=\"241f6327\" data-element_type=\"widget\" data-e-type=\"widget\" data-widget_type=\"heading.default\">\n\t\t\t\t<div class=\"elementor-widget-container\">\n\t\t\t\t\t<h2 class=\"elementor-heading-title elementor-size-default\">Damper Massey Ferguson 370002710 370004810 - Amortisseurs de torsion tracteur agricole<\/h2>\t\t\t\t<\/div>\n\t\t\t\t<\/div>\n\t\t\t\t<div class=\"elementor-element elementor-element-4d1458e7 elementor-widget elementor-widget-heading\" data-id=\"4d1458e7\" data-element_type=\"widget\" data-e-type=\"widget\" data-widget_type=\"heading.default\">\n\t\t\t\t<div class=\"elementor-widget-container\">\n\t\t\t\t\t<h3 class=\"elementor-heading-title elementor-size-default\">Information du produit :<\/h3>\t\t\t\t<\/div>\n\t\t\t\t<\/div>\n\t\t\t\t\t<\/div>\n\t\t<\/div>\n\t\t\t\t\t<\/div>\n\t\t<\/section>\n\t\t\t\t<section class=\"elementor-section elementor-top-section elementor-element elementor-element-290ca7d1 elementor-section-boxed elementor-section-height-default elementor-section-height-default\" data-id=\"290ca7d1\" data-element_type=\"section\" data-e-type=\"section\">\n\t\t\t\t\t\t<div class=\"elementor-container elementor-column-gap-default\">\n\t\t\t\t\t<div class=\"elementor-column elementor-col-100 elementor-top-column elementor-element elementor-element-773f35b7\" data-id=\"773f35b7\" data-element_type=\"column\" data-e-type=\"column\">\n\t\t\t<div class=\"elementor-widget-wrap elementor-element-populated\">\n\t\t\t\t\t\t<div class=\"elementor-element elementor-element-7774c225 elementor-widget elementor-widget-text-editor\" data-id=\"7774c225\" data-element_type=\"widget\" data-e-type=\"widget\" data-widget_type=\"text-editor.default\">\n\t\t\t\t<div class=\"elementor-widget-container\">\n\t\t\t\t\t\t\t\t\t<p>Type : 6485, 6490, 6495, 6497, 6499, 7619, 7620, 7622, 8210, 8220, 8240, 8250, 8260, XTRA.<\/p><p>R\u00e9f\u00e9rence origine :<\/p><ul><li>3793648M1<\/li><li>3793364M1<\/li><li>379648M1<\/li><\/ul><p>R\u00e9f\u00e9rence pi\u00e8ce :<\/p><ul><li>343508802<\/li><\/ul><p>Les amortisseurs de torsion ont pour r\u00f4le d&rsquo;amortir les vibrations entre le moteur et la bo\u00eete de vitesses.<\/p><p>En effet, les moteurs \u00e0 explosion ne g\u00e9n\u00e8rent pas de couple constant. Le changement permanent de la vitesse de rotation du vilebrequin, fait na\u00eetre des vibrations qui sont transmises \u00e0 la bo\u00eete de vitesses.<\/p><p>L&rsquo;alternance entre acc\u00e9l\u00e9ration et d\u00e9c\u00e9l\u00e9ration agite tous les arbres et pignons de la transmission, les faisant perp\u00e9tuellement s&rsquo;entrechoquer.<\/p><p>Cr\u00e9ant ainsi de d\u00e9sagr\u00e9ables bruits et vibrations dans tout le v\u00e9hicule.<\/p><p>Sans ces amortisseurs haute technologie, les tracteurs seraient bruyants et inconfortables pour leurs conducteurs.<\/p><p><span style=\"text-decoration: underline\"><strong>Diagnostic des pannes :<\/strong><\/span><\/p><p>On reconna\u00eet qu&rsquo;un amortisseur est d\u00e9fectueux aux sympt\u00f4mes suivants :<\/p><ul><li>forts \u00ab\u00a0bruits de mitraillette\u00a0\u00bb de la bo\u00eete de vitesses<\/li><li>bruits inhabituels montant de la cloche d&#8217;embrayage<\/li><li>l&rsquo;entra\u00eenement ne se fait plus<\/li><li>le v\u00e9hicule n&rsquo;avance pas malgr\u00e9 l&rsquo;enclenchement d&rsquo;une vitesse<\/li><li>si l&rsquo;amortisseur de prise de force est d\u00e9fectueux, l&rsquo;engin ne bouge plus.<\/li><\/ul><p>Toute infiltration d&rsquo;huile de moteur ou de bo\u00eete de vitesses dans l&rsquo;amortisseur entra\u00eene l&rsquo;inefficacit\u00e9 des \u00e9l\u00e9ments de friction, dont le r\u00f4le \u00e9tait d&rsquo;absorber les bruits de la bo\u00eete de vitesses \u00e0 bas r\u00e9gime. La transmission se fera alors encore plus bruyante.<\/p><p>C&rsquo;est pourquoi nous vous proposons des pi\u00e8ces de marque <a href=\"https:\/\/edel.fr\/en\/constructeur\/luk\/\" target=\"_blank\" rel=\"noopener noreferrer\">LuK,<\/a> reconnue pour sa fiabilit\u00e9.<\/p>\t\t\t\t\t\t\t\t<\/div>\n\t\t\t\t<\/div>\n\t\t\t\t\t<\/div>\n\t\t<\/div>\n\t\t\t\t\t<\/div>\n\t\t<\/section>\n\t\t\t\t<\/div>","protected":false},"excerpt":{"rendered":"<p>Damper Massey Ferguson 370002710 370004810 &#8211; Amortisseurs de torsion tracteur agricole Information du produit : Type : 6485, 6490, 6495, 6497, 6499, 7619, 7620, 7622, 8210, 8220, 8240, 8250, 8260, XTRA. R\u00e9f\u00e9rence origine : 3793648M1 3793364M1 379648M1 R\u00e9f\u00e9rence pi\u00e8ce : 343508802 Les amortisseurs de torsion ont pour r\u00f4le d&rsquo;amortir les vibrations entre le moteur et<br \/><a class=\"more-link\" href=\"https:\/\/edel.fr\/en\/product\/damper-massey-ferguson-370002710-amortisseurs-de-torsion\/\"><br \/>\n        Read More<span class=\"screen-reader-text\"> \u00ab\u00a0Damper Massey Ferguson 370002710 &#8211; Amortisseurs de torsion\u00a0\u00bb<\/span><\/a><\/p>","protected":false},"featured_media":9936,"template":"","meta":[],"product_brand":[],"product_cat":[3089,119,120],"product_tag":[],"tracteur":[],"class_list":{"0":"post-9935","1":"product","2":"type-product","3":"status-publish","4":"has-post-thumbnail","6":"product_cat-dampers","7":"product_cat-tracteurs-agricoles","8":"product_cat-transmissions","9":"product_shipping_class-142","10":"pa_marque-tracteur-massey-ferguson","11":"pa_type-2-3210","12":"pa_type-2-1717","13":"pa_type-2-1847","14":"pa_type-2-3211","15":"pa_type-2-3212","16":"pa_type-2-3213","17":"pa_type-2-3214","18":"pa_type-2-3215","19":"pa_type-2-2075","20":"pa_type-2-2220","21":"pa_type-2-1723","22":"pa_type-2-1724","23":"pa_type-2-1703","24":"pa_type-2-xtra","25":"badges-style-2","27":"first","28":"instock","29":"taxable","30":"shipping-taxable","31":"purchasable","32":"product-type-simple"},"acf":[],"yoast_head":"<!-- This site is optimized with the Yoast SEO plugin v27.3 - https:\/\/yoast.com\/product\/yoast-seo-wordpress\/ -->\n<title>Damper Massey Ferguson 370002710 - Amortisseurs de torsion - Edel<\/title>\n<meta name=\"description\" content=\"Damper Massey Ferguson 370002710 - Amortisseurs de torsion tracteur - 6485 6490 6495 6497 6499 7619 7620 7622 8210 8220 8240 8250 8260 XTRA - Flector LuK\" \/>\n<meta name=\"robots\" content=\"index, follow, max-snippet:-1, max-image-preview:large, max-video-preview:-1\" \/>\n<link rel=\"canonical\" href=\"http:\/\/edel.fr\/en\/product\/damper-massey-ferguson-370002710-amortisseurs-de-torsion\/\" \/>\n<meta property=\"og:locale\" content=\"en_US\" \/>\n<meta property=\"og:type\" content=\"article\" \/>\n<meta property=\"og:title\" content=\"Damper Massey Ferguson 370002710 - Amortisseurs de torsion - Edel\" \/>\n<meta property=\"og:description\" content=\"Damper Massey Ferguson 370002710 - Amortisseurs de torsion tracteur - 6485 6490 6495 6497 6499 7619 7620 7622 8210 8220 8240 8250 8260 XTRA - Flector LuK\" \/>\n<meta property=\"og:url\" content=\"http:\/\/edel.fr\/en\/product\/damper-massey-ferguson-370002710-amortisseurs-de-torsion\/\" \/>\n<meta property=\"og:site_name\" content=\"Edel\" \/>\n<meta property=\"article:modified_time\" content=\"2025-11-05T20:05:38+00:00\" \/>\n<meta property=\"og:image\" content=\"http:\/\/edel.fr\/uploads\/2021\/01\/DU122710.jpg\" \/>\n\t<meta property=\"og:image:width\" content=\"1512\" \/>\n\t<meta property=\"og:image:height\" content=\"1782\" \/>\n\t<meta property=\"og:image:type\" content=\"image\/jpeg\" \/>\n<meta name=\"twitter:card\" content=\"summary_large_image\" \/>\n<meta name=\"twitter:label1\" content=\"Est. reading time\" \/>\n\t<meta name=\"twitter:data1\" content=\"2 minutes\" \/>\n<script type=\"application\/ld+json\" class=\"yoast-schema-graph\">{\"@context\":\"https:\\\/\\\/schema.org\",\"@graph\":[{\"@type\":\"WebPage\",\"@id\":\"http:\\\/\\\/edel.fr\\\/en\\\/product\\\/damper-massey-ferguson-370002710-amortisseurs-de-torsion\\\/\",\"url\":\"http:\\\/\\\/edel.fr\\\/en\\\/product\\\/damper-massey-ferguson-370002710-amortisseurs-de-torsion\\\/\",\"name\":\"Damper Massey Ferguson 370002710 - Amortisseurs de torsion - Edel\",\"isPartOf\":{\"@id\":\"https:\\\/\\\/www.edel.fr\\\/en\\\/#website\"},\"primaryImageOfPage\":{\"@id\":\"http:\\\/\\\/edel.fr\\\/en\\\/product\\\/damper-massey-ferguson-370002710-amortisseurs-de-torsion\\\/#primaryimage\"},\"image\":{\"@id\":\"http:\\\/\\\/edel.fr\\\/en\\\/product\\\/damper-massey-ferguson-370002710-amortisseurs-de-torsion\\\/#primaryimage\"},\"thumbnailUrl\":\"https:\\\/\\\/edel.fr\\\/uploads\\\/2021\\\/01\\\/DU122710.jpg\",\"datePublished\":\"2021-01-15T12:34:22+00:00\",\"dateModified\":\"2025-11-05T20:05:38+00:00\",\"description\":\"Damper Massey Ferguson 370002710 - Amortisseurs de torsion tracteur - 6485 6490 6495 6497 6499 7619 7620 7622 8210 8220 8240 8250 8260 XTRA - Flector LuK\",\"breadcrumb\":{\"@id\":\"http:\\\/\\\/edel.fr\\\/en\\\/product\\\/damper-massey-ferguson-370002710-amortisseurs-de-torsion\\\/#breadcrumb\"},\"inLanguage\":\"en-US\",\"potentialAction\":[{\"@type\":\"ReadAction\",\"target\":[\"http:\\\/\\\/edel.fr\\\/en\\\/product\\\/damper-massey-ferguson-370002710-amortisseurs-de-torsion\\\/\"]}]},{\"@type\":\"ImageObject\",\"inLanguage\":\"en-US\",\"@id\":\"http:\\\/\\\/edel.fr\\\/en\\\/product\\\/damper-massey-ferguson-370002710-amortisseurs-de-torsion\\\/#primaryimage\",\"url\":\"https:\\\/\\\/edel.fr\\\/uploads\\\/2021\\\/01\\\/DU122710.jpg\",\"contentUrl\":\"https:\\\/\\\/edel.fr\\\/uploads\\\/2021\\\/01\\\/DU122710.jpg\",\"width\":1512,\"height\":1782,\"caption\":\"Damper Massey Ferguson 370002710 - Amortisseurs de torsion\"},{\"@type\":\"BreadcrumbList\",\"@id\":\"http:\\\/\\\/edel.fr\\\/en\\\/product\\\/damper-massey-ferguson-370002710-amortisseurs-de-torsion\\\/#breadcrumb\",\"itemListElement\":[{\"@type\":\"ListItem\",\"position\":1,\"name\":\"Pi\u00e8ce Tracteur\",\"item\":\"https:\\\/\\\/www.edel.fr\\\/en\\\/\"},{\"@type\":\"ListItem\",\"position\":2,\"name\":\"Toutes nos pi\u00e8ces Tracteur\",\"item\":\"https:\\\/\\\/edel.fr\\\/shop\\\/\"},{\"@type\":\"ListItem\",\"position\":3,\"name\":\"Damper Massey Ferguson 370002710 &#8211; Amortisseurs de torsion\"}]},{\"@type\":\"WebSite\",\"@id\":\"https:\\\/\\\/www.edel.fr\\\/en\\\/#website\",\"url\":\"https:\\\/\\\/www.edel.fr\\\/en\\\/\",\"name\":\"Edel\",\"description\":\"Pi\u00e8ce d\u00e9tach\u00e9e de Tracteur Agricole\",\"publisher\":{\"@id\":\"https:\\\/\\\/www.edel.fr\\\/en\\\/#organization\"},\"potentialAction\":[{\"@type\":\"SearchAction\",\"target\":{\"@type\":\"EntryPoint\",\"urlTemplate\":\"https:\\\/\\\/www.edel.fr\\\/en\\\/?s={search_term_string}\"},\"query-input\":{\"@type\":\"PropertyValueSpecification\",\"valueRequired\":true,\"valueName\":\"search_term_string\"}}],\"inLanguage\":\"en-US\"},{\"@type\":\"Organization\",\"@id\":\"https:\\\/\\\/www.edel.fr\\\/en\\\/#organization\",\"name\":\"Edel\",\"url\":\"https:\\\/\\\/www.edel.fr\\\/en\\\/\",\"logo\":{\"@type\":\"ImageObject\",\"inLanguage\":\"en-US\",\"@id\":\"https:\\\/\\\/www.edel.fr\\\/en\\\/#\\\/schema\\\/logo\\\/image\\\/\",\"url\":\"https:\\\/\\\/www.edel.fr\\\/uploads\\\/2018\\\/11\\\/logo-edel.png\",\"contentUrl\":\"https:\\\/\\\/www.edel.fr\\\/uploads\\\/2018\\\/11\\\/logo-edel.png\",\"width\":257,\"height\":68,\"caption\":\"Edel\"},\"image\":{\"@id\":\"https:\\\/\\\/www.edel.fr\\\/en\\\/#\\\/schema\\\/logo\\\/image\\\/\"}}]}<\/script>\n<!-- \/ Yoast SEO plugin. -->","yoast_head_json":{"title":"Damper Massey Ferguson 370002710 - Amortisseurs de torsion - Edel","description":"Damper Massey Ferguson 370002710 - Amortisseurs de torsion tracteur - 6485 6490 6495 6497 6499 7619 7620 7622 8210 8220 8240 8250 8260 XTRA - Flector LuK","robots":{"index":"index","follow":"follow","max-snippet":"max-snippet:-1","max-image-preview":"max-image-preview:large","max-video-preview":"max-video-preview:-1"},"canonical":"http:\/\/edel.fr\/en\/product\/damper-massey-ferguson-370002710-amortisseurs-de-torsion\/","og_locale":"en_US","og_type":"article","og_title":"Damper Massey Ferguson 370002710 - Amortisseurs de torsion - Edel","og_description":"Damper Massey Ferguson 370002710 - Amortisseurs de torsion tracteur - 6485 6490 6495 6497 6499 7619 7620 7622 8210 8220 8240 8250 8260 XTRA - Flector LuK","og_url":"http:\/\/edel.fr\/en\/product\/damper-massey-ferguson-370002710-amortisseurs-de-torsion\/","og_site_name":"Edel","article_modified_time":"2025-11-05T20:05:38+00:00","og_image":[{"width":1512,"height":1782,"url":"http:\/\/edel.fr\/uploads\/2021\/01\/DU122710.jpg","type":"image\/jpeg"}],"twitter_card":"summary_large_image","twitter_misc":{"Est. reading time":"2 minutes"},"schema":{"@context":"https:\/\/schema.org","@graph":[{"@type":"WebPage","@id":"http:\/\/edel.fr\/en\/product\/damper-massey-ferguson-370002710-amortisseurs-de-torsion\/","url":"http:\/\/edel.fr\/en\/product\/damper-massey-ferguson-370002710-amortisseurs-de-torsion\/","name":"Damper Massey Ferguson 370002710 - Amortisseurs de torsion - Edel","isPartOf":{"@id":"https:\/\/www.edel.fr\/en\/#website"},"primaryImageOfPage":{"@id":"http:\/\/edel.fr\/en\/product\/damper-massey-ferguson-370002710-amortisseurs-de-torsion\/#primaryimage"},"image":{"@id":"http:\/\/edel.fr\/en\/product\/damper-massey-ferguson-370002710-amortisseurs-de-torsion\/#primaryimage"},"thumbnailUrl":"https:\/\/edel.fr\/uploads\/2021\/01\/DU122710.jpg","datePublished":"2021-01-15T12:34:22+00:00","dateModified":"2025-11-05T20:05:38+00:00","description":"Damper Massey Ferguson 370002710 - Amortisseurs de torsion tracteur - 6485 6490 6495 6497 6499 7619 7620 7622 8210 8220 8240 8250 8260 XTRA - Flector LuK","breadcrumb":{"@id":"http:\/\/edel.fr\/en\/product\/damper-massey-ferguson-370002710-amortisseurs-de-torsion\/#breadcrumb"},"inLanguage":"en-US","potentialAction":[{"@type":"ReadAction","target":["http:\/\/edel.fr\/en\/product\/damper-massey-ferguson-370002710-amortisseurs-de-torsion\/"]}]},{"@type":"ImageObject","inLanguage":"en-US","@id":"http:\/\/edel.fr\/en\/product\/damper-massey-ferguson-370002710-amortisseurs-de-torsion\/#primaryimage","url":"https:\/\/edel.fr\/uploads\/2021\/01\/DU122710.jpg","contentUrl":"https:\/\/edel.fr\/uploads\/2021\/01\/DU122710.jpg","width":1512,"height":1782,"caption":"Damper Massey Ferguson 370002710 - Amortisseurs de torsion"},{"@type":"BreadcrumbList","@id":"http:\/\/edel.fr\/en\/product\/damper-massey-ferguson-370002710-amortisseurs-de-torsion\/#breadcrumb","itemListElement":[{"@type":"ListItem","position":1,"name":"Pi\u00e8ce Tracteur","item":"https:\/\/www.edel.fr\/en\/"},{"@type":"ListItem","position":2,"name":"Toutes nos pi\u00e8ces Tracteur","item":"https:\/\/edel.fr\/shop\/"},{"@type":"ListItem","position":3,"name":"Damper Massey Ferguson 370002710 &#8211; Amortisseurs de torsion"}]},{"@type":"WebSite","@id":"https:\/\/www.edel.fr\/en\/#website","url":"https:\/\/www.edel.fr\/en\/","name":"Edel","description":"Pi\u00e8ce d\u00e9tach\u00e9e de Tracteur Agricole","publisher":{"@id":"https:\/\/www.edel.fr\/en\/#organization"},"potentialAction":[{"@type":"SearchAction","target":{"@type":"EntryPoint","urlTemplate":"https:\/\/www.edel.fr\/en\/?s={search_term_string}"},"query-input":{"@type":"PropertyValueSpecification","valueRequired":true,"valueName":"search_term_string"}}],"inLanguage":"en-US"},{"@type":"Organization","@id":"https:\/\/www.edel.fr\/en\/#organization","name":"Edel","url":"https:\/\/www.edel.fr\/en\/","logo":{"@type":"ImageObject","inLanguage":"en-US","@id":"https:\/\/www.edel.fr\/en\/#\/schema\/logo\/image\/","url":"https:\/\/www.edel.fr\/uploads\/2018\/11\/logo-edel.png","contentUrl":"https:\/\/www.edel.fr\/uploads\/2018\/11\/logo-edel.png","width":257,"height":68,"caption":"Edel"},"image":{"@id":"https:\/\/www.edel.fr\/en\/#\/schema\/logo\/image\/"}}]}},"_links":{"self":[{"href":"https:\/\/edel.fr\/en\/wp-json\/wp\/v2\/product\/9935","targetHints":{"allow":["GET"]}}],"collection":[{"href":"https:\/\/edel.fr\/en\/wp-json\/wp\/v2\/product"}],"about":[{"href":"https:\/\/edel.fr\/en\/wp-json\/wp\/v2\/types\/product"}],"version-history":[{"count":2,"href":"https:\/\/edel.fr\/en\/wp-json\/wp\/v2\/product\/9935\/revisions"}],"predecessor-version":[{"id":16445,"href":"https:\/\/edel.fr\/en\/wp-json\/wp\/v2\/product\/9935\/revisions\/16445"}],"wp:featuredmedia":[{"embeddable":true,"href":"https:\/\/edel.fr\/en\/wp-json\/wp\/v2\/media\/9936"}],"wp:attachment":[{"href":"https:\/\/edel.fr\/en\/wp-json\/wp\/v2\/media?parent=9935"}],"wp:term":[{"taxonomy":"product_brand","embeddable":true,"href":"https:\/\/edel.fr\/en\/wp-json\/wp\/v2\/product_brand?post=9935"},{"taxonomy":"product_cat","embeddable":true,"href":"https:\/\/edel.fr\/en\/wp-json\/wp\/v2\/product_cat?post=9935"},{"taxonomy":"product_tag","embeddable":true,"href":"https:\/\/edel.fr\/en\/wp-json\/wp\/v2\/product_tag?post=9935"},{"taxonomy":"tracteur","embeddable":true,"href":"https:\/\/edel.fr\/en\/wp-json\/wp\/v2\/tracteur?post=9935"}],"curies":[{"name":"wp","href":"https:\/\/api.w.org\/{rel}","templated":true}]}}