{"id":9948,"date":"2021-01-15T14:01:43","date_gmt":"2021-01-15T13:01:43","guid":{"rendered":"https:\/\/www.edel.fr\/?post_type=product&#038;p=9948"},"modified":"2026-02-27T02:00:39","modified_gmt":"2026-02-27T01:00:39","slug":"damper-renault-370000110-amortisseurs-de-torsion-tracteur","status":"publish","type":"product","link":"https:\/\/edel.fr\/en\/product\/damper-renault-370000110-amortisseurs-de-torsion-tracteur\/","title":{"rendered":"Damper Renault 370000110 &#8211; Amortisseurs de torsion tracteur"},"content":{"rendered":"<div data-elementor-type=\"wp-post\" data-elementor-id=\"9948\" class=\"elementor elementor-9948\">\n\t\t\t\t\t\t<section class=\"elementor-section elementor-top-section elementor-element elementor-element-17c6ba5a elementor-section-boxed elementor-section-height-default elementor-section-height-default\" data-id=\"17c6ba5a\" data-element_type=\"section\" data-e-type=\"section\">\n\t\t\t\t\t\t<div class=\"elementor-container elementor-column-gap-default\">\n\t\t\t\t\t<div class=\"elementor-column elementor-col-100 elementor-top-column elementor-element elementor-element-ebb20df\" data-id=\"ebb20df\" data-element_type=\"column\" data-e-type=\"column\">\n\t\t\t<div class=\"elementor-widget-wrap elementor-element-populated\">\n\t\t\t\t\t\t<div class=\"elementor-element elementor-element-51b5ac5d elementor-widget elementor-widget-heading\" data-id=\"51b5ac5d\" data-element_type=\"widget\" data-e-type=\"widget\" data-widget_type=\"heading.default\">\n\t\t\t\t<div class=\"elementor-widget-container\">\n\t\t\t\t\t<h2 class=\"elementor-heading-title elementor-size-default\">Damper Renault 370000110 - Amortisseurs de torsion tracteur agricole<\/h2>\t\t\t\t<\/div>\n\t\t\t\t<\/div>\n\t\t\t\t<div class=\"elementor-element elementor-element-22a7cb72 elementor-widget elementor-widget-heading\" data-id=\"22a7cb72\" data-element_type=\"widget\" data-e-type=\"widget\" data-widget_type=\"heading.default\">\n\t\t\t\t<div class=\"elementor-widget-container\">\n\t\t\t\t\t<h3 class=\"elementor-heading-title elementor-size-default\">Information du produit :<\/h3>\t\t\t\t<\/div>\n\t\t\t\t<\/div>\n\t\t\t\t\t<\/div>\n\t\t<\/div>\n\t\t\t\t\t<\/div>\n\t\t<\/section>\n\t\t\t\t<section class=\"elementor-section elementor-top-section elementor-element elementor-element-290ca7d1 elementor-section-boxed elementor-section-height-default elementor-section-height-default\" data-id=\"290ca7d1\" data-element_type=\"section\" data-e-type=\"section\">\n\t\t\t\t\t\t<div class=\"elementor-container elementor-column-gap-default\">\n\t\t\t\t\t<div class=\"elementor-column elementor-col-100 elementor-top-column elementor-element elementor-element-773f35b7\" data-id=\"773f35b7\" data-element_type=\"column\" data-e-type=\"column\">\n\t\t\t<div class=\"elementor-widget-wrap elementor-element-populated\">\n\t\t\t\t\t\t<div class=\"elementor-element elementor-element-7774c225 elementor-widget elementor-widget-text-editor\" data-id=\"7774c225\" data-element_type=\"widget\" data-e-type=\"widget\" data-widget_type=\"text-editor.default\">\n\t\t\t\t<div class=\"elementor-widget-container\">\n\t\t\t\t\t\t\t\t\t<p>Type : 103.54, 106.54, 110.54, 120.54, 133.54, 145.54, 155.54, Temis 550, Temis 610, Temis 630, Temis 650.<\/p><p>R\u00e9f\u00e9rence origine :<\/p><ul><li>7700019282<\/li><\/ul><p>R\u00e9f\u00e9rence pi\u00e8ce :<\/p><ul><li>434030280<\/li><li>323055880<\/li><\/ul><p>Les amortisseurs de torsion ont pour r\u00f4le d&rsquo;amortir les vibrations entre le moteur et la bo\u00eete de vitesses.<\/p><p>En effet, les moteurs \u00e0 explosion ne g\u00e9n\u00e8rent pas de couple constant. Le changement permanent de la vitesse de rotation du vilebrequin, fait na\u00eetre des vibrations qui sont transmises \u00e0 la bo\u00eete de vitesses.<\/p><p>L&rsquo;alternance entre acc\u00e9l\u00e9ration et d\u00e9c\u00e9l\u00e9ration agite tous les arbres et pignons de la transmission, les faisant perp\u00e9tuellement s&rsquo;entrechoquer.<\/p><p>Cr\u00e9ant ainsi de d\u00e9sagr\u00e9ables bruits et vibrations dans tout le v\u00e9hicule.<\/p><p>Sans ces amortisseurs haute technologie, les tracteurs seraient bruyants et inconfortables pour leurs conducteurs.<\/p><p><span style=\"text-decoration: underline\"><strong>Diagnostic des pannes :<\/strong><\/span><\/p><p>On reconna\u00eet qu&rsquo;un amortisseur est d\u00e9fectueux aux sympt\u00f4mes suivants :<\/p><ul><li>forts \u00ab\u00a0bruits de mitraillette\u00a0\u00bb de la bo\u00eete de vitesses<\/li><li>bruits inhabituels montant de la cloche d&#8217;embrayage<\/li><li>l&rsquo;entra\u00eenement ne se fait plus<\/li><li>le v\u00e9hicule n&rsquo;avance pas malgr\u00e9 l&rsquo;enclenchement d&rsquo;une vitesse<\/li><li>si l&rsquo;amortisseur de prise de force est d\u00e9fectueux, l&rsquo;engin ne bouge plus.<\/li><\/ul><p>Toute infiltration d&rsquo;huile de moteur ou de bo\u00eete de vitesses dans l&rsquo;amortisseur entra\u00eene l&rsquo;inefficacit\u00e9 des \u00e9l\u00e9ments de friction, dont le r\u00f4le \u00e9tait d&rsquo;absorber les bruits de la bo\u00eete de vitesses \u00e0 bas r\u00e9gime. La transmission se fera alors encore plus bruyante.<\/p><p>C&rsquo;est pourquoi nous vous proposons des pi\u00e8ces de marque <a href=\"https:\/\/edel.fr\/en\/constructeur\/luk\/\" target=\"_blank\" rel=\"noopener noreferrer\">LuK,<\/a> reconnue pour sa fiabilit\u00e9.<\/p>\t\t\t\t\t\t\t\t<\/div>\n\t\t\t\t<\/div>\n\t\t\t\t\t<\/div>\n\t\t<\/div>\n\t\t\t\t\t<\/div>\n\t\t<\/section>\n\t\t\t\t<\/div>","protected":false},"excerpt":{"rendered":"<p>Damper Renault 370000110 &#8211; Amortisseurs de torsion tracteur agricole Information du produit : Type : 103.54, 106.54, 110.54, 120.54, 133.54, 145.54, 155.54, Temis 550, Temis 610, Temis 630, Temis 650. R\u00e9f\u00e9rence origine : 7700019282 R\u00e9f\u00e9rence pi\u00e8ce : 434030280 323055880 Les amortisseurs de torsion ont pour r\u00f4le d&rsquo;amortir les vibrations entre le moteur et la bo\u00eete<br \/><a class=\"more-link\" href=\"https:\/\/edel.fr\/en\/product\/damper-renault-370000110-amortisseurs-de-torsion-tracteur\/\"><br \/>\n        Read More<span class=\"screen-reader-text\"> \u00ab\u00a0Damper Renault 370000110 &#8211; Amortisseurs de torsion tracteur\u00a0\u00bb<\/span><\/a><\/p>","protected":false},"featured_media":9950,"template":"","meta":[],"product_brand":[],"product_cat":[3089,119,120],"product_tag":[],"tracteur":[],"class_list":{"0":"post-9948","1":"product","2":"type-product","3":"status-publish","4":"has-post-thumbnail","6":"product_cat-dampers","7":"product_cat-tracteurs-agricoles","8":"product_cat-transmissions","9":"product_shipping_class-142","10":"pa_fabriquant-luk","11":"pa_marque-tracteur-renault-claas","12":"pa_type-2-103-54","13":"pa_type-2-106-54","14":"pa_type-2-110-54","15":"pa_type-2-120-54-2","16":"pa_type-2-133-54","17":"pa_type-2-145-54","18":"pa_type-2-155-54","19":"pa_type-2-temis-550","20":"pa_type-2-temis-610","21":"pa_type-2-temis-630","22":"pa_type-2-temis-650","23":"badges-style-2","25":"first","26":"instock","27":"taxable","28":"shipping-taxable","29":"purchasable","30":"product-type-simple"},"acf":[],"yoast_head":"<!-- This site is optimized with the Yoast SEO plugin v27.3 - https:\/\/yoast.com\/product\/yoast-seo-wordpress\/ -->\n<title>Damper Renault 370000110 - Amortisseurs de torsion tracteur - Edel<\/title>\n<meta name=\"description\" content=\"Damper Renault 370000110 - Amortisseurs de torsion tracteur - 103.54 106.54 110.54 120.54 133.54 145.54 155.54 Temis 550 Temis 610 Temis 630 Temis 650 - LuK\" \/>\n<meta name=\"robots\" content=\"index, follow, max-snippet:-1, max-image-preview:large, max-video-preview:-1\" \/>\n<link rel=\"canonical\" href=\"https:\/\/edel.fr\/en\/product\/damper-renault-370000110-amortisseurs-de-torsion-tracteur\/\" \/>\n<meta property=\"og:locale\" content=\"en_US\" \/>\n<meta property=\"og:type\" content=\"article\" \/>\n<meta property=\"og:title\" content=\"Damper Renault 370000110 - Amortisseurs de torsion tracteur - Edel\" \/>\n<meta property=\"og:description\" content=\"Damper Renault 370000110 - Amortisseurs de torsion tracteur - 103.54 106.54 110.54 120.54 133.54 145.54 155.54 Temis 550 Temis 610 Temis 630 Temis 650 - LuK\" \/>\n<meta property=\"og:url\" content=\"https:\/\/edel.fr\/en\/product\/damper-renault-370000110-amortisseurs-de-torsion-tracteur\/\" \/>\n<meta property=\"og:site_name\" content=\"Edel\" \/>\n<meta property=\"article:modified_time\" content=\"2026-02-27T01:00:39+00:00\" \/>\n<meta property=\"og:image\" content=\"https:\/\/edel.fr\/uploads\/2021\/01\/DU150110.jpg\" \/>\n\t<meta property=\"og:image:width\" content=\"1512\" \/>\n\t<meta property=\"og:image:height\" content=\"1788\" \/>\n\t<meta property=\"og:image:type\" content=\"image\/jpeg\" \/>\n<meta name=\"twitter:card\" content=\"summary_large_image\" \/>\n<meta name=\"twitter:label1\" content=\"Est. reading time\" \/>\n\t<meta name=\"twitter:data1\" content=\"2 minutes\" \/>\n<script type=\"application\/ld+json\" class=\"yoast-schema-graph\">{\"@context\":\"https:\\\/\\\/schema.org\",\"@graph\":[{\"@type\":\"WebPage\",\"@id\":\"https:\\\/\\\/edel.fr\\\/en\\\/product\\\/damper-renault-370000110-amortisseurs-de-torsion-tracteur\\\/\",\"url\":\"https:\\\/\\\/edel.fr\\\/en\\\/product\\\/damper-renault-370000110-amortisseurs-de-torsion-tracteur\\\/\",\"name\":\"Damper Renault 370000110 - Amortisseurs de torsion tracteur - Edel\",\"isPartOf\":{\"@id\":\"https:\\\/\\\/www.edel.fr\\\/en\\\/#website\"},\"primaryImageOfPage\":{\"@id\":\"https:\\\/\\\/edel.fr\\\/en\\\/product\\\/damper-renault-370000110-amortisseurs-de-torsion-tracteur\\\/#primaryimage\"},\"image\":{\"@id\":\"https:\\\/\\\/edel.fr\\\/en\\\/product\\\/damper-renault-370000110-amortisseurs-de-torsion-tracteur\\\/#primaryimage\"},\"thumbnailUrl\":\"https:\\\/\\\/edel.fr\\\/uploads\\\/2021\\\/01\\\/DU150110.jpg\",\"datePublished\":\"2021-01-15T13:01:43+00:00\",\"dateModified\":\"2026-02-27T01:00:39+00:00\",\"description\":\"Damper Renault 370000110 - Amortisseurs de torsion tracteur - 103.54 106.54 110.54 120.54 133.54 145.54 155.54 Temis 550 Temis 610 Temis 630 Temis 650 - LuK\",\"breadcrumb\":{\"@id\":\"https:\\\/\\\/edel.fr\\\/en\\\/product\\\/damper-renault-370000110-amortisseurs-de-torsion-tracteur\\\/#breadcrumb\"},\"inLanguage\":\"en-US\",\"potentialAction\":[{\"@type\":\"ReadAction\",\"target\":[\"https:\\\/\\\/edel.fr\\\/en\\\/product\\\/damper-renault-370000110-amortisseurs-de-torsion-tracteur\\\/\"]}]},{\"@type\":\"ImageObject\",\"inLanguage\":\"en-US\",\"@id\":\"https:\\\/\\\/edel.fr\\\/en\\\/product\\\/damper-renault-370000110-amortisseurs-de-torsion-tracteur\\\/#primaryimage\",\"url\":\"https:\\\/\\\/edel.fr\\\/uploads\\\/2021\\\/01\\\/DU150110.jpg\",\"contentUrl\":\"https:\\\/\\\/edel.fr\\\/uploads\\\/2021\\\/01\\\/DU150110.jpg\",\"width\":1512,\"height\":1788,\"caption\":\"Damper Renault 370000110 - Amortisseurs de torsion tracteur\"},{\"@type\":\"BreadcrumbList\",\"@id\":\"https:\\\/\\\/edel.fr\\\/en\\\/product\\\/damper-renault-370000110-amortisseurs-de-torsion-tracteur\\\/#breadcrumb\",\"itemListElement\":[{\"@type\":\"ListItem\",\"position\":1,\"name\":\"Pi\u00e8ce Tracteur\",\"item\":\"https:\\\/\\\/www.edel.fr\\\/en\\\/\"},{\"@type\":\"ListItem\",\"position\":2,\"name\":\"Toutes nos pi\u00e8ces Tracteur\",\"item\":\"https:\\\/\\\/edel.fr\\\/shop\\\/\"},{\"@type\":\"ListItem\",\"position\":3,\"name\":\"Damper Renault 370000110 &#8211; Amortisseurs de torsion tracteur\"}]},{\"@type\":\"WebSite\",\"@id\":\"https:\\\/\\\/www.edel.fr\\\/en\\\/#website\",\"url\":\"https:\\\/\\\/www.edel.fr\\\/en\\\/\",\"name\":\"Edel\",\"description\":\"Pi\u00e8ce d\u00e9tach\u00e9e de Tracteur Agricole\",\"publisher\":{\"@id\":\"https:\\\/\\\/www.edel.fr\\\/en\\\/#organization\"},\"potentialAction\":[{\"@type\":\"SearchAction\",\"target\":{\"@type\":\"EntryPoint\",\"urlTemplate\":\"https:\\\/\\\/www.edel.fr\\\/en\\\/?s={search_term_string}\"},\"query-input\":{\"@type\":\"PropertyValueSpecification\",\"valueRequired\":true,\"valueName\":\"search_term_string\"}}],\"inLanguage\":\"en-US\"},{\"@type\":\"Organization\",\"@id\":\"https:\\\/\\\/www.edel.fr\\\/en\\\/#organization\",\"name\":\"Edel\",\"url\":\"https:\\\/\\\/www.edel.fr\\\/en\\\/\",\"logo\":{\"@type\":\"ImageObject\",\"inLanguage\":\"en-US\",\"@id\":\"https:\\\/\\\/www.edel.fr\\\/en\\\/#\\\/schema\\\/logo\\\/image\\\/\",\"url\":\"https:\\\/\\\/www.edel.fr\\\/uploads\\\/2018\\\/11\\\/logo-edel.png\",\"contentUrl\":\"https:\\\/\\\/www.edel.fr\\\/uploads\\\/2018\\\/11\\\/logo-edel.png\",\"width\":257,\"height\":68,\"caption\":\"Edel\"},\"image\":{\"@id\":\"https:\\\/\\\/www.edel.fr\\\/en\\\/#\\\/schema\\\/logo\\\/image\\\/\"}}]}<\/script>\n<!-- \/ Yoast SEO plugin. -->","yoast_head_json":{"title":"Damper Renault 370000110 - Amortisseurs de torsion tracteur - Edel","description":"Damper Renault 370000110 - Amortisseurs de torsion tracteur - 103.54 106.54 110.54 120.54 133.54 145.54 155.54 Temis 550 Temis 610 Temis 630 Temis 650 - LuK","robots":{"index":"index","follow":"follow","max-snippet":"max-snippet:-1","max-image-preview":"max-image-preview:large","max-video-preview":"max-video-preview:-1"},"canonical":"https:\/\/edel.fr\/en\/product\/damper-renault-370000110-amortisseurs-de-torsion-tracteur\/","og_locale":"en_US","og_type":"article","og_title":"Damper Renault 370000110 - Amortisseurs de torsion tracteur - Edel","og_description":"Damper Renault 370000110 - Amortisseurs de torsion tracteur - 103.54 106.54 110.54 120.54 133.54 145.54 155.54 Temis 550 Temis 610 Temis 630 Temis 650 - LuK","og_url":"https:\/\/edel.fr\/en\/product\/damper-renault-370000110-amortisseurs-de-torsion-tracteur\/","og_site_name":"Edel","article_modified_time":"2026-02-27T01:00:39+00:00","og_image":[{"width":1512,"height":1788,"url":"https:\/\/edel.fr\/uploads\/2021\/01\/DU150110.jpg","type":"image\/jpeg"}],"twitter_card":"summary_large_image","twitter_misc":{"Est. reading time":"2 minutes"},"schema":{"@context":"https:\/\/schema.org","@graph":[{"@type":"WebPage","@id":"https:\/\/edel.fr\/en\/product\/damper-renault-370000110-amortisseurs-de-torsion-tracteur\/","url":"https:\/\/edel.fr\/en\/product\/damper-renault-370000110-amortisseurs-de-torsion-tracteur\/","name":"Damper Renault 370000110 - Amortisseurs de torsion tracteur - Edel","isPartOf":{"@id":"https:\/\/www.edel.fr\/en\/#website"},"primaryImageOfPage":{"@id":"https:\/\/edel.fr\/en\/product\/damper-renault-370000110-amortisseurs-de-torsion-tracteur\/#primaryimage"},"image":{"@id":"https:\/\/edel.fr\/en\/product\/damper-renault-370000110-amortisseurs-de-torsion-tracteur\/#primaryimage"},"thumbnailUrl":"https:\/\/edel.fr\/uploads\/2021\/01\/DU150110.jpg","datePublished":"2021-01-15T13:01:43+00:00","dateModified":"2026-02-27T01:00:39+00:00","description":"Damper Renault 370000110 - Amortisseurs de torsion tracteur - 103.54 106.54 110.54 120.54 133.54 145.54 155.54 Temis 550 Temis 610 Temis 630 Temis 650 - LuK","breadcrumb":{"@id":"https:\/\/edel.fr\/en\/product\/damper-renault-370000110-amortisseurs-de-torsion-tracteur\/#breadcrumb"},"inLanguage":"en-US","potentialAction":[{"@type":"ReadAction","target":["https:\/\/edel.fr\/en\/product\/damper-renault-370000110-amortisseurs-de-torsion-tracteur\/"]}]},{"@type":"ImageObject","inLanguage":"en-US","@id":"https:\/\/edel.fr\/en\/product\/damper-renault-370000110-amortisseurs-de-torsion-tracteur\/#primaryimage","url":"https:\/\/edel.fr\/uploads\/2021\/01\/DU150110.jpg","contentUrl":"https:\/\/edel.fr\/uploads\/2021\/01\/DU150110.jpg","width":1512,"height":1788,"caption":"Damper Renault 370000110 - Amortisseurs de torsion tracteur"},{"@type":"BreadcrumbList","@id":"https:\/\/edel.fr\/en\/product\/damper-renault-370000110-amortisseurs-de-torsion-tracteur\/#breadcrumb","itemListElement":[{"@type":"ListItem","position":1,"name":"Pi\u00e8ce Tracteur","item":"https:\/\/www.edel.fr\/en\/"},{"@type":"ListItem","position":2,"name":"Toutes nos pi\u00e8ces Tracteur","item":"https:\/\/edel.fr\/shop\/"},{"@type":"ListItem","position":3,"name":"Damper Renault 370000110 &#8211; Amortisseurs de torsion tracteur"}]},{"@type":"WebSite","@id":"https:\/\/www.edel.fr\/en\/#website","url":"https:\/\/www.edel.fr\/en\/","name":"Edel","description":"Pi\u00e8ce d\u00e9tach\u00e9e de Tracteur Agricole","publisher":{"@id":"https:\/\/www.edel.fr\/en\/#organization"},"potentialAction":[{"@type":"SearchAction","target":{"@type":"EntryPoint","urlTemplate":"https:\/\/www.edel.fr\/en\/?s={search_term_string}"},"query-input":{"@type":"PropertyValueSpecification","valueRequired":true,"valueName":"search_term_string"}}],"inLanguage":"en-US"},{"@type":"Organization","@id":"https:\/\/www.edel.fr\/en\/#organization","name":"Edel","url":"https:\/\/www.edel.fr\/en\/","logo":{"@type":"ImageObject","inLanguage":"en-US","@id":"https:\/\/www.edel.fr\/en\/#\/schema\/logo\/image\/","url":"https:\/\/www.edel.fr\/uploads\/2018\/11\/logo-edel.png","contentUrl":"https:\/\/www.edel.fr\/uploads\/2018\/11\/logo-edel.png","width":257,"height":68,"caption":"Edel"},"image":{"@id":"https:\/\/www.edel.fr\/en\/#\/schema\/logo\/image\/"}}]}},"_links":{"self":[{"href":"https:\/\/edel.fr\/en\/wp-json\/wp\/v2\/product\/9948","targetHints":{"allow":["GET"]}}],"collection":[{"href":"https:\/\/edel.fr\/en\/wp-json\/wp\/v2\/product"}],"about":[{"href":"https:\/\/edel.fr\/en\/wp-json\/wp\/v2\/types\/product"}],"version-history":[{"count":2,"href":"https:\/\/edel.fr\/en\/wp-json\/wp\/v2\/product\/9948\/revisions"}],"predecessor-version":[{"id":14197,"href":"https:\/\/edel.fr\/en\/wp-json\/wp\/v2\/product\/9948\/revisions\/14197"}],"wp:featuredmedia":[{"embeddable":true,"href":"https:\/\/edel.fr\/en\/wp-json\/wp\/v2\/media\/9950"}],"wp:attachment":[{"href":"https:\/\/edel.fr\/en\/wp-json\/wp\/v2\/media?parent=9948"}],"wp:term":[{"taxonomy":"product_brand","embeddable":true,"href":"https:\/\/edel.fr\/en\/wp-json\/wp\/v2\/product_brand?post=9948"},{"taxonomy":"product_cat","embeddable":true,"href":"https:\/\/edel.fr\/en\/wp-json\/wp\/v2\/product_cat?post=9948"},{"taxonomy":"product_tag","embeddable":true,"href":"https:\/\/edel.fr\/en\/wp-json\/wp\/v2\/product_tag?post=9948"},{"taxonomy":"tracteur","embeddable":true,"href":"https:\/\/edel.fr\/en\/wp-json\/wp\/v2\/tracteur?post=9948"}],"curies":[{"name":"wp","href":"https:\/\/api.w.org\/{rel}","templated":true}]}}